{"id":25026,"date":"2024-03-19T13:00:51","date_gmt":"2024-03-19T13:00:51","guid":{"rendered":"https:\/\/avo-link.eu\/?page_id=25026"},"modified":"2024-04-04T14:16:19","modified_gmt":"2024-04-04T14:16:19","slug":"faq","status":"publish","type":"page","link":"https:\/\/avolink.be\/de\/faq\/","title":{"rendered":"FAQ"},"content":{"rendered":"\t\t<div data-elementor-type=\"wp-page\" data-elementor-id=\"25026\" class=\"elementor elementor-25026 elementor-23370\">\n\t\t\t\t\t\t<section class=\"elementor-section elementor-top-section elementor-element elementor-element-9e0f483 elementor-section-boxed elementor-section-height-default elementor-section-height-default sc_fly_static\" data-id=\"9e0f483\" data-element_type=\"section\" data-settings=\"{&quot;background_background&quot;:&quot;classic&quot;}\">\n\t\t\t\t\t\t<div class=\"elementor-container elementor-column-gap-extended\">\n\t\t\t\t\t<div class=\"elementor-column elementor-col-100 elementor-top-column elementor-element elementor-element-147c02f sc_inner_width_none sc_content_align_inherit sc_layouts_column_icons_position_left sc_fly_static\" data-id=\"147c02f\" data-element_type=\"column\">\n\t\t\t<div class=\"elementor-widget-wrap elementor-element-populated\">\n\t\t\t\t\t\t<div class=\"elementor-element elementor-element-cdd9926 sc_fly_static elementor-widget elementor-widget-spacer\" data-id=\"cdd9926\" data-element_type=\"widget\" data-widget_type=\"spacer.default\">\n\t\t\t\t<div class=\"elementor-widget-container\">\n\t\t\t\t\t<div class=\"elementor-spacer\">\n\t\t\t<div class=\"elementor-spacer-inner\"><\/div>\n\t\t<\/div>\n\t\t\t\t<\/div>\n\t\t\t\t<\/div>\n\t\t\t\t<div class=\"elementor-element elementor-element-1991fc9 sc_fly_static elementor-widget elementor-widget-trx_sc_title\" data-id=\"1991fc9\" data-element_type=\"widget\" data-widget_type=\"trx_sc_title.default\">\n\t\t\t\t<div class=\"elementor-widget-container\">\n\t\t\t<div\t\tclass=\"sc_title sc_title_default\" ><h1 class=\"sc_item_title sc_title_title sc_align_center sc_item_title_style_default sc_item_title_tag trx_addons_inline_1498282654\"\n\t\t\t><span class=\"sc_item_title_text\">FAQ \/ H\u00e4ufig gestellte Fragen<\/span><\/h1><\/div>\t\t<\/div>\n\t\t\t\t<\/div>\n\t\t\t\t<div class=\"elementor-element elementor-element-40cf3fb sc_fly_static elementor-widget elementor-widget-spacer\" data-id=\"40cf3fb\" data-element_type=\"widget\" data-widget_type=\"spacer.default\">\n\t\t\t\t<div class=\"elementor-widget-container\">\n\t\t\t\t\t<div class=\"elementor-spacer\">\n\t\t\t<div class=\"elementor-spacer-inner\"><\/div>\n\t\t<\/div>\n\t\t\t\t<\/div>\n\t\t\t\t<\/div>\n\t\t\t\t\t<\/div>\n\t\t<\/div>\n\t\t\t\t\t<\/div>\n\t\t<\/section>\n\t\t\t\t<section class=\"elementor-section elementor-top-section elementor-element elementor-element-b3782cb elementor-section-boxed elementor-section-height-default elementor-section-height-default sc_fly_static\" data-id=\"b3782cb\" data-element_type=\"section\">\n\t\t\t\t\t\t<div class=\"elementor-container elementor-column-gap-extended\">\n\t\t\t\t\t<div class=\"elementor-column elementor-col-100 elementor-top-column elementor-element elementor-element-aa1744c sc_inner_width_none sc_content_align_inherit sc_layouts_column_icons_position_left sc_fly_static\" data-id=\"aa1744c\" data-element_type=\"column\">\n\t\t\t<div class=\"elementor-widget-wrap elementor-element-populated\">\n\t\t\t\t\t\t<div class=\"elementor-element elementor-element-eddff05 sc_fly_static elementor-widget elementor-widget-spacer\" data-id=\"eddff05\" data-element_type=\"widget\" data-widget_type=\"spacer.default\">\n\t\t\t\t<div class=\"elementor-widget-container\">\n\t\t\t\t\t<div class=\"elementor-spacer\">\n\t\t\t<div class=\"elementor-spacer-inner\"><\/div>\n\t\t<\/div>\n\t\t\t\t<\/div>\n\t\t\t\t<\/div>\n\t\t\t\t<div class=\"elementor-element elementor-element-25d23b8 sc_fly_static elementor-widget elementor-widget-text-editor\" data-id=\"25d23b8\" data-element_type=\"widget\" data-widget_type=\"text-editor.default\">\n\t\t\t\t<div class=\"elementor-widget-container\">\n\t\t\t\t\t\t\t<div id=\"content-area\" class=\"clearfix\"><div id=\"left-area\"><article id=\"post-1899\" class=\"post-1899 page type-page status-publish hentry\"><div class=\"entry-content\"><p><strong>Die Arbeitsweise der Gerichte und einer Anwaltskanzlei ist f\u00fcr den Prozessbeteiligten oft unverst\u00e4ndlich.<\/strong> <strong>Um eine gute Zusammenarbeit mit dem Anwalt zu erreichen, ist es n\u00fctzlich, die folgenden Tipps zu lesen.<\/strong><\/p><p><strong>\u00a0<\/strong><\/p><\/div><\/article><\/div><\/div>\t\t\t\t\t\t<\/div>\n\t\t\t\t<\/div>\n\t\t\t\t<div class=\"elementor-element elementor-element-7ea9a9a elementor-widget-divider--view-line sc_fly_static elementor-widget elementor-widget-divider\" data-id=\"7ea9a9a\" data-element_type=\"widget\" data-widget_type=\"divider.default\">\n\t\t\t\t<div class=\"elementor-widget-container\">\n\t\t\t\t\t<div class=\"elementor-divider\">\n\t\t\t<span class=\"elementor-divider-separator\">\n\t\t\t\t\t\t<\/span>\n\t\t<\/div>\n\t\t\t\t<\/div>\n\t\t\t\t<\/div>\n\t\t\t\t\t<\/div>\n\t\t<\/div>\n\t\t\t\t\t<\/div>\n\t\t<\/section>\n\t\t\t\t<section class=\"elementor-section elementor-top-section elementor-element elementor-element-798a56d elementor-section-boxed elementor-section-height-default elementor-section-height-default sc_fly_static\" data-id=\"798a56d\" data-element_type=\"section\">\n\t\t\t\t\t\t<div class=\"elementor-container elementor-column-gap-extended\">\n\t\t\t\t\t<div class=\"elementor-column elementor-col-100 elementor-top-column elementor-element elementor-element-fe47aa4 sc_inner_width_none sc_content_align_inherit sc_layouts_column_icons_position_left sc_fly_static\" data-id=\"fe47aa4\" data-element_type=\"column\">\n\t\t\t<div class=\"elementor-widget-wrap elementor-element-populated\">\n\t\t\t\t\t\t<div class=\"elementor-element elementor-element-ba6897a sc_fly_static elementor-widget elementor-widget-toggle\" data-id=\"ba6897a\" data-element_type=\"widget\" data-widget_type=\"toggle.default\">\n\t\t\t\t<div class=\"elementor-widget-container\">\n\t\t\t\t\t<div class=\"elementor-toggle\">\n\t\t\t\t\t\t\t<div class=\"elementor-toggle-item\">\n\t\t\t\t\t<div id=\"elementor-tab-title-1951\" class=\"elementor-tab-title\" data-tab=\"1\" role=\"button\" aria-controls=\"elementor-tab-content-1951\" aria-expanded=\"false\">\n\t\t\t\t\t\t\t\t\t\t\t\t<span class=\"elementor-toggle-icon elementor-toggle-icon-left\" aria-hidden=\"true\">\n\t\t\t\t\t\t\t\t\t\t\t\t\t\t\t<span class=\"elementor-toggle-icon-closed\"><i class=\"fas fa-caret-right\"><\/i><\/span>\n\t\t\t\t\t\t\t\t<span class=\"elementor-toggle-icon-opened\"><i class=\"elementor-toggle-icon-opened fas fa-caret-up\"><\/i><\/span>\n\t\t\t\t\t\t\t\t\t\t\t\t\t<\/span>\n\t\t\t\t\t\t\t\t\t\t\t\t<a class=\"elementor-toggle-title\" tabindex=\"0\">Das Image eines teuren Anwalts<\/a>\n\t\t\t\t\t<\/div>\n\n\t\t\t\t\t<div id=\"elementor-tab-content-1951\" class=\"elementor-tab-content elementor-clearfix\" data-tab=\"1\" role=\"region\" aria-labelledby=\"elementor-tab-title-1951\"><div class=\"et_pb_toggle_content clearfix\">Der alte Anwaltswitz &#8222;Der Anwalt ist der Mann, der dein Verm\u00f6gen aus den H\u00e4nden deines Feindes nimmt &#8230; und es dann f\u00fcr sich beh\u00e4lt&#8220; trifft auf die Mitglieder von Avolink sicher nicht zu.<\/div><div class=\"et_pb_toggle_content clearfix\"><br \/>Die diesem Netzwerk angeschlossenen Anw\u00e4lte sind bestrebt, Konflikte effizient zu l\u00f6sen oder &#8211; noch besser &#8211; durch fundierte Beratung zu vermeiden. Auch wenn bereits ein Verfahren eingeleitet wurde, versuchen sie, auf eine akzeptable L\u00f6sung hinzuarbeiten.<\/div><\/div>\n\t\t\t\t<\/div>\n\t\t\t\t\t\t\t<div class=\"elementor-toggle-item\">\n\t\t\t\t\t<div id=\"elementor-tab-title-1952\" class=\"elementor-tab-title\" data-tab=\"2\" role=\"button\" aria-controls=\"elementor-tab-content-1952\" aria-expanded=\"false\">\n\t\t\t\t\t\t\t\t\t\t\t\t<span class=\"elementor-toggle-icon elementor-toggle-icon-left\" aria-hidden=\"true\">\n\t\t\t\t\t\t\t\t\t\t\t\t\t\t\t<span class=\"elementor-toggle-icon-closed\"><i class=\"fas fa-caret-right\"><\/i><\/span>\n\t\t\t\t\t\t\t\t<span class=\"elementor-toggle-icon-opened\"><i class=\"elementor-toggle-icon-opened fas fa-caret-up\"><\/i><\/span>\n\t\t\t\t\t\t\t\t\t\t\t\t\t<\/span>\n\t\t\t\t\t\t\t\t\t\t\t\t<a class=\"elementor-toggle-title\" tabindex=\"0\">Ist ein Anwalt schon n\u00f6tig?<\/a>\n\t\t\t\t\t<\/div>\n\n\t\t\t\t\t<div id=\"elementor-tab-content-1952\" class=\"elementor-tab-content elementor-clearfix\" data-tab=\"2\" role=\"region\" aria-labelledby=\"elementor-tab-title-1952\"><p>Oder wird ein Anwalt erst sp\u00e4ter ben\u00f6tigt?<\/p><p><br \/>Hier liegt der Trugschluss: Der Rat eines Anwalts ist vor allem dann sein Geld wert, wenn auf seiner Grundlage ein Streit oder ein Verfahren vermieden werden kann. Wenn Sie zu lange warten, bevor Sie sich beraten lassen, kann ein Verfahren bereits verloren sein (z. B. wegen Verj\u00e4hrung usw.) oder die M\u00f6glichkeit, rechtzeitig Beweise zu sammeln, kann verloren gehen &#8230;<\/p><p><br \/>Lassen Sie sich also rechtzeitig beraten und vermeiden Sie das Risiko eines kostspieligen Verfahrens oder des Verlusts Ihrer Rechte.<\/p><\/div>\n\t\t\t\t<\/div>\n\t\t\t\t\t\t\t<div class=\"elementor-toggle-item\">\n\t\t\t\t\t<div id=\"elementor-tab-title-1953\" class=\"elementor-tab-title\" data-tab=\"3\" role=\"button\" aria-controls=\"elementor-tab-content-1953\" aria-expanded=\"false\">\n\t\t\t\t\t\t\t\t\t\t\t\t<span class=\"elementor-toggle-icon elementor-toggle-icon-left\" aria-hidden=\"true\">\n\t\t\t\t\t\t\t\t\t\t\t\t\t\t\t<span class=\"elementor-toggle-icon-closed\"><i class=\"fas fa-caret-right\"><\/i><\/span>\n\t\t\t\t\t\t\t\t<span class=\"elementor-toggle-icon-opened\"><i class=\"elementor-toggle-icon-opened fas fa-caret-up\"><\/i><\/span>\n\t\t\t\t\t\t\t\t\t\t\t\t\t<\/span>\n\t\t\t\t\t\t\t\t\t\t\t\t<a class=\"elementor-toggle-title\" tabindex=\"0\">Der Rechtsanwalt, Ihr Dienstleister in Rechtsangelegenheiten<\/a>\n\t\t\t\t\t<\/div>\n\n\t\t\t\t\t<div id=\"elementor-tab-content-1953\" class=\"elementor-tab-content elementor-clearfix\" data-tab=\"3\" role=\"region\" aria-labelledby=\"elementor-tab-title-1953\"><div class=\"et_pb_toggle_content clearfix\"><p>Sprechen Sie mit Ihrem Anwalt \u00fcber die rechtlichen Fragen. Fragen Sie Ihren Anwalt, ob ein Fall einklagbar ist oder was Sie konkret erwarten. Entscheiden Sie von Anfang an gemeinsam mit Ihrem Anwalt, was zu welchen Kosten getan werden kann.<\/p><p>Was k\u00f6nnen Sie von Ihrem Anwalt erwarten?<\/p><ul><li>Ein individuelles und vertrauliches Gespr\u00e4ch \u00fcber Ihr Problem;<\/li><li>eine Analyse Ihrer Situation und die richtige Einsch\u00e4tzung Ihrer Erfolgsaussichten<\/li><li>Entwurf einer Vergleichsvereinbarung und Verhandlungsf\u00fchrung mit dem Ziel einer g\u00fctlichen Einigung<\/li><li>die Ausarbeitung von Vertr\u00e4gen,<\/li><li>die Vorbereitung von Rechtshandlungen in Verfahren<\/li><li>Vollstreckung von Urteilen durch die Staatsanwaltschaft oder einen Gerichtsvollzieher;<\/li><li>bei internationalen Streitigkeiten k\u00f6nnen wir auch Verfahren im Ausland \u00fcber verbundene Netze f\u00fchren;<\/li><li>die \u00dcbersetzung von Rechtstexten (NL &#8211; FR &#8211; D)<\/li><\/ul><\/div><\/div>\n\t\t\t\t<\/div>\n\t\t\t\t\t\t\t<div class=\"elementor-toggle-item\">\n\t\t\t\t\t<div id=\"elementor-tab-title-1954\" class=\"elementor-tab-title\" data-tab=\"4\" role=\"button\" aria-controls=\"elementor-tab-content-1954\" aria-expanded=\"false\">\n\t\t\t\t\t\t\t\t\t\t\t\t<span class=\"elementor-toggle-icon elementor-toggle-icon-left\" aria-hidden=\"true\">\n\t\t\t\t\t\t\t\t\t\t\t\t\t\t\t<span class=\"elementor-toggle-icon-closed\"><i class=\"fas fa-caret-right\"><\/i><\/span>\n\t\t\t\t\t\t\t\t<span class=\"elementor-toggle-icon-opened\"><i class=\"elementor-toggle-icon-opened fas fa-caret-up\"><\/i><\/span>\n\t\t\t\t\t\t\t\t\t\t\t\t\t<\/span>\n\t\t\t\t\t\t\t\t\t\t\t\t<a class=\"elementor-toggle-title\" tabindex=\"0\">Prozess: hoffnungslos?<\/a>\n\t\t\t\t\t<\/div>\n\n\t\t\t\t\t<div id=\"elementor-tab-content-1954\" class=\"elementor-tab-content elementor-clearfix\" data-tab=\"4\" role=\"region\" aria-labelledby=\"elementor-tab-title-1954\"><div class=\"et_pb_toggle_content clearfix\"><p>Selbst wenn der Anwalt zu dem Schluss kommt, dass ein Verfahren erfolgversprechend ist, sollte es nicht unbedingt zu einem Gerichtsverfahren kommen. Oft ist es besser &#8211; auch um Kosten zu sparen -, eine g\u00fctliche Einigung mit der anderen Partei zu suchen. Oft trifft man die andere Partei wieder, und dann ist es rein menschlich besser, wieder ein gutes Verh\u00e4ltnis zueinander aufzubauen.<\/p><p>Nat\u00fcrlich gibt es auch Situationen, in denen sich ein Verfahren nicht vermeiden l\u00e4sst. In diesem Fall werden Sie mit dem Anwalt besprechen, wie Sie das beste Ergebnis erzielen k\u00f6nnen. Ein wichtiger Aspekt dabei sind die Kosten dieser Wahl, und dar\u00fcber sollten transparente Vereinbarungen getroffen werden.<\/p><\/div><\/div>\n\t\t\t\t<\/div>\n\t\t\t\t\t\t\t<div class=\"elementor-toggle-item\">\n\t\t\t\t\t<div id=\"elementor-tab-title-1955\" class=\"elementor-tab-title\" data-tab=\"5\" role=\"button\" aria-controls=\"elementor-tab-content-1955\" aria-expanded=\"false\">\n\t\t\t\t\t\t\t\t\t\t\t\t<span class=\"elementor-toggle-icon elementor-toggle-icon-left\" aria-hidden=\"true\">\n\t\t\t\t\t\t\t\t\t\t\t\t\t\t\t<span class=\"elementor-toggle-icon-closed\"><i class=\"fas fa-caret-right\"><\/i><\/span>\n\t\t\t\t\t\t\t\t<span class=\"elementor-toggle-icon-opened\"><i class=\"elementor-toggle-icon-opened fas fa-caret-up\"><\/i><\/span>\n\t\t\t\t\t\t\t\t\t\t\t\t\t<\/span>\n\t\t\t\t\t\t\t\t\t\t\t\t<a class=\"elementor-toggle-title\" tabindex=\"0\">Was kostet ein Anwalt? Verpflichtung zur Transparenz<\/a>\n\t\t\t\t\t<\/div>\n\n\t\t\t\t\t<div id=\"elementor-tab-content-1955\" class=\"elementor-tab-content elementor-clearfix\" data-tab=\"5\" role=\"region\" aria-labelledby=\"elementor-tab-title-1955\"><div class=\"et_pb_toggle_content clearfix\"><div class=\"et_pb_toggle_content clearfix\"><div class=\"et_pb_toggle_content clearfix\"><p>Es sollte keine Angst vor dem Gang zum Anwalt bestehen. Eine Sch\u00e4tzung der voraussichtlichen Kosten und Geb\u00fchren wird bereits beim ersten Gespr\u00e4ch gegeben. Wenn es schwierig ist, eine Sch\u00e4tzung vorzunehmen, werden zumindest klare Angaben zur Berechnung der Kosten und Geb\u00fchren gemacht (Stundensatz, Prozentsatz des finanziellen Engagements f\u00fcr ein Verfahren, Kosten usw.), Informationen, die h\u00e4ufig auf der Website des betreffenden Anwalts zu finden sind.<\/p><\/div><\/div><\/div><\/div>\n\t\t\t\t<\/div>\n\t\t\t\t\t\t\t<div class=\"elementor-toggle-item\">\n\t\t\t\t\t<div id=\"elementor-tab-title-1956\" class=\"elementor-tab-title\" data-tab=\"6\" role=\"button\" aria-controls=\"elementor-tab-content-1956\" aria-expanded=\"false\">\n\t\t\t\t\t\t\t\t\t\t\t\t<span class=\"elementor-toggle-icon elementor-toggle-icon-left\" aria-hidden=\"true\">\n\t\t\t\t\t\t\t\t\t\t\t\t\t\t\t<span class=\"elementor-toggle-icon-closed\"><i class=\"fas fa-caret-right\"><\/i><\/span>\n\t\t\t\t\t\t\t\t<span class=\"elementor-toggle-icon-opened\"><i class=\"elementor-toggle-icon-opened fas fa-caret-up\"><\/i><\/span>\n\t\t\t\t\t\t\t\t\t\t\t\t\t<\/span>\n\t\t\t\t\t\t\t\t\t\t\t\t<a class=\"elementor-toggle-title\" tabindex=\"0\">Vorbereitung des Gespr\u00e4chs<\/a>\n\t\t\t\t\t<\/div>\n\n\t\t\t\t\t<div id=\"elementor-tab-content-1956\" class=\"elementor-tab-content elementor-clearfix\" data-tab=\"6\" role=\"region\" aria-labelledby=\"elementor-tab-title-1956\"><div class=\"et_pb_toggle_content clearfix\"><p>Wenn Sie das Gespr\u00e4ch mit Ihrem Anwalt gut vorbereiten, werden Sie sicher schnell gute Ratschl\u00e4ge erhalten.<\/p><p>Der Anwalt und seine Mitarbeiter sind an das Berufsgeheimnis gebunden. Sie k\u00f6nnen also frei mit Ihrem Anwalt sprechen, auch wenn es Ihnen vielleicht unangenehm ist, \u00fcber bestimmte Aspekte Ihres Falles zu sprechen. Ihr Anwalt ist nicht Ihr Richter und wird Sie sicher nicht &#8222;verurteilen&#8220;. Ihr Anwalt ist Ihr Berater und sollte \u00fcber alle Aspekte Ihres Falles Bescheid wissen, um Sie wirksam verteidigen zu k\u00f6nnen.<\/p><p>Es ist sinnvoll, Ihr spezifisches Problem und Ihre Erwartungen von Anfang an darzulegen. Manchmal ist es sinnvoll, die notwendigen Informationen schriftlich festzuhalten, um sicherzustellen, dass keine Informationen &#8222;verloren&#8220; gehen.<\/p><p>Vergessen Sie nicht, alle Unterlagen (Briefe, Vertr\u00e4ge, Fotos usw.) mitzubringen.<\/p><p>Erkundigen Sie sich vorher auch bei Ihrem Versicherungsmakler, ob sich die Versicherung an den Kosten f\u00fcr den Rechtsbeistand beteiligen kann.<\/p><\/div><\/div>\n\t\t\t\t<\/div>\n\t\t\t\t\t\t\t<div class=\"elementor-toggle-item\">\n\t\t\t\t\t<div id=\"elementor-tab-title-1957\" class=\"elementor-tab-title\" data-tab=\"7\" role=\"button\" aria-controls=\"elementor-tab-content-1957\" aria-expanded=\"false\">\n\t\t\t\t\t\t\t\t\t\t\t\t<span class=\"elementor-toggle-icon elementor-toggle-icon-left\" aria-hidden=\"true\">\n\t\t\t\t\t\t\t\t\t\t\t\t\t\t\t<span class=\"elementor-toggle-icon-closed\"><i class=\"fas fa-caret-right\"><\/i><\/span>\n\t\t\t\t\t\t\t\t<span class=\"elementor-toggle-icon-opened\"><i class=\"elementor-toggle-icon-opened fas fa-caret-up\"><\/i><\/span>\n\t\t\t\t\t\t\t\t\t\t\t\t\t<\/span>\n\t\t\t\t\t\t\t\t\t\t\t\t<a class=\"elementor-toggle-title\" tabindex=\"0\">Fristen und Dokumente<\/a>\n\t\t\t\t\t<\/div>\n\n\t\t\t\t\t<div id=\"elementor-tab-content-1957\" class=\"elementor-tab-content elementor-clearfix\" data-tab=\"7\" role=\"region\" aria-labelledby=\"elementor-tab-title-1957\"><div class=\"et_pb_toggle_content clearfix\">Wenn Sie Schreiben von Gerichtsvollziehern, Gerichten, Verwaltungsbeh\u00f6rden oder Rechtsanw\u00e4lten erhalten, sollten Sie diese Schriftst\u00fccke am besten sofort an Ihren Rechtsanwalt weiterleiten, insbesondere wenn Sie Probleme mit der Sprache der Schriftst\u00fccke haben.<br \/>Ab dem Zeitpunkt der Zustellung oder \u00dcbersendung von Urteilen oder Verwaltungsentscheidungen laufen die Fristen f\u00fcr die Einlegung von Rechtsbehelfen (Widerspruch oder Klage). Es liegt in Ihrem Interesse, Ihren Anwalt nicht erst am letzten Tag zu kontaktieren. Nach Ablauf einer Frist gibt es grunds\u00e4tzlich keine M\u00f6glichkeit mehr, Ihre Rechtslage zu \u00e4ndern, auch wenn Sie eigentlich &#8222;Recht&#8220; haben &#8230;<\/div><\/div>\n\t\t\t\t<\/div>\n\t\t\t\t\t\t\t\t<\/div>\n\t\t\t\t<\/div>\n\t\t\t\t<\/div>\n\t\t\t\t\t<\/div>\n\t\t<\/div>\n\t\t\t\t\t<\/div>\n\t\t<\/section>\n\t\t\t\t<section class=\"elementor-section elementor-top-section elementor-element elementor-element-71ce2f8 elementor-section-boxed elementor-section-height-default elementor-section-height-default sc_fly_static\" data-id=\"71ce2f8\" data-element_type=\"section\">\n\t\t\t\t\t\t<div class=\"elementor-container elementor-column-gap-extended\">\n\t\t\t\t\t<div class=\"elementor-column elementor-col-100 elementor-top-column elementor-element elementor-element-9ef5b42 sc_inner_width_none sc_content_align_inherit sc_layouts_column_icons_position_left sc_fly_static\" data-id=\"9ef5b42\" data-element_type=\"column\">\n\t\t\t<div class=\"elementor-widget-wrap elementor-element-populated\">\n\t\t\t\t\t\t<div class=\"elementor-element elementor-element-72ee6dd sc_fly_static elementor-widget elementor-widget-spacer\" data-id=\"72ee6dd\" data-element_type=\"widget\" data-widget_type=\"spacer.default\">\n\t\t\t\t<div class=\"elementor-widget-container\">\n\t\t\t\t\t<div class=\"elementor-spacer\">\n\t\t\t<div class=\"elementor-spacer-inner\"><\/div>\n\t\t<\/div>\n\t\t\t\t<\/div>\n\t\t\t\t<\/div>\n\t\t\t\t\t<\/div>\n\t\t<\/div>\n\t\t\t\t\t<\/div>\n\t\t<\/section>\n\t\t\t\t<\/div>\n\t\t","protected":false},"excerpt":{"rendered":"<p>FAQ \/ H\u00e4ufig gestellte Fragen Die Arbeitsweise der Gerichte und einer Anwaltskanzlei ist f\u00fcr den&hellip;<\/p>\n","protected":false},"author":1,"featured_media":0,"parent":0,"menu_order":0,"comment_status":"closed","ping_status":"closed","template":"","meta":{"om_disable_all_campaigns":false,"_monsterinsights_skip_tracking":false,"_monsterinsights_sitenote_active":false,"_monsterinsights_sitenote_note":"","_monsterinsights_sitenote_category":0,"footnotes":""},"class_list":["post-25026","page","type-page","status-publish","hentry"],"aioseo_notices":[],"_links":{"self":[{"href":"https:\/\/avolink.be\/de\/wp-json\/wp\/v2\/pages\/25026","targetHints":{"allow":["GET"]}}],"collection":[{"href":"https:\/\/avolink.be\/de\/wp-json\/wp\/v2\/pages"}],"about":[{"href":"https:\/\/avolink.be\/de\/wp-json\/wp\/v2\/types\/page"}],"author":[{"embeddable":true,"href":"https:\/\/avolink.be\/de\/wp-json\/wp\/v2\/users\/1"}],"replies":[{"embeddable":true,"href":"https:\/\/avolink.be\/de\/wp-json\/wp\/v2\/comments?post=25026"}],"version-history":[{"count":7,"href":"https:\/\/avolink.be\/de\/wp-json\/wp\/v2\/pages\/25026\/revisions"}],"predecessor-version":[{"id":25541,"href":"https:\/\/avolink.be\/de\/wp-json\/wp\/v2\/pages\/25026\/revisions\/25541"}],"wp:attachment":[{"href":"https:\/\/avolink.be\/de\/wp-json\/wp\/v2\/media?parent=25026"}],"curies":[{"name":"wp","href":"https:\/\/api.w.org\/{rel}","templated":true}]}}