{"id":25050,"date":"2024-03-19T14:06:27","date_gmt":"2024-03-19T14:06:27","guid":{"rendered":"https:\/\/avo-link.eu\/?page_id=25050"},"modified":"2024-05-13T12:03:44","modified_gmt":"2024-05-13T12:03:44","slug":"rechtsgebiete","status":"publish","type":"page","link":"https:\/\/avolink.be\/de\/rechtsgebiete\/","title":{"rendered":"Rechtsgebiete"},"content":{"rendered":"\t\t<div data-elementor-type=\"wp-page\" data-elementor-id=\"25050\" class=\"elementor elementor-25050 elementor-23407\">\n\t\t\t\t\t\t<section class=\"elementor-section elementor-top-section elementor-element elementor-element-9e0f483 elementor-section-boxed elementor-section-height-default elementor-section-height-default sc_fly_static\" data-id=\"9e0f483\" data-element_type=\"section\" data-settings=\"{&quot;background_background&quot;:&quot;classic&quot;}\">\n\t\t\t\t\t\t<div class=\"elementor-container elementor-column-gap-extended\">\n\t\t\t\t\t<div class=\"elementor-column elementor-col-100 elementor-top-column elementor-element elementor-element-147c02f sc_inner_width_none sc_content_align_inherit sc_layouts_column_icons_position_left sc_fly_static\" data-id=\"147c02f\" data-element_type=\"column\">\n\t\t\t<div class=\"elementor-widget-wrap elementor-element-populated\">\n\t\t\t\t\t\t<div class=\"elementor-element elementor-element-cdd9926 sc_fly_static elementor-widget elementor-widget-spacer\" data-id=\"cdd9926\" data-element_type=\"widget\" data-widget_type=\"spacer.default\">\n\t\t\t\t<div class=\"elementor-widget-container\">\n\t\t\t\t\t<div class=\"elementor-spacer\">\n\t\t\t<div class=\"elementor-spacer-inner\"><\/div>\n\t\t<\/div>\n\t\t\t\t<\/div>\n\t\t\t\t<\/div>\n\t\t\t\t<div class=\"elementor-element elementor-element-1991fc9 sc_fly_static elementor-widget elementor-widget-trx_sc_title\" data-id=\"1991fc9\" data-element_type=\"widget\" data-widget_type=\"trx_sc_title.default\">\n\t\t\t\t<div class=\"elementor-widget-container\">\n\t\t\t<div\t\tclass=\"sc_title sc_title_default\" ><h1 class=\"sc_item_title sc_title_title sc_align_center sc_item_title_style_default sc_item_title_tag trx_addons_inline_337202721\"\n\t\t\t><span class=\"sc_item_title_text\">Rechtsgebiete<\/span><\/h1><\/div>\t\t<\/div>\n\t\t\t\t<\/div>\n\t\t\t\t<div class=\"elementor-element elementor-element-9be2b7a sc_fly_static elementor-widget elementor-widget-spacer\" data-id=\"9be2b7a\" data-element_type=\"widget\" data-widget_type=\"spacer.default\">\n\t\t\t\t<div class=\"elementor-widget-container\">\n\t\t\t\t\t<div class=\"elementor-spacer\">\n\t\t\t<div class=\"elementor-spacer-inner\"><\/div>\n\t\t<\/div>\n\t\t\t\t<\/div>\n\t\t\t\t<\/div>\n\t\t\t\t<div class=\"elementor-element elementor-element-4329579 sc_fly_static elementor-widget elementor-widget-trx_sc_title\" data-id=\"4329579\" data-element_type=\"widget\" data-widget_type=\"trx_sc_title.default\">\n\t\t\t\t<div class=\"elementor-widget-container\">\n\t\t\t<div\t\tclass=\"sc_title sc_title_default\" ><h4 class=\"sc_item_title sc_title_title sc_align_center sc_item_title_style_default sc_item_title_tag trx_addons_inline_996037817\"\n\t\t\t><span class=\"sc_item_title_text\">Das Netz der Rechtsanw\u00e4lte in Belgien und Luxemburg immer in Ihrer N\u00e4he<\/span><\/h4><\/div>\t\t<\/div>\n\t\t\t\t<\/div>\n\t\t\t\t<div class=\"elementor-element elementor-element-40cf3fb sc_fly_static elementor-widget elementor-widget-spacer\" data-id=\"40cf3fb\" data-element_type=\"widget\" data-widget_type=\"spacer.default\">\n\t\t\t\t<div class=\"elementor-widget-container\">\n\t\t\t\t\t<div class=\"elementor-spacer\">\n\t\t\t<div class=\"elementor-spacer-inner\"><\/div>\n\t\t<\/div>\n\t\t\t\t<\/div>\n\t\t\t\t<\/div>\n\t\t\t\t\t<\/div>\n\t\t<\/div>\n\t\t\t\t\t<\/div>\n\t\t<\/section>\n\t\t\t\t<section class=\"elementor-section elementor-top-section elementor-element elementor-element-b3782cb elementor-section-boxed elementor-section-height-default elementor-section-height-default sc_fly_static\" data-id=\"b3782cb\" data-element_type=\"section\">\n\t\t\t\t\t\t<div class=\"elementor-container elementor-column-gap-extended\">\n\t\t\t\t\t<div class=\"elementor-column elementor-col-100 elementor-top-column elementor-element elementor-element-aa1744c sc_inner_width_none sc_content_align_inherit sc_layouts_column_icons_position_left sc_fly_static\" data-id=\"aa1744c\" data-element_type=\"column\">\n\t\t\t<div class=\"elementor-widget-wrap elementor-element-populated\">\n\t\t\t\t\t\t<div class=\"elementor-element elementor-element-eddff05 sc_fly_static elementor-widget elementor-widget-spacer\" data-id=\"eddff05\" data-element_type=\"widget\" data-widget_type=\"spacer.default\">\n\t\t\t\t<div class=\"elementor-widget-container\">\n\t\t\t\t\t<div class=\"elementor-spacer\">\n\t\t\t<div class=\"elementor-spacer-inner\"><\/div>\n\t\t<\/div>\n\t\t\t\t<\/div>\n\t\t\t\t<\/div>\n\t\t\t\t<div class=\"elementor-element elementor-element-25d23b8 sc_fly_static elementor-widget elementor-widget-text-editor\" data-id=\"25d23b8\" data-element_type=\"widget\" data-widget_type=\"text-editor.default\">\n\t\t\t\t<div class=\"elementor-widget-container\">\n\t\t\t\t\t\t\t<div id=\"content-area\" class=\"clearfix\"><div id=\"left-area\"><article id=\"post-1899\" class=\"post-1899 page type-page status-publish hentry\"><div class=\"entry-content\"><div class=\"et_pb_module et_pb_text et_pb_text_0 broad-text et_pb_bg_layout_light et_pb_text_align_left\"><div class=\"et_pb_text_inner\"><div class=\"visual-content\"><ul class=\"checkmark\"><li>Einzigartige Partnerschaft von Anw\u00e4lten<\/li><li>Anw\u00e4lte, die sich in ihrem Beruf auszeichnen<\/li><li>Ihr erfahrener Rechtsdienstleister<\/li><\/ul><\/div><p><strong>Avolink.be ist eine einzigartige Partnerschaft von Anw\u00e4lten, die in allen Bezirken Belgiens und Luxemburgs vertreten ist.<\/strong> <strong>Alle unsere Mitglieder verf\u00fcgen \u00fcber besondere berufliche F\u00e4higkeiten.<\/strong><\/p><p><strong>Wir bieten Rechtsbeistand f\u00fcr fast alle Rechtsgebiete, einschlie\u00dflich der unten aufgef\u00fchrten Rechtsgebiete.<\/strong> <strong>Dies ist nur eine Auswahl, so dass Sie sich in allen F\u00e4llen an uns wenden k\u00f6nnen.<\/strong><\/p><\/div><\/div><\/div><\/article><\/div><\/div>\t\t\t\t\t\t<\/div>\n\t\t\t\t<\/div>\n\t\t\t\t<div class=\"elementor-element elementor-element-7ea9a9a elementor-widget-divider--view-line sc_fly_static elementor-widget elementor-widget-divider\" data-id=\"7ea9a9a\" data-element_type=\"widget\" data-widget_type=\"divider.default\">\n\t\t\t\t<div class=\"elementor-widget-container\">\n\t\t\t\t\t<div class=\"elementor-divider\">\n\t\t\t<span class=\"elementor-divider-separator\">\n\t\t\t\t\t\t<\/span>\n\t\t<\/div>\n\t\t\t\t<\/div>\n\t\t\t\t<\/div>\n\t\t\t\t\t<\/div>\n\t\t<\/div>\n\t\t\t\t\t<\/div>\n\t\t<\/section>\n\t\t\t\t<section class=\"elementor-section elementor-top-section elementor-element elementor-element-388d0e6 elementor-section-boxed elementor-section-height-default elementor-section-height-default sc_fly_static\" data-id=\"388d0e6\" data-element_type=\"section\">\n\t\t\t\t\t\t<div class=\"elementor-container elementor-column-gap-extended\">\n\t\t\t\t\t<div class=\"elementor-column elementor-col-100 elementor-top-column elementor-element elementor-element-b08ccfc sc_inner_width_none sc_content_align_inherit sc_layouts_column_icons_position_left sc_fly_static\" data-id=\"b08ccfc\" data-element_type=\"column\">\n\t\t\t<div class=\"elementor-widget-wrap elementor-element-populated\">\n\t\t\t\t\t\t<div class=\"elementor-element elementor-element-57ede57 sc_fly_static elementor-widget elementor-widget-trx_sc_icons\" data-id=\"57ede57\" data-element_type=\"widget\" data-widget_type=\"trx_sc_icons.default\">\n\t\t\t\t<div class=\"elementor-widget-container\">\n\t\t\t<div \tclass=\"sc_icons color_style_dark sc_icons_hover sc_icons_size_small sc_align_left\" ><div class=\"sc_icons_columns_wrap sc_item_columns trx_addons_columns_wrap columns_padding_bottom\" ><div class=\"trx_addons_column-1_3\"><div class=\"sc_icons_item sc_icons_item_linked with_more\"><div class=\"sc_icons_icon sc_icon_type_ icon-tools\" style=\"color: #DF9C59\" ><span class=\"sc_icon_type_ icon-tools\" style=\"color: #DF9C59\"><\/span><\/div><div class=\"sc_icons_item_details\"><h4 class=\"sc_icons_item_title\" style=\"color:#000000;\"><a href=\"https:\/\/avolink.be\/de\/rechtsgebiete\/arbeits-und-sozialversicherungsrecht\/\">\r\n                                    Arbeitsrecht                                    <\/a><\/h4><a href=\"https:\/\/avolink.be\/de\/rechtsgebiete\/arbeits-und-sozialversicherungsrecht\/\" class=\"sc_icons_item_more_link\">\r\n                        <span class=\"link_text\">lesen Sie mehr<\/span><span class=\"link_icon\"><\/span>\r\n                        <\/a><a href=\"https:\/\/avolink.be\/de\/rechtsgebiete\/arbeits-und-sozialversicherungsrecht\/\"\r\n                        class=\"sc_icons_item_link\">\r\n                        <\/a><\/div><\/div><\/div><div class=\"trx_addons_column-1_3\"><div class=\"sc_icons_item sc_icons_item_linked with_more\"><div class=\"sc_icons_icon sc_icon_type_ icon-globe-light\" style=\"color: #DF9C59\" ><span class=\"sc_icon_type_ icon-globe-light\" style=\"color: #DF9C59\"><\/span><\/div><div class=\"sc_icons_item_details\"><h4 class=\"sc_icons_item_title\" style=\"color:#000000;\"><a href=\"https:\/\/avolink.be\/de\/rechtsgebiete\/asyl-und-einwanderungsrecht\/\">\r\n                                    Asyl- &amp; Einwanderungsrecht                                    <\/a><\/h4><a href=\"https:\/\/avolink.be\/de\/rechtsgebiete\/asyl-und-einwanderungsrecht\/\" class=\"sc_icons_item_more_link\">\r\n                        <span class=\"link_text\">lesen Sie mehr<\/span><span class=\"link_icon\"><\/span>\r\n                        <\/a><a href=\"https:\/\/avolink.be\/de\/rechtsgebiete\/asyl-und-einwanderungsrecht\/\"\r\n                        class=\"sc_icons_item_link\">\r\n                        <\/a><\/div><\/div><\/div><div class=\"trx_addons_column-1_3\"><div class=\"sc_icons_item sc_icons_item_linked with_more\"><div class=\"sc_icons_icon sc_icon_type_ icon-home-2\" style=\"color: #DF9C59\" ><span class=\"sc_icon_type_ icon-home-2\" style=\"color: #DF9C59\"><\/span><\/div><div class=\"sc_icons_item_details\"><h4 class=\"sc_icons_item_title\" style=\"color:#000000;\"><a href=\"https:\/\/avolink.be\/de\/rechtsgebiete\/baurecht\/\">\r\n                                    Baurecht                                    <\/a><\/h4><a href=\"https:\/\/avolink.be\/de\/rechtsgebiete\/baurecht\/\" class=\"sc_icons_item_more_link\">\r\n                        <span class=\"link_text\">lesen Sie mehr<\/span><span class=\"link_icon\"><\/span>\r\n                        <\/a><a href=\"https:\/\/avolink.be\/de\/rechtsgebiete\/baurecht\/\"\r\n                        class=\"sc_icons_item_link\">\r\n                        <\/a><\/div><\/div><\/div><div class=\"trx_addons_column-1_3\"><div class=\"sc_icons_item sc_icons_item_linked with_more\"><div class=\"sc_icons_icon sc_icon_type_ icon-money-light\" style=\"color: #DF9C59\" ><span class=\"sc_icon_type_ icon-money-light\" style=\"color: #DF9C59\"><\/span><\/div><div class=\"sc_icons_item_details\"><h4 class=\"sc_icons_item_title\" style=\"color:#000000;\"><a href=\"https:\/\/avolink.be\/de\/rechtsgebiete\/erbschaftsrecht\/\">\r\n                                    Erbschaftsrecht                                    <\/a><\/h4><a href=\"https:\/\/avolink.be\/de\/rechtsgebiete\/erbschaftsrecht\/\" class=\"sc_icons_item_more_link\">\r\n                        <span class=\"link_text\">lesen Sie mehr<\/span><span class=\"link_icon\"><\/span>\r\n                        <\/a><a href=\"https:\/\/avolink.be\/de\/rechtsgebiete\/erbschaftsrecht\/\"\r\n                        class=\"sc_icons_item_link\">\r\n                        <\/a><\/div><\/div><\/div><div class=\"trx_addons_column-1_3\"><div class=\"sc_icons_item sc_icons_item_linked with_more\"><div class=\"sc_icons_icon sc_icon_type_ icon-euro\" style=\"color: #DF9C59\" ><span class=\"sc_icon_type_ icon-euro\" style=\"color: #DF9C59\"><\/span><\/div><div class=\"sc_icons_item_details\"><h4 class=\"sc_icons_item_title\" style=\"color:#000000;\"><a href=\"https:\/\/avolink.be\/de\/rechtsgebiete\/europaeisches-recht\/\">\r\n                                    Europ\u00e4isches Recht                                    <\/a><\/h4><a href=\"https:\/\/avolink.be\/de\/rechtsgebiete\/europaeisches-recht\/\" class=\"sc_icons_item_more_link\">\r\n                        <span class=\"link_text\">lesen Sie mehr<\/span><span class=\"link_icon\"><\/span>\r\n                        <\/a><a href=\"https:\/\/avolink.be\/de\/rechtsgebiete\/europaeisches-recht\/\"\r\n                        class=\"sc_icons_item_link\">\r\n                        <\/a><\/div><\/div><\/div><div class=\"trx_addons_column-1_3\"><div class=\"sc_icons_item sc_icons_item_linked with_more\"><div class=\"sc_icons_icon sc_icon_type_ icon-new-law\" style=\"color: #DF9C59\" ><span class=\"sc_icon_type_ icon-new-law\" style=\"color: #DF9C59\"><\/span><\/div><div class=\"sc_icons_item_details\"><h4 class=\"sc_icons_item_title\" style=\"color:#000000;\"><a href=\"https:\/\/avolink.be\/de\/rechtsgebiete\/gesellschaftsrecht\/\">\r\n                                    Gesellschaftsrecht                                    <\/a><\/h4><a href=\"https:\/\/avolink.be\/de\/rechtsgebiete\/gesellschaftsrecht\/\" class=\"sc_icons_item_more_link\">\r\n                        <span class=\"link_text\">lesen Sie mehr<\/span><span class=\"link_icon\"><\/span>\r\n                        <\/a><a href=\"https:\/\/avolink.be\/de\/rechtsgebiete\/gesellschaftsrecht\/\"\r\n                        class=\"sc_icons_item_link\">\r\n                        <\/a><\/div><\/div><\/div><div class=\"trx_addons_column-1_3\"><div class=\"sc_icons_item sc_icons_item_linked with_more\"><div class=\"sc_icons_icon sc_icon_type_ icon-switch\" style=\"color: #DF9C59\" ><span class=\"sc_icon_type_ icon-switch\" style=\"color: #DF9C59\"><\/span><\/div><div class=\"sc_icons_item_details\"><h4 class=\"sc_icons_item_title\" style=\"color:#000000;\"><a href=\"https:\/\/avolink.be\/de\/rechtsgebiete\/handels-wirtschafts-und-gesellschaftsrecht\/\">\r\n                                    Handels- und Wirtschaftsrecht                                    <\/a><\/h4><a href=\"https:\/\/avolink.be\/de\/rechtsgebiete\/handels-wirtschafts-und-gesellschaftsrecht\/\" class=\"sc_icons_item_more_link\">\r\n                        <span class=\"link_text\">lesen Sie mehr<\/span><span class=\"link_icon\"><\/span>\r\n                        <\/a><a href=\"https:\/\/avolink.be\/de\/rechtsgebiete\/handels-wirtschafts-und-gesellschaftsrecht\/\"\r\n                        class=\"sc_icons_item_link\">\r\n                        <\/a><\/div><\/div><\/div><div class=\"trx_addons_column-1_3\"><div class=\"sc_icons_item sc_icons_item_linked with_more\"><div class=\"sc_icons_icon sc_icon_type_ icon-courses\" style=\"color: #DF9C59\" ><span class=\"sc_icon_type_ icon-courses\" style=\"color: #DF9C59\"><\/span><\/div><div class=\"sc_icons_item_details\"><h4 class=\"sc_icons_item_title\" style=\"color:#000000;\"><a href=\"https:\/\/avolink.be\/de\/rechtsgebiete\/inkassorecht\/\">\r\n                                    Inkassorecht                                    <\/a><\/h4><a href=\"https:\/\/avolink.be\/de\/rechtsgebiete\/inkassorecht\/\" class=\"sc_icons_item_more_link\">\r\n                        <span class=\"link_text\">lesen Sie mehr<\/span><span class=\"link_icon\"><\/span>\r\n                        <\/a><a href=\"https:\/\/avolink.be\/de\/rechtsgebiete\/inkassorecht\/\"\r\n                        class=\"sc_icons_item_link\">\r\n                        <\/a><\/div><\/div><\/div><div class=\"trx_addons_column-1_3\"><div class=\"sc_icons_item sc_icons_item_linked with_more\"><div class=\"sc_icons_icon sc_icon_type_ icon-money-light\" style=\"color: #DF9C59\" ><span class=\"sc_icon_type_ icon-money-light\" style=\"color: #DF9C59\"><\/span><\/div><div class=\"sc_icons_item_details\"><h4 class=\"sc_icons_item_title\" style=\"color:#000000;\"><a href=\"https:\/\/avolink.be\/de\/rechtsgebiete\/konkursrecht\/\">\r\n                                    Konkursrecht                                    <\/a><\/h4><a href=\"https:\/\/avolink.be\/de\/rechtsgebiete\/konkursrecht\/\" class=\"sc_icons_item_more_link\">\r\n                        <span class=\"link_text\">lesen Sie mehr<\/span><span class=\"link_icon\"><\/span>\r\n                        <\/a><a href=\"https:\/\/avolink.be\/de\/rechtsgebiete\/konkursrecht\/\"\r\n                        class=\"sc_icons_item_link\">\r\n                        <\/a><\/div><\/div><\/div><div class=\"trx_addons_column-1_3\"><div class=\"sc_icons_item sc_icons_item_linked with_more\"><div class=\"sc_icons_icon sc_icon_type_ trx_addons_icon-home-3\" style=\"color: #DF9C59\" ><span class=\"sc_icon_type_ trx_addons_icon-home-3\" style=\"color: #DF9C59\"><\/span><\/div><div class=\"sc_icons_item_details\"><h4 class=\"sc_icons_item_title\" style=\"color:#000000;\"><a href=\"https:\/\/avolink.be\/de\/rechtsgebiete\/mietrecht\/\">\r\n                                    Mietrecht                                    <\/a><\/h4><a href=\"https:\/\/avolink.be\/de\/rechtsgebiete\/mietrecht\/\" class=\"sc_icons_item_more_link\">\r\n                        <span class=\"link_text\">lesen Sie mehr<\/span><span class=\"link_icon\"><\/span>\r\n                        <\/a><a href=\"https:\/\/avolink.be\/de\/rechtsgebiete\/mietrecht\/\"\r\n                        class=\"sc_icons_item_link\">\r\n                        <\/a><\/div><\/div><\/div><div class=\"trx_addons_column-1_3\"><div class=\"sc_icons_item sc_icons_item_linked with_more\"><div class=\"sc_icons_icon sc_icon_type_ icon-users-group\" style=\"color: #DF9C59\" ><span class=\"sc_icon_type_ icon-users-group\" style=\"color: #DF9C59\"><\/span><\/div><div class=\"sc_icons_item_details\"><h4 class=\"sc_icons_item_title\" style=\"color:#000000;\"><a href=\"https:\/\/avolink.be\/de\/rechtsgebiete\/scheidungs-und-familienrecht\/\">\r\n                                    Scheidungs- und Familienrecht                                    <\/a><\/h4><a href=\"https:\/\/avolink.be\/de\/rechtsgebiete\/scheidungs-und-familienrecht\/\" class=\"sc_icons_item_more_link\">\r\n                        <span class=\"link_text\">lesen Sie mehr<\/span><span class=\"link_icon\"><\/span>\r\n                        <\/a><a href=\"https:\/\/avolink.be\/de\/rechtsgebiete\/scheidungs-und-familienrecht\/\"\r\n                        class=\"sc_icons_item_link\">\r\n                        <\/a><\/div><\/div><\/div><div class=\"trx_addons_column-1_3\"><div class=\"sc_icons_item sc_icons_item_linked with_more\"><div class=\"sc_icons_icon sc_icon_type_ trx_addons_icon-credit-card\" style=\"color: #DF9C59\" ><span class=\"sc_icon_type_ trx_addons_icon-credit-card\" style=\"color: #DF9C59\"><\/span><\/div><div class=\"sc_icons_item_details\"><h4 class=\"sc_icons_item_title\" style=\"color:#000000;\"><a href=\"https:\/\/avolink.be\/de\/rechtsgebiete\/steuerrecht\/\">\r\n                                    Steuerrecht                                    <\/a><\/h4><a href=\"https:\/\/avolink.be\/de\/rechtsgebiete\/steuerrecht\/\" class=\"sc_icons_item_more_link\">\r\n                        <span class=\"link_text\">lesen Sie mehr<\/span><span class=\"link_icon\"><\/span>\r\n                        <\/a><a href=\"https:\/\/avolink.be\/de\/rechtsgebiete\/steuerrecht\/\"\r\n                        class=\"sc_icons_item_link\">\r\n                        <\/a><\/div><\/div><\/div><div class=\"trx_addons_column-1_3\"><div class=\"sc_icons_item sc_icons_item_linked with_more\"><div class=\"sc_icons_icon sc_icon_type_ trx_addons_icon-balance-scale\" style=\"color: #DF9C59\" ><span class=\"sc_icon_type_ trx_addons_icon-balance-scale\" style=\"color: #DF9C59\"><\/span><\/div><div class=\"sc_icons_item_details\"><h4 class=\"sc_icons_item_title\" style=\"color:#000000;\"><a href=\"https:\/\/avolink.be\/de\/rechtsgebiete\/strafrecht\/\">\r\n                                    Strafrecht                                    <\/a><\/h4><a href=\"https:\/\/avolink.be\/de\/rechtsgebiete\/strafrecht\/\" class=\"sc_icons_item_more_link\">\r\n                        <span class=\"link_text\">lesen Sie mehr<\/span><span class=\"link_icon\"><\/span>\r\n                        <\/a><a href=\"https:\/\/avolink.be\/de\/rechtsgebiete\/strafrecht\/\"\r\n                        class=\"sc_icons_item_link\">\r\n                        <\/a><\/div><\/div><\/div><div class=\"trx_addons_column-1_3\"><div class=\"sc_icons_item sc_icons_item_linked with_more\"><div class=\"sc_icons_icon sc_icon_type_ icon-car\" style=\"color: #DF9C59\" ><span class=\"sc_icon_type_ icon-car\" style=\"color: #DF9C59\"><\/span><\/div><div class=\"sc_icons_item_details\"><h4 class=\"sc_icons_item_title\" style=\"color:#000000;\"><a href=\"https:\/\/avolink.be\/de\/rechtsgebiete\/verkehrsrecht\/\">\r\n                                    Verkehrsrecht                                    <\/a><\/h4><a href=\"https:\/\/avolink.be\/de\/rechtsgebiete\/verkehrsrecht\/\" class=\"sc_icons_item_more_link\">\r\n                        <span class=\"link_text\">lesen Sie mehr<\/span><span class=\"link_icon\"><\/span>\r\n                        <\/a><a href=\"https:\/\/avolink.be\/de\/rechtsgebiete\/verkehrsrecht\/\"\r\n                        class=\"sc_icons_item_link\">\r\n                        <\/a><\/div><\/div><\/div><div class=\"trx_addons_column-1_3\"><div class=\"sc_icons_item sc_icons_item_linked with_more\"><div class=\"sc_icons_icon sc_icon_type_ icon-database-light\" style=\"color: #DF9C59\" ><span class=\"sc_icon_type_ icon-database-light\" style=\"color: #DF9C59\"><\/span><\/div><div class=\"sc_icons_item_details\"><h4 class=\"sc_icons_item_title\" style=\"color:#000000;\"><a href=\"https:\/\/avolink.be\/de\/rechtsgebiete\/versicherungsrecht\/\">\r\n                                    Versicherungsrecht                                    <\/a><\/h4><a href=\"https:\/\/avolink.be\/de\/rechtsgebiete\/versicherungsrecht\/\" class=\"sc_icons_item_more_link\">\r\n                        <span class=\"link_text\">lesen Sie mehr<\/span><span class=\"link_icon\"><\/span>\r\n                        <\/a><a href=\"https:\/\/avolink.be\/de\/rechtsgebiete\/versicherungsrecht\/\"\r\n                        class=\"sc_icons_item_link\">\r\n                        <\/a><\/div><\/div><\/div><div class=\"trx_addons_column-1_3\"><div class=\"sc_icons_item sc_icons_item_linked with_more\"><div class=\"sc_icons_icon sc_icon_type_ icon-book-open\" style=\"color: #DF9C59\" ><span class=\"sc_icon_type_ icon-book-open\" style=\"color: #DF9C59\"><\/span><\/div><div class=\"sc_icons_item_details\"><h4 class=\"sc_icons_item_title\" style=\"color:#000000;\"><a href=\"https:\/\/avolink.be\/de\/rechtsgebiete\/vertragsrecht\/\">\r\n                                    Vertragsrecht                                    <\/a><\/h4><a href=\"https:\/\/avolink.be\/de\/rechtsgebiete\/vertragsrecht\/\" class=\"sc_icons_item_more_link\">\r\n                        <span class=\"link_text\">lesen Sie mehr<\/span><span class=\"link_icon\"><\/span>\r\n                        <\/a><a href=\"https:\/\/avolink.be\/de\/rechtsgebiete\/vertragsrecht\/\"\r\n                        class=\"sc_icons_item_link\">\r\n                        <\/a><\/div><\/div><\/div><div class=\"trx_addons_column-1_3\"><div class=\"sc_icons_item sc_icons_item_linked with_more\"><div class=\"sc_icons_icon sc_icon_type_ trx_addons_icon-building-1\" style=\"color: #DF9C59\" ><span class=\"sc_icon_type_ trx_addons_icon-building-1\" style=\"color: #DF9C59\"><\/span><\/div><div class=\"sc_icons_item_details\"><h4 class=\"sc_icons_item_title\" style=\"color:#000000;\"><a href=\"https:\/\/avolink.be\/de\/rechtsgebiete\/verwaltungsrecht\/\">\r\n                                    Verwaltungsrecht                                    <\/a><\/h4><a href=\"https:\/\/avolink.be\/de\/rechtsgebiete\/verwaltungsrecht\/\" class=\"sc_icons_item_more_link\">\r\n                        <span class=\"link_text\">lesen Sie mehr<\/span><span class=\"link_icon\"><\/span>\r\n                        <\/a><a href=\"https:\/\/avolink.be\/de\/rechtsgebiete\/verwaltungsrecht\/\"\r\n                        class=\"sc_icons_item_link\">\r\n                        <\/a><\/div><\/div><\/div><\/div><\/div><!-- \/.sc_icons -->\t\t<\/div>\n\t\t\t\t<\/div>\n\t\t\t\t\t<\/div>\n\t\t<\/div>\n\t\t\t\t\t<\/div>\n\t\t<\/section>\n\t\t\t\t<\/div>\n\t\t","protected":false},"excerpt":{"rendered":"<p>Rechtsgebiete Das Netz der Rechtsanw\u00e4lte in Belgien und Luxemburg immer in Ihrer N\u00e4he Einzigartige Partnerschaft&hellip;<\/p>\n","protected":false},"author":1,"featured_media":0,"parent":0,"menu_order":0,"comment_status":"closed","ping_status":"closed","template":"","meta":{"om_disable_all_campaigns":false,"_monsterinsights_skip_tracking":false,"_monsterinsights_sitenote_active":false,"_monsterinsights_sitenote_note":"","_monsterinsights_sitenote_category":0,"footnotes":""},"class_list":["post-25050","page","type-page","status-publish","hentry"],"aioseo_notices":[],"_links":{"self":[{"href":"https:\/\/avolink.be\/de\/wp-json\/wp\/v2\/pages\/25050","targetHints":{"allow":["GET"]}}],"collection":[{"href":"https:\/\/avolink.be\/de\/wp-json\/wp\/v2\/pages"}],"about":[{"href":"https:\/\/avolink.be\/de\/wp-json\/wp\/v2\/types\/page"}],"author":[{"embeddable":true,"href":"https:\/\/avolink.be\/de\/wp-json\/wp\/v2\/users\/1"}],"replies":[{"embeddable":true,"href":"https:\/\/avolink.be\/de\/wp-json\/wp\/v2\/comments?post=25050"}],"version-history":[{"count":9,"href":"https:\/\/avolink.be\/de\/wp-json\/wp\/v2\/pages\/25050\/revisions"}],"predecessor-version":[{"id":25539,"href":"https:\/\/avolink.be\/de\/wp-json\/wp\/v2\/pages\/25050\/revisions\/25539"}],"wp:attachment":[{"href":"https:\/\/avolink.be\/de\/wp-json\/wp\/v2\/media?parent=25050"}],"curies":[{"name":"wp","href":"https:\/\/api.w.org\/{rel}","templated":true}]}}