{"id":25063,"date":"2024-03-19T11:53:05","date_gmt":"2024-03-19T11:53:05","guid":{"rendered":"https:\/\/avo-link.eu\/?page_id=25063"},"modified":"2024-04-04T14:09:41","modified_gmt":"2024-04-04T14:09:41","slug":"arbeits-und-sozialversicherungsrecht","status":"publish","type":"page","link":"https:\/\/avolink.be\/de\/rechtsgebiete\/arbeits-und-sozialversicherungsrecht\/","title":{"rendered":"Arbeits- und Sozialversicherungsrecht"},"content":{"rendered":"\t\t<div data-elementor-type=\"wp-page\" data-elementor-id=\"25063\" class=\"elementor elementor-25063 elementor-23262\">\n\t\t\t\t\t\t<section class=\"elementor-section elementor-top-section elementor-element elementor-element-9e0f483 elementor-section-boxed elementor-section-height-default elementor-section-height-default sc_fly_static\" data-id=\"9e0f483\" data-element_type=\"section\" data-settings=\"{&quot;background_background&quot;:&quot;classic&quot;}\">\n\t\t\t\t\t\t<div class=\"elementor-container elementor-column-gap-extended\">\n\t\t\t\t\t<div class=\"elementor-column elementor-col-100 elementor-top-column elementor-element elementor-element-147c02f sc_inner_width_none sc_content_align_inherit sc_layouts_column_icons_position_left sc_fly_static\" data-id=\"147c02f\" data-element_type=\"column\">\n\t\t\t<div class=\"elementor-widget-wrap elementor-element-populated\">\n\t\t\t\t\t\t<div class=\"elementor-element elementor-element-cdd9926 sc_fly_static elementor-widget elementor-widget-spacer\" data-id=\"cdd9926\" data-element_type=\"widget\" data-widget_type=\"spacer.default\">\n\t\t\t\t<div class=\"elementor-widget-container\">\n\t\t\t\t\t<div class=\"elementor-spacer\">\n\t\t\t<div class=\"elementor-spacer-inner\"><\/div>\n\t\t<\/div>\n\t\t\t\t<\/div>\n\t\t\t\t<\/div>\n\t\t\t\t<div class=\"elementor-element elementor-element-1991fc9 sc_fly_static elementor-widget elementor-widget-trx_sc_title\" data-id=\"1991fc9\" data-element_type=\"widget\" data-widget_type=\"trx_sc_title.default\">\n\t\t\t\t<div class=\"elementor-widget-container\">\n\t\t\t<div\t\tclass=\"sc_title sc_title_default\" ><h1 class=\"sc_item_title sc_title_title sc_align_center sc_item_title_style_default sc_item_title_tag trx_addons_inline_1868342031\"\n\t\t\t><span class=\"sc_item_title_text\">\nArbeits- und Sozialversicherungsrecht<\/span><\/h1><\/div>\t\t<\/div>\n\t\t\t\t<\/div>\n\t\t\t\t<div class=\"elementor-element elementor-element-40cf3fb sc_fly_static elementor-widget elementor-widget-spacer\" data-id=\"40cf3fb\" data-element_type=\"widget\" data-widget_type=\"spacer.default\">\n\t\t\t\t<div class=\"elementor-widget-container\">\n\t\t\t\t\t<div class=\"elementor-spacer\">\n\t\t\t<div class=\"elementor-spacer-inner\"><\/div>\n\t\t<\/div>\n\t\t\t\t<\/div>\n\t\t\t\t<\/div>\n\t\t\t\t\t<\/div>\n\t\t<\/div>\n\t\t\t\t\t<\/div>\n\t\t<\/section>\n\t\t\t\t<section class=\"elementor-section elementor-top-section elementor-element elementor-element-b3782cb elementor-section-boxed elementor-section-height-default elementor-section-height-default sc_fly_static\" data-id=\"b3782cb\" data-element_type=\"section\">\n\t\t\t\t\t\t<div class=\"elementor-container elementor-column-gap-extended\">\n\t\t\t\t\t<div class=\"elementor-column elementor-col-100 elementor-top-column elementor-element elementor-element-aa1744c sc_inner_width_none sc_content_align_inherit sc_layouts_column_icons_position_left sc_fly_static\" data-id=\"aa1744c\" data-element_type=\"column\">\n\t\t\t<div class=\"elementor-widget-wrap elementor-element-populated\">\n\t\t\t\t\t\t<div class=\"elementor-element elementor-element-eddff05 sc_fly_static elementor-widget elementor-widget-spacer\" data-id=\"eddff05\" data-element_type=\"widget\" data-widget_type=\"spacer.default\">\n\t\t\t\t<div class=\"elementor-widget-container\">\n\t\t\t\t\t<div class=\"elementor-spacer\">\n\t\t\t<div class=\"elementor-spacer-inner\"><\/div>\n\t\t<\/div>\n\t\t\t\t<\/div>\n\t\t\t\t<\/div>\n\t\t\t\t<div class=\"elementor-element elementor-element-25d23b8 sc_fly_static elementor-widget elementor-widget-text-editor\" data-id=\"25d23b8\" data-element_type=\"widget\" data-widget_type=\"text-editor.default\">\n\t\t\t\t<div class=\"elementor-widget-container\">\n\t\t\t\t\t\t\t<div id=\"content-area\" class=\"clearfix\"><div id=\"left-area\"><article id=\"post-1899\" class=\"post-1899 page type-page status-publish hentry\"><div class=\"entry-content\"><p><strong>Wenn Sie anfangen, unter der Autorit\u00e4t, Leitung und Aufsicht einer anderen Person zu arbeiten, sprechen wir von einem Arbeitsvertrag, der auch anders genannt wird.<\/strong> <strong>Dieser Vertrag kann sowohl im Inland als auch im Ausland oder beides zusammen gelten.<\/strong> <strong>Er kann befristet oder unbefristet sein.<\/strong> <strong>Wenn dieser Vertrag endet, gelten ebenfalls einige besondere Regeln.<\/strong><\/p><p><strong>\u00a0<\/strong><\/p><\/div><\/article><\/div><\/div>\t\t\t\t\t\t<\/div>\n\t\t\t\t<\/div>\n\t\t\t\t<div class=\"elementor-element elementor-element-7ea9a9a elementor-widget-divider--view-line sc_fly_static elementor-widget elementor-widget-divider\" data-id=\"7ea9a9a\" data-element_type=\"widget\" data-widget_type=\"divider.default\">\n\t\t\t\t<div class=\"elementor-widget-container\">\n\t\t\t\t\t<div class=\"elementor-divider\">\n\t\t\t<span class=\"elementor-divider-separator\">\n\t\t\t\t\t\t<\/span>\n\t\t<\/div>\n\t\t\t\t<\/div>\n\t\t\t\t<\/div>\n\t\t\t\t\t<\/div>\n\t\t<\/div>\n\t\t\t\t\t<\/div>\n\t\t<\/section>\n\t\t\t\t<section class=\"elementor-section elementor-top-section elementor-element elementor-element-601b15e elementor-section-boxed elementor-section-height-default elementor-section-height-default sc_fly_static\" data-id=\"601b15e\" data-element_type=\"section\">\n\t\t\t\t\t\t<div class=\"elementor-container elementor-column-gap-extended\">\n\t\t\t\t\t<div class=\"elementor-column elementor-col-50 elementor-top-column elementor-element elementor-element-8831f5e sc_inner_width_none sc_content_align_inherit sc_layouts_column_icons_position_left sc_fly_static\" data-id=\"8831f5e\" data-element_type=\"column\">\n\t\t\t<div class=\"elementor-widget-wrap elementor-element-populated\">\n\t\t\t\t\t\t<div class=\"elementor-element elementor-element-5367921 sc_fly_static elementor-widget elementor-widget-text-editor\" data-id=\"5367921\" data-element_type=\"widget\" data-widget_type=\"text-editor.default\">\n\t\t\t\t<div class=\"elementor-widget-container\">\n\t\t\t\t\t\t\t<div id=\"content-area\" class=\"clearfix\"><div id=\"left-area\"><article id=\"post-1899\" class=\"post-1899 page type-page status-publish hentry\"><div class=\"entry-content\"><h3><span style=\"color: #9a2655;\">Entlassung<\/span><\/h3><p>Es kann sich um eine K\u00fcndigung aus dringenden Gr\u00fcnden handeln, um eine ordentliche K\u00fcndigung mit K\u00fcndigungsfrist und Abfindung oder um eine Massenentlassung. Niemals darf eine Entlassung offensichtlich unangemessen sein. Dies alles ist vertraglich und gesetzlich geregelt, und Verst\u00f6\u00dfe k\u00f6nnen sogar strafrechtlich verfolgt werden, wobei Ihnen ein multidisziplin\u00e4res Team von Arbeits- und Strafrechtlern zur Seite steht.<\/p><\/div><\/article><\/div><\/div>\t\t\t\t\t\t<\/div>\n\t\t\t\t<\/div>\n\t\t\t\t<div class=\"elementor-element elementor-element-89d2ded elementor-widget-divider--view-line sc_fly_static elementor-widget elementor-widget-divider\" data-id=\"89d2ded\" data-element_type=\"widget\" data-widget_type=\"divider.default\">\n\t\t\t\t<div class=\"elementor-widget-container\">\n\t\t\t\t\t<div class=\"elementor-divider\">\n\t\t\t<span class=\"elementor-divider-separator\">\n\t\t\t\t\t\t<\/span>\n\t\t<\/div>\n\t\t\t\t<\/div>\n\t\t\t\t<\/div>\n\t\t\t\t<div class=\"elementor-element elementor-element-12b13ce sc_fly_static elementor-widget elementor-widget-text-editor\" data-id=\"12b13ce\" data-element_type=\"widget\" data-widget_type=\"text-editor.default\">\n\t\t\t\t<div class=\"elementor-widget-container\">\n\t\t\t\t\t\t\t<div id=\"content-area\" class=\"clearfix\">\n<div id=\"left-area\"><article id=\"post-1899\" class=\"post-1899 page type-page status-publish hentry\">\n<div class=\"entry-content\">\n<h3><span style=\"color: #9a2655;\">Tarifvertr\u00e4ge<\/span><\/h3>\nSie ist im Vertrag geregelt, aber es gibt auch verbindliche Regeln der Sozialversicherung, und in vielen Unternehmen gibt es Tarifvertr\u00e4ge, die f\u00fcr alle Arbeitnehmer gelten. Sie k\u00f6nnen auch die Nutzung eines Mobiltelefons, eines Laptops, den E-Mail-Verkehr und die Internetnutzung besprechen. Der Schutz der Privatsph\u00e4re und der pers\u00f6nlichen Daten der Mitarbeiter sollte \u00fcberwacht werden (Ortungssysteme, \u00dcberwachungskameras, Hintergrundkontrollen). Es gibt eine ma\u00dfgeschneiderte Lohnpolitik, z. B. mit aktienbezogener Verg\u00fctung, Gruppenversicherung, Essensgutscheinen, Fortbildungsgutscheinen, einer Kinderkrippe oder einem Cafeteria-Plan, alles Instrumente zur Optimierung der Beziehung zwischen Arbeitgeber und Arbeitnehmer.\n\n<\/div>\n<\/article><\/div>\n<\/div>\t\t\t\t\t\t<\/div>\n\t\t\t\t<\/div>\n\t\t\t\t<div class=\"elementor-element elementor-element-7b9fe5f sc_layouts_hide_on_wide sc_layouts_hide_on_desktop sc_layouts_hide_on_notebook sc_layouts_hide_on_tablet elementor-widget-divider--view-line sc_fly_static elementor-widget elementor-widget-divider\" data-id=\"7b9fe5f\" data-element_type=\"widget\" data-widget_type=\"divider.default\">\n\t\t\t\t<div class=\"elementor-widget-container\">\n\t\t\t\t\t<div class=\"elementor-divider\">\n\t\t\t<span class=\"elementor-divider-separator\">\n\t\t\t\t\t\t<\/span>\n\t\t<\/div>\n\t\t\t\t<\/div>\n\t\t\t\t<\/div>\n\t\t\t\t\t<\/div>\n\t\t<\/div>\n\t\t\t\t<div class=\"elementor-column elementor-col-50 elementor-top-column elementor-element elementor-element-f9c22cb sc_inner_width_none sc_content_align_inherit sc_layouts_column_icons_position_left sc_fly_static\" data-id=\"f9c22cb\" data-element_type=\"column\">\n\t\t\t<div class=\"elementor-widget-wrap elementor-element-populated\">\n\t\t\t\t\t\t<div class=\"elementor-element elementor-element-ff40826 sc_fly_static elementor-widget elementor-widget-text-editor\" data-id=\"ff40826\" data-element_type=\"widget\" data-widget_type=\"text-editor.default\">\n\t\t\t\t<div class=\"elementor-widget-container\">\n\t\t\t\t\t\t\t<div id=\"content-area\" class=\"clearfix\"><div id=\"left-area\"><article id=\"post-1899\" class=\"post-1899 page type-page status-publish hentry\"><div class=\"entry-content\"><div id=\"left-area\"><article id=\"post-1899\" class=\"post-1899 page type-page status-publish hentry\"><div class=\"entry-content\"><h3><span style=\"color: #9a2655;\">Was tun wir?<\/span><\/h3><p>Wir beraten Sie u. a. in allen Fragen der Unterbrechung der Berufst\u00e4tigkeit, des Urlaubs, der Zeitgutschrift, der Arbeitszeit, der Teilzeitarbeit, der Ausarbeitung interner Regelungen, des Tarifvertrags, der Umstrukturierung, alternativer Entlohnungsformen und der Ausarbeitung eines Pensionsplans. Der Arbeitsplatz (und der Weg dorthin) ist ein Ort, an dem Unf\u00e4lle passieren oder man erkranken kann. Die Diskussion dar\u00fcber und \u00fcber die finanziellen Folgen wirft Fragen auf, auf die Ihnen unsere Anw\u00e4lte mit ihrer langj\u00e4hrigen Erfahrung Antworten geben k\u00f6nnen.<\/p><\/div><\/article><\/div><\/div><\/article><\/div><\/div>\t\t\t\t\t\t<\/div>\n\t\t\t\t<\/div>\n\t\t\t\t\t<\/div>\n\t\t<\/div>\n\t\t\t\t\t<\/div>\n\t\t<\/section>\n\t\t\t\t<\/div>\n\t\t","protected":false},"excerpt":{"rendered":"<p>Arbeits- und Sozialversicherungsrecht Wenn Sie anfangen, unter der Autorit\u00e4t, Leitung und Aufsicht einer anderen Person&hellip;<\/p>\n","protected":false},"author":1,"featured_media":0,"parent":25050,"menu_order":0,"comment_status":"closed","ping_status":"closed","template":"","meta":{"om_disable_all_campaigns":false,"_monsterinsights_skip_tracking":false,"_monsterinsights_sitenote_active":false,"_monsterinsights_sitenote_note":"","_monsterinsights_sitenote_category":0,"footnotes":""},"class_list":["post-25063","page","type-page","status-publish","hentry"],"aioseo_notices":[],"_links":{"self":[{"href":"https:\/\/avolink.be\/de\/wp-json\/wp\/v2\/pages\/25063","targetHints":{"allow":["GET"]}}],"collection":[{"href":"https:\/\/avolink.be\/de\/wp-json\/wp\/v2\/pages"}],"about":[{"href":"https:\/\/avolink.be\/de\/wp-json\/wp\/v2\/types\/page"}],"author":[{"embeddable":true,"href":"https:\/\/avolink.be\/de\/wp-json\/wp\/v2\/users\/1"}],"replies":[{"embeddable":true,"href":"https:\/\/avolink.be\/de\/wp-json\/wp\/v2\/comments?post=25063"}],"version-history":[{"count":6,"href":"https:\/\/avolink.be\/de\/wp-json\/wp\/v2\/pages\/25063\/revisions"}],"predecessor-version":[{"id":25522,"href":"https:\/\/avolink.be\/de\/wp-json\/wp\/v2\/pages\/25063\/revisions\/25522"}],"up":[{"embeddable":true,"href":"https:\/\/avolink.be\/de\/wp-json\/wp\/v2\/pages\/25050"}],"wp:attachment":[{"href":"https:\/\/avolink.be\/de\/wp-json\/wp\/v2\/media?parent=25063"}],"curies":[{"name":"wp","href":"https:\/\/api.w.org\/{rel}","templated":true}]}}