{"id":25069,"date":"2024-03-19T11:58:23","date_gmt":"2024-03-19T11:58:23","guid":{"rendered":"https:\/\/avo-link.eu\/?page_id=25069"},"modified":"2024-04-04T14:10:12","modified_gmt":"2024-04-04T14:10:12","slug":"asyl-und-einwanderungsrecht","status":"publish","type":"page","link":"https:\/\/avolink.be\/de\/rechtsgebiete\/asyl-und-einwanderungsrecht\/","title":{"rendered":"Asyl- und Einwanderungsrecht"},"content":{"rendered":"\t\t<div data-elementor-type=\"wp-page\" data-elementor-id=\"25069\" class=\"elementor elementor-25069 elementor-23273\">\n\t\t\t\t\t\t<section class=\"elementor-section elementor-top-section elementor-element elementor-element-9e0f483 elementor-section-boxed elementor-section-height-default elementor-section-height-default sc_fly_static\" data-id=\"9e0f483\" data-element_type=\"section\" data-settings=\"{&quot;background_background&quot;:&quot;classic&quot;}\">\n\t\t\t\t\t\t<div class=\"elementor-container elementor-column-gap-extended\">\n\t\t\t\t\t<div class=\"elementor-column elementor-col-100 elementor-top-column elementor-element elementor-element-147c02f sc_inner_width_none sc_content_align_inherit sc_layouts_column_icons_position_left sc_fly_static\" data-id=\"147c02f\" data-element_type=\"column\">\n\t\t\t<div class=\"elementor-widget-wrap elementor-element-populated\">\n\t\t\t\t\t\t<div class=\"elementor-element elementor-element-cdd9926 sc_fly_static elementor-widget elementor-widget-spacer\" data-id=\"cdd9926\" data-element_type=\"widget\" data-widget_type=\"spacer.default\">\n\t\t\t\t<div class=\"elementor-widget-container\">\n\t\t\t\t\t<div class=\"elementor-spacer\">\n\t\t\t<div class=\"elementor-spacer-inner\"><\/div>\n\t\t<\/div>\n\t\t\t\t<\/div>\n\t\t\t\t<\/div>\n\t\t\t\t<div class=\"elementor-element elementor-element-1991fc9 sc_fly_static elementor-widget elementor-widget-trx_sc_title\" data-id=\"1991fc9\" data-element_type=\"widget\" data-widget_type=\"trx_sc_title.default\">\n\t\t\t\t<div class=\"elementor-widget-container\">\n\t\t\t<div\t\tclass=\"sc_title sc_title_default\" ><h1 class=\"sc_item_title sc_title_title sc_align_center sc_item_title_style_default sc_item_title_tag trx_addons_inline_1690213316\"\n\t\t\t><span class=\"sc_item_title_text\">Asyl- und Einwanderungsrecht<\/span><\/h1><\/div>\t\t<\/div>\n\t\t\t\t<\/div>\n\t\t\t\t<div class=\"elementor-element elementor-element-40cf3fb sc_fly_static elementor-widget elementor-widget-spacer\" data-id=\"40cf3fb\" data-element_type=\"widget\" data-widget_type=\"spacer.default\">\n\t\t\t\t<div class=\"elementor-widget-container\">\n\t\t\t\t\t<div class=\"elementor-spacer\">\n\t\t\t<div class=\"elementor-spacer-inner\"><\/div>\n\t\t<\/div>\n\t\t\t\t<\/div>\n\t\t\t\t<\/div>\n\t\t\t\t\t<\/div>\n\t\t<\/div>\n\t\t\t\t\t<\/div>\n\t\t<\/section>\n\t\t\t\t<section class=\"elementor-section elementor-top-section elementor-element elementor-element-b3782cb elementor-section-boxed elementor-section-height-default elementor-section-height-default sc_fly_static\" data-id=\"b3782cb\" data-element_type=\"section\">\n\t\t\t\t\t\t<div class=\"elementor-container elementor-column-gap-extended\">\n\t\t\t\t\t<div class=\"elementor-column elementor-col-100 elementor-top-column elementor-element elementor-element-aa1744c sc_inner_width_none sc_content_align_inherit sc_layouts_column_icons_position_left sc_fly_static\" data-id=\"aa1744c\" data-element_type=\"column\">\n\t\t\t<div class=\"elementor-widget-wrap elementor-element-populated\">\n\t\t\t\t\t\t<div class=\"elementor-element elementor-element-eddff05 sc_fly_static elementor-widget elementor-widget-spacer\" data-id=\"eddff05\" data-element_type=\"widget\" data-widget_type=\"spacer.default\">\n\t\t\t\t<div class=\"elementor-widget-container\">\n\t\t\t\t\t<div class=\"elementor-spacer\">\n\t\t\t<div class=\"elementor-spacer-inner\"><\/div>\n\t\t<\/div>\n\t\t\t\t<\/div>\n\t\t\t\t<\/div>\n\t\t\t\t<div class=\"elementor-element elementor-element-25d23b8 sc_fly_static elementor-widget elementor-widget-text-editor\" data-id=\"25d23b8\" data-element_type=\"widget\" data-widget_type=\"text-editor.default\">\n\t\t\t\t<div class=\"elementor-widget-container\">\n\t\t\t\t\t\t\t<div id=\"content-area\" class=\"clearfix\"><div id=\"left-area\"><article id=\"post-1899\" class=\"post-1899 page type-page status-publish hentry\"><div class=\"entry-content\"><p><strong>Eines der meistdiskutierten Themen in der ersten H\u00e4lfte des 21. Jahrhunderts ist zweifelsohne die Migration aus Afrika und dem Nahen Osten nach Europa.<\/strong> <strong>Wenn Menschen aufgrund von Menschenrechtsverletzungen oder B\u00fcrgerkrieg in ihrem eigenen Land nach Europa fliehen, wenn sie in ihrem eigenen Land Probleme politischer, ethnischer, religi\u00f6ser oder sexueller Natur haben, k\u00f6nnen sie bei uns politisches Asyl beantragen, den sogenannten &#8222;Antrag auf internationalen Schutz&#8220;.<\/strong><\/p><\/div><\/article><\/div><\/div>\t\t\t\t\t\t<\/div>\n\t\t\t\t<\/div>\n\t\t\t\t<div class=\"elementor-element elementor-element-7ea9a9a elementor-widget-divider--view-line sc_fly_static elementor-widget elementor-widget-divider\" data-id=\"7ea9a9a\" data-element_type=\"widget\" data-widget_type=\"divider.default\">\n\t\t\t\t<div class=\"elementor-widget-container\">\n\t\t\t\t\t<div class=\"elementor-divider\">\n\t\t\t<span class=\"elementor-divider-separator\">\n\t\t\t\t\t\t<\/span>\n\t\t<\/div>\n\t\t\t\t<\/div>\n\t\t\t\t<\/div>\n\t\t\t\t\t<\/div>\n\t\t<\/div>\n\t\t\t\t\t<\/div>\n\t\t<\/section>\n\t\t\t\t<section class=\"elementor-section elementor-top-section elementor-element elementor-element-601b15e elementor-section-boxed elementor-section-height-default elementor-section-height-default sc_fly_static\" data-id=\"601b15e\" data-element_type=\"section\">\n\t\t\t\t\t\t<div class=\"elementor-container elementor-column-gap-extended\">\n\t\t\t\t\t<div class=\"elementor-column elementor-col-50 elementor-top-column elementor-element elementor-element-8831f5e sc_inner_width_none sc_content_align_inherit sc_layouts_column_icons_position_left sc_fly_static\" data-id=\"8831f5e\" data-element_type=\"column\">\n\t\t\t<div class=\"elementor-widget-wrap elementor-element-populated\">\n\t\t\t\t\t\t<div class=\"elementor-element elementor-element-5367921 sc_fly_static elementor-widget elementor-widget-text-editor\" data-id=\"5367921\" data-element_type=\"widget\" data-widget_type=\"text-editor.default\">\n\t\t\t\t<div class=\"elementor-widget-container\">\n\t\t\t\t\t\t\t<div id=\"content-area\" class=\"clearfix\">\n<div id=\"left-area\"><article id=\"post-1899\" class=\"post-1899 page type-page status-publish hentry\">\n<div class=\"entry-content\">\n<h3><span style=\"color: #9a2655;\">Beweismittel<\/span><\/h3>\nDies kann auch ein unbegleiteter Minderj\u00e4hriger tun, der dann von einem Vormund unterst\u00fctzt wird.\n\nDer Nachweis, dass die Voraussetzungen erf\u00fcllt sind, ist nicht immer leicht zu erbringen, da oft wenig oder gar nichts auf dem Papier steht.\n\nDer angehende politische Fl\u00fcchtling muss dann einen Antrag bei der Einwanderungsbeh\u00f6rde stellen. Wenn er oder sie die Voraussetzungen f\u00fcr Asyl in Belgien erf\u00fcllt, geht die Akte an das B\u00fcro des Generalkommissars f\u00fcr Fl\u00fcchtlinge und Staatenlose (CGRS).\n\n<\/div>\n<\/article><\/div>\n<\/div>\t\t\t\t\t\t<\/div>\n\t\t\t\t<\/div>\n\t\t\t\t<div class=\"elementor-element elementor-element-89d2ded elementor-widget-divider--view-line sc_fly_static elementor-widget elementor-widget-divider\" data-id=\"89d2ded\" data-element_type=\"widget\" data-widget_type=\"divider.default\">\n\t\t\t\t<div class=\"elementor-widget-container\">\n\t\t\t\t\t<div class=\"elementor-divider\">\n\t\t\t<span class=\"elementor-divider-separator\">\n\t\t\t\t\t\t<\/span>\n\t\t<\/div>\n\t\t\t\t<\/div>\n\t\t\t\t<\/div>\n\t\t\t\t<div class=\"elementor-element elementor-element-12b13ce sc_fly_static elementor-widget elementor-widget-text-editor\" data-id=\"12b13ce\" data-element_type=\"widget\" data-widget_type=\"text-editor.default\">\n\t\t\t\t<div class=\"elementor-widget-container\">\n\t\t\t\t\t\t\t<div id=\"content-area\" class=\"clearfix\"><div id=\"left-area\"><article id=\"post-1899\" class=\"post-1899 page type-page status-publish hentry\"><div class=\"entry-content\"><h3><span style=\"color: #9a2655;\">Generalkommissar f\u00fcr Fl\u00fcchtlinge und Staatenlose<\/span><\/h3><p>Der Generalkommissar entscheidet \u00fcber den Antrag und kann dem Asylantrag stattgeben oder nicht.<br \/>Im Falle einer positiven Entscheidung wird ein belgischer Reisepass als Fl\u00fcchtling ausgestellt, und man muss seinen urspr\u00fcnglichen Reisepass abgeben. Mit diesen Papieren kann man auch ohne Arbeitserlaubnis auf den Arbeitsmarkt gehen. Die Aufenthaltsgenehmigung gilt auch f\u00fcr den Partner und die Kinder. Diese k\u00f6nnen eventuell einen Antrag auf Familienzusammenf\u00fchrung stellen, wenn sie sich noch nicht im Land befinden.<\/p><\/div><\/article><\/div><\/div>\t\t\t\t\t\t<\/div>\n\t\t\t\t<\/div>\n\t\t\t\t<div class=\"elementor-element elementor-element-7f2cb48 sc_layouts_hide_on_wide sc_layouts_hide_on_desktop sc_layouts_hide_on_notebook sc_layouts_hide_on_tablet elementor-widget-divider--view-line sc_fly_static elementor-widget elementor-widget-divider\" data-id=\"7f2cb48\" data-element_type=\"widget\" data-widget_type=\"divider.default\">\n\t\t\t\t<div class=\"elementor-widget-container\">\n\t\t\t\t\t<div class=\"elementor-divider\">\n\t\t\t<span class=\"elementor-divider-separator\">\n\t\t\t\t\t\t<\/span>\n\t\t<\/div>\n\t\t\t\t<\/div>\n\t\t\t\t<\/div>\n\t\t\t\t\t<\/div>\n\t\t<\/div>\n\t\t\t\t<div class=\"elementor-column elementor-col-50 elementor-top-column elementor-element elementor-element-f9c22cb sc_inner_width_none sc_content_align_inherit sc_layouts_column_icons_position_left sc_fly_static\" data-id=\"f9c22cb\" data-element_type=\"column\">\n\t\t\t<div class=\"elementor-widget-wrap elementor-element-populated\">\n\t\t\t\t\t\t<div class=\"elementor-element elementor-element-4709a1f sc_fly_static elementor-widget elementor-widget-text-editor\" data-id=\"4709a1f\" data-element_type=\"widget\" data-widget_type=\"text-editor.default\">\n\t\t\t\t<div class=\"elementor-widget-container\">\n\t\t\t\t\t\t\t<div id=\"content-area\" class=\"clearfix\"><div id=\"left-area\"><article id=\"post-1899\" class=\"post-1899 page type-page status-publish hentry\"><div class=\"entry-content\"><div id=\"left-area\"><article id=\"post-1899\" class=\"post-1899 page type-page status-publish hentry\"><div class=\"entry-content\"><h3><span style=\"color: #9a2655;\">Rat f\u00fcr Einwanderungsstreitigkeiten<\/span><\/h3><p>Gegen einen ablehnenden Bescheid kann beim Rat f\u00fcr Einwanderungsfragen Widerspruch eingelegt werden. Es kann auch ein subsidi\u00e4rer Schutz gew\u00e4hrt werden, der von vor\u00fcbergehender Dauer ist. In Ausnahmef\u00e4llen kann eine Person aus humanit\u00e4ren oder medizinischen Gr\u00fcnden regularisiert werden. Es liegt auf der Hand, dass diese Verfahren &#8211; insbesondere f\u00fcr jemanden, der das Land nicht kennt und die Landessprachen nicht spricht &#8211; alles andere als einfach sind, so dass die Unterst\u00fctzung durch einen spezialisierten Anwalt sehr zu empfehlen ist.<\/p><\/div><\/article><\/div><div id=\"sidebar\">\u00a0<\/div><\/div><\/article><\/div><\/div>\t\t\t\t\t\t<\/div>\n\t\t\t\t<\/div>\n\t\t\t\t\t<\/div>\n\t\t<\/div>\n\t\t\t\t\t<\/div>\n\t\t<\/section>\n\t\t\t\t<\/div>\n\t\t","protected":false},"excerpt":{"rendered":"<p>Asyl- und Einwanderungsrecht Eines der meistdiskutierten Themen in der ersten H\u00e4lfte des 21. Jahrhunderts ist&hellip;<\/p>\n","protected":false},"author":1,"featured_media":0,"parent":25050,"menu_order":0,"comment_status":"closed","ping_status":"closed","template":"","meta":{"om_disable_all_campaigns":false,"_monsterinsights_skip_tracking":false,"_monsterinsights_sitenote_active":false,"_monsterinsights_sitenote_note":"","_monsterinsights_sitenote_category":0,"footnotes":""},"class_list":["post-25069","page","type-page","status-publish","hentry"],"aioseo_notices":[],"_links":{"self":[{"href":"https:\/\/avolink.be\/de\/wp-json\/wp\/v2\/pages\/25069","targetHints":{"allow":["GET"]}}],"collection":[{"href":"https:\/\/avolink.be\/de\/wp-json\/wp\/v2\/pages"}],"about":[{"href":"https:\/\/avolink.be\/de\/wp-json\/wp\/v2\/types\/page"}],"author":[{"embeddable":true,"href":"https:\/\/avolink.be\/de\/wp-json\/wp\/v2\/users\/1"}],"replies":[{"embeddable":true,"href":"https:\/\/avolink.be\/de\/wp-json\/wp\/v2\/comments?post=25069"}],"version-history":[{"count":5,"href":"https:\/\/avolink.be\/de\/wp-json\/wp\/v2\/pages\/25069\/revisions"}],"predecessor-version":[{"id":25523,"href":"https:\/\/avolink.be\/de\/wp-json\/wp\/v2\/pages\/25069\/revisions\/25523"}],"up":[{"embeddable":true,"href":"https:\/\/avolink.be\/de\/wp-json\/wp\/v2\/pages\/25050"}],"wp:attachment":[{"href":"https:\/\/avolink.be\/de\/wp-json\/wp\/v2\/media?parent=25069"}],"curies":[{"name":"wp","href":"https:\/\/api.w.org\/{rel}","templated":true}]}}