{"id":25086,"date":"2024-03-19T12:07:47","date_gmt":"2024-03-19T12:07:47","guid":{"rendered":"https:\/\/avo-link.eu\/?page_id=25086"},"modified":"2024-04-04T14:08:02","modified_gmt":"2024-04-04T14:08:02","slug":"scheidungs-und-familienrecht","status":"publish","type":"page","link":"https:\/\/avolink.be\/de\/rechtsgebiete\/scheidungs-und-familienrecht\/","title":{"rendered":"Scheidungs- und Familienrecht"},"content":{"rendered":"\t\t<div data-elementor-type=\"wp-page\" data-elementor-id=\"25086\" class=\"elementor elementor-25086 elementor-23291\">\n\t\t\t\t\t\t<section class=\"elementor-section elementor-top-section elementor-element elementor-element-9e0f483 elementor-section-boxed elementor-section-height-default elementor-section-height-default sc_fly_static\" data-id=\"9e0f483\" data-element_type=\"section\" data-settings=\"{&quot;background_background&quot;:&quot;classic&quot;}\">\n\t\t\t\t\t\t<div class=\"elementor-container elementor-column-gap-extended\">\n\t\t\t\t\t<div class=\"elementor-column elementor-col-100 elementor-top-column elementor-element elementor-element-147c02f sc_inner_width_none sc_content_align_inherit sc_layouts_column_icons_position_left sc_fly_static\" data-id=\"147c02f\" data-element_type=\"column\">\n\t\t\t<div class=\"elementor-widget-wrap elementor-element-populated\">\n\t\t\t\t\t\t<div class=\"elementor-element elementor-element-cdd9926 sc_fly_static elementor-widget elementor-widget-spacer\" data-id=\"cdd9926\" data-element_type=\"widget\" data-widget_type=\"spacer.default\">\n\t\t\t\t<div class=\"elementor-widget-container\">\n\t\t\t\t\t<div class=\"elementor-spacer\">\n\t\t\t<div class=\"elementor-spacer-inner\"><\/div>\n\t\t<\/div>\n\t\t\t\t<\/div>\n\t\t\t\t<\/div>\n\t\t\t\t<div class=\"elementor-element elementor-element-1991fc9 sc_fly_static elementor-widget elementor-widget-trx_sc_title\" data-id=\"1991fc9\" data-element_type=\"widget\" data-widget_type=\"trx_sc_title.default\">\n\t\t\t\t<div class=\"elementor-widget-container\">\n\t\t\t<div\t\tclass=\"sc_title sc_title_default\" ><h1 class=\"sc_item_title sc_title_title sc_align_center sc_item_title_style_default sc_item_title_tag trx_addons_inline_1175816223\"\n\t\t\t><span class=\"sc_item_title_text\">Scheidungs- und Familienrecht<\/span><\/h1><\/div>\t\t<\/div>\n\t\t\t\t<\/div>\n\t\t\t\t<div class=\"elementor-element elementor-element-40cf3fb sc_fly_static elementor-widget elementor-widget-spacer\" data-id=\"40cf3fb\" data-element_type=\"widget\" data-widget_type=\"spacer.default\">\n\t\t\t\t<div class=\"elementor-widget-container\">\n\t\t\t\t\t<div class=\"elementor-spacer\">\n\t\t\t<div class=\"elementor-spacer-inner\"><\/div>\n\t\t<\/div>\n\t\t\t\t<\/div>\n\t\t\t\t<\/div>\n\t\t\t\t\t<\/div>\n\t\t<\/div>\n\t\t\t\t\t<\/div>\n\t\t<\/section>\n\t\t\t\t<section class=\"elementor-section elementor-top-section elementor-element elementor-element-b3782cb elementor-section-boxed elementor-section-height-default elementor-section-height-default sc_fly_static\" data-id=\"b3782cb\" data-element_type=\"section\">\n\t\t\t\t\t\t<div class=\"elementor-container elementor-column-gap-extended\">\n\t\t\t\t\t<div class=\"elementor-column elementor-col-100 elementor-top-column elementor-element elementor-element-aa1744c sc_inner_width_none sc_content_align_inherit sc_layouts_column_icons_position_left sc_fly_static\" data-id=\"aa1744c\" data-element_type=\"column\">\n\t\t\t<div class=\"elementor-widget-wrap elementor-element-populated\">\n\t\t\t\t\t\t<div class=\"elementor-element elementor-element-eddff05 sc_fly_static elementor-widget elementor-widget-spacer\" data-id=\"eddff05\" data-element_type=\"widget\" data-widget_type=\"spacer.default\">\n\t\t\t\t<div class=\"elementor-widget-container\">\n\t\t\t\t\t<div class=\"elementor-spacer\">\n\t\t\t<div class=\"elementor-spacer-inner\"><\/div>\n\t\t<\/div>\n\t\t\t\t<\/div>\n\t\t\t\t<\/div>\n\t\t\t\t<div class=\"elementor-element elementor-element-25d23b8 sc_fly_static elementor-widget elementor-widget-text-editor\" data-id=\"25d23b8\" data-element_type=\"widget\" data-widget_type=\"text-editor.default\">\n\t\t\t\t<div class=\"elementor-widget-container\">\n\t\t\t\t\t\t\t<div id=\"content-area\" class=\"clearfix\"><div id=\"left-area\"><article id=\"post-1899\" class=\"post-1899 page type-page status-publish hentry\"><div class=\"entry-content\"><p><strong>Ein Ehepaar kann sich aus verschiedenen Gr\u00fcnden f\u00fcr eine Scheidung entscheiden.<\/strong> <strong>Eine andere Person ist beteiligt, es gibt viel Streit in der Beziehung oder es wird einvernehmlich beschlossen, sich zu trennen.<\/strong> <strong>Zwei Szenarien sind m\u00f6glich: die Scheidung im gegenseitigen Einvernehmen und die Scheidung aufgrund einer nicht wiedergutzumachenden St\u00f6rung.<\/strong><\/p><p><strong>\u00a0<\/strong><\/p><\/div><\/article><\/div><\/div>\t\t\t\t\t\t<\/div>\n\t\t\t\t<\/div>\n\t\t\t\t<div class=\"elementor-element elementor-element-7ea9a9a elementor-widget-divider--view-line sc_fly_static elementor-widget elementor-widget-divider\" data-id=\"7ea9a9a\" data-element_type=\"widget\" data-widget_type=\"divider.default\">\n\t\t\t\t<div class=\"elementor-widget-container\">\n\t\t\t\t\t<div class=\"elementor-divider\">\n\t\t\t<span class=\"elementor-divider-separator\">\n\t\t\t\t\t\t<\/span>\n\t\t<\/div>\n\t\t\t\t<\/div>\n\t\t\t\t<\/div>\n\t\t\t\t\t<\/div>\n\t\t<\/div>\n\t\t\t\t\t<\/div>\n\t\t<\/section>\n\t\t\t\t<section class=\"elementor-section elementor-top-section elementor-element elementor-element-601b15e elementor-section-boxed elementor-section-height-default elementor-section-height-default sc_fly_static\" data-id=\"601b15e\" data-element_type=\"section\">\n\t\t\t\t\t\t<div class=\"elementor-container elementor-column-gap-extended\">\n\t\t\t\t\t<div class=\"elementor-column elementor-col-50 elementor-top-column elementor-element elementor-element-8831f5e sc_inner_width_none sc_content_align_inherit sc_layouts_column_icons_position_left sc_fly_static\" data-id=\"8831f5e\" data-element_type=\"column\">\n\t\t\t<div class=\"elementor-widget-wrap elementor-element-populated\">\n\t\t\t\t\t\t<div class=\"elementor-element elementor-element-5367921 sc_fly_static elementor-widget elementor-widget-text-editor\" data-id=\"5367921\" data-element_type=\"widget\" data-widget_type=\"text-editor.default\">\n\t\t\t\t<div class=\"elementor-widget-container\">\n\t\t\t\t\t\t\t<div id=\"content-area\" class=\"clearfix\"><div id=\"left-area\"><article id=\"post-1899\" class=\"post-1899 page type-page status-publish hentry\"><div class=\"entry-content\"><h3><span style=\"color: #9a2655;\">Einvernehmliche Scheidung<\/span><\/h3><p>Wenn Sie eine Scheidung wollen, m\u00fcssen Sie nicht vor Gericht k\u00e4mpfen. Wenn Sie und Ihr Partner sich noch gut miteinander beraten k\u00f6nnen, k\u00f6nnen Sie sich einvernehmlich scheiden lassen. In diesem Fall finden zun\u00e4chst Verhandlungen statt, z. B. mit einem Rechtsanwalt, einem Mediator oder einem Notar.<\/p><p>Der Vorteil dieses Verfahrens ist, dass es weniger kostet. Au\u00dferdem ist die Chance gr\u00f6\u00dfer, dass die Beziehung zwischen den Ex-Ehegatten besser bleibt. Ein weiterer Vorteil ist, dass wichtige Entscheidungen im Scheidungsverfahren nicht dem Richter \u00fcberlassen werden. Sie k\u00f6nnen z. B. alle Aspekte gemeinsam mit Ihrem Anwalt besprechen und dann in einer verbindlichen Vergleichsurkunde festhalten.<\/p><p>Bei einer einvernehmlichen Scheidung m\u00fcssen sich die Ehegatten \u00fcber alle zu regelnden Fragen einigen. Diese Vereinbarung wird in einer Vergleichsurkunde festgehalten.<br \/>Die Vereinbarung enth\u00e4lt unter anderem Absprachen \u00fcber:<br \/>&#8211; die Aufteilung des beweglichen und unbeweglichen Verm\u00f6gens<br \/>&#8211; den Unterhalt und die Unterbringung der Kinder.<\/p><p>Sobald die Vergleichsurkunde und die familienrechtliche Vereinbarung erstellt sind, wird beim zust\u00e4ndigen Familiengericht ein Antrag eingereicht. Wenn das Gericht der Ansicht ist, dass alle Bedingungen und Formalit\u00e4ten erf\u00fcllt sind, wird die Scheidung ausgesprochen.<\/p><\/div><\/article><\/div><\/div>\t\t\t\t\t\t<\/div>\n\t\t\t\t<\/div>\n\t\t\t\t<div class=\"elementor-element elementor-element-89d2ded elementor-widget-divider--view-line sc_fly_static elementor-widget elementor-widget-divider\" data-id=\"89d2ded\" data-element_type=\"widget\" data-widget_type=\"divider.default\">\n\t\t\t\t<div class=\"elementor-widget-container\">\n\t\t\t\t\t<div class=\"elementor-divider\">\n\t\t\t<span class=\"elementor-divider-separator\">\n\t\t\t\t\t\t<\/span>\n\t\t<\/div>\n\t\t\t\t<\/div>\n\t\t\t\t<\/div>\n\t\t\t\t<div class=\"elementor-element elementor-element-12b13ce sc_fly_static elementor-widget elementor-widget-text-editor\" data-id=\"12b13ce\" data-element_type=\"widget\" data-widget_type=\"text-editor.default\">\n\t\t\t\t<div class=\"elementor-widget-container\">\n\t\t\t\t\t\t\t<div id=\"content-area\" class=\"clearfix\"><div id=\"left-area\"><article id=\"post-1899\" class=\"post-1899 page type-page status-publish hentry\"><div class=\"entry-content\"><h3><span style=\"color: #9a2655;\">Scheidung wegen irreparabler St\u00f6rung<\/span><\/h3><p>Manchmal funktioniert eine einvernehmliche Scheidung nicht. Zum Beispiel, wenn es einen sehr heftigen Streit zwischen Ihnen gibt. Die einzige M\u00f6glichkeit ist dann die Scheidung durch ein Gerichtsverfahren. Das Gericht spricht die Scheidung aus, wenn es feststellt, dass die Ehe unwiederbringlich zerr\u00fcttet ist.<\/p><\/div><\/article><\/div><\/div>\t\t\t\t\t\t<\/div>\n\t\t\t\t<\/div>\n\t\t\t\t<div class=\"elementor-element elementor-element-7f2cb48 sc_layouts_hide_on_wide sc_layouts_hide_on_desktop sc_layouts_hide_on_notebook sc_layouts_hide_on_tablet elementor-widget-divider--view-line sc_fly_static elementor-widget elementor-widget-divider\" data-id=\"7f2cb48\" data-element_type=\"widget\" data-widget_type=\"divider.default\">\n\t\t\t\t<div class=\"elementor-widget-container\">\n\t\t\t\t\t<div class=\"elementor-divider\">\n\t\t\t<span class=\"elementor-divider-separator\">\n\t\t\t\t\t\t<\/span>\n\t\t<\/div>\n\t\t\t\t<\/div>\n\t\t\t\t<\/div>\n\t\t\t\t\t<\/div>\n\t\t<\/div>\n\t\t\t\t<div class=\"elementor-column elementor-col-50 elementor-top-column elementor-element elementor-element-f9c22cb sc_inner_width_none sc_content_align_inherit sc_layouts_column_icons_position_left sc_fly_static\" data-id=\"f9c22cb\" data-element_type=\"column\">\n\t\t\t<div class=\"elementor-widget-wrap elementor-element-populated\">\n\t\t\t\t\t\t<div class=\"elementor-element elementor-element-ff40826 sc_fly_static elementor-widget elementor-widget-text-editor\" data-id=\"ff40826\" data-element_type=\"widget\" data-widget_type=\"text-editor.default\">\n\t\t\t\t<div class=\"elementor-widget-container\">\n\t\t\t\t\t\t\t<div id=\"content-area\" class=\"clearfix\"><div id=\"left-area\"><article id=\"post-1899\" class=\"post-1899 page type-page status-publish hentry\"><div class=\"entry-content\"><div id=\"left-area\"><article id=\"post-1899\" class=\"post-1899 page type-page status-publish hentry\"><div class=\"entry-content\"><h3><span style=\"color: #9a2655;\">Unterhaltsbeitrag f\u00fcr Kinder<\/span><\/h3><p>Jeder Elternteil ist verpflichtet, zum Unterhalt seiner Kinder beizutragen. Die H\u00f6he des Unterhaltsbeitrags h\u00e4ngt u. a. von Ihrem Einkommen ab. Um die H\u00f6he des Unterhaltsbeitrags zu bestimmen, m\u00fcssen Sie die H\u00f6he des kumulierten Einkommens und die Kosten f\u00fcr das Kind berechnen. Auf der Grundlage dieser Daten kann die Aufteilung der ordentlichen und au\u00dferordentlichen Kosten objektiv bestimmt werden. Dabei werden auch Sachleistungen und die jeweilige Zeit, die das Kind bei jedem Elternteil verbringt, ber\u00fccksichtigt. Der Unterhaltsbeitrag wird einmal j\u00e4hrlich zu einem festen Termin nach einer gesetzlich festgelegten Formel indexiert, es sei denn, das Gericht oder die Eltern beschlie\u00dfen einvernehmlich, eine andere Anpassungsformel zu verwenden.<\/p><\/div><\/article><\/div><\/div><\/article><\/div><\/div>\t\t\t\t\t\t<\/div>\n\t\t\t\t<\/div>\n\t\t\t\t<div class=\"elementor-element elementor-element-28e3f69 elementor-widget-divider--view-line sc_fly_static elementor-widget elementor-widget-divider\" data-id=\"28e3f69\" data-element_type=\"widget\" data-widget_type=\"divider.default\">\n\t\t\t\t<div class=\"elementor-widget-container\">\n\t\t\t\t\t<div class=\"elementor-divider\">\n\t\t\t<span class=\"elementor-divider-separator\">\n\t\t\t\t\t\t<\/span>\n\t\t<\/div>\n\t\t\t\t<\/div>\n\t\t\t\t<\/div>\n\t\t\t\t<div class=\"elementor-element elementor-element-4709a1f sc_fly_static elementor-widget elementor-widget-text-editor\" data-id=\"4709a1f\" data-element_type=\"widget\" data-widget_type=\"text-editor.default\">\n\t\t\t\t<div class=\"elementor-widget-container\">\n\t\t\t\t\t\t\t<div id=\"content-area\" class=\"clearfix\"><div id=\"left-area\"><article id=\"post-1899\" class=\"post-1899 page type-page status-publish hentry\"><div class=\"entry-content\"><div id=\"left-area\"><article id=\"post-1899\" class=\"post-1899 page type-page status-publish hentry\"><div class=\"entry-content\"><h3><span style=\"color: #9a2655;\">Unterhaltsgeld nach der Scheidung<\/span><\/h3><p>Die mit der Ehe verbundenen Verpflichtungen bleiben w\u00e4hrend des Scheidungsverfahrens bestehen. Die Ehegatten schulden sich weiterhin gegenseitig Hilfe und Unterst\u00fctzung. Dabei wird der Lebensstandard ber\u00fccksichtigt. Bei einer Scheidung wegen unheilbarer Zerr\u00fcttung kann der wirtschaftlich schwache Ex-Ehepartner nach der Scheidung Unterhaltszahlungen erhalten. Der Ex-Ehepartner muss nachweisen k\u00f6nnen, dass er bed\u00fcrftig ist. Wann ist man bed\u00fcrftig? Das ist eine pers\u00f6nliche Frage, f\u00fcr die es keine genauen Regeln gibt. Der Richter wird unter anderem das Einkommen, die F\u00e4higkeit, mehr Einkommen zu erzielen, den sozialen Hintergrund und die Ausbildung des Unterhaltsempf\u00e4ngers pr\u00fcfen. Au\u00dferdem wird der Richter die Dauer der Ehe, das Alter der Ex-Ehegatten und die Organisation w\u00e4hrend der Ehe ber\u00fccksichtigen. Bei einer einvernehmlichen Scheidung sollte ausdr\u00fccklich angegeben werden, in welchen F\u00e4llen die Unterhaltszahlung nach der Scheidung endet. Es ist wichtig, dies angemessen zu ber\u00fccksichtigen.<\/p><\/div><\/article><\/div><div id=\"sidebar\">\u00a0<\/div><\/div><\/article><\/div><\/div>\t\t\t\t\t\t<\/div>\n\t\t\t\t<\/div>\n\t\t\t\t<div class=\"elementor-element elementor-element-4d17e3e elementor-widget-divider--view-line sc_fly_static elementor-widget elementor-widget-divider\" data-id=\"4d17e3e\" data-element_type=\"widget\" data-widget_type=\"divider.default\">\n\t\t\t\t<div class=\"elementor-widget-container\">\n\t\t\t\t\t<div class=\"elementor-divider\">\n\t\t\t<span class=\"elementor-divider-separator\">\n\t\t\t\t\t\t<\/span>\n\t\t<\/div>\n\t\t\t\t<\/div>\n\t\t\t\t<\/div>\n\t\t\t\t<div class=\"elementor-element elementor-element-9b7d94d sc_fly_static elementor-widget elementor-widget-text-editor\" data-id=\"9b7d94d\" data-element_type=\"widget\" data-widget_type=\"text-editor.default\">\n\t\t\t\t<div class=\"elementor-widget-container\">\n\t\t\t\t\t\t\t<div id=\"content-area\" class=\"clearfix\"><div id=\"left-area\"><article id=\"post-1899\" class=\"post-1899 page type-page status-publish hentry\"><div class=\"entry-content\"><div id=\"left-area\"><article id=\"post-1899\" class=\"post-1899 page type-page status-publish hentry\"><div class=\"entry-content\"><h3><span style=\"color: #9a2655;\">Hilfe von unseren Anw\u00e4lten<\/span><\/h3><p>Sie sind bei der Regelung Ihrer Scheidung nicht allein. Unsere Anw\u00e4lte stehen Ihnen w\u00e4hrend des Scheidungsverfahrens gerne zur Seite. Nehmen Sie unverbindlich Kontakt mit uns auf und wir informieren Sie \u00fcber den Ablauf des Verfahrens.<\/p><\/div><\/article><\/div><div id=\"sidebar\">\u00a0<\/div><\/div><\/article><\/div><\/div>\t\t\t\t\t\t<\/div>\n\t\t\t\t<\/div>\n\t\t\t\t\t<\/div>\n\t\t<\/div>\n\t\t\t\t\t<\/div>\n\t\t<\/section>\n\t\t\t\t<\/div>\n\t\t","protected":false},"excerpt":{"rendered":"<p>Scheidungs- und Familienrecht Ein Ehepaar kann sich aus verschiedenen Gr\u00fcnden f\u00fcr eine Scheidung entscheiden. Eine&hellip;<\/p>\n","protected":false},"author":1,"featured_media":0,"parent":25050,"menu_order":0,"comment_status":"closed","ping_status":"closed","template":"","meta":{"om_disable_all_campaigns":false,"_monsterinsights_skip_tracking":false,"_monsterinsights_sitenote_active":false,"_monsterinsights_sitenote_note":"","_monsterinsights_sitenote_category":0,"footnotes":""},"class_list":["post-25086","page","type-page","status-publish","hentry"],"aioseo_notices":[],"_links":{"self":[{"href":"https:\/\/avolink.be\/de\/wp-json\/wp\/v2\/pages\/25086","targetHints":{"allow":["GET"]}}],"collection":[{"href":"https:\/\/avolink.be\/de\/wp-json\/wp\/v2\/pages"}],"about":[{"href":"https:\/\/avolink.be\/de\/wp-json\/wp\/v2\/types\/page"}],"author":[{"embeddable":true,"href":"https:\/\/avolink.be\/de\/wp-json\/wp\/v2\/users\/1"}],"replies":[{"embeddable":true,"href":"https:\/\/avolink.be\/de\/wp-json\/wp\/v2\/comments?post=25086"}],"version-history":[{"count":6,"href":"https:\/\/avolink.be\/de\/wp-json\/wp\/v2\/pages\/25086\/revisions"}],"predecessor-version":[{"id":25521,"href":"https:\/\/avolink.be\/de\/wp-json\/wp\/v2\/pages\/25086\/revisions\/25521"}],"up":[{"embeddable":true,"href":"https:\/\/avolink.be\/de\/wp-json\/wp\/v2\/pages\/25050"}],"wp:attachment":[{"href":"https:\/\/avolink.be\/de\/wp-json\/wp\/v2\/media?parent=25086"}],"curies":[{"name":"wp","href":"https:\/\/api.w.org\/{rel}","templated":true}]}}