{"id":25121,"date":"2024-03-19T12:29:12","date_gmt":"2024-03-19T12:29:12","guid":{"rendered":"https:\/\/avo-link.eu\/?page_id=25121"},"modified":"2024-03-29T12:34:34","modified_gmt":"2024-03-29T12:34:34","slug":"mietrecht","status":"publish","type":"page","link":"https:\/\/avolink.be\/de\/rechtsgebiete\/mietrecht\/","title":{"rendered":"Mietrecht"},"content":{"rendered":"\t\t<div data-elementor-type=\"wp-page\" data-elementor-id=\"25121\" class=\"elementor elementor-25121 elementor-23324\">\n\t\t\t\t\t\t<section class=\"elementor-section elementor-top-section elementor-element elementor-element-9e0f483 elementor-section-boxed elementor-section-height-default elementor-section-height-default sc_fly_static\" data-id=\"9e0f483\" data-element_type=\"section\" data-settings=\"{&quot;background_background&quot;:&quot;classic&quot;}\">\n\t\t\t\t\t\t<div class=\"elementor-container elementor-column-gap-extended\">\n\t\t\t\t\t<div class=\"elementor-column elementor-col-100 elementor-top-column elementor-element elementor-element-147c02f sc_inner_width_none sc_content_align_inherit sc_layouts_column_icons_position_left sc_fly_static\" data-id=\"147c02f\" data-element_type=\"column\">\n\t\t\t<div class=\"elementor-widget-wrap elementor-element-populated\">\n\t\t\t\t\t\t<div class=\"elementor-element elementor-element-cdd9926 sc_fly_static elementor-widget elementor-widget-spacer\" data-id=\"cdd9926\" data-element_type=\"widget\" data-widget_type=\"spacer.default\">\n\t\t\t\t<div class=\"elementor-widget-container\">\n\t\t\t\t\t<div class=\"elementor-spacer\">\n\t\t\t<div class=\"elementor-spacer-inner\"><\/div>\n\t\t<\/div>\n\t\t\t\t<\/div>\n\t\t\t\t<\/div>\n\t\t\t\t<div class=\"elementor-element elementor-element-1991fc9 sc_fly_static elementor-widget elementor-widget-trx_sc_title\" data-id=\"1991fc9\" data-element_type=\"widget\" data-widget_type=\"trx_sc_title.default\">\n\t\t\t\t<div class=\"elementor-widget-container\">\n\t\t\t<div\t\tclass=\"sc_title sc_title_default\" ><h1 class=\"sc_item_title sc_title_title sc_align_center sc_item_title_style_default sc_item_title_tag trx_addons_inline_292918429\"\n\t\t\t><span class=\"sc_item_title_text\">Huurrecht<\/span><\/h1><\/div>\t\t<\/div>\n\t\t\t\t<\/div>\n\t\t\t\t<div class=\"elementor-element elementor-element-40cf3fb sc_fly_static elementor-widget elementor-widget-spacer\" data-id=\"40cf3fb\" data-element_type=\"widget\" data-widget_type=\"spacer.default\">\n\t\t\t\t<div class=\"elementor-widget-container\">\n\t\t\t\t\t<div class=\"elementor-spacer\">\n\t\t\t<div class=\"elementor-spacer-inner\"><\/div>\n\t\t<\/div>\n\t\t\t\t<\/div>\n\t\t\t\t<\/div>\n\t\t\t\t\t<\/div>\n\t\t<\/div>\n\t\t\t\t\t<\/div>\n\t\t<\/section>\n\t\t\t\t<section class=\"elementor-section elementor-top-section elementor-element elementor-element-b3782cb elementor-section-boxed elementor-section-height-default elementor-section-height-default sc_fly_static\" data-id=\"b3782cb\" data-element_type=\"section\">\n\t\t\t\t\t\t<div class=\"elementor-container elementor-column-gap-extended\">\n\t\t\t\t\t<div class=\"elementor-column elementor-col-100 elementor-top-column elementor-element elementor-element-aa1744c sc_inner_width_none sc_content_align_inherit sc_layouts_column_icons_position_left sc_fly_static\" data-id=\"aa1744c\" data-element_type=\"column\">\n\t\t\t<div class=\"elementor-widget-wrap elementor-element-populated\">\n\t\t\t\t\t\t<div class=\"elementor-element elementor-element-eddff05 sc_fly_static elementor-widget elementor-widget-spacer\" data-id=\"eddff05\" data-element_type=\"widget\" data-widget_type=\"spacer.default\">\n\t\t\t\t<div class=\"elementor-widget-container\">\n\t\t\t\t\t<div class=\"elementor-spacer\">\n\t\t\t<div class=\"elementor-spacer-inner\"><\/div>\n\t\t<\/div>\n\t\t\t\t<\/div>\n\t\t\t\t<\/div>\n\t\t\t\t<div class=\"elementor-element elementor-element-25d23b8 sc_fly_static elementor-widget elementor-widget-text-editor\" data-id=\"25d23b8\" data-element_type=\"widget\" data-widget_type=\"text-editor.default\">\n\t\t\t\t<div class=\"elementor-widget-container\">\n\t\t\t\t\t\t\t<div id=\"content-area\" class=\"clearfix\"><div id=\"left-area\"><article id=\"post-1899\" class=\"post-1899 page type-page status-publish hentry\"><div class=\"entry-content\"><p><strong>Das belgische Mietrecht besteht aus einer allgemeinen Regelung und drei Sonderregelungen.<\/strong><\/p><p>\u00a0<\/p><\/div><\/article><\/div><\/div>\t\t\t\t\t\t<\/div>\n\t\t\t\t<\/div>\n\t\t\t\t<div class=\"elementor-element elementor-element-7ea9a9a elementor-widget-divider--view-line sc_fly_static elementor-widget elementor-widget-divider\" data-id=\"7ea9a9a\" data-element_type=\"widget\" data-widget_type=\"divider.default\">\n\t\t\t\t<div class=\"elementor-widget-container\">\n\t\t\t\t\t<div class=\"elementor-divider\">\n\t\t\t<span class=\"elementor-divider-separator\">\n\t\t\t\t\t\t<\/span>\n\t\t<\/div>\n\t\t\t\t<\/div>\n\t\t\t\t<\/div>\n\t\t\t\t\t<\/div>\n\t\t<\/div>\n\t\t\t\t\t<\/div>\n\t\t<\/section>\n\t\t\t\t<section class=\"elementor-section elementor-top-section elementor-element elementor-element-601b15e elementor-section-boxed elementor-section-height-default elementor-section-height-default sc_fly_static\" data-id=\"601b15e\" data-element_type=\"section\">\n\t\t\t\t\t\t<div class=\"elementor-container elementor-column-gap-extended\">\n\t\t\t\t\t<div class=\"elementor-column elementor-col-50 elementor-top-column elementor-element elementor-element-8831f5e sc_inner_width_none sc_content_align_inherit sc_layouts_column_icons_position_left sc_fly_static\" data-id=\"8831f5e\" data-element_type=\"column\">\n\t\t\t<div class=\"elementor-widget-wrap elementor-element-populated\">\n\t\t\t\t\t\t<div class=\"elementor-element elementor-element-5367921 sc_fly_static elementor-widget elementor-widget-text-editor\" data-id=\"5367921\" data-element_type=\"widget\" data-widget_type=\"text-editor.default\">\n\t\t\t\t<div class=\"elementor-widget-container\">\n\t\t\t\t\t\t\t<div id=\"content-area\" class=\"clearfix\"><div id=\"left-area\"><article id=\"post-1899\" class=\"post-1899 page type-page status-publish hentry\"><div class=\"entry-content\"><h3><span style=\"color: #9a2655;\">Allgemeine Regelung<\/span><\/h3><br \/>Die allgemeine Regelung gilt f\u00fcr alle Mietvertr\u00e4ge, die nicht unter die Sonderregelungen fallen. Dies gilt insbesondere f\u00fcr die Wohnraummiete, die Gewerbemiete und das Pachtverh\u00e4ltnis. Wenn das Mietverh\u00e4ltnis bestimmte Bedingungen erf\u00fcllt, f\u00e4llt es in den Anwendungsbereich des Wohnraummietgesetzes, des Gewerbemietgesetzes oder des Mietrechtsgesetzes. In diesem Fall k\u00f6nnen sich die Parteien nicht f\u00fcr eine andere Regelung entscheiden oder Bestimmungen in ihren Vertrag aufnehmen, die von den zwingenden Bestimmungen des Wohnraummietgesetzes, des Gewerbemietgesetzes oder des Mietrechtsgesetzes abweichen.<br \/><br \/>Umgekehrt ist es m\u00f6glich, in einem Vertrag zu erkl\u00e4ren, dass beispielsweise das Gewerbemietrecht gilt, obwohl das Mietverh\u00e4ltnis selbst nicht unter das Gewerbemietrecht, sondern unter das allgemeine Mietrecht f\u00e4llt. Die Regeln des allgemeinen Mietrechts sind in den Artikeln 1708 bis 1762a des B\u00fcrgerlichen Gesetzbuchs enthalten und gelten beispielsweise f\u00fcr die Vermietung von B\u00fcror\u00e4umen, Praxisr\u00e4umen f\u00fcr die Aus\u00fcbung eines freien Berufs, Ferienunterk\u00fcnften, Studentenzimmern und Lagerr\u00e4umen. Dar\u00fcber hinaus gelten diese Vorschriften erg\u00e4nzend bei der Vermietung von Wohnraum, bei der Vermietung von Gesch\u00e4ftsr\u00e4umen und bei der Verpachtung.<\/div><\/article><\/div><\/div>\t\t\t\t\t\t<\/div>\n\t\t\t\t<\/div>\n\t\t\t\t<div class=\"elementor-element elementor-element-89d2ded elementor-widget-divider--view-line sc_fly_static elementor-widget elementor-widget-divider\" data-id=\"89d2ded\" data-element_type=\"widget\" data-widget_type=\"divider.default\">\n\t\t\t\t<div class=\"elementor-widget-container\">\n\t\t\t\t\t<div class=\"elementor-divider\">\n\t\t\t<span class=\"elementor-divider-separator\">\n\t\t\t\t\t\t<\/span>\n\t\t<\/div>\n\t\t\t\t<\/div>\n\t\t\t\t<\/div>\n\t\t\t\t<div class=\"elementor-element elementor-element-12b13ce sc_fly_static elementor-widget elementor-widget-text-editor\" data-id=\"12b13ce\" data-element_type=\"widget\" data-widget_type=\"text-editor.default\">\n\t\t\t\t<div class=\"elementor-widget-container\">\n\t\t\t\t\t\t\t<div id=\"content-area\" class=\"clearfix\"><div id=\"left-area\"><article id=\"post-1899\" class=\"post-1899 page type-page status-publish hentry\"><div class=\"entry-content\"><h3><span style=\"color: #9a2655;\">Gewerbliche Vermietung<\/span><\/h3><p>Wenn man einen Gewerbemietvertrag abschlie\u00dfen will, gilt das Gewerbemietrecht. Das Gewerbemietrecht ist, wie das Wohnraummietrecht, zwingendes Recht. Das bedeutet, dass die Parteien nicht davon abweichen d\u00fcrfen (es sei denn, das Gesetz erlaubt es ihnen). Wenn alle Voraussetzungen erf\u00fcllt sind, um von einem Gewerbemietvertrag zu sprechen, kann die Anwendung des Gewerbemietrechts nicht ausgeschlossen werden. Andererseits k\u00f6nnen die Parteien das Gewerbemietrecht auf einen Mietvertrag anwenden, der nicht alle Voraussetzungen erf\u00fcllt.<\/p><\/div><\/article><\/div><\/div>\t\t\t\t\t\t<\/div>\n\t\t\t\t<\/div>\n\t\t\t\t<div class=\"elementor-element elementor-element-efd2fea sc_layouts_hide_on_mobile sc_fly_static elementor-widget elementor-widget-spacer\" data-id=\"efd2fea\" data-element_type=\"widget\" data-widget_type=\"spacer.default\">\n\t\t\t\t<div class=\"elementor-widget-container\">\n\t\t\t\t\t<div class=\"elementor-spacer\">\n\t\t\t<div class=\"elementor-spacer-inner\"><\/div>\n\t\t<\/div>\n\t\t\t\t<\/div>\n\t\t\t\t<\/div>\n\t\t\t\t<div class=\"elementor-element elementor-element-7f2cb48 sc_layouts_hide_on_wide sc_layouts_hide_on_desktop sc_layouts_hide_on_notebook sc_layouts_hide_on_tablet elementor-widget-divider--view-line sc_fly_static elementor-widget elementor-widget-divider\" data-id=\"7f2cb48\" data-element_type=\"widget\" data-widget_type=\"divider.default\">\n\t\t\t\t<div class=\"elementor-widget-container\">\n\t\t\t\t\t<div class=\"elementor-divider\">\n\t\t\t<span class=\"elementor-divider-separator\">\n\t\t\t\t\t\t<\/span>\n\t\t<\/div>\n\t\t\t\t<\/div>\n\t\t\t\t<\/div>\n\t\t\t\t\t<\/div>\n\t\t<\/div>\n\t\t\t\t<div class=\"elementor-column elementor-col-50 elementor-top-column elementor-element elementor-element-f9c22cb sc_inner_width_none sc_content_align_inherit sc_layouts_column_icons_position_left sc_fly_static\" data-id=\"f9c22cb\" data-element_type=\"column\">\n\t\t\t<div class=\"elementor-widget-wrap elementor-element-populated\">\n\t\t\t\t\t\t<div class=\"elementor-element elementor-element-ff40826 sc_fly_static elementor-widget elementor-widget-text-editor\" data-id=\"ff40826\" data-element_type=\"widget\" data-widget_type=\"text-editor.default\">\n\t\t\t\t<div class=\"elementor-widget-container\">\n\t\t\t\t\t\t\t<div id=\"content-area\" class=\"clearfix\"><div id=\"left-area\"><article id=\"post-1899\" class=\"post-1899 page type-page status-publish hentry\"><div class=\"entry-content\"><div id=\"left-area\"><article id=\"post-1899\" class=\"post-1899 page type-page status-publish hentry\"><div class=\"entry-content\"><h3><span style=\"color: #9a2655;\">Gewerbliche Mietbedingungen<\/span><\/h3><p>Um von einer Gesch\u00e4ftsmiete zu sprechen, m\u00fcssen f\u00fcnf Bedingungen kumulativ erf\u00fcllt sein:<br \/>1. Es muss ein Mietvertrag abgeschlossen \/ eine Miete gezahlt werden;<br \/>2. Bezogen auf eine Immobilie oder einen Teil davon;<br \/>3. Die f\u00fcr die Aus\u00fcbung eines Einzelhandelsgesch\u00e4fts oder f\u00fcr die T\u00e4tigkeit eines Handwerkers in direktem Kontakt mit der \u00d6ffentlichkeit genutzt wird;<br \/>4. Die Immobilie muss haupts\u00e4chlich f\u00fcr diesen Zweck bestimmt sein;<br \/>5. Der Bestimmungsort wurde bei Vertragsabschluss stillschweigend oder ausdr\u00fccklich festgelegt oder im Laufe des Vertrages ausdr\u00fccklich akzeptiert.<\/p><\/div><\/article><\/div><\/div><\/article><\/div><\/div>\t\t\t\t\t\t<\/div>\n\t\t\t\t<\/div>\n\t\t\t\t<div class=\"elementor-element elementor-element-28e3f69 elementor-widget-divider--view-line sc_fly_static elementor-widget elementor-widget-divider\" data-id=\"28e3f69\" data-element_type=\"widget\" data-widget_type=\"divider.default\">\n\t\t\t\t<div class=\"elementor-widget-container\">\n\t\t\t\t\t<div class=\"elementor-divider\">\n\t\t\t<span class=\"elementor-divider-separator\">\n\t\t\t\t\t\t<\/span>\n\t\t<\/div>\n\t\t\t\t<\/div>\n\t\t\t\t<\/div>\n\t\t\t\t<div class=\"elementor-element elementor-element-4709a1f sc_fly_static elementor-widget elementor-widget-text-editor\" data-id=\"4709a1f\" data-element_type=\"widget\" data-widget_type=\"text-editor.default\">\n\t\t\t\t<div class=\"elementor-widget-container\">\n\t\t\t\t\t\t\t<div id=\"content-area\" class=\"clearfix\"><div id=\"left-area\"><article id=\"post-1899\" class=\"post-1899 page type-page status-publish hentry\"><div class=\"entry-content\"><div id=\"left-area\"><article id=\"post-1899\" class=\"post-1899 page type-page status-publish hentry\"><div class=\"entry-content\"><h3><span style=\"color: #9a2655;\">Helfender Anwalt<\/span><\/h3><p>Unsere Anw\u00e4lte helfen Ihnen gerne weiter. Sie haben Erfahrung im Mietrecht und wissen besser als jeder andere, welche Schritte zu unternehmen sind. F\u00fcllen Sie das Kontaktformular aus und wir rufen Sie unverbindlich zur\u00fcck.<\/p><\/div><\/article><\/div><div id=\"sidebar\">\u00a0<\/div><\/div><\/article><\/div><\/div>\t\t\t\t\t\t<\/div>\n\t\t\t\t<\/div>\n\t\t\t\t\t<\/div>\n\t\t<\/div>\n\t\t\t\t\t<\/div>\n\t\t<\/section>\n\t\t\t\t<\/div>\n\t\t","protected":false},"excerpt":{"rendered":"<p>Huurrecht Das belgische Mietrecht besteht aus einer allgemeinen Regelung und drei Sonderregelungen. \u00a0 Allgemeine Regelung&hellip;<\/p>\n","protected":false},"author":1,"featured_media":0,"parent":25050,"menu_order":0,"comment_status":"closed","ping_status":"closed","template":"","meta":{"om_disable_all_campaigns":false,"_monsterinsights_skip_tracking":false,"_monsterinsights_sitenote_active":false,"_monsterinsights_sitenote_note":"","_monsterinsights_sitenote_category":0,"footnotes":""},"class_list":["post-25121","page","type-page","status-publish","hentry"],"aioseo_notices":[],"_links":{"self":[{"href":"https:\/\/avolink.be\/de\/wp-json\/wp\/v2\/pages\/25121","targetHints":{"allow":["GET"]}}],"collection":[{"href":"https:\/\/avolink.be\/de\/wp-json\/wp\/v2\/pages"}],"about":[{"href":"https:\/\/avolink.be\/de\/wp-json\/wp\/v2\/types\/page"}],"author":[{"embeddable":true,"href":"https:\/\/avolink.be\/de\/wp-json\/wp\/v2\/users\/1"}],"replies":[{"embeddable":true,"href":"https:\/\/avolink.be\/de\/wp-json\/wp\/v2\/comments?post=25121"}],"version-history":[{"count":5,"href":"https:\/\/avolink.be\/de\/wp-json\/wp\/v2\/pages\/25121\/revisions"}],"predecessor-version":[{"id":25126,"href":"https:\/\/avolink.be\/de\/wp-json\/wp\/v2\/pages\/25121\/revisions\/25126"}],"up":[{"embeddable":true,"href":"https:\/\/avolink.be\/de\/wp-json\/wp\/v2\/pages\/25050"}],"wp:attachment":[{"href":"https:\/\/avolink.be\/de\/wp-json\/wp\/v2\/media?parent=25121"}],"curies":[{"name":"wp","href":"https:\/\/api.w.org\/{rel}","templated":true}]}}