{"id":25149,"date":"2024-03-19T12:42:13","date_gmt":"2024-03-19T12:42:13","guid":{"rendered":"https:\/\/avo-link.eu\/?page_id=25149"},"modified":"2024-04-04T14:13:05","modified_gmt":"2024-04-04T14:13:05","slug":"versicherungsrecht","status":"publish","type":"page","link":"https:\/\/avolink.be\/de\/rechtsgebiete\/versicherungsrecht\/","title":{"rendered":"Versicherungsrecht"},"content":{"rendered":"\t\t<div data-elementor-type=\"wp-page\" data-elementor-id=\"25149\" class=\"elementor elementor-25149 elementor-23358\">\n\t\t\t\t\t\t<section class=\"elementor-section elementor-top-section elementor-element elementor-element-9e0f483 elementor-section-boxed elementor-section-height-default elementor-section-height-default sc_fly_static\" data-id=\"9e0f483\" data-element_type=\"section\" data-settings=\"{&quot;background_background&quot;:&quot;classic&quot;}\">\n\t\t\t\t\t\t<div class=\"elementor-container elementor-column-gap-extended\">\n\t\t\t\t\t<div class=\"elementor-column elementor-col-100 elementor-top-column elementor-element elementor-element-147c02f sc_inner_width_none sc_content_align_inherit sc_layouts_column_icons_position_left sc_fly_static\" data-id=\"147c02f\" data-element_type=\"column\">\n\t\t\t<div class=\"elementor-widget-wrap elementor-element-populated\">\n\t\t\t\t\t\t<div class=\"elementor-element elementor-element-cdd9926 sc_fly_static elementor-widget elementor-widget-spacer\" data-id=\"cdd9926\" data-element_type=\"widget\" data-widget_type=\"spacer.default\">\n\t\t\t\t<div class=\"elementor-widget-container\">\n\t\t\t\t\t<div class=\"elementor-spacer\">\n\t\t\t<div class=\"elementor-spacer-inner\"><\/div>\n\t\t<\/div>\n\t\t\t\t<\/div>\n\t\t\t\t<\/div>\n\t\t\t\t<div class=\"elementor-element elementor-element-1991fc9 sc_fly_static elementor-widget elementor-widget-trx_sc_title\" data-id=\"1991fc9\" data-element_type=\"widget\" data-widget_type=\"trx_sc_title.default\">\n\t\t\t\t<div class=\"elementor-widget-container\">\n\t\t\t<div\t\tclass=\"sc_title sc_title_default\" ><h1 class=\"sc_item_title sc_title_title sc_align_center sc_item_title_style_default sc_item_title_tag trx_addons_inline_1726429328\"\n\t\t\t><span class=\"sc_item_title_text\">Versicherungsrecht<\/span><\/h1><\/div>\t\t<\/div>\n\t\t\t\t<\/div>\n\t\t\t\t<div class=\"elementor-element elementor-element-40cf3fb sc_fly_static elementor-widget elementor-widget-spacer\" data-id=\"40cf3fb\" data-element_type=\"widget\" data-widget_type=\"spacer.default\">\n\t\t\t\t<div class=\"elementor-widget-container\">\n\t\t\t\t\t<div class=\"elementor-spacer\">\n\t\t\t<div class=\"elementor-spacer-inner\"><\/div>\n\t\t<\/div>\n\t\t\t\t<\/div>\n\t\t\t\t<\/div>\n\t\t\t\t\t<\/div>\n\t\t<\/div>\n\t\t\t\t\t<\/div>\n\t\t<\/section>\n\t\t\t\t<section class=\"elementor-section elementor-top-section elementor-element elementor-element-b3782cb elementor-section-boxed elementor-section-height-default elementor-section-height-default sc_fly_static\" data-id=\"b3782cb\" data-element_type=\"section\">\n\t\t\t\t\t\t<div class=\"elementor-container elementor-column-gap-extended\">\n\t\t\t\t\t<div class=\"elementor-column elementor-col-100 elementor-top-column elementor-element elementor-element-aa1744c sc_inner_width_none sc_content_align_inherit sc_layouts_column_icons_position_left sc_fly_static\" data-id=\"aa1744c\" data-element_type=\"column\">\n\t\t\t<div class=\"elementor-widget-wrap elementor-element-populated\">\n\t\t\t\t\t\t<div class=\"elementor-element elementor-element-eddff05 sc_fly_static elementor-widget elementor-widget-spacer\" data-id=\"eddff05\" data-element_type=\"widget\" data-widget_type=\"spacer.default\">\n\t\t\t\t<div class=\"elementor-widget-container\">\n\t\t\t\t\t<div class=\"elementor-spacer\">\n\t\t\t<div class=\"elementor-spacer-inner\"><\/div>\n\t\t<\/div>\n\t\t\t\t<\/div>\n\t\t\t\t<\/div>\n\t\t\t\t<div class=\"elementor-element elementor-element-25d23b8 sc_fly_static elementor-widget elementor-widget-text-editor\" data-id=\"25d23b8\" data-element_type=\"widget\" data-widget_type=\"text-editor.default\">\n\t\t\t\t<div class=\"elementor-widget-container\">\n\t\t\t\t\t\t\t<div id=\"content-area\" class=\"clearfix\"><div id=\"left-area\"><article id=\"post-1899\" class=\"post-1899 page type-page status-publish hentry\"><div class=\"entry-content\"><p><strong>Versicherung, R\u00fcckgriff und Forderungs\u00fcbergang sind drei g\u00e4ngige Begriffe im Versicherungsrecht.<\/strong> <strong>Von diesen drei Begriffen kennt der Durchschnittsb\u00fcrger in der Regel nur den ersten: Versicherung.<\/strong> <strong>Jeder hat mindestens eine Versicherungspolice, in der festgelegt ist, welche Verpflichtungen des Versicherten vom Versicherer \u00fcbernommen werden und unter welchen Bedingungen.<\/strong><\/p><p><strong>Ein Beispiel: Es brennt in meinem Haus und das Haus des Nachbarn geht mit mir in Flammen auf.<\/strong> <strong>Wer kommt daf\u00fcr auf?<\/strong> <strong>So steht es in der Police.<\/strong> <strong>Wer keine Lust hat, eine Police auszugraben, aber wissen will, was sie beinhaltet, kann sich zu diesem Zweck an einen spezialisierten Anwalt wenden.<\/strong><\/p><p><strong>\u00a0<\/strong><\/p><\/div><\/article><\/div><\/div>\t\t\t\t\t\t<\/div>\n\t\t\t\t<\/div>\n\t\t\t\t<div class=\"elementor-element elementor-element-7ea9a9a elementor-widget-divider--view-line sc_fly_static elementor-widget elementor-widget-divider\" data-id=\"7ea9a9a\" data-element_type=\"widget\" data-widget_type=\"divider.default\">\n\t\t\t\t<div class=\"elementor-widget-container\">\n\t\t\t\t\t<div class=\"elementor-divider\">\n\t\t\t<span class=\"elementor-divider-separator\">\n\t\t\t\t\t\t<\/span>\n\t\t<\/div>\n\t\t\t\t<\/div>\n\t\t\t\t<\/div>\n\t\t\t\t\t<\/div>\n\t\t<\/div>\n\t\t\t\t\t<\/div>\n\t\t<\/section>\n\t\t\t\t<section class=\"elementor-section elementor-top-section elementor-element elementor-element-601b15e elementor-section-boxed elementor-section-height-default elementor-section-height-default sc_fly_static\" data-id=\"601b15e\" data-element_type=\"section\">\n\t\t\t\t\t\t<div class=\"elementor-container elementor-column-gap-extended\">\n\t\t\t\t\t<div class=\"elementor-column elementor-col-50 elementor-top-column elementor-element elementor-element-8831f5e sc_inner_width_none sc_content_align_inherit sc_layouts_column_icons_position_left sc_fly_static\" data-id=\"8831f5e\" data-element_type=\"column\">\n\t\t\t<div class=\"elementor-widget-wrap elementor-element-populated\">\n\t\t\t\t\t\t<div class=\"elementor-element elementor-element-5367921 sc_fly_static elementor-widget elementor-widget-text-editor\" data-id=\"5367921\" data-element_type=\"widget\" data-widget_type=\"text-editor.default\">\n\t\t\t\t<div class=\"elementor-widget-container\">\n\t\t\t\t\t\t\t<div id=\"content-area\" class=\"clearfix\"><div id=\"left-area\"><article id=\"post-1899\" class=\"post-1899 page type-page status-publish hentry\"><div class=\"entry-content\"><h3><span style=\"color: #9a2655;\">Forderungs\u00fcbergang<\/span><\/h3><p>Manchmal muss Ihr Versicherer die Entsch\u00e4digung direkt an jemanden zahlen, ohne dass Sie als der f\u00fcr den Schaden Verantwortliche zun\u00e4chst in Vorleistung treten m\u00fcssen. Der Versicherer tritt dann in Ihre Rechte ein und kann versuchen, diesen Betrag von dem f\u00fcr den Schaden Verantwortlichen zur\u00fcckzufordern. Der Versicherer tritt dann in die Rechte des Gesch\u00e4digten ein, an den er gezahlt hat.<\/p><\/div><\/article><\/div><\/div>\t\t\t\t\t\t<\/div>\n\t\t\t\t<\/div>\n\t\t\t\t<div class=\"elementor-element elementor-element-89d2ded elementor-widget-divider--view-line sc_fly_static elementor-widget elementor-widget-divider\" data-id=\"89d2ded\" data-element_type=\"widget\" data-widget_type=\"divider.default\">\n\t\t\t\t<div class=\"elementor-widget-container\">\n\t\t\t\t\t<div class=\"elementor-divider\">\n\t\t\t<span class=\"elementor-divider-separator\">\n\t\t\t\t\t\t<\/span>\n\t\t<\/div>\n\t\t\t\t<\/div>\n\t\t\t\t<\/div>\n\t\t\t\t<div class=\"elementor-element elementor-element-12b13ce sc_fly_static elementor-widget elementor-widget-text-editor\" data-id=\"12b13ce\" data-element_type=\"widget\" data-widget_type=\"text-editor.default\">\n\t\t\t\t<div class=\"elementor-widget-container\">\n\t\t\t\t\t\t\t<div id=\"content-area\" class=\"clearfix\"><div id=\"left-area\"><article id=\"post-1899\" class=\"post-1899 page type-page status-publish hentry\"><div class=\"entry-content\"><h3><span style=\"color: #9a2655;\">R\u00fcckgriff<\/span><\/h3><p>Im Rahmen des Regresses fordert der Versicherer von seinem Versicherten die Zahlungen zur\u00fcck, die er an den Gesch\u00e4digten geleistet hat.<br \/>Dies ist in einer Reihe gesetzlich festgelegter Situationen m\u00f6glich, n\u00e4mlich wenn der Versicherer nachweist, dass der Versicherte ein grobes oder vors\u00e4tzliches Fehlverhalten begangen hat, das den Schaden verursacht hat. Das klassische Beispiel ist ein Unfall, der unter Alkohol- oder Drogeneinfluss passiert ist.<\/p><\/div><\/article><\/div><\/div>\t\t\t\t\t\t<\/div>\n\t\t\t\t<\/div>\n\t\t\t\t<div class=\"elementor-element elementor-element-7f2cb48 sc_layouts_hide_on_wide sc_layouts_hide_on_desktop sc_layouts_hide_on_notebook sc_layouts_hide_on_tablet elementor-widget-divider--view-line sc_fly_static elementor-widget elementor-widget-divider\" data-id=\"7f2cb48\" data-element_type=\"widget\" data-widget_type=\"divider.default\">\n\t\t\t\t<div class=\"elementor-widget-container\">\n\t\t\t\t\t<div class=\"elementor-divider\">\n\t\t\t<span class=\"elementor-divider-separator\">\n\t\t\t\t\t\t<\/span>\n\t\t<\/div>\n\t\t\t\t<\/div>\n\t\t\t\t<\/div>\n\t\t\t\t\t<\/div>\n\t\t<\/div>\n\t\t\t\t<div class=\"elementor-column elementor-col-50 elementor-top-column elementor-element elementor-element-f9c22cb sc_inner_width_none sc_content_align_inherit sc_layouts_column_icons_position_left sc_fly_static\" data-id=\"f9c22cb\" data-element_type=\"column\">\n\t\t\t<div class=\"elementor-widget-wrap elementor-element-populated\">\n\t\t\t\t\t\t<div class=\"elementor-element elementor-element-ff40826 sc_fly_static elementor-widget elementor-widget-text-editor\" data-id=\"ff40826\" data-element_type=\"widget\" data-widget_type=\"text-editor.default\">\n\t\t\t\t<div class=\"elementor-widget-container\">\n\t\t\t\t\t\t\t<div id=\"content-area\" class=\"clearfix\"><div id=\"left-area\"><article id=\"post-1899\" class=\"post-1899 page type-page status-publish hentry\"><div class=\"entry-content\"><div id=\"left-area\"><article id=\"post-1899\" class=\"post-1899 page type-page status-publish hentry\"><div class=\"entry-content\"><h3><span style=\"color: #9a2655;\">Schaden<\/span><\/h3><p>Das Haftungsrecht kommt auch ins Spiel, wenn es um Sch\u00e4den geht. Sie k\u00f6nnen an k\u00f6rperliche Sch\u00e4den denken, die durch einen Unfall verursacht wurden, aber auch an materielle Sch\u00e4den, die Sie ersetzt bekommen m\u00f6chten. Es ist wichtig zu pr\u00fcfen, wer f\u00fcr den erlittenen Schaden (teilweise) haftbar ist. Es ist auch zu pr\u00fcfen, welcher Teil des Schadens versichert ist.<\/p><\/div><\/article><\/div><\/div><\/article><\/div><\/div>\t\t\t\t\t\t<\/div>\n\t\t\t\t<\/div>\n\t\t\t\t<div class=\"elementor-element elementor-element-28e3f69 elementor-widget-divider--view-line sc_fly_static elementor-widget elementor-widget-divider\" data-id=\"28e3f69\" data-element_type=\"widget\" data-widget_type=\"divider.default\">\n\t\t\t\t<div class=\"elementor-widget-container\">\n\t\t\t\t\t<div class=\"elementor-divider\">\n\t\t\t<span class=\"elementor-divider-separator\">\n\t\t\t\t\t\t<\/span>\n\t\t<\/div>\n\t\t\t\t<\/div>\n\t\t\t\t<\/div>\n\t\t\t\t<div class=\"elementor-element elementor-element-4709a1f sc_fly_static elementor-widget elementor-widget-text-editor\" data-id=\"4709a1f\" data-element_type=\"widget\" data-widget_type=\"text-editor.default\">\n\t\t\t\t<div class=\"elementor-widget-container\">\n\t\t\t\t\t\t\t<div id=\"content-area\" class=\"clearfix\"><div id=\"left-area\"><article id=\"post-1899\" class=\"post-1899 page type-page status-publish hentry\"><div class=\"entry-content\"><div id=\"left-area\"><article id=\"post-1899\" class=\"post-1899 page type-page status-publish hentry\"><div class=\"entry-content\"><h3><span style=\"color: #9a2655;\">Hilfe durch einen Anwalt<\/span><\/h3><p>Unsere Anw\u00e4lte verf\u00fcgen alle \u00fcber langj\u00e4hrige Erfahrung und entsprechende Fachkenntnisse im Versicherungsrecht. Sie stehen sowohl Privatpersonen als auch Versicherern, Unternehmen und Beh\u00f6rden zur Seite. Haben Sie einen Versicherungsstreit? Dann z\u00f6gern Sie nicht, uns zu kontaktieren.<\/p><\/div><\/article><\/div><div id=\"sidebar\">\u00a0<\/div><\/div><\/article><\/div><\/div>\t\t\t\t\t\t<\/div>\n\t\t\t\t<\/div>\n\t\t\t\t\t<\/div>\n\t\t<\/div>\n\t\t\t\t\t<\/div>\n\t\t<\/section>\n\t\t\t\t<\/div>\n\t\t","protected":false},"excerpt":{"rendered":"<p>Versicherungsrecht Versicherung, R\u00fcckgriff und Forderungs\u00fcbergang sind drei g\u00e4ngige Begriffe im Versicherungsrecht. Von diesen drei Begriffen&hellip;<\/p>\n","protected":false},"author":1,"featured_media":0,"parent":25050,"menu_order":0,"comment_status":"closed","ping_status":"closed","template":"","meta":{"om_disable_all_campaigns":false,"_monsterinsights_skip_tracking":false,"_monsterinsights_sitenote_active":false,"_monsterinsights_sitenote_note":"","_monsterinsights_sitenote_category":0,"footnotes":""},"class_list":["post-25149","page","type-page","status-publish","hentry"],"aioseo_notices":[],"_links":{"self":[{"href":"https:\/\/avolink.be\/de\/wp-json\/wp\/v2\/pages\/25149","targetHints":{"allow":["GET"]}}],"collection":[{"href":"https:\/\/avolink.be\/de\/wp-json\/wp\/v2\/pages"}],"about":[{"href":"https:\/\/avolink.be\/de\/wp-json\/wp\/v2\/types\/page"}],"author":[{"embeddable":true,"href":"https:\/\/avolink.be\/de\/wp-json\/wp\/v2\/users\/1"}],"replies":[{"embeddable":true,"href":"https:\/\/avolink.be\/de\/wp-json\/wp\/v2\/comments?post=25149"}],"version-history":[{"count":9,"href":"https:\/\/avolink.be\/de\/wp-json\/wp\/v2\/pages\/25149\/revisions"}],"predecessor-version":[{"id":25534,"href":"https:\/\/avolink.be\/de\/wp-json\/wp\/v2\/pages\/25149\/revisions\/25534"}],"up":[{"embeddable":true,"href":"https:\/\/avolink.be\/de\/wp-json\/wp\/v2\/pages\/25050"}],"wp:attachment":[{"href":"https:\/\/avolink.be\/de\/wp-json\/wp\/v2\/media?parent=25149"}],"curies":[{"name":"wp","href":"https:\/\/api.w.org\/{rel}","templated":true}]}}