{"id":25176,"date":"2024-03-19T07:08:22","date_gmt":"2024-03-19T07:08:22","guid":{"rendered":"https:\/\/avo-link.eu\/?page_id=25176"},"modified":"2024-04-04T14:18:38","modified_gmt":"2024-04-04T14:18:38","slug":"avolink-antwerpen-evc","status":"publish","type":"page","link":"https:\/\/avolink.be\/de\/unsere-mitglieder\/antwerpen\/avolink-antwerpen-evc\/","title":{"rendered":"Avolink-antwerpen-evc"},"content":{"rendered":"\t\t<div data-elementor-type=\"wp-page\" data-elementor-id=\"25176\" class=\"elementor elementor-25176 elementor-22884\">\n\t\t\t\t\t\t<section class=\"elementor-section elementor-top-section elementor-element elementor-element-be98a56 elementor-section-full_width elementor-section-height-default elementor-section-height-default sc_fly_static\" data-id=\"be98a56\" data-element_type=\"section\">\n\t\t\t\t\t\t<div class=\"elementor-container elementor-column-gap-extended\">\n\t\t\t\t\t<div class=\"elementor-column elementor-col-33 elementor-top-column elementor-element elementor-element-4cc5c93 sc_inner_width_none sc_content_align_inherit sc_layouts_column_icons_position_left sc_fly_static\" data-id=\"4cc5c93\" data-element_type=\"column\">\n\t\t\t<div class=\"elementor-widget-wrap elementor-element-populated\">\n\t\t\t\t\t\t<div class=\"elementor-element elementor-element-548b8af sc_fly_static elementor-widget elementor-widget-spacer\" data-id=\"548b8af\" data-element_type=\"widget\" data-widget_type=\"spacer.default\">\n\t\t\t\t<div class=\"elementor-widget-container\">\n\t\t\t\t\t<div class=\"elementor-spacer\">\n\t\t\t<div class=\"elementor-spacer-inner\"><\/div>\n\t\t<\/div>\n\t\t\t\t<\/div>\n\t\t\t\t<\/div>\n\t\t\t\t\t<\/div>\n\t\t<\/div>\n\t\t\t\t<div class=\"elementor-column elementor-col-33 elementor-top-column elementor-element elementor-element-796d16d sc_inner_width_none sc_content_align_inherit sc_layouts_column_icons_position_left sc_fly_static\" data-id=\"796d16d\" data-element_type=\"column\">\n\t\t\t<div class=\"elementor-widget-wrap elementor-element-populated\">\n\t\t\t\t\t\t<div class=\"elementor-element elementor-element-60d09cc sc_layouts_hide_on_mobile sc_fly_static elementor-widget elementor-widget-spacer\" data-id=\"60d09cc\" data-element_type=\"widget\" data-widget_type=\"spacer.default\">\n\t\t\t\t<div class=\"elementor-widget-container\">\n\t\t\t\t\t<div class=\"elementor-spacer\">\n\t\t\t<div class=\"elementor-spacer-inner\"><\/div>\n\t\t<\/div>\n\t\t\t\t<\/div>\n\t\t\t\t<\/div>\n\t\t\t\t<div class=\"elementor-element elementor-element-7b9cc4a sc_fly_static elementor-widget elementor-widget-text-editor\" data-id=\"7b9cc4a\" data-element_type=\"widget\" data-widget_type=\"text-editor.default\">\n\t\t\t\t<div class=\"elementor-widget-container\">\n\t\t\t\t\t\t\t<div class=\"max-width-container\">\n<div class=\"visual-content-left\">\n<h1 class=\"red font-bold font-large\"><span style=\"color: #9a2655;\">Avolink Antwerpen<\/span><\/h1>\n<h4><span style=\"color: #847c61;\"><strong class=\"subtitle\">Ilse Mertens<\/strong><\/span><\/h4>\n<div class=\"visual-content\">\n<ul class=\"checkmark\">\n \t<li>Mehr als 40 Jahre Erfahrung;<\/li>\n \t<li>Ergebnisorientiert: Schlichtung, wo sinnvoll, Verfahren, wo n\u00f6tig;<\/li>\n \t<li>Flexibel, auf den Kunden zugeschnitten.<\/li>\n<\/ul>\n<\/div>\n<div class=\"visual-content\"><\/div>\n<\/div>\n<\/div>\t\t\t\t\t\t<\/div>\n\t\t\t\t<\/div>\n\t\t\t\t\t<\/div>\n\t\t<\/div>\n\t\t\t\t<div class=\"elementor-column elementor-col-33 elementor-top-column elementor-element elementor-element-0c5392e sc_inner_width_none sc_content_align_inherit sc_layouts_column_icons_position_left sc_fly_static\" data-id=\"0c5392e\" data-element_type=\"column\" data-settings=\"{&quot;background_background&quot;:&quot;classic&quot;}\">\n\t\t\t<div class=\"elementor-widget-wrap elementor-element-populated\">\n\t\t\t\t\t\t<div class=\"elementor-element elementor-element-7520dd0 sc_fly_static elementor-widget elementor-widget-spacer\" data-id=\"7520dd0\" data-element_type=\"widget\" data-widget_type=\"spacer.default\">\n\t\t\t\t<div class=\"elementor-widget-container\">\n\t\t\t\t\t<div class=\"elementor-spacer\">\n\t\t\t<div class=\"elementor-spacer-inner\"><\/div>\n\t\t<\/div>\n\t\t\t\t<\/div>\n\t\t\t\t<\/div>\n\t\t\t\t\t<\/div>\n\t\t<\/div>\n\t\t\t\t\t<\/div>\n\t\t<\/section>\n\t\t\t\t<section class=\"elementor-section elementor-top-section elementor-element elementor-element-2f63a08 elementor-section-boxed elementor-section-height-default elementor-section-height-default sc_fly_static\" data-id=\"2f63a08\" data-element_type=\"section\" data-settings=\"{&quot;background_background&quot;:&quot;classic&quot;}\">\n\t\t\t\t\t\t<div class=\"elementor-container elementor-column-gap-extended\">\n\t\t\t\t\t<div class=\"elementor-column elementor-col-100 elementor-top-column elementor-element elementor-element-0937262 sc_inner_width_none sc_content_align_inherit sc_layouts_column_icons_position_left sc_fly_static\" data-id=\"0937262\" data-element_type=\"column\">\n\t\t\t<div class=\"elementor-widget-wrap elementor-element-populated\">\n\t\t\t\t\t\t<div class=\"elementor-element elementor-element-9c3bbfe sc_height_huge sc_fly_static elementor-widget elementor-widget-spacer\" data-id=\"9c3bbfe\" data-element_type=\"widget\" data-widget_type=\"spacer.default\">\n\t\t\t\t<div class=\"elementor-widget-container\">\n\t\t\t\t\t<div class=\"elementor-spacer\">\n\t\t\t<div class=\"elementor-spacer-inner\"><\/div>\n\t\t<\/div>\n\t\t\t\t<\/div>\n\t\t\t\t<\/div>\n\t\t\t\t\t<\/div>\n\t\t<\/div>\n\t\t\t\t\t<\/div>\n\t\t<\/section>\n\t\t\t\t<section class=\"elementor-section elementor-top-section elementor-element elementor-element-87bf96a elementor-section-content-top elementor-reverse-mobile elementor-section-boxed elementor-section-height-default elementor-section-height-default sc_fly_static\" data-id=\"87bf96a\" data-element_type=\"section\" data-settings=\"{&quot;background_background&quot;:&quot;classic&quot;}\">\n\t\t\t\t\t\t<div class=\"elementor-container elementor-column-gap-extended\">\n\t\t\t\t\t<div class=\"elementor-column elementor-col-50 elementor-top-column elementor-element elementor-element-e710d77 sc_inner_width_none sc_content_align_inherit sc_layouts_column_icons_position_left sc_fly_static\" data-id=\"e710d77\" data-element_type=\"column\">\n\t\t\t<div class=\"elementor-widget-wrap elementor-element-populated\">\n\t\t\t\t\t\t<div class=\"elementor-element elementor-element-b7bec8e gallery-spacing-custom sc_fly_static elementor-widget elementor-widget-image-gallery\" data-id=\"b7bec8e\" data-element_type=\"widget\" data-widget_type=\"image-gallery.default\">\n\t\t\t\t<div class=\"elementor-widget-container\">\n\t\t\t\t\t<div class=\"elementor-image-gallery\">\n\t\t\t<div id='gallery-1' class='gallery galleryid-25176 gallery-columns-1 gallery-size-qwery-thumb-masonry-big'><figure class='gallery-item'>\n\t\t\t<div class='gallery-icon landscape'>\n\t\t\t\t<a data-elementor-open-lightbox=\"yes\" data-elementor-lightbox-slideshow=\"b7bec8e\" data-elementor-lightbox-title=\"avolink-antwerpen-evc-advocaten4\" data-e-action-hash=\"#elementor-action%3Aaction%3Dlightbox%26settings%3DeyJpZCI6MjQyOTAsInVybCI6Imh0dHBzOlwvXC9hdm9saW5rLmJlXC93cC1jb250ZW50XC91cGxvYWRzXC8yMDI0XC8wM1wvYXZvbGluay1hbnR3ZXJwZW4tZXZjLWFkdm9jYXRlbjQuanBnIiwic2xpZGVzaG93IjoiYjdiZWM4ZSJ9\" href='https:\/\/avolink.be\/wp-content\/uploads\/2024\/03\/avolink-antwerpen-evc-advocaten4.jpg'><img fetchpriority=\"high\" decoding=\"async\" width=\"640\" height=\"347\" src=\"https:\/\/avolink.be\/wp-content\/uploads\/2024\/03\/avolink-antwerpen-evc-advocaten4.jpg\" class=\"attachment-qwery-thumb-masonry-big size-qwery-thumb-masonry-big\" alt=\"\" srcset=\"https:\/\/avolink.be\/wp-content\/uploads\/2024\/03\/avolink-antwerpen-evc-advocaten4.jpg 640w, https:\/\/avolink.be\/wp-content\/uploads\/2024\/03\/avolink-antwerpen-evc-advocaten4-300x163.jpg 300w, https:\/\/avolink.be\/wp-content\/uploads\/2024\/03\/avolink-antwerpen-evc-advocaten4-370x201.jpg 370w, https:\/\/avolink.be\/wp-content\/uploads\/2024\/03\/avolink-antwerpen-evc-advocaten4-410x222.jpg 410w\" sizes=\"(max-width: 640px) 100vw, 640px\" \/><\/a>\n\t\t\t<\/div><\/figure><figure class='gallery-item'>\n\t\t\t<div class='gallery-icon landscape'>\n\t\t\t\t<a data-elementor-open-lightbox=\"yes\" data-elementor-lightbox-slideshow=\"b7bec8e\" data-elementor-lightbox-title=\"avolink-antwerpen-evc-advocaten2\" data-e-action-hash=\"#elementor-action%3Aaction%3Dlightbox%26settings%3DeyJpZCI6MjQyODQsInVybCI6Imh0dHBzOlwvXC9hdm9saW5rLmJlXC93cC1jb250ZW50XC91cGxvYWRzXC8yMDI0XC8wM1wvYXZvbGluay1hbnR3ZXJwZW4tZXZjLWFkdm9jYXRlbjIuanBnIiwic2xpZGVzaG93IjoiYjdiZWM4ZSJ9\" href='https:\/\/avolink.be\/wp-content\/uploads\/2024\/03\/avolink-antwerpen-evc-advocaten2.jpg'><img decoding=\"async\" width=\"840\" height=\"840\" src=\"https:\/\/avolink.be\/wp-content\/uploads\/2024\/03\/avolink-antwerpen-evc-advocaten2-840x840.jpg\" class=\"attachment-qwery-thumb-masonry-big size-qwery-thumb-masonry-big\" alt=\"\" srcset=\"https:\/\/avolink.be\/wp-content\/uploads\/2024\/03\/avolink-antwerpen-evc-advocaten2-840x840.jpg 840w, https:\/\/avolink.be\/wp-content\/uploads\/2024\/03\/avolink-antwerpen-evc-advocaten2-300x300.jpg 300w, https:\/\/avolink.be\/wp-content\/uploads\/2024\/03\/avolink-antwerpen-evc-advocaten2-150x150.jpg 150w, https:\/\/avolink.be\/wp-content\/uploads\/2024\/03\/avolink-antwerpen-evc-advocaten2-768x768.jpg 768w, https:\/\/avolink.be\/wp-content\/uploads\/2024\/03\/avolink-antwerpen-evc-advocaten2-370x370.jpg 370w, https:\/\/avolink.be\/wp-content\/uploads\/2024\/03\/avolink-antwerpen-evc-advocaten2-120x120.jpg 120w, https:\/\/avolink.be\/wp-content\/uploads\/2024\/03\/avolink-antwerpen-evc-advocaten2-410x410.jpg 410w, https:\/\/avolink.be\/wp-content\/uploads\/2024\/03\/avolink-antwerpen-evc-advocaten2.jpg 1024w\" sizes=\"(max-width: 840px) 100vw, 840px\" \/><\/a>\n\t\t\t<\/div><\/figure>\n\t\t<\/div>\n\t\t<\/div>\n\t\t\t\t<\/div>\n\t\t\t\t<\/div>\n\t\t\t\t<div class=\"elementor-element elementor-element-10892c0 sc_fly_static elementor-widget elementor-widget-spacer\" data-id=\"10892c0\" data-element_type=\"widget\" data-widget_type=\"spacer.default\">\n\t\t\t\t<div class=\"elementor-widget-container\">\n\t\t\t\t\t<div class=\"elementor-spacer\">\n\t\t\t<div class=\"elementor-spacer-inner\"><\/div>\n\t\t<\/div>\n\t\t\t\t<\/div>\n\t\t\t\t<\/div>\n\t\t\t\t\t<\/div>\n\t\t<\/div>\n\t\t\t\t<div class=\"elementor-column elementor-col-50 elementor-top-column elementor-element elementor-element-0d6df0d sc_inner_width_none sc_content_align_inherit sc_layouts_column_icons_position_left sc_fly_static\" data-id=\"0d6df0d\" data-element_type=\"column\">\n\t\t\t<div class=\"elementor-widget-wrap elementor-element-populated\">\n\t\t\t\t\t\t<div class=\"elementor-element elementor-element-e8b384e sc_fly_static elementor-widget elementor-widget-text-editor\" data-id=\"e8b384e\" data-element_type=\"widget\" data-widget_type=\"text-editor.default\">\n\t\t\t\t<div class=\"elementor-widget-container\">\n\t\t\t\t\t\t\t<h2 class=\"content-title\">EVC advocaten<\/h2><h4 class=\"paragraph-heading\"><span style=\"color: #9a2655;\">Adresse<\/span><\/h4><p>L\u00e9on Stynenstraat 70\/3, 0306<br \/>2000 Antwerpen<\/p><h4><span style=\"color: #9a2655;\">Kontakt<\/span><\/h4><p>T. 03 \/ 241 \/ 05 41<br \/>Email: <a href=\"mailto:ilse.mertens@evclaw.com\">ilse.mertens@evclaw.com<\/a><br \/><a href=\"https:\/\/evcadvocaten.be\/\">www.evcadvocaten.be<\/a><\/p><h4 class=\"paragraph-heading\"><span style=\"color: #9a2655;\">Kurze Beschreibung<br \/><\/span><\/h4><p>Die Zusammenarbeit zwischen Anw\u00e4lten f\u00fchrte zur Gr\u00fcndung von EVC Lawyers im Jahr 2005. Eine geeignete Formel, um verschiedene Rechtsgebiete und deren Zusammenh\u00e4nge durch die Zusammenarbeit von Anw\u00e4lten mit ihren eigenen bevorzugten Angelegenheiten anzubieten.<\/p><p><br \/>Allzu oft werden Anw\u00e4lte nur konsultiert, um Rechtsstreitigkeiten zu l\u00f6sen. In der Regel handelt es sich dabei um Probleme, die sofort gel\u00f6st werden m\u00fcssen. Nat\u00fcrlich k\u00f6nnen Sie in einem solchen Fall auf unsere schnelle und pr\u00e4zise Beratung z\u00e4hlen, um Ihre Interessen zu verteidigen.<\/p><p><br \/>Aber wir schauen auch gerne nach vorn. Denn wir sind davon \u00fcberzeugt, dass wir unseren Mandanten dadurch noch besser dienen k\u00f6nnen. Indem wir uns im Vorfeld zusammensetzen, erhalten wir einen klaren \u00dcberblick \u00fcber die kleinen und gro\u00dfen Risiken, die auf Sie privat oder beruflich zukommen k\u00f6nnen. Das Ergebnis dieser Analyse ist immer ein Rechtsrat, der die Risiken neutralisiert, noch bevor sie sich zu einem Problem oder Streitfall entwickeln k\u00f6nnen.<\/p><p>\u00a0<\/p>\t\t\t\t\t\t<\/div>\n\t\t\t\t<\/div>\n\t\t\t\t<div class=\"elementor-element elementor-element-66a984e sc_fly_static elementor-widget elementor-widget-spacer\" data-id=\"66a984e\" data-element_type=\"widget\" data-widget_type=\"spacer.default\">\n\t\t\t\t<div class=\"elementor-widget-container\">\n\t\t\t\t\t<div class=\"elementor-spacer\">\n\t\t\t<div class=\"elementor-spacer-inner\"><\/div>\n\t\t<\/div>\n\t\t\t\t<\/div>\n\t\t\t\t<\/div>\n\t\t\t\t<div class=\"elementor-element elementor-element-bb27d92 sc_fly_static elementor-widget elementor-widget-heading\" data-id=\"bb27d92\" data-element_type=\"widget\" data-widget_type=\"heading.default\">\n\t\t\t\t<div class=\"elementor-widget-container\">\n\t\t\t<h4 class=\"elementor-heading-title elementor-size-default\">\" WIR MACHEN ES GEMEINSAM....MIT IHNEN\n<\/h4>\t\t<\/div>\n\t\t\t\t<\/div>\n\t\t\t\t<div class=\"elementor-element elementor-element-4ceaf2e sc_fly_static elementor-widget elementor-widget-heading\" data-id=\"4ceaf2e\" data-element_type=\"widget\" data-widget_type=\"heading.default\">\n\t\t\t\t<div class=\"elementor-widget-container\">\n\t\t\t<h4 class=\"elementor-heading-title elementor-size-default\">Privat, gesch\u00e4ftlich und auf den Kunden zugeschnitten\".<\/h4>\t\t<\/div>\n\t\t\t\t<\/div>\n\t\t\t\t<div class=\"elementor-element elementor-element-53eeb80 sc_fly_static elementor-widget elementor-widget-spacer\" data-id=\"53eeb80\" data-element_type=\"widget\" data-widget_type=\"spacer.default\">\n\t\t\t\t<div class=\"elementor-widget-container\">\n\t\t\t\t\t<div class=\"elementor-spacer\">\n\t\t\t<div class=\"elementor-spacer-inner\"><\/div>\n\t\t<\/div>\n\t\t\t\t<\/div>\n\t\t\t\t<\/div>\n\t\t\t\t<div class=\"elementor-element elementor-element-1c23ba4 sc_fly_static elementor-widget elementor-widget-text-editor\" data-id=\"1c23ba4\" data-element_type=\"widget\" data-widget_type=\"text-editor.default\">\n\t\t\t\t<div class=\"elementor-widget-container\">\n\t\t\t\t\t\t\t<p>Ob es sich um Beratung, Vertragsgestaltung oder Rechtsstreitigkeiten handelt, die Suche nach einer geeigneten L\u00f6sung beginnt damit, dass man dem Mandanten zuh\u00f6rt, seinen Problemen, seinen Vorstellungen, seinen W\u00fcnschen. Niemand kennt seine Akte besser als er selbst, und nicht selten ist es der Mandant selbst, der die L\u00f6sung liefert, die der Anwalt in eine juristische Form pressen und verpacken muss.<\/p><p><br \/>Zuh\u00f6ren nennen wir das und von dort aus gemeinsam transparent nach dem suchen, was man kann, soll oder eben vermeiden sollte. Die einzigartige Zusammenarbeit zwischen Klient und Anwalt unterliegt der Diskretion, der Schweigepflicht und der gegenseitigen Loyalit\u00e4t. Das ist unsere Arbeitsweise.<\/p>\t\t\t\t\t\t<\/div>\n\t\t\t\t<\/div>\n\t\t\t\t<div class=\"elementor-element elementor-element-929032e sc_fly_static elementor-widget elementor-widget-spacer\" data-id=\"929032e\" data-element_type=\"widget\" data-widget_type=\"spacer.default\">\n\t\t\t\t<div class=\"elementor-widget-container\">\n\t\t\t\t\t<div class=\"elementor-spacer\">\n\t\t\t<div class=\"elementor-spacer-inner\"><\/div>\n\t\t<\/div>\n\t\t\t\t<\/div>\n\t\t\t\t<\/div>\n\t\t\t\t\t<\/div>\n\t\t<\/div>\n\t\t\t\t\t<\/div>\n\t\t<\/section>\n\t\t\t\t<section class=\"elementor-section elementor-top-section elementor-element elementor-element-f2d92c1 elementor-section-boxed elementor-section-height-default elementor-section-height-default sc_fly_static\" data-id=\"f2d92c1\" data-element_type=\"section\" data-settings=\"{&quot;background_background&quot;:&quot;classic&quot;}\">\n\t\t\t\t\t\t<div class=\"elementor-container elementor-column-gap-extended\">\n\t\t\t\t\t<div class=\"elementor-column elementor-col-100 elementor-top-column elementor-element elementor-element-b1d5957 sc_inner_width_none sc_content_align_inherit sc_layouts_column_icons_position_left sc_fly_static\" data-id=\"b1d5957\" data-element_type=\"column\">\n\t\t\t<div class=\"elementor-widget-wrap elementor-element-populated\">\n\t\t\t\t\t\t<div class=\"elementor-element elementor-element-d3fab7f sc_height_huge sc_fly_static elementor-widget elementor-widget-spacer\" data-id=\"d3fab7f\" data-element_type=\"widget\" data-widget_type=\"spacer.default\">\n\t\t\t\t<div class=\"elementor-widget-container\">\n\t\t\t\t\t<div class=\"elementor-spacer\">\n\t\t\t<div class=\"elementor-spacer-inner\"><\/div>\n\t\t<\/div>\n\t\t\t\t<\/div>\n\t\t\t\t<\/div>\n\t\t\t\t<div class=\"elementor-element elementor-element-e0299d4 sc_layouts_hide_on_tablet sc_layouts_hide_on_mobile sc_fly_static elementor-widget elementor-widget-spacer\" data-id=\"e0299d4\" data-element_type=\"widget\" data-widget_type=\"spacer.default\">\n\t\t\t\t<div class=\"elementor-widget-container\">\n\t\t\t\t\t<div class=\"elementor-spacer\">\n\t\t\t<div class=\"elementor-spacer-inner\"><\/div>\n\t\t<\/div>\n\t\t\t\t<\/div>\n\t\t\t\t<\/div>\n\t\t\t\t\t<\/div>\n\t\t<\/div>\n\t\t\t\t\t<\/div>\n\t\t<\/section>\n\t\t\t\t<\/div>\n\t\t","protected":false},"excerpt":{"rendered":"<p>Avolink Antwerpen Ilse Mertens Mehr als 40 Jahre Erfahrung; Ergebnisorientiert: Schlichtung, wo sinnvoll, Verfahren, wo&hellip;<\/p>\n","protected":false},"author":1,"featured_media":0,"parent":25166,"menu_order":0,"comment_status":"closed","ping_status":"closed","template":"","meta":{"om_disable_all_campaigns":false,"_monsterinsights_skip_tracking":false,"_monsterinsights_sitenote_active":false,"_monsterinsights_sitenote_note":"","_monsterinsights_sitenote_category":0,"footnotes":""},"class_list":["post-25176","page","type-page","status-publish","hentry"],"aioseo_notices":[],"_links":{"self":[{"href":"https:\/\/avolink.be\/de\/wp-json\/wp\/v2\/pages\/25176","targetHints":{"allow":["GET"]}}],"collection":[{"href":"https:\/\/avolink.be\/de\/wp-json\/wp\/v2\/pages"}],"about":[{"href":"https:\/\/avolink.be\/de\/wp-json\/wp\/v2\/types\/page"}],"author":[{"embeddable":true,"href":"https:\/\/avolink.be\/de\/wp-json\/wp\/v2\/users\/1"}],"replies":[{"embeddable":true,"href":"https:\/\/avolink.be\/de\/wp-json\/wp\/v2\/comments?post=25176"}],"version-history":[{"count":6,"href":"https:\/\/avolink.be\/de\/wp-json\/wp\/v2\/pages\/25176\/revisions"}],"predecessor-version":[{"id":25544,"href":"https:\/\/avolink.be\/de\/wp-json\/wp\/v2\/pages\/25176\/revisions\/25544"}],"up":[{"embeddable":true,"href":"https:\/\/avolink.be\/de\/wp-json\/wp\/v2\/pages\/25166"}],"wp:attachment":[{"href":"https:\/\/avolink.be\/de\/wp-json\/wp\/v2\/media?parent=25176"}],"curies":[{"name":"wp","href":"https:\/\/api.w.org\/{rel}","templated":true}]}}