{"id":25186,"date":"2024-03-19T08:23:16","date_gmt":"2024-03-19T08:23:16","guid":{"rendered":"https:\/\/avo-link.eu\/?page_id=25186"},"modified":"2024-04-04T14:20:10","modified_gmt":"2024-04-04T14:20:10","slug":"avolink-arlon-neufchateau","status":"publish","type":"page","link":"https:\/\/avolink.be\/de\/unsere-mitglieder\/avolink-arlon-neufchateau\/","title":{"rendered":"Avolink-arlon-neufchateau"},"content":{"rendered":"\t\t<div data-elementor-type=\"wp-page\" data-elementor-id=\"25186\" class=\"elementor elementor-25186 elementor-22988\">\n\t\t\t\t\t\t<section class=\"elementor-section elementor-top-section elementor-element elementor-element-be98a56 elementor-section-full_width elementor-section-height-default elementor-section-height-default sc_fly_static\" data-id=\"be98a56\" data-element_type=\"section\">\n\t\t\t\t\t\t<div class=\"elementor-container elementor-column-gap-extended\">\n\t\t\t\t\t<div class=\"elementor-column elementor-col-33 elementor-top-column elementor-element elementor-element-4cc5c93 sc_inner_width_none sc_content_align_inherit sc_layouts_column_icons_position_left sc_fly_static\" data-id=\"4cc5c93\" data-element_type=\"column\">\n\t\t\t<div class=\"elementor-widget-wrap elementor-element-populated\">\n\t\t\t\t\t\t<div class=\"elementor-element elementor-element-548b8af sc_fly_static elementor-widget elementor-widget-spacer\" data-id=\"548b8af\" data-element_type=\"widget\" data-widget_type=\"spacer.default\">\n\t\t\t\t<div class=\"elementor-widget-container\">\n\t\t\t\t\t<div class=\"elementor-spacer\">\n\t\t\t<div class=\"elementor-spacer-inner\"><\/div>\n\t\t<\/div>\n\t\t\t\t<\/div>\n\t\t\t\t<\/div>\n\t\t\t\t\t<\/div>\n\t\t<\/div>\n\t\t\t\t<div class=\"elementor-column elementor-col-33 elementor-top-column elementor-element elementor-element-796d16d sc_inner_width_none sc_content_align_inherit sc_layouts_column_icons_position_left sc_fly_static\" data-id=\"796d16d\" data-element_type=\"column\">\n\t\t\t<div class=\"elementor-widget-wrap elementor-element-populated\">\n\t\t\t\t\t\t<div class=\"elementor-element elementor-element-60d09cc sc_layouts_hide_on_mobile sc_fly_static elementor-widget elementor-widget-spacer\" data-id=\"60d09cc\" data-element_type=\"widget\" data-widget_type=\"spacer.default\">\n\t\t\t\t<div class=\"elementor-widget-container\">\n\t\t\t\t\t<div class=\"elementor-spacer\">\n\t\t\t<div class=\"elementor-spacer-inner\"><\/div>\n\t\t<\/div>\n\t\t\t\t<\/div>\n\t\t\t\t<\/div>\n\t\t\t\t<div class=\"elementor-element elementor-element-7b9cc4a sc_fly_static elementor-widget elementor-widget-text-editor\" data-id=\"7b9cc4a\" data-element_type=\"widget\" data-widget_type=\"text-editor.default\">\n\t\t\t\t<div class=\"elementor-widget-container\">\n\t\t\t\t\t\t\t<div class=\"max-width-container\"><div class=\"visual-content-left\"><h1 class=\"red font-bold font-large\"><span style=\"color: #9a2655;\">Avolink Arlon\/Neufchateau<\/span><\/h1><h4><span style=\"color: #847c61;\"><strong class=\"subtitle\">S\u00e9verine Lefevre<\/strong><\/span><\/h4><div class=\"visual-content\"><ul class=\"checkmark\"><li>Anw\u00e4lte &#8211; Generalisten in Ihrer N\u00e4he<\/li><li>Immer f\u00fcr Ihre Interessen da<\/li><li>Ein B\u00fcro mit zwei Adressen, um Sie noch besser bedienen zu k\u00f6nnen<\/li><\/ul><\/div><\/div><\/div>\t\t\t\t\t\t<\/div>\n\t\t\t\t<\/div>\n\t\t\t\t\t<\/div>\n\t\t<\/div>\n\t\t\t\t<div class=\"elementor-column elementor-col-33 elementor-top-column elementor-element elementor-element-0c5392e sc_inner_width_none sc_content_align_inherit sc_layouts_column_icons_position_left sc_fly_static\" data-id=\"0c5392e\" data-element_type=\"column\" data-settings=\"{&quot;background_background&quot;:&quot;classic&quot;}\">\n\t\t\t<div class=\"elementor-widget-wrap elementor-element-populated\">\n\t\t\t\t\t\t<div class=\"elementor-element elementor-element-7520dd0 sc_fly_static elementor-widget elementor-widget-spacer\" data-id=\"7520dd0\" data-element_type=\"widget\" data-widget_type=\"spacer.default\">\n\t\t\t\t<div class=\"elementor-widget-container\">\n\t\t\t\t\t<div class=\"elementor-spacer\">\n\t\t\t<div class=\"elementor-spacer-inner\"><\/div>\n\t\t<\/div>\n\t\t\t\t<\/div>\n\t\t\t\t<\/div>\n\t\t\t\t\t<\/div>\n\t\t<\/div>\n\t\t\t\t\t<\/div>\n\t\t<\/section>\n\t\t\t\t<section class=\"elementor-section elementor-top-section elementor-element elementor-element-2f63a08 elementor-section-boxed elementor-section-height-default elementor-section-height-default sc_fly_static\" data-id=\"2f63a08\" data-element_type=\"section\" data-settings=\"{&quot;background_background&quot;:&quot;classic&quot;}\">\n\t\t\t\t\t\t<div class=\"elementor-container elementor-column-gap-extended\">\n\t\t\t\t\t<div class=\"elementor-column elementor-col-100 elementor-top-column elementor-element elementor-element-0937262 sc_inner_width_none sc_content_align_inherit sc_layouts_column_icons_position_left sc_fly_static\" data-id=\"0937262\" data-element_type=\"column\">\n\t\t\t<div class=\"elementor-widget-wrap elementor-element-populated\">\n\t\t\t\t\t\t<div class=\"elementor-element elementor-element-9c3bbfe sc_height_huge sc_fly_static elementor-widget elementor-widget-spacer\" data-id=\"9c3bbfe\" data-element_type=\"widget\" data-widget_type=\"spacer.default\">\n\t\t\t\t<div class=\"elementor-widget-container\">\n\t\t\t\t\t<div class=\"elementor-spacer\">\n\t\t\t<div class=\"elementor-spacer-inner\"><\/div>\n\t\t<\/div>\n\t\t\t\t<\/div>\n\t\t\t\t<\/div>\n\t\t\t\t\t<\/div>\n\t\t<\/div>\n\t\t\t\t\t<\/div>\n\t\t<\/section>\n\t\t\t\t<section class=\"elementor-section elementor-top-section elementor-element elementor-element-87bf96a elementor-section-content-top elementor-reverse-mobile elementor-section-boxed elementor-section-height-default elementor-section-height-default sc_fly_static\" data-id=\"87bf96a\" data-element_type=\"section\" data-settings=\"{&quot;background_background&quot;:&quot;classic&quot;}\">\n\t\t\t\t\t\t<div class=\"elementor-container elementor-column-gap-extended\">\n\t\t\t\t\t<div class=\"elementor-column elementor-col-50 elementor-top-column elementor-element elementor-element-e710d77 sc_inner_width_none sc_content_align_inherit sc_layouts_column_icons_position_left sc_fly_static\" data-id=\"e710d77\" data-element_type=\"column\">\n\t\t\t<div class=\"elementor-widget-wrap elementor-element-populated\">\n\t\t\t\t\t\t<div class=\"elementor-element elementor-element-b7bec8e gallery-spacing-custom sc_fly_static elementor-widget elementor-widget-image-gallery\" data-id=\"b7bec8e\" data-element_type=\"widget\" data-widget_type=\"image-gallery.default\">\n\t\t\t\t<div class=\"elementor-widget-container\">\n\t\t\t\t\t<div class=\"elementor-image-gallery\">\n\t\t\t<div id='gallery-1' class='gallery galleryid-25186 gallery-columns-2 gallery-size-qwery-thumb-masonry-big'><figure class='gallery-item'>\n\t\t\t<div class='gallery-icon portrait'>\n\t\t\t\t<a data-elementor-open-lightbox=\"yes\" data-elementor-lightbox-slideshow=\"b7bec8e\" data-elementor-lightbox-title=\"Severine-Lefevre\" data-e-action-hash=\"#elementor-action%3Aaction%3Dlightbox%26settings%3DeyJpZCI6MjQzMDgsInVybCI6Imh0dHBzOlwvXC9hdm9saW5rLmJlXC93cC1jb250ZW50XC91cGxvYWRzXC8yMDI0XC8wM1wvU2V2ZXJpbmUtTGVmZXZyZS1zY2FsZWQuanBnIiwic2xpZGVzaG93IjoiYjdiZWM4ZSJ9\" href='https:\/\/avolink.be\/wp-content\/uploads\/2024\/03\/Severine-Lefevre-scaled.jpg'><img fetchpriority=\"high\" decoding=\"async\" width=\"840\" height=\"1260\" src=\"https:\/\/avolink.be\/wp-content\/uploads\/2024\/03\/Severine-Lefevre-840x1260.jpg\" class=\"attachment-qwery-thumb-masonry-big size-qwery-thumb-masonry-big\" alt=\"\" srcset=\"https:\/\/avolink.be\/wp-content\/uploads\/2024\/03\/Severine-Lefevre-840x1260.jpg 840w, https:\/\/avolink.be\/wp-content\/uploads\/2024\/03\/Severine-Lefevre-200x300.jpg 200w, https:\/\/avolink.be\/wp-content\/uploads\/2024\/03\/Severine-Lefevre-683x1024.jpg 683w, https:\/\/avolink.be\/wp-content\/uploads\/2024\/03\/Severine-Lefevre-768x1152.jpg 768w, https:\/\/avolink.be\/wp-content\/uploads\/2024\/03\/Severine-Lefevre-1024x1536.jpg 1024w, https:\/\/avolink.be\/wp-content\/uploads\/2024\/03\/Severine-Lefevre-1365x2048.jpg 1365w, https:\/\/avolink.be\/wp-content\/uploads\/2024\/03\/Severine-Lefevre-370x555.jpg 370w, https:\/\/avolink.be\/wp-content\/uploads\/2024\/03\/Severine-Lefevre-410x615.jpg 410w, https:\/\/avolink.be\/wp-content\/uploads\/2024\/03\/Severine-Lefevre-scaled.jpg 1707w\" sizes=\"(max-width: 840px) 100vw, 840px\" \/><\/a>\n\t\t\t<\/div><\/figure><figure class='gallery-item'>\n\t\t\t<div class='gallery-icon portrait'>\n\t\t\t\t<a data-elementor-open-lightbox=\"yes\" data-elementor-lightbox-slideshow=\"b7bec8e\" data-elementor-lightbox-title=\"1_ARL_2266-0261-01\" data-e-action-hash=\"#elementor-action%3Aaction%3Dlightbox%26settings%3DeyJpZCI6MjQzMDUsInVybCI6Imh0dHBzOlwvXC9hdm9saW5rLmJlXC93cC1jb250ZW50XC91cGxvYWRzXC8yMDI0XC8wM1wvMV9BUkxfMjI2Ni0wMjYxLTAxLXNjYWxlZC5qcGciLCJzbGlkZXNob3ciOiJiN2JlYzhlIn0%3D\" href='https:\/\/avolink.be\/wp-content\/uploads\/2024\/03\/1_ARL_2266-0261-01-scaled.jpg'><img decoding=\"async\" width=\"840\" height=\"1260\" src=\"https:\/\/avolink.be\/wp-content\/uploads\/2024\/03\/1_ARL_2266-0261-01-840x1260.jpg\" class=\"attachment-qwery-thumb-masonry-big size-qwery-thumb-masonry-big\" alt=\"\" srcset=\"https:\/\/avolink.be\/wp-content\/uploads\/2024\/03\/1_ARL_2266-0261-01-840x1260.jpg 840w, https:\/\/avolink.be\/wp-content\/uploads\/2024\/03\/1_ARL_2266-0261-01-200x300.jpg 200w, https:\/\/avolink.be\/wp-content\/uploads\/2024\/03\/1_ARL_2266-0261-01-683x1024.jpg 683w, https:\/\/avolink.be\/wp-content\/uploads\/2024\/03\/1_ARL_2266-0261-01-768x1152.jpg 768w, https:\/\/avolink.be\/wp-content\/uploads\/2024\/03\/1_ARL_2266-0261-01-1024x1536.jpg 1024w, https:\/\/avolink.be\/wp-content\/uploads\/2024\/03\/1_ARL_2266-0261-01-1365x2048.jpg 1365w, https:\/\/avolink.be\/wp-content\/uploads\/2024\/03\/1_ARL_2266-0261-01-370x555.jpg 370w, https:\/\/avolink.be\/wp-content\/uploads\/2024\/03\/1_ARL_2266-0261-01-410x615.jpg 410w, https:\/\/avolink.be\/wp-content\/uploads\/2024\/03\/1_ARL_2266-0261-01-scaled.jpg 1707w\" sizes=\"(max-width: 840px) 100vw, 840px\" \/><\/a>\n\t\t\t<\/div><\/figure>\n\t\t<\/div>\n\t\t<\/div>\n\t\t\t\t<\/div>\n\t\t\t\t<\/div>\n\t\t\t\t<div class=\"elementor-element elementor-element-0946fe1 gallery-spacing-custom sc_fly_static elementor-widget elementor-widget-image-gallery\" data-id=\"0946fe1\" data-element_type=\"widget\" data-widget_type=\"image-gallery.default\">\n\t\t\t\t<div class=\"elementor-widget-container\">\n\t\t\t\t\t<div class=\"elementor-image-gallery\">\n\t\t\t<div id='gallery-2' class='gallery galleryid-25186 gallery-columns-2 gallery-size-qwery-thumb-masonry-big'><figure class='gallery-item'>\n\t\t\t<div class='gallery-icon portrait'>\n\t\t\t\t<a data-elementor-open-lightbox=\"yes\" data-elementor-lightbox-slideshow=\"0946fe1\" data-elementor-lightbox-title=\"1_ARL_2266-0255-01\" data-e-action-hash=\"#elementor-action%3Aaction%3Dlightbox%26settings%3DeyJpZCI6MjQzMTQsInVybCI6Imh0dHBzOlwvXC9hdm9saW5rLmJlXC93cC1jb250ZW50XC91cGxvYWRzXC8yMDI0XC8wM1wvMV9BUkxfMjI2Ni0wMjU1LTAxLXNjYWxlZC5qcGciLCJzbGlkZXNob3ciOiIwOTQ2ZmUxIn0%3D\" href='https:\/\/avolink.be\/wp-content\/uploads\/2024\/03\/1_ARL_2266-0255-01-scaled.jpg'><img decoding=\"async\" width=\"840\" height=\"1260\" src=\"https:\/\/avolink.be\/wp-content\/uploads\/2024\/03\/1_ARL_2266-0255-01-840x1260.jpg\" class=\"attachment-qwery-thumb-masonry-big size-qwery-thumb-masonry-big\" alt=\"\" srcset=\"https:\/\/avolink.be\/wp-content\/uploads\/2024\/03\/1_ARL_2266-0255-01-840x1260.jpg 840w, https:\/\/avolink.be\/wp-content\/uploads\/2024\/03\/1_ARL_2266-0255-01-200x300.jpg 200w, https:\/\/avolink.be\/wp-content\/uploads\/2024\/03\/1_ARL_2266-0255-01-683x1024.jpg 683w, https:\/\/avolink.be\/wp-content\/uploads\/2024\/03\/1_ARL_2266-0255-01-768x1152.jpg 768w, https:\/\/avolink.be\/wp-content\/uploads\/2024\/03\/1_ARL_2266-0255-01-1024x1536.jpg 1024w, https:\/\/avolink.be\/wp-content\/uploads\/2024\/03\/1_ARL_2266-0255-01-1365x2048.jpg 1365w, https:\/\/avolink.be\/wp-content\/uploads\/2024\/03\/1_ARL_2266-0255-01-370x555.jpg 370w, https:\/\/avolink.be\/wp-content\/uploads\/2024\/03\/1_ARL_2266-0255-01-410x615.jpg 410w, https:\/\/avolink.be\/wp-content\/uploads\/2024\/03\/1_ARL_2266-0255-01-scaled.jpg 1707w\" sizes=\"(max-width: 840px) 100vw, 840px\" \/><\/a>\n\t\t\t<\/div><\/figure><figure class='gallery-item'>\n\t\t\t<div class='gallery-icon portrait'>\n\t\t\t\t<a data-elementor-open-lightbox=\"yes\" data-elementor-lightbox-slideshow=\"0946fe1\" data-elementor-lightbox-title=\"DSC_0113-NBkv\" data-e-action-hash=\"#elementor-action%3Aaction%3Dlightbox%26settings%3DeyJpZCI6MjQzMTEsInVybCI6Imh0dHBzOlwvXC9hdm9saW5rLmJlXC93cC1jb250ZW50XC91cGxvYWRzXC8yMDI0XC8wM1wvRFNDXzAxMTMtTkJrdi5qcGciLCJzbGlkZXNob3ciOiIwOTQ2ZmUxIn0%3D\" href='https:\/\/avolink.be\/wp-content\/uploads\/2024\/03\/DSC_0113-NBkv.jpg'><img loading=\"lazy\" decoding=\"async\" width=\"840\" height=\"1260\" src=\"https:\/\/avolink.be\/wp-content\/uploads\/2024\/03\/DSC_0113-NBkv-840x1260.jpg\" class=\"attachment-qwery-thumb-masonry-big size-qwery-thumb-masonry-big\" alt=\"\" srcset=\"https:\/\/avolink.be\/wp-content\/uploads\/2024\/03\/DSC_0113-NBkv-840x1260.jpg 840w, https:\/\/avolink.be\/wp-content\/uploads\/2024\/03\/DSC_0113-NBkv-200x300.jpg 200w, https:\/\/avolink.be\/wp-content\/uploads\/2024\/03\/DSC_0113-NBkv-683x1024.jpg 683w, https:\/\/avolink.be\/wp-content\/uploads\/2024\/03\/DSC_0113-NBkv-768x1152.jpg 768w, https:\/\/avolink.be\/wp-content\/uploads\/2024\/03\/DSC_0113-NBkv-1024x1536.jpg 1024w, https:\/\/avolink.be\/wp-content\/uploads\/2024\/03\/DSC_0113-NBkv-1365x2048.jpg 1365w, https:\/\/avolink.be\/wp-content\/uploads\/2024\/03\/DSC_0113-NBkv-370x555.jpg 370w, https:\/\/avolink.be\/wp-content\/uploads\/2024\/03\/DSC_0113-NBkv-410x615.jpg 410w, https:\/\/avolink.be\/wp-content\/uploads\/2024\/03\/DSC_0113-NBkv.jpg 1536w\" sizes=\"(max-width: 840px) 100vw, 840px\" \/><\/a>\n\t\t\t<\/div><\/figure>\n\t\t<\/div>\n\t\t<\/div>\n\t\t\t\t<\/div>\n\t\t\t\t<\/div>\n\t\t\t\t<div class=\"elementor-element elementor-element-911610f gallery-spacing-custom sc_fly_static elementor-widget elementor-widget-image-gallery\" data-id=\"911610f\" data-element_type=\"widget\" data-widget_type=\"image-gallery.default\">\n\t\t\t\t<div class=\"elementor-widget-container\">\n\t\t\t\t\t<div class=\"elementor-image-gallery\">\n\t\t\t<div id='gallery-3' class='gallery galleryid-25186 gallery-columns-1 gallery-size-qwery-thumb-masonry-big'><figure class='gallery-item'>\n\t\t\t<div class='gallery-icon portrait'>\n\t\t\t\t<a data-elementor-open-lightbox=\"yes\" data-elementor-lightbox-slideshow=\"911610f\" data-elementor-lightbox-title=\"kv-1\" data-e-action-hash=\"#elementor-action%3Aaction%3Dlightbox%26settings%3DeyJpZCI6MjQzMTcsInVybCI6Imh0dHBzOlwvXC9hdm9saW5rLmJlXC93cC1jb250ZW50XC91cGxvYWRzXC8yMDI0XC8wM1wva3YtMS5qcGciLCJzbGlkZXNob3ciOiI5MTE2MTBmIn0%3D\" href='https:\/\/avolink.be\/wp-content\/uploads\/2024\/03\/kv-1.jpg'><img loading=\"lazy\" decoding=\"async\" width=\"840\" height=\"1120\" src=\"https:\/\/avolink.be\/wp-content\/uploads\/2024\/03\/kv-1-840x1120.jpg\" class=\"attachment-qwery-thumb-masonry-big size-qwery-thumb-masonry-big\" alt=\"\" srcset=\"https:\/\/avolink.be\/wp-content\/uploads\/2024\/03\/kv-1-840x1120.jpg 840w, https:\/\/avolink.be\/wp-content\/uploads\/2024\/03\/kv-1-225x300.jpg 225w, https:\/\/avolink.be\/wp-content\/uploads\/2024\/03\/kv-1-768x1024.jpg 768w, https:\/\/avolink.be\/wp-content\/uploads\/2024\/03\/kv-1-1152x1536.jpg 1152w, https:\/\/avolink.be\/wp-content\/uploads\/2024\/03\/kv-1-370x493.jpg 370w, https:\/\/avolink.be\/wp-content\/uploads\/2024\/03\/kv-1-410x547.jpg 410w, https:\/\/avolink.be\/wp-content\/uploads\/2024\/03\/kv-1.jpg 1224w\" sizes=\"(max-width: 840px) 100vw, 840px\" \/><\/a>\n\t\t\t<\/div><\/figure>\n\t\t<\/div>\n\t\t<\/div>\n\t\t\t\t<\/div>\n\t\t\t\t<\/div>\n\t\t\t\t<div class=\"elementor-element elementor-element-10892c0 sc_fly_static elementor-widget elementor-widget-spacer\" data-id=\"10892c0\" data-element_type=\"widget\" data-widget_type=\"spacer.default\">\n\t\t\t\t<div class=\"elementor-widget-container\">\n\t\t\t\t\t<div class=\"elementor-spacer\">\n\t\t\t<div class=\"elementor-spacer-inner\"><\/div>\n\t\t<\/div>\n\t\t\t\t<\/div>\n\t\t\t\t<\/div>\n\t\t\t\t\t<\/div>\n\t\t<\/div>\n\t\t\t\t<div class=\"elementor-column elementor-col-50 elementor-top-column elementor-element elementor-element-0d6df0d sc_inner_width_none sc_content_align_inherit sc_layouts_column_icons_position_left sc_fly_static\" data-id=\"0d6df0d\" data-element_type=\"column\">\n\t\t\t<div class=\"elementor-widget-wrap elementor-element-populated\">\n\t\t\t\t\t\t<div class=\"elementor-element elementor-element-e8b384e sc_fly_static elementor-widget elementor-widget-text-editor\" data-id=\"e8b384e\" data-element_type=\"widget\" data-widget_type=\"text-editor.default\">\n\t\t\t\t<div class=\"elementor-widget-container\">\n\t\t\t\t\t\t\t<h2>Lefevre, Lepage &amp; Van Daele<\/h2><h4 class=\"paragraph-heading\"><span style=\"color: #9a2655;\">Adresse<\/span><\/h4><p>Grand-rue, 13 \u00e0 B<br \/>6760 VIRTON<\/p><h4><span style=\"color: #9a2655;\">Kontakt<\/span><\/h4><p>T. 063 \/ 58 86 90<br \/>Email: <a href=\"mailto:s.lefevre@llvd-avocats.be\">s.lefevre@llvd-avocats.be<\/a><br \/><a href=\"http:\/\/www.avocat-lefevre.be\/\" target=\"_blank\" rel=\"noopener\">www.avocat-lefevre.be<\/a><\/p><h4 class=\"paragraph-heading\"><span style=\"color: #9a2655;\">Kurze Beschreibung<br \/><\/span><\/h4><p>Unsere Kanzlei ist im Herzen von Gaume, in Virton, angesiedelt, um in der N\u00e4he unserer Kunden zu sein.<br \/>Eine zweite Adresse in Arlon soll den gesamten Bezirk abdecken und noch besser erreichbar sein.<br \/>Unsere Kanzlei strebt ein H\u00f6chstma\u00df an Verf\u00fcgbarkeit und Zuh\u00f6rbereitschaft an, um ihre Mandanten umfassend und sachdienlich beraten zu k\u00f6nnen. Dabei ist es sehr wichtig, gemeinsam nach der bestm\u00f6glichen L\u00f6sung des Problems zu suchen, und wir ziehen es vor, einen alternativen Weg einzuschlagen, wie z.B. Beratung und Verhandlung, Mediation und Schlichtung. Daher bereichert die Ausbildung zum Mediator, die wir erhalten haben, unser Profil.<\/p>\t\t\t\t\t\t<\/div>\n\t\t\t\t<\/div>\n\t\t\t\t<div class=\"elementor-element elementor-element-66a984e sc_fly_static elementor-widget elementor-widget-spacer\" data-id=\"66a984e\" data-element_type=\"widget\" data-widget_type=\"spacer.default\">\n\t\t\t\t<div class=\"elementor-widget-container\">\n\t\t\t\t\t<div class=\"elementor-spacer\">\n\t\t\t<div class=\"elementor-spacer-inner\"><\/div>\n\t\t<\/div>\n\t\t\t\t<\/div>\n\t\t\t\t<\/div>\n\t\t\t\t<div class=\"elementor-element elementor-element-bb27d92 sc_fly_static elementor-widget elementor-widget-heading\" data-id=\"bb27d92\" data-element_type=\"widget\" data-widget_type=\"heading.default\">\n\t\t\t\t<div class=\"elementor-widget-container\">\n\t\t\t<h4 class=\"elementor-heading-title elementor-size-default\">\" Unser Ansatz ist sehr pers\u00f6nlich und basiert auf gegenseitigem Vertrauen und vollst\u00e4ndiger Transparenz. \"<\/h4>\t\t<\/div>\n\t\t\t\t<\/div>\n\t\t\t\t<div class=\"elementor-element elementor-element-53eeb80 sc_fly_static elementor-widget elementor-widget-spacer\" data-id=\"53eeb80\" data-element_type=\"widget\" data-widget_type=\"spacer.default\">\n\t\t\t\t<div class=\"elementor-widget-container\">\n\t\t\t\t\t<div class=\"elementor-spacer\">\n\t\t\t<div class=\"elementor-spacer-inner\"><\/div>\n\t\t<\/div>\n\t\t\t\t<\/div>\n\t\t\t\t<\/div>\n\t\t\t\t<div class=\"elementor-element elementor-element-1c23ba4 sc_fly_static elementor-widget elementor-widget-text-editor\" data-id=\"1c23ba4\" data-element_type=\"widget\" data-widget_type=\"text-editor.default\">\n\t\t\t\t<div class=\"elementor-widget-container\">\n\t\t\t\t\t\t\t<p>Wir sind seit 20 Jahren \u00fcberzeugte Generalisten und dank unserer Erfahrung und Ausbildung in bevorzugten Angelegenheiten sind wir ein hervorragender Ansprechpartner unter anderem, aber nicht ausschlie\u00dflich, im Familienrecht, Jugendrecht, Mietrecht, Haftpflicht, Versicherungsrecht, Verkehrsrecht, Baurecht, Strafrecht, Handelsrecht usw., und dies f\u00fcr jedes Klientenprofil.<br \/>Unsere Anw\u00e4lte werden laufend in den neuesten Entwicklungen von Recht und Rechtsprechung geschult und weitergebildet.<\/p><p><br \/>Unser Hauptanliegen ist die kompetente, k\u00e4mpferische und respektvolle Vertretung der Interessen unserer Mandanten.<\/p><p><br \/>Zuh\u00f6ren hei\u00dft es bei uns und von dort aus gemeinsam transparent nach dem suchen, was man kann, soll oder eben vermeiden sollte. Die einzigartige Zusammenarbeit zwischen Mandant und Anwalt unterliegt der Diskretion, dem Berufsgeheimnis und der gegenseitigen Loyalit\u00e4t. So arbeiten wir.<\/p>\t\t\t\t\t\t<\/div>\n\t\t\t\t<\/div>\n\t\t\t\t<div class=\"elementor-element elementor-element-929032e sc_fly_static elementor-widget elementor-widget-spacer\" data-id=\"929032e\" data-element_type=\"widget\" data-widget_type=\"spacer.default\">\n\t\t\t\t<div class=\"elementor-widget-container\">\n\t\t\t\t\t<div class=\"elementor-spacer\">\n\t\t\t<div class=\"elementor-spacer-inner\"><\/div>\n\t\t<\/div>\n\t\t\t\t<\/div>\n\t\t\t\t<\/div>\n\t\t\t\t\t<\/div>\n\t\t<\/div>\n\t\t\t\t\t<\/div>\n\t\t<\/section>\n\t\t\t\t<section class=\"elementor-section elementor-top-section elementor-element elementor-element-f2d92c1 elementor-section-boxed elementor-section-height-default elementor-section-height-default sc_fly_static\" data-id=\"f2d92c1\" data-element_type=\"section\" data-settings=\"{&quot;background_background&quot;:&quot;classic&quot;}\">\n\t\t\t\t\t\t<div class=\"elementor-container elementor-column-gap-extended\">\n\t\t\t\t\t<div class=\"elementor-column elementor-col-100 elementor-top-column elementor-element elementor-element-b1d5957 sc_inner_width_none sc_content_align_inherit sc_layouts_column_icons_position_left sc_fly_static\" data-id=\"b1d5957\" data-element_type=\"column\">\n\t\t\t<div class=\"elementor-widget-wrap elementor-element-populated\">\n\t\t\t\t\t\t<div class=\"elementor-element elementor-element-d3fab7f sc_height_huge sc_fly_static elementor-widget elementor-widget-spacer\" data-id=\"d3fab7f\" data-element_type=\"widget\" data-widget_type=\"spacer.default\">\n\t\t\t\t<div class=\"elementor-widget-container\">\n\t\t\t\t\t<div class=\"elementor-spacer\">\n\t\t\t<div class=\"elementor-spacer-inner\"><\/div>\n\t\t<\/div>\n\t\t\t\t<\/div>\n\t\t\t\t<\/div>\n\t\t\t\t<div class=\"elementor-element elementor-element-e0299d4 sc_layouts_hide_on_tablet sc_layouts_hide_on_mobile sc_fly_static elementor-widget elementor-widget-spacer\" data-id=\"e0299d4\" data-element_type=\"widget\" data-widget_type=\"spacer.default\">\n\t\t\t\t<div class=\"elementor-widget-container\">\n\t\t\t\t\t<div class=\"elementor-spacer\">\n\t\t\t<div class=\"elementor-spacer-inner\"><\/div>\n\t\t<\/div>\n\t\t\t\t<\/div>\n\t\t\t\t<\/div>\n\t\t\t\t\t<\/div>\n\t\t<\/div>\n\t\t\t\t\t<\/div>\n\t\t<\/section>\n\t\t\t\t<\/div>\n\t\t","protected":false},"excerpt":{"rendered":"<p>Avolink Arlon\/Neufchateau S\u00e9verine Lefevre Anw\u00e4lte &#8211; Generalisten in Ihrer N\u00e4he Immer f\u00fcr Ihre Interessen da&hellip;<\/p>\n","protected":false},"author":1,"featured_media":0,"parent":25161,"menu_order":0,"comment_status":"closed","ping_status":"closed","template":"","meta":{"om_disable_all_campaigns":false,"_monsterinsights_skip_tracking":false,"_monsterinsights_sitenote_active":false,"_monsterinsights_sitenote_note":"","_monsterinsights_sitenote_category":0,"footnotes":""},"class_list":["post-25186","page","type-page","status-publish","hentry"],"aioseo_notices":[],"_links":{"self":[{"href":"https:\/\/avolink.be\/de\/wp-json\/wp\/v2\/pages\/25186","targetHints":{"allow":["GET"]}}],"collection":[{"href":"https:\/\/avolink.be\/de\/wp-json\/wp\/v2\/pages"}],"about":[{"href":"https:\/\/avolink.be\/de\/wp-json\/wp\/v2\/types\/page"}],"author":[{"embeddable":true,"href":"https:\/\/avolink.be\/de\/wp-json\/wp\/v2\/users\/1"}],"replies":[{"embeddable":true,"href":"https:\/\/avolink.be\/de\/wp-json\/wp\/v2\/comments?post=25186"}],"version-history":[{"count":6,"href":"https:\/\/avolink.be\/de\/wp-json\/wp\/v2\/pages\/25186\/revisions"}],"predecessor-version":[{"id":25548,"href":"https:\/\/avolink.be\/de\/wp-json\/wp\/v2\/pages\/25186\/revisions\/25548"}],"up":[{"embeddable":true,"href":"https:\/\/avolink.be\/de\/wp-json\/wp\/v2\/pages\/25161"}],"wp:attachment":[{"href":"https:\/\/avolink.be\/de\/wp-json\/wp\/v2\/media?parent=25186"}],"curies":[{"name":"wp","href":"https:\/\/api.w.org\/{rel}","templated":true}]}}