{"id":25236,"date":"2024-03-19T09:00:02","date_gmt":"2024-03-19T09:00:02","guid":{"rendered":"https:\/\/avo-link.eu\/?page_id=25236"},"modified":"2024-04-11T07:59:27","modified_gmt":"2024-04-11T07:59:27","slug":"avolink-hasselt","status":"publish","type":"page","link":"https:\/\/avolink.be\/de\/unsere-mitglieder\/avolink-hasselt\/","title":{"rendered":"Avolink-hasselt"},"content":{"rendered":"\t\t<div data-elementor-type=\"wp-page\" data-elementor-id=\"25236\" class=\"elementor elementor-25236 elementor-23053\">\n\t\t\t\t\t\t<section class=\"elementor-section elementor-top-section elementor-element elementor-element-be98a56 elementor-section-full_width elementor-section-height-default elementor-section-height-default sc_fly_static\" data-id=\"be98a56\" data-element_type=\"section\">\n\t\t\t\t\t\t<div class=\"elementor-container elementor-column-gap-extended\">\n\t\t\t\t\t<div class=\"elementor-column elementor-col-33 elementor-top-column elementor-element elementor-element-4cc5c93 sc_inner_width_none sc_content_align_inherit sc_layouts_column_icons_position_left sc_fly_static\" data-id=\"4cc5c93\" data-element_type=\"column\">\n\t\t\t<div class=\"elementor-widget-wrap elementor-element-populated\">\n\t\t\t\t\t\t<div class=\"elementor-element elementor-element-548b8af sc_fly_static elementor-widget elementor-widget-spacer\" data-id=\"548b8af\" data-element_type=\"widget\" data-widget_type=\"spacer.default\">\n\t\t\t\t<div class=\"elementor-widget-container\">\n\t\t\t\t\t<div class=\"elementor-spacer\">\n\t\t\t<div class=\"elementor-spacer-inner\"><\/div>\n\t\t<\/div>\n\t\t\t\t<\/div>\n\t\t\t\t<\/div>\n\t\t\t\t\t<\/div>\n\t\t<\/div>\n\t\t\t\t<div class=\"elementor-column elementor-col-33 elementor-top-column elementor-element elementor-element-796d16d sc_inner_width_none sc_content_align_inherit sc_layouts_column_icons_position_left sc_fly_static\" data-id=\"796d16d\" data-element_type=\"column\">\n\t\t\t<div class=\"elementor-widget-wrap elementor-element-populated\">\n\t\t\t\t\t\t<div class=\"elementor-element elementor-element-60d09cc sc_layouts_hide_on_mobile sc_fly_static elementor-widget elementor-widget-spacer\" data-id=\"60d09cc\" data-element_type=\"widget\" data-widget_type=\"spacer.default\">\n\t\t\t\t<div class=\"elementor-widget-container\">\n\t\t\t\t\t<div class=\"elementor-spacer\">\n\t\t\t<div class=\"elementor-spacer-inner\"><\/div>\n\t\t<\/div>\n\t\t\t\t<\/div>\n\t\t\t\t<\/div>\n\t\t\t\t<div class=\"elementor-element elementor-element-7b9cc4a sc_fly_static elementor-widget elementor-widget-text-editor\" data-id=\"7b9cc4a\" data-element_type=\"widget\" data-widget_type=\"text-editor.default\">\n\t\t\t\t<div class=\"elementor-widget-container\">\n\t\t\t\t\t\t\t<div class=\"max-width-container\"><div class=\"visual-content-left\"><h1 class=\"red font-bold font-large\"><span style=\"color: #9a2655;\">Avolink Hasselt<\/span><\/h1><h4><span style=\"color: #847c61;\"><strong class=\"subtitle\">Jan Swennen<\/strong><\/span><\/h4><div class=\"visual-content\"><div class=\"visual-content\"><div class=\"visual-content\"><ul class=\"checkmark\"><li>Unsere Anw\u00e4lte sind leicht erreichbar<\/li><li>Engagiert f\u00fcr Ihren Rechtsfall<\/li><li>Erfahrene und engagierte Anw\u00e4lte<\/li><\/ul><\/div><\/div><\/div><\/div><\/div>\t\t\t\t\t\t<\/div>\n\t\t\t\t<\/div>\n\t\t\t\t\t<\/div>\n\t\t<\/div>\n\t\t\t\t<div class=\"elementor-column elementor-col-33 elementor-top-column elementor-element elementor-element-0c5392e sc_inner_width_none sc_content_align_inherit sc_layouts_column_icons_position_left sc_fly_static\" data-id=\"0c5392e\" data-element_type=\"column\" data-settings=\"{&quot;background_background&quot;:&quot;classic&quot;}\">\n\t\t\t<div class=\"elementor-widget-wrap elementor-element-populated\">\n\t\t\t\t\t\t<div class=\"elementor-element elementor-element-7520dd0 sc_fly_static elementor-widget elementor-widget-spacer\" data-id=\"7520dd0\" data-element_type=\"widget\" data-widget_type=\"spacer.default\">\n\t\t\t\t<div class=\"elementor-widget-container\">\n\t\t\t\t\t<div class=\"elementor-spacer\">\n\t\t\t<div class=\"elementor-spacer-inner\"><\/div>\n\t\t<\/div>\n\t\t\t\t<\/div>\n\t\t\t\t<\/div>\n\t\t\t\t\t<\/div>\n\t\t<\/div>\n\t\t\t\t\t<\/div>\n\t\t<\/section>\n\t\t\t\t<section class=\"elementor-section elementor-top-section elementor-element elementor-element-2f63a08 elementor-section-boxed elementor-section-height-default elementor-section-height-default sc_fly_static\" data-id=\"2f63a08\" data-element_type=\"section\" data-settings=\"{&quot;background_background&quot;:&quot;classic&quot;}\">\n\t\t\t\t\t\t<div class=\"elementor-container elementor-column-gap-extended\">\n\t\t\t\t\t<div class=\"elementor-column elementor-col-100 elementor-top-column elementor-element elementor-element-0937262 sc_inner_width_none sc_content_align_inherit sc_layouts_column_icons_position_left sc_fly_static\" data-id=\"0937262\" data-element_type=\"column\">\n\t\t\t<div class=\"elementor-widget-wrap elementor-element-populated\">\n\t\t\t\t\t\t<div class=\"elementor-element elementor-element-9c3bbfe sc_height_huge sc_fly_static elementor-widget elementor-widget-spacer\" data-id=\"9c3bbfe\" data-element_type=\"widget\" data-widget_type=\"spacer.default\">\n\t\t\t\t<div class=\"elementor-widget-container\">\n\t\t\t\t\t<div class=\"elementor-spacer\">\n\t\t\t<div class=\"elementor-spacer-inner\"><\/div>\n\t\t<\/div>\n\t\t\t\t<\/div>\n\t\t\t\t<\/div>\n\t\t\t\t\t<\/div>\n\t\t<\/div>\n\t\t\t\t\t<\/div>\n\t\t<\/section>\n\t\t\t\t<section class=\"elementor-section elementor-top-section elementor-element elementor-element-87bf96a elementor-section-content-top elementor-reverse-mobile elementor-section-boxed elementor-section-height-default elementor-section-height-default sc_fly_static\" data-id=\"87bf96a\" data-element_type=\"section\" data-settings=\"{&quot;background_background&quot;:&quot;classic&quot;}\">\n\t\t\t\t\t\t<div class=\"elementor-container elementor-column-gap-extended\">\n\t\t\t\t\t<div class=\"elementor-column elementor-col-50 elementor-top-column elementor-element elementor-element-e710d77 sc_inner_width_none sc_content_align_inherit sc_layouts_column_icons_position_left sc_fly_static\" data-id=\"e710d77\" data-element_type=\"column\">\n\t\t\t<div class=\"elementor-widget-wrap elementor-element-populated\">\n\t\t\t\t\t\t<div class=\"elementor-element elementor-element-911610f gallery-spacing-custom sc_fly_static elementor-widget elementor-widget-image-gallery\" data-id=\"911610f\" data-element_type=\"widget\" data-widget_type=\"image-gallery.default\">\n\t\t\t\t<div class=\"elementor-widget-container\">\n\t\t\t\t\t<div class=\"elementor-image-gallery\">\n\t\t\t<div id='gallery-1' class='gallery galleryid-25236 gallery-columns-1 gallery-size-qwery-thumb-masonry-big'><figure class='gallery-item'>\n\t\t\t<div class='gallery-icon landscape'>\n\t\t\t\t<a data-elementor-open-lightbox=\"yes\" data-elementor-lightbox-slideshow=\"911610f\" data-elementor-lightbox-title=\"avolink-hasselt02\" data-e-action-hash=\"#elementor-action%3Aaction%3Dlightbox%26settings%3DeyJpZCI6MjQzNjgsInVybCI6Imh0dHBzOlwvXC9hdm9saW5rLmJlXC93cC1jb250ZW50XC91cGxvYWRzXC8yMDI0XC8wM1wvYXZvbGluay1oYXNzZWx0MDItc2NhbGVkLmpwZyIsInNsaWRlc2hvdyI6IjkxMTYxMGYifQ%3D%3D\" href='https:\/\/avolink.be\/wp-content\/uploads\/2024\/03\/avolink-hasselt02-scaled.jpg'><img fetchpriority=\"high\" decoding=\"async\" width=\"840\" height=\"473\" src=\"https:\/\/avolink.be\/wp-content\/uploads\/2024\/03\/avolink-hasselt02-840x473.jpg\" class=\"attachment-qwery-thumb-masonry-big size-qwery-thumb-masonry-big\" alt=\"\" srcset=\"https:\/\/avolink.be\/wp-content\/uploads\/2024\/03\/avolink-hasselt02-840x473.jpg 840w, https:\/\/avolink.be\/wp-content\/uploads\/2024\/03\/avolink-hasselt02-300x169.jpg 300w, https:\/\/avolink.be\/wp-content\/uploads\/2024\/03\/avolink-hasselt02-1024x576.jpg 1024w, https:\/\/avolink.be\/wp-content\/uploads\/2024\/03\/avolink-hasselt02-768x432.jpg 768w, https:\/\/avolink.be\/wp-content\/uploads\/2024\/03\/avolink-hasselt02-1536x864.jpg 1536w, https:\/\/avolink.be\/wp-content\/uploads\/2024\/03\/avolink-hasselt02-2048x1152.jpg 2048w, https:\/\/avolink.be\/wp-content\/uploads\/2024\/03\/avolink-hasselt02-370x208.jpg 370w, https:\/\/avolink.be\/wp-content\/uploads\/2024\/03\/avolink-hasselt02-1290x725.jpg 1290w, https:\/\/avolink.be\/wp-content\/uploads\/2024\/03\/avolink-hasselt02-410x231.jpg 410w, https:\/\/avolink.be\/wp-content\/uploads\/2024\/03\/avolink-hasselt02-270x152.jpg 270w\" sizes=\"(max-width: 840px) 100vw, 840px\" \/><\/a>\n\t\t\t<\/div><\/figure>\n\t\t<\/div>\n\t\t<\/div>\n\t\t\t\t<\/div>\n\t\t\t\t<\/div>\n\t\t\t\t<div class=\"elementor-element elementor-element-2e0fa46 gallery-spacing-custom sc_fly_static elementor-widget elementor-widget-image-gallery\" data-id=\"2e0fa46\" data-element_type=\"widget\" data-widget_type=\"image-gallery.default\">\n\t\t\t\t<div class=\"elementor-widget-container\">\n\t\t\t\t\t<div class=\"elementor-image-gallery\">\n\t\t\t<div id='gallery-2' class='gallery galleryid-25236 gallery-columns-2 gallery-size-qwery-thumb-masonry-big'><figure class='gallery-item'>\n\t\t\t<div class='gallery-icon landscape'>\n\t\t\t\t<a data-elementor-open-lightbox=\"yes\" data-elementor-lightbox-slideshow=\"2e0fa46\" data-elementor-lightbox-title=\"avolink-hasselt03\" data-e-action-hash=\"#elementor-action%3Aaction%3Dlightbox%26settings%3DeyJpZCI6MjQzNzEsInVybCI6Imh0dHBzOlwvXC9hdm9saW5rLmJlXC93cC1jb250ZW50XC91cGxvYWRzXC8yMDI0XC8wM1wvYXZvbGluay1oYXNzZWx0MDMtc2NhbGVkLmpwZyIsInNsaWRlc2hvdyI6IjJlMGZhNDYifQ%3D%3D\" href='https:\/\/avolink.be\/wp-content\/uploads\/2024\/03\/avolink-hasselt03-scaled.jpg'><img decoding=\"async\" width=\"840\" height=\"473\" src=\"https:\/\/avolink.be\/wp-content\/uploads\/2024\/03\/avolink-hasselt03-840x473.jpg\" class=\"attachment-qwery-thumb-masonry-big size-qwery-thumb-masonry-big\" alt=\"\" srcset=\"https:\/\/avolink.be\/wp-content\/uploads\/2024\/03\/avolink-hasselt03-840x473.jpg 840w, https:\/\/avolink.be\/wp-content\/uploads\/2024\/03\/avolink-hasselt03-300x169.jpg 300w, https:\/\/avolink.be\/wp-content\/uploads\/2024\/03\/avolink-hasselt03-1024x576.jpg 1024w, https:\/\/avolink.be\/wp-content\/uploads\/2024\/03\/avolink-hasselt03-768x432.jpg 768w, https:\/\/avolink.be\/wp-content\/uploads\/2024\/03\/avolink-hasselt03-1536x864.jpg 1536w, https:\/\/avolink.be\/wp-content\/uploads\/2024\/03\/avolink-hasselt03-2048x1152.jpg 2048w, https:\/\/avolink.be\/wp-content\/uploads\/2024\/03\/avolink-hasselt03-370x208.jpg 370w, https:\/\/avolink.be\/wp-content\/uploads\/2024\/03\/avolink-hasselt03-1290x725.jpg 1290w, https:\/\/avolink.be\/wp-content\/uploads\/2024\/03\/avolink-hasselt03-410x231.jpg 410w, https:\/\/avolink.be\/wp-content\/uploads\/2024\/03\/avolink-hasselt03-270x152.jpg 270w\" sizes=\"(max-width: 840px) 100vw, 840px\" \/><\/a>\n\t\t\t<\/div><\/figure><figure class='gallery-item'>\n\t\t\t<div class='gallery-icon landscape'>\n\t\t\t\t<a data-elementor-open-lightbox=\"yes\" data-elementor-lightbox-slideshow=\"2e0fa46\" data-elementor-lightbox-title=\"avolink-hasselt04\" data-e-action-hash=\"#elementor-action%3Aaction%3Dlightbox%26settings%3DeyJpZCI6MjQzNzQsInVybCI6Imh0dHBzOlwvXC9hdm9saW5rLmJlXC93cC1jb250ZW50XC91cGxvYWRzXC8yMDI0XC8wM1wvYXZvbGluay1oYXNzZWx0MDQuanBnIiwic2xpZGVzaG93IjoiMmUwZmE0NiJ9\" href='https:\/\/avolink.be\/wp-content\/uploads\/2024\/03\/avolink-hasselt04.jpg'><img decoding=\"async\" width=\"840\" height=\"631\" src=\"https:\/\/avolink.be\/wp-content\/uploads\/2024\/03\/avolink-hasselt04-840x631.jpg\" class=\"attachment-qwery-thumb-masonry-big size-qwery-thumb-masonry-big\" alt=\"\" srcset=\"https:\/\/avolink.be\/wp-content\/uploads\/2024\/03\/avolink-hasselt04-840x631.jpg 840w, https:\/\/avolink.be\/wp-content\/uploads\/2024\/03\/avolink-hasselt04-300x225.jpg 300w, https:\/\/avolink.be\/wp-content\/uploads\/2024\/03\/avolink-hasselt04-768x577.jpg 768w, https:\/\/avolink.be\/wp-content\/uploads\/2024\/03\/avolink-hasselt04-370x278.jpg 370w, https:\/\/avolink.be\/wp-content\/uploads\/2024\/03\/avolink-hasselt04-410x308.jpg 410w, https:\/\/avolink.be\/wp-content\/uploads\/2024\/03\/avolink-hasselt04.jpg 852w\" sizes=\"(max-width: 840px) 100vw, 840px\" \/><\/a>\n\t\t\t<\/div><\/figure>\n\t\t<\/div>\n\t\t<\/div>\n\t\t\t\t<\/div>\n\t\t\t\t<\/div>\n\t\t\t\t<div class=\"elementor-element elementor-element-10892c0 sc_fly_static elementor-widget elementor-widget-spacer\" data-id=\"10892c0\" data-element_type=\"widget\" data-widget_type=\"spacer.default\">\n\t\t\t\t<div class=\"elementor-widget-container\">\n\t\t\t\t\t<div class=\"elementor-spacer\">\n\t\t\t<div class=\"elementor-spacer-inner\"><\/div>\n\t\t<\/div>\n\t\t\t\t<\/div>\n\t\t\t\t<\/div>\n\t\t\t\t\t<\/div>\n\t\t<\/div>\n\t\t\t\t<div class=\"elementor-column elementor-col-50 elementor-top-column elementor-element elementor-element-0d6df0d sc_inner_width_none sc_content_align_inherit sc_layouts_column_icons_position_left sc_fly_static\" data-id=\"0d6df0d\" data-element_type=\"column\">\n\t\t\t<div class=\"elementor-widget-wrap elementor-element-populated\">\n\t\t\t\t\t\t<div class=\"elementor-element elementor-element-e8b384e sc_fly_static elementor-widget elementor-widget-text-editor\" data-id=\"e8b384e\" data-element_type=\"widget\" data-widget_type=\"text-editor.default\">\n\t\t\t\t<div class=\"elementor-widget-container\">\n\t\t\t\t\t\t\t<h2 class=\"content-title\">GEVACO Advocaten<\/h2><h4 class=\"paragraph-heading\"><span style=\"color: #9a2655;\">Adresse<\/span><\/h4><p>Paalsesteenweg 81<br \/>3580 Beringen<\/p><h4><span style=\"color: #9a2655;\">Kontakt<\/span><\/h4><p>T. 011 \/ 42 53 00<br \/>Email: <a href=\"mailto:jan.swennen@gevaco.be\">jan.swennen@gevaco.be<\/a><br \/><a href=\"https:\/\/advocatenbureau-gevaco.be\/\" target=\"_blank\" rel=\"noopener\">www.advocatenbureau-gevaco.be<\/a><\/p><h4 class=\"paragraph-heading\"><span style=\"color: #9a2655;\">Kurze Beschreibung<br \/><\/span><\/h4><p>GEVACO ADVOCATEN gilt als eine der ersten Anwaltsvereinigungen in Limburg. Der Grundstein unserer Kanzlei wurde vor mehr als 60 Jahren von den Herren Hubert Geyskens und Alfons Vandeurzen gelegt. Das st\u00e4ndige Streben nach einer umfassenden und qualitativ hochwertigen Dienstleistung f\u00fchrt heute zu einem juristischen Wissenszentrum mit mehr als 45 Mitarbeitern.<br \/>Von Beringen aus beraten und vertreten wir die Interessen einer nationalen und internationalen Klientel von Privatpersonen, Unternehmen und staatlichen Institutionen.<\/p><p><br \/>Unsere Anw\u00e4ltinnen und Anw\u00e4lte sind sowohl in der Prozessf\u00fchrung als auch in der Mediation und Beratung f\u00fcr unsere Klienten stark und arbeiten nach dem &#8222;one stop shop&#8220;-Modell. Wir bieten spezialisierten Rechtsbeistand f\u00fcr gewerbliche und private Streitparteien in verschiedenen Rechtsbereichen. Jeder Anwalt ist ein Spezialist auf seinem Gebiet. Die Mandanten unserer Kanzlei sind st\u00e4rker, weil wir unser Wissen miteinander teilen. Daher streben wir nach Einheit in der Vielfalt.<\/p><p>\u00a0<\/p>\t\t\t\t\t\t<\/div>\n\t\t\t\t<\/div>\n\t\t\t\t<div class=\"elementor-element elementor-element-66a984e sc_fly_static elementor-widget elementor-widget-spacer\" data-id=\"66a984e\" data-element_type=\"widget\" data-widget_type=\"spacer.default\">\n\t\t\t\t<div class=\"elementor-widget-container\">\n\t\t\t\t\t<div class=\"elementor-spacer\">\n\t\t\t<div class=\"elementor-spacer-inner\"><\/div>\n\t\t<\/div>\n\t\t\t\t<\/div>\n\t\t\t\t<\/div>\n\t\t\t\t<div class=\"elementor-element elementor-element-bb27d92 sc_fly_static elementor-widget elementor-widget-heading\" data-id=\"bb27d92\" data-element_type=\"widget\" data-widget_type=\"heading.default\">\n\t\t\t\t<div class=\"elementor-widget-container\">\n\t\t\t<h4 class=\"elementor-heading-title elementor-size-default\">\" Wissen und Erfahrung seit 1950! \"<\/h4>\t\t<\/div>\n\t\t\t\t<\/div>\n\t\t\t\t<div class=\"elementor-element elementor-element-53eeb80 sc_fly_static elementor-widget elementor-widget-spacer\" data-id=\"53eeb80\" data-element_type=\"widget\" data-widget_type=\"spacer.default\">\n\t\t\t\t<div class=\"elementor-widget-container\">\n\t\t\t\t\t<div class=\"elementor-spacer\">\n\t\t\t<div class=\"elementor-spacer-inner\"><\/div>\n\t\t<\/div>\n\t\t\t\t<\/div>\n\t\t\t\t<\/div>\n\t\t\t\t<div class=\"elementor-element elementor-element-1c23ba4 sc_fly_static elementor-widget elementor-widget-text-editor\" data-id=\"1c23ba4\" data-element_type=\"widget\" data-widget_type=\"text-editor.default\">\n\t\t\t\t<div class=\"elementor-widget-container\">\n\t\t\t\t\t\t\t<p>Unsere Vereinigung ist Mitglied des nationalen Anwaltsnetzwerks Avolink. Im Jahr 2013 wurde unsere Kanzlei bei den Belgian Legal Awards als &#8222;beste Anwaltskanzlei in Flandern&#8220; ausgezeichnet.<\/p><p>GEVACO ADVOCATES hat sich auf die folgenden Bereiche spezialisiert:<\/p><ul><li>Verwaltungsrecht<\/li><li>Arbeitsrecht und Sozialversicherungsrecht<\/li><li>Haftungsrecht<\/li><li>Baurecht<\/li><li>Familienrecht<\/li><li>Steuerrecht<\/li><li>Handelsrecht<\/li><li>Strafrecht<\/li><li>Gesellschaftsrecht<\/li><li>Verkehrs- und Versicherungsrecht<\/li><\/ul>\t\t\t\t\t\t<\/div>\n\t\t\t\t<\/div>\n\t\t\t\t<div class=\"elementor-element elementor-element-929032e sc_fly_static elementor-widget elementor-widget-spacer\" data-id=\"929032e\" data-element_type=\"widget\" data-widget_type=\"spacer.default\">\n\t\t\t\t<div class=\"elementor-widget-container\">\n\t\t\t\t\t<div class=\"elementor-spacer\">\n\t\t\t<div class=\"elementor-spacer-inner\"><\/div>\n\t\t<\/div>\n\t\t\t\t<\/div>\n\t\t\t\t<\/div>\n\t\t\t\t\t<\/div>\n\t\t<\/div>\n\t\t\t\t\t<\/div>\n\t\t<\/section>\n\t\t\t\t<section class=\"elementor-section elementor-top-section elementor-element elementor-element-f2d92c1 elementor-section-boxed elementor-section-height-default elementor-section-height-default sc_fly_static\" data-id=\"f2d92c1\" data-element_type=\"section\" data-settings=\"{&quot;background_background&quot;:&quot;classic&quot;}\">\n\t\t\t\t\t\t<div class=\"elementor-container elementor-column-gap-extended\">\n\t\t\t\t\t<div class=\"elementor-column elementor-col-100 elementor-top-column elementor-element elementor-element-b1d5957 sc_inner_width_none sc_content_align_inherit sc_layouts_column_icons_position_left sc_fly_static\" data-id=\"b1d5957\" data-element_type=\"column\">\n\t\t\t<div class=\"elementor-widget-wrap elementor-element-populated\">\n\t\t\t\t\t\t<div class=\"elementor-element elementor-element-d3fab7f sc_height_huge sc_fly_static elementor-widget elementor-widget-spacer\" data-id=\"d3fab7f\" data-element_type=\"widget\" data-widget_type=\"spacer.default\">\n\t\t\t\t<div class=\"elementor-widget-container\">\n\t\t\t\t\t<div class=\"elementor-spacer\">\n\t\t\t<div class=\"elementor-spacer-inner\"><\/div>\n\t\t<\/div>\n\t\t\t\t<\/div>\n\t\t\t\t<\/div>\n\t\t\t\t<div class=\"elementor-element elementor-element-e0299d4 sc_layouts_hide_on_tablet sc_layouts_hide_on_mobile sc_fly_static elementor-widget elementor-widget-spacer\" data-id=\"e0299d4\" data-element_type=\"widget\" data-widget_type=\"spacer.default\">\n\t\t\t\t<div class=\"elementor-widget-container\">\n\t\t\t\t\t<div class=\"elementor-spacer\">\n\t\t\t<div class=\"elementor-spacer-inner\"><\/div>\n\t\t<\/div>\n\t\t\t\t<\/div>\n\t\t\t\t<\/div>\n\t\t\t\t\t<\/div>\n\t\t<\/div>\n\t\t\t\t\t<\/div>\n\t\t<\/section>\n\t\t\t\t<\/div>\n\t\t","protected":false},"excerpt":{"rendered":"<p>Avolink Hasselt Jan Swennen Unsere Anw\u00e4lte sind leicht erreichbar Engagiert f\u00fcr Ihren Rechtsfall Erfahrene und&hellip;<\/p>\n","protected":false},"author":1,"featured_media":0,"parent":25161,"menu_order":0,"comment_status":"closed","ping_status":"closed","template":"","meta":{"om_disable_all_campaigns":false,"_monsterinsights_skip_tracking":false,"_monsterinsights_sitenote_active":false,"_monsterinsights_sitenote_note":"","_monsterinsights_sitenote_category":0,"footnotes":""},"class_list":["post-25236","page","type-page","status-publish","hentry"],"aioseo_notices":[],"_links":{"self":[{"href":"https:\/\/avolink.be\/de\/wp-json\/wp\/v2\/pages\/25236","targetHints":{"allow":["GET"]}}],"collection":[{"href":"https:\/\/avolink.be\/de\/wp-json\/wp\/v2\/pages"}],"about":[{"href":"https:\/\/avolink.be\/de\/wp-json\/wp\/v2\/types\/page"}],"author":[{"embeddable":true,"href":"https:\/\/avolink.be\/de\/wp-json\/wp\/v2\/users\/1"}],"replies":[{"embeddable":true,"href":"https:\/\/avolink.be\/de\/wp-json\/wp\/v2\/comments?post=25236"}],"version-history":[{"count":8,"href":"https:\/\/avolink.be\/de\/wp-json\/wp\/v2\/pages\/25236\/revisions"}],"predecessor-version":[{"id":25953,"href":"https:\/\/avolink.be\/de\/wp-json\/wp\/v2\/pages\/25236\/revisions\/25953"}],"up":[{"embeddable":true,"href":"https:\/\/avolink.be\/de\/wp-json\/wp\/v2\/pages\/25161"}],"wp:attachment":[{"href":"https:\/\/avolink.be\/de\/wp-json\/wp\/v2\/media?parent=25236"}],"curies":[{"name":"wp","href":"https:\/\/api.w.org\/{rel}","templated":true}]}}