{"id":26109,"date":"2024-04-25T08:27:10","date_gmt":"2024-04-25T08:27:10","guid":{"rendered":"https:\/\/avolink.be\/?page_id=26109"},"modified":"2024-06-03T09:40:36","modified_gmt":"2024-06-03T09:40:36","slug":"impressum-datenschutzerklaerung","status":"publish","type":"page","link":"https:\/\/avolink.be\/de\/impressum-datenschutzerklaerung\/","title":{"rendered":"Impressum &#038; Datenschutzerkl\u00e4rung"},"content":{"rendered":"\t\t<div data-elementor-type=\"wp-page\" data-elementor-id=\"26109\" class=\"elementor elementor-26109 elementor-26080\">\n\t\t\t\t\t\t<section class=\"elementor-section elementor-top-section elementor-element elementor-element-9e0f483 elementor-section-boxed elementor-section-height-default elementor-section-height-default sc_fly_static\" data-id=\"9e0f483\" data-element_type=\"section\" data-settings=\"{&quot;background_background&quot;:&quot;classic&quot;}\">\n\t\t\t\t\t\t<div class=\"elementor-container elementor-column-gap-extended\">\n\t\t\t\t\t<div class=\"elementor-column elementor-col-100 elementor-top-column elementor-element elementor-element-147c02f sc_inner_width_none sc_content_align_inherit sc_layouts_column_icons_position_left sc_fly_static\" data-id=\"147c02f\" data-element_type=\"column\">\n\t\t\t<div class=\"elementor-widget-wrap elementor-element-populated\">\n\t\t\t\t\t\t<div class=\"elementor-element elementor-element-cdd9926 sc_fly_static elementor-widget elementor-widget-spacer\" data-id=\"cdd9926\" data-element_type=\"widget\" data-widget_type=\"spacer.default\">\n\t\t\t\t<div class=\"elementor-widget-container\">\n\t\t\t\t\t<div class=\"elementor-spacer\">\n\t\t\t<div class=\"elementor-spacer-inner\"><\/div>\n\t\t<\/div>\n\t\t\t\t<\/div>\n\t\t\t\t<\/div>\n\t\t\t\t<div class=\"elementor-element elementor-element-1991fc9 sc_fly_static elementor-widget elementor-widget-trx_sc_title\" data-id=\"1991fc9\" data-element_type=\"widget\" data-widget_type=\"trx_sc_title.default\">\n\t\t\t\t<div class=\"elementor-widget-container\">\n\t\t\t<div\t\tclass=\"sc_title sc_title_default\" ><h1 class=\"sc_item_title sc_title_title sc_align_center sc_item_title_style_default sc_item_title_tag trx_addons_inline_1340749459\"\n\t\t\t><span class=\"sc_item_title_text\">Impressum & Datenschutzerkl\u00e4rung<\/span><\/h1><\/div>\t\t<\/div>\n\t\t\t\t<\/div>\n\t\t\t\t<div class=\"elementor-element elementor-element-40cf3fb sc_fly_static elementor-widget elementor-widget-spacer\" data-id=\"40cf3fb\" data-element_type=\"widget\" data-widget_type=\"spacer.default\">\n\t\t\t\t<div class=\"elementor-widget-container\">\n\t\t\t\t\t<div class=\"elementor-spacer\">\n\t\t\t<div class=\"elementor-spacer-inner\"><\/div>\n\t\t<\/div>\n\t\t\t\t<\/div>\n\t\t\t\t<\/div>\n\t\t\t\t\t<\/div>\n\t\t<\/div>\n\t\t\t\t\t<\/div>\n\t\t<\/section>\n\t\t\t\t<section class=\"elementor-section elementor-top-section elementor-element elementor-element-b3782cb elementor-section-boxed elementor-section-height-default elementor-section-height-default sc_fly_static\" data-id=\"b3782cb\" data-element_type=\"section\">\n\t\t\t\t\t\t<div class=\"elementor-container elementor-column-gap-extended\">\n\t\t\t\t\t<div class=\"elementor-column elementor-col-100 elementor-top-column elementor-element elementor-element-aa1744c sc_inner_width_none sc_content_align_inherit sc_layouts_column_icons_position_left sc_fly_static\" data-id=\"aa1744c\" data-element_type=\"column\">\n\t\t\t<div class=\"elementor-widget-wrap elementor-element-populated\">\n\t\t\t\t\t\t<div class=\"elementor-element elementor-element-eddff05 sc_fly_static elementor-widget elementor-widget-spacer\" data-id=\"eddff05\" data-element_type=\"widget\" data-widget_type=\"spacer.default\">\n\t\t\t\t<div class=\"elementor-widget-container\">\n\t\t\t\t\t<div class=\"elementor-spacer\">\n\t\t\t<div class=\"elementor-spacer-inner\"><\/div>\n\t\t<\/div>\n\t\t\t\t<\/div>\n\t\t\t\t<\/div>\n\t\t\t\t\t<\/div>\n\t\t<\/div>\n\t\t\t\t\t<\/div>\n\t\t<\/section>\n\t\t\t\t<section class=\"elementor-section elementor-top-section elementor-element elementor-element-0372068 elementor-section-boxed elementor-section-height-default elementor-section-height-default sc_fly_static\" data-id=\"0372068\" data-element_type=\"section\">\n\t\t\t\t\t\t<div class=\"elementor-container elementor-column-gap-extended\">\n\t\t\t\t\t<div class=\"elementor-column elementor-col-50 elementor-top-column elementor-element elementor-element-69a7d3e sc_inner_width_none sc_content_align_inherit sc_layouts_column_icons_position_left sc_fly_static\" data-id=\"69a7d3e\" data-element_type=\"column\">\n\t\t\t<div class=\"elementor-widget-wrap elementor-element-populated\">\n\t\t\t\t\t\t<div class=\"elementor-element elementor-element-043939d sc_fly_static elementor-widget elementor-widget-text-editor\" data-id=\"043939d\" data-element_type=\"widget\" data-widget_type=\"text-editor.default\">\n\t\t\t\t<div class=\"elementor-widget-container\">\n\t\t\t\t\t\t\t<h3>Verantwortlicher Herausgeber<\/h3><p><strong>Avolink EESV<br \/>Winston Churchillaan 51<br \/>B-1180 Br\u00fcssel<\/strong><\/p>\t\t\t\t\t\t<\/div>\n\t\t\t\t<\/div>\n\t\t\t\t<div class=\"elementor-element elementor-element-8a3b2a6 sc_height_medium elementor-widget-divider--view-line sc_fly_static elementor-widget elementor-widget-divider\" data-id=\"8a3b2a6\" data-element_type=\"widget\" data-widget_type=\"divider.default\">\n\t\t\t\t<div class=\"elementor-widget-container\">\n\t\t\t\t\t<div class=\"elementor-divider\">\n\t\t\t<span class=\"elementor-divider-separator\">\n\t\t\t\t\t\t<\/span>\n\t\t<\/div>\n\t\t\t\t<\/div>\n\t\t\t\t<\/div>\n\t\t\t\t<div class=\"elementor-element elementor-element-9696031 sc_fly_static elementor-widget elementor-widget-text-editor\" data-id=\"9696031\" data-element_type=\"widget\" data-widget_type=\"text-editor.default\">\n\t\t\t\t<div class=\"elementor-widget-container\">\n\t\t\t\t\t\t\t<h3>Copyright<\/h3>\n<p>\u00a9 2024 Avolink, alle Rechte vorbehalten.<\/p><p>\u00a9 Bilder: Avolink, von allen genannten Mitgliedern des Avolink Netzwerkes, Adobe Stock<br><\/p>\n<p>Alle Texte, Abbildungen und sonstigen Inhalte sind urheberrechtlich gesch\u00fctzt. Jede Vervielf\u00e4ltigung oder Weiterverbreitung ohne vorherige schriftliche Zustimmung ist strengstens untersagt.<\/p>\n<p><\/p>\t\t\t\t\t\t<\/div>\n\t\t\t\t<\/div>\n\t\t\t\t<div class=\"elementor-element elementor-element-c0a09ee sc_height_medium elementor-widget-divider--view-line sc_fly_static elementor-widget elementor-widget-divider\" data-id=\"c0a09ee\" data-element_type=\"widget\" data-widget_type=\"divider.default\">\n\t\t\t\t<div class=\"elementor-widget-container\">\n\t\t\t\t\t<div class=\"elementor-divider\">\n\t\t\t<span class=\"elementor-divider-separator\">\n\t\t\t\t\t\t<\/span>\n\t\t<\/div>\n\t\t\t\t<\/div>\n\t\t\t\t<\/div>\n\t\t\t\t<div class=\"elementor-element elementor-element-4f97451 sc_fly_static elementor-widget elementor-widget-text-editor\" data-id=\"4f97451\" data-element_type=\"widget\" data-widget_type=\"text-editor.default\">\n\t\t\t\t<div class=\"elementor-widget-container\">\n\t\t\t\t\t\t\t<div class=\"elementor-element elementor-element-5d9cd11 sc_fly_static elementor-widget elementor-widget-text-editor trx_addons_parallax_layers_inited trx_addons_parallax_blocks_inited\" data-id=\"5d9cd11\" data-element_type=\"widget\" data-widget_type=\"text-editor.default\"><div class=\"elementor-widget-container\"><h4>Webdesign<\/h4><p><strong>Indigoweb s\u00e0rl<\/strong><strong><br \/><\/strong>Z.I. In den Allern 6<br \/>L-9911 Troisvierges<\/p><p><a href=\"https:\/\/indigo.info\/\" target=\"_blank\" rel=\"noopener\">www.indigo.info<\/a><\/p><\/div><\/div>\t\t\t\t\t\t<\/div>\n\t\t\t\t<\/div>\n\t\t\t\t<div class=\"elementor-element elementor-element-356c73b sc_height_medium elementor-widget-divider--view-line sc_fly_static elementor-widget elementor-widget-divider\" data-id=\"356c73b\" data-element_type=\"widget\" data-widget_type=\"divider.default\">\n\t\t\t\t<div class=\"elementor-widget-container\">\n\t\t\t\t\t<div class=\"elementor-divider\">\n\t\t\t<span class=\"elementor-divider-separator\">\n\t\t\t\t\t\t<\/span>\n\t\t<\/div>\n\t\t\t\t<\/div>\n\t\t\t\t<\/div>\n\t\t\t\t<div class=\"elementor-element elementor-element-cf9fda8 sc_fly_static elementor-widget elementor-widget-text-editor\" data-id=\"cf9fda8\" data-element_type=\"widget\" data-widget_type=\"text-editor.default\">\n\t\t\t\t<div class=\"elementor-widget-container\">\n\t\t\t\t\t\t\t<div class=\"elementor-element elementor-element-5d9cd11 sc_fly_static elementor-widget elementor-widget-text-editor trx_addons_parallax_layers_inited trx_addons_parallax_blocks_inited\" data-id=\"5d9cd11\" data-element_type=\"widget\" data-widget_type=\"text-editor.default\"><div class=\"elementor-widget-container\"><div class=\"elementor-element elementor-element-f0de2ea sc_fly_static elementor-widget elementor-widget-text-editor trx_addons_parallax_layers_inited trx_addons_parallax_blocks_inited\" data-id=\"f0de2ea\" data-element_type=\"widget\" data-widget_type=\"text-editor.default\"><div class=\"elementor-widget-container\"><h4>Webhosting \/ Datacenter<\/h4><p>Host Europe GmbH<br \/>Welserstra\u00dfe 14<br \/>51149 Cologne<br \/>Germany<\/p><p>REG ID: HRB 28495<\/p><p>VAT ID: DE187370678<\/p><\/div><\/div><\/div><\/div>\t\t\t\t\t\t<\/div>\n\t\t\t\t<\/div>\n\t\t\t\t<div class=\"elementor-element elementor-element-d367825 sc_height_medium elementor-widget-divider--view-line sc_fly_static elementor-widget elementor-widget-divider\" data-id=\"d367825\" data-element_type=\"widget\" data-widget_type=\"divider.default\">\n\t\t\t\t<div class=\"elementor-widget-container\">\n\t\t\t\t\t<div class=\"elementor-divider\">\n\t\t\t<span class=\"elementor-divider-separator\">\n\t\t\t\t\t\t<\/span>\n\t\t<\/div>\n\t\t\t\t<\/div>\n\t\t\t\t<\/div>\n\t\t\t\t<div class=\"elementor-element elementor-element-b10c076 sc_fly_static elementor-widget elementor-widget-text-editor\" data-id=\"b10c076\" data-element_type=\"widget\" data-widget_type=\"text-editor.default\">\n\t\t\t\t<div class=\"elementor-widget-container\">\n\t\t\t\t\t\t\t<div class=\"elementor-element elementor-element-5d9cd11 sc_fly_static elementor-widget elementor-widget-text-editor trx_addons_parallax_layers_inited trx_addons_parallax_blocks_inited\" data-id=\"5d9cd11\" data-element_type=\"widget\" data-widget_type=\"text-editor.default\"><div class=\"elementor-widget-container\"><h3>Rechtliche Informationen und Nutzungsbedingungen<\/h3><h4>Bedingungen f\u00fcr den Zugang zur Website<\/h4><p>Jede Person (nachstehend &#8222;Nutzer&#8220; genannt), die auf diese Website zugreift, akzeptiert vorbehaltlos alle Bedingungen f\u00fcr die Nutzung der Website.<br \/>Der Zugriff auf die Website ist jederzeit und weltweit m\u00f6glich. Der Nutzer, der auf die Website zugreift, ist allein f\u00fcr die Einhaltung der in seinem Wohnsitzland oder in dem Land, von dem aus die Website besucht wird, geltenden Gesetze und Vorschriften verantwortlich.<\/p><\/div><\/div>\t\t\t\t\t\t<\/div>\n\t\t\t\t<\/div>\n\t\t\t\t<div class=\"elementor-element elementor-element-fb521f0 sc_height_medium elementor-widget-divider--view-line sc_fly_static elementor-widget elementor-widget-divider\" data-id=\"fb521f0\" data-element_type=\"widget\" data-widget_type=\"divider.default\">\n\t\t\t\t<div class=\"elementor-widget-container\">\n\t\t\t\t\t<div class=\"elementor-divider\">\n\t\t\t<span class=\"elementor-divider-separator\">\n\t\t\t\t\t\t<\/span>\n\t\t<\/div>\n\t\t\t\t<\/div>\n\t\t\t\t<\/div>\n\t\t\t\t<div class=\"elementor-element elementor-element-dd4d85a sc_fly_static elementor-widget elementor-widget-text-editor\" data-id=\"dd4d85a\" data-element_type=\"widget\" data-widget_type=\"text-editor.default\">\n\t\t\t\t<div class=\"elementor-widget-container\">\n\t\t\t\t\t\t\t<div class=\"elementor-element elementor-element-5d9cd11 sc_fly_static elementor-widget elementor-widget-text-editor trx_addons_parallax_layers_inited trx_addons_parallax_blocks_inited\" data-id=\"5d9cd11\" data-element_type=\"widget\" data-widget_type=\"text-editor.default\"><div class=\"elementor-widget-container\"><h4>Disclaimer<\/h4><p>Obwohl alle Angaben auf der Website sorgf\u00e4ltig gepr\u00fcft wurden, werden sie nur zu Informationszwecken verbreitet. Der Herausgeber kann unter keinen Umst\u00e4nden f\u00fcr die Richtigkeit der bereitgestellten Informationen verantwortlich gemacht werden oder eine Garantie f\u00fcr deren Vollst\u00e4ndigkeit, Genauigkeit oder Aktualit\u00e4t \u00fcbernehmen. Alle Angaben erfolgen vorbehaltlich von \u00c4nderungen, Irrt\u00fcmern oder Auslassungen.<br \/>Der Herausgeber \u00fcbernimmt auch keine Haftung f\u00fcr fremde Inhalte, auf die in der Website durch Hyperlinks verwiesen wird.<br \/>Schlie\u00dflich \u00fcbernimmt der Herausgeber keine Haftung und schlie\u00dft Gew\u00e4hrleistungsanspr\u00fcche im Falle eines Ausfalls oder einer Fehlfunktion der Website aus. Der Herausgeber kann nicht f\u00fcr direkte oder indirekte Sch\u00e4den haftbar gemacht werden, die dem Nutzer durch den Zugriff oder die Nutzung der Website entstehen.<\/p><\/div><\/div>\t\t\t\t\t\t<\/div>\n\t\t\t\t<\/div>\n\t\t\t\t\t<\/div>\n\t\t<\/div>\n\t\t\t\t<div class=\"elementor-column elementor-col-50 elementor-top-column elementor-element elementor-element-3532c1c sc_inner_width_none sc_content_align_inherit sc_layouts_column_icons_position_left sc_fly_static\" data-id=\"3532c1c\" data-element_type=\"column\">\n\t\t\t<div class=\"elementor-widget-wrap elementor-element-populated\">\n\t\t\t\t\t\t<div class=\"elementor-element elementor-element-46b35e4 sc_fly_static elementor-widget elementor-widget-text-editor\" data-id=\"46b35e4\" data-element_type=\"widget\" data-widget_type=\"text-editor.default\">\n\t\t\t\t<div class=\"elementor-widget-container\">\n\t\t\t\t\t\t\t<div class=\"elementor-element elementor-element-c53d356 sc_fly_static elementor-widget elementor-widget-text-editor trx_addons_parallax_layers_inited trx_addons_parallax_blocks_inited\" data-id=\"c53d356\" data-element_type=\"widget\" data-widget_type=\"text-editor.default\"><div class=\"elementor-widget-container\"><h3>Privatsph\u00e4re und Datenschutz<\/h3><h4>Verarbeitung von personenbezogenen Daten<\/h4>Personenbezogene Daten d\u00fcrfen nur in \u00dcbereinstimmung mit den datenschutzrechtlichen Bestimmungen erhoben und verarbeitet werden.<br \/>In bestimmten F\u00e4llen, insbesondere wenn der Nutzer ein Formular auf der Website ausf\u00fcllt und absendet, ist es m\u00f6glich, dass bestimmte personenbezogene Daten auf dem Server gespeichert werden. Diese Informationen werden als vertraulich betrachtet und entsprechend behandelt. Sie werden daher niemals ohne die vorherige Zustimmung des Nutzers an Dritte verkauft oder weitergegeben.<br \/>Wenn die Website einen Newsletter anbietet, kann sich der Nutzer dort anmelden, um regelm\u00e4\u00dfig Informationen per E-Mail zu erhalten. In diesem Fall ben\u00f6tigt der Herausgeber eine g\u00fcltige E-Mail-Adresse, die der abonnierende Nutzer \u00fcber das entsprechende Formular angibt. Der Nutzer best\u00e4tigt, dass er Inhaber der angegebenen E-Mail-Adresse ist und gibt sein Einverst\u00e4ndnis zum Erhalt von E-Mails der Website oder des Herausgebers. Der Nutzer hat das Recht, das Abonnement jederzeit zu k\u00fcndigen.<br \/>Der Nutzer hat das Recht, auf seine pers\u00f6nlichen Daten zuzugreifen, um deren Richtigkeit zu \u00fcberpr\u00fcfen und gegebenenfalls deren Berichtigung zu verlangen. Zu diesem Zweck muss er einen eingeschriebenen Brief an den Herausgeber der Website senden, dessen Kontaktdaten oben angegeben sind.<\/div><\/div>\t\t\t\t\t\t<\/div>\n\t\t\t\t<\/div>\n\t\t\t\t<div class=\"elementor-element elementor-element-322430c sc_height_medium elementor-widget-divider--view-line sc_fly_static elementor-widget elementor-widget-divider\" data-id=\"322430c\" data-element_type=\"widget\" data-widget_type=\"divider.default\">\n\t\t\t\t<div class=\"elementor-widget-container\">\n\t\t\t\t\t<div class=\"elementor-divider\">\n\t\t\t<span class=\"elementor-divider-separator\">\n\t\t\t\t\t\t<\/span>\n\t\t<\/div>\n\t\t\t\t<\/div>\n\t\t\t\t<\/div>\n\t\t\t\t<div class=\"elementor-element elementor-element-8210528 sc_fly_static elementor-widget elementor-widget-text-editor\" data-id=\"8210528\" data-element_type=\"widget\" data-widget_type=\"text-editor.default\">\n\t\t\t\t<div class=\"elementor-widget-container\">\n\t\t\t\t\t\t\t<div class=\"elementor-element elementor-element-c53d356 sc_fly_static elementor-widget elementor-widget-text-editor trx_addons_parallax_layers_inited trx_addons_parallax_blocks_inited\" data-id=\"c53d356\" data-element_type=\"widget\" data-widget_type=\"text-editor.default\"><div class=\"elementor-widget-container\"><div class=\"elementor-element elementor-element-ef8115c sc_fly_static elementor-widget elementor-widget-text-editor trx_addons_parallax_layers_inited trx_addons_parallax_blocks_inited\" data-id=\"ef8115c\" data-element_type=\"widget\" data-widget_type=\"text-editor.default\"><div class=\"elementor-widget-container\"><h4>Verwendung von Cookies<\/h4><p>Diese Website verwendet Cookies<br \/>Wie die meisten Websites verwendet auch diese Website Cookies. Cookies sind kleine, harmlose Textdateien, die in keiner Weise Ihre Privatsph\u00e4re oder die Sicherheit Ihres Computers beeintr\u00e4chtigen.<br \/>Cookies verbessern die Benutzerfreundlichkeit der Website und erm\u00f6glichen es dem Herausgeber, anonyme Besucherstatistiken zu f\u00fchren.<br \/>Bitte informieren Sie sich in den Anweisungen Ihres Webbrowsers, wie Sie Cookies auf Ihrem Computer verbieten oder l\u00f6schen k\u00f6nnen.<br \/>Der Herausgeber informiert die Nutzer dar\u00fcber, dass Cookies verwendet werden, um die Benutzerfreundlichkeit der Website zu verbessern, die Leistung zu steigern und Besucherstatistiken zu erstellen.<br \/>Da die Website ohne die Verwendung von Cookies nicht funktionieren kann, bitten wir alle, die mit der Verwendung von Cookies nicht einverstanden sind, ihre Browsersitzung auf der Website sofort zu beenden.<\/p><\/div><\/div><\/div><\/div>\t\t\t\t\t\t<\/div>\n\t\t\t\t<\/div>\n\t\t\t\t<div class=\"elementor-element elementor-element-02882e2 sc_height_medium elementor-widget-divider--view-line sc_fly_static elementor-widget elementor-widget-divider\" data-id=\"02882e2\" data-element_type=\"widget\" data-widget_type=\"divider.default\">\n\t\t\t\t<div class=\"elementor-widget-container\">\n\t\t\t\t\t<div class=\"elementor-divider\">\n\t\t\t<span class=\"elementor-divider-separator\">\n\t\t\t\t\t\t<\/span>\n\t\t<\/div>\n\t\t\t\t<\/div>\n\t\t\t\t<\/div>\n\t\t\t\t<div class=\"elementor-element elementor-element-e01117f sc_fly_static elementor-widget elementor-widget-text-editor\" data-id=\"e01117f\" data-element_type=\"widget\" data-widget_type=\"text-editor.default\">\n\t\t\t\t<div class=\"elementor-widget-container\">\n\t\t\t\t\t\t\t<div class=\"elementor-element elementor-element-c53d356 sc_fly_static elementor-widget elementor-widget-text-editor trx_addons_parallax_layers_inited trx_addons_parallax_blocks_inited\" data-id=\"c53d356\" data-element_type=\"widget\" data-widget_type=\"text-editor.default\"><div class=\"elementor-widget-container\"><div class=\"elementor-element elementor-element-ef8115c sc_fly_static elementor-widget elementor-widget-text-editor trx_addons_parallax_layers_inited trx_addons_parallax_blocks_inited\" data-id=\"ef8115c\" data-element_type=\"widget\" data-widget_type=\"text-editor.default\"><div class=\"elementor-widget-container\"><div class=\"elementor-element elementor-element-1ba9273 sc_fly_static elementor-widget elementor-widget-text-editor trx_addons_parallax_layers_inited trx_addons_parallax_blocks_inited\" data-id=\"1ba9273\" data-element_type=\"widget\" data-widget_type=\"text-editor.default\"><div class=\"elementor-widget-container\"><h4>Verwendung von Google Analytics<\/h4><p>Diese Website benutzt Google Analytics, einen Webanalysedienst der Google Inc (&#8222;Google&#8220;). Google Analytics verwendet sog. &#8222;Cookies&#8220; (Textdateien, die auf Ihrem Computer gespeichert werden), die eine Analyse der Benutzung der Website durch Sie erm\u00f6glichen. Die durch den Cookie erzeugten Informationen \u00fcber Ihre Benutzung dieser Website (einschlie\u00dflich Ihrer IP-Adresse) werden an einen Server von Google in den Vereinigten Staaten \u00fcbertragen und dort gespeichert. Google verwendet diese Informationen, um zu verfolgen, wie Sie die Website nutzen, um Berichte \u00fcber die Website-Aktivit\u00e4ten f\u00fcr die Website-Betreiber zu erstellen und um weitere Dienstleistungen in Bezug auf die Website-Aktivit\u00e4ten und die Internetnutzung zu erbringen.<br \/>Auch wird Google diese Informationen gegebenenfalls an Dritte \u00fcbertragen, sofern dies gesetzlich vorgeschrieben ist oder soweit Dritte diese Daten im Auftrag von Google verarbeiten. Google wird Ihre IP-Adresse nicht mit anderen von Google gespeicherten Daten kombinieren. Sie k\u00f6nnen die Verwendung von Cookies ablehnen, indem Sie die entsprechenden Einstellungen in Ihrem Browser vornehmen. Bitte beachten Sie jedoch, dass Sie in diesem Fall m\u00f6glicherweise nicht alle Funktionen dieser Website nutzen k\u00f6nnen. Durch die Nutzung dieser Website erkl\u00e4ren Sie sich mit der Bearbeitung der \u00fcber Sie erhobenen Daten durch Google in der zuvor beschriebenen Art und Weise und zu dem zuvor benannten Zweck einverstanden.<\/p><\/div><\/div><\/div><\/div><\/div><\/div>\t\t\t\t\t\t<\/div>\n\t\t\t\t<\/div>\n\t\t\t\t<div class=\"elementor-element elementor-element-3af739c sc_height_medium elementor-widget-divider--view-line sc_fly_static elementor-widget elementor-widget-divider\" data-id=\"3af739c\" data-element_type=\"widget\" data-widget_type=\"divider.default\">\n\t\t\t\t<div class=\"elementor-widget-container\">\n\t\t\t\t\t<div class=\"elementor-divider\">\n\t\t\t<span class=\"elementor-divider-separator\">\n\t\t\t\t\t\t<\/span>\n\t\t<\/div>\n\t\t\t\t<\/div>\n\t\t\t\t<\/div>\n\t\t\t\t<div class=\"elementor-element elementor-element-aa25d90 sc_fly_static elementor-widget elementor-widget-text-editor\" data-id=\"aa25d90\" data-element_type=\"widget\" data-widget_type=\"text-editor.default\">\n\t\t\t\t<div class=\"elementor-widget-container\">\n\t\t\t\t\t\t\t<div class=\"elementor-element elementor-element-c53d356 sc_fly_static elementor-widget elementor-widget-text-editor trx_addons_parallax_layers_inited trx_addons_parallax_blocks_inited\" data-id=\"c53d356\" data-element_type=\"widget\" data-widget_type=\"text-editor.default\"><div class=\"elementor-widget-container\"><div class=\"elementor-element elementor-element-ef8115c sc_fly_static elementor-widget elementor-widget-text-editor trx_addons_parallax_layers_inited trx_addons_parallax_blocks_inited\" data-id=\"ef8115c\" data-element_type=\"widget\" data-widget_type=\"text-editor.default\"><div class=\"elementor-widget-container\"><div class=\"elementor-element elementor-element-1ba9273 sc_fly_static elementor-widget elementor-widget-text-editor trx_addons_parallax_layers_inited trx_addons_parallax_blocks_inited\" data-id=\"1ba9273\" data-element_type=\"widget\" data-widget_type=\"text-editor.default\"><div class=\"elementor-widget-container\">Fassung April 2024<\/div><\/div><\/div><\/div><\/div><\/div>\t\t\t\t\t\t<\/div>\n\t\t\t\t<\/div>\n\t\t\t\t<div class=\"elementor-element elementor-element-5b7e300 sc_fly_static elementor-widget elementor-widget-spacer\" data-id=\"5b7e300\" data-element_type=\"widget\" data-widget_type=\"spacer.default\">\n\t\t\t\t<div class=\"elementor-widget-container\">\n\t\t\t\t\t<div class=\"elementor-spacer\">\n\t\t\t<div class=\"elementor-spacer-inner\"><\/div>\n\t\t<\/div>\n\t\t\t\t<\/div>\n\t\t\t\t<\/div>\n\t\t\t\t\t<\/div>\n\t\t<\/div>\n\t\t\t\t\t<\/div>\n\t\t<\/section>\n\t\t\t\t<\/div>\n\t\t","protected":false},"excerpt":{"rendered":"<p>Impressum &#038; Datenschutzerkl\u00e4rung Verantwortlicher Herausgeber Avolink EESVWinston Churchillaan 51B-1180 Br\u00fcssel Copyright \u00a9 2024 Avolink, alle&hellip;<\/p>\n","protected":false},"author":1,"featured_media":0,"parent":0,"menu_order":0,"comment_status":"closed","ping_status":"closed","template":"","meta":{"om_disable_all_campaigns":false,"_monsterinsights_skip_tracking":false,"_monsterinsights_sitenote_active":false,"_monsterinsights_sitenote_note":"","_monsterinsights_sitenote_category":0,"footnotes":""},"class_list":["post-26109","page","type-page","status-publish","hentry"],"aioseo_notices":[],"_links":{"self":[{"href":"https:\/\/avolink.be\/de\/wp-json\/wp\/v2\/pages\/26109","targetHints":{"allow":["GET"]}}],"collection":[{"href":"https:\/\/avolink.be\/de\/wp-json\/wp\/v2\/pages"}],"about":[{"href":"https:\/\/avolink.be\/de\/wp-json\/wp\/v2\/types\/page"}],"author":[{"embeddable":true,"href":"https:\/\/avolink.be\/de\/wp-json\/wp\/v2\/users\/1"}],"replies":[{"embeddable":true,"href":"https:\/\/avolink.be\/de\/wp-json\/wp\/v2\/comments?post=26109"}],"version-history":[{"count":26,"href":"https:\/\/avolink.be\/de\/wp-json\/wp\/v2\/pages\/26109\/revisions"}],"predecessor-version":[{"id":26336,"href":"https:\/\/avolink.be\/de\/wp-json\/wp\/v2\/pages\/26109\/revisions\/26336"}],"wp:attachment":[{"href":"https:\/\/avolink.be\/de\/wp-json\/wp\/v2\/media?parent=26109"}],"curies":[{"name":"wp","href":"https:\/\/api.w.org\/{rel}","templated":true}]}}