{"id":24510,"date":"2024-03-19T14:06:27","date_gmt":"2024-03-19T14:06:27","guid":{"rendered":"https:\/\/avo-link.eu\/?page_id=24510"},"modified":"2024-05-13T12:02:08","modified_gmt":"2024-05-13T12:02:08","slug":"juridictions","status":"publish","type":"page","link":"https:\/\/avolink.be\/fr\/juridictions\/","title":{"rendered":"Juridictions"},"content":{"rendered":"\t\t<div data-elementor-type=\"wp-page\" data-elementor-id=\"24510\" class=\"elementor elementor-24510 elementor-23407\">\n\t\t\t\t\t\t<section class=\"elementor-section elementor-top-section elementor-element elementor-element-9e0f483 elementor-section-boxed elementor-section-height-default elementor-section-height-default sc_fly_static\" data-id=\"9e0f483\" data-element_type=\"section\" data-settings=\"{&quot;background_background&quot;:&quot;classic&quot;}\">\n\t\t\t\t\t\t<div class=\"elementor-container elementor-column-gap-extended\">\n\t\t\t\t\t<div class=\"elementor-column elementor-col-100 elementor-top-column elementor-element elementor-element-147c02f sc_inner_width_none sc_content_align_inherit sc_layouts_column_icons_position_left sc_fly_static\" data-id=\"147c02f\" data-element_type=\"column\">\n\t\t\t<div class=\"elementor-widget-wrap elementor-element-populated\">\n\t\t\t\t\t\t<div class=\"elementor-element elementor-element-cdd9926 sc_fly_static elementor-widget elementor-widget-spacer\" data-id=\"cdd9926\" data-element_type=\"widget\" data-widget_type=\"spacer.default\">\n\t\t\t\t<div class=\"elementor-widget-container\">\n\t\t\t\t\t<div class=\"elementor-spacer\">\n\t\t\t<div class=\"elementor-spacer-inner\"><\/div>\n\t\t<\/div>\n\t\t\t\t<\/div>\n\t\t\t\t<\/div>\n\t\t\t\t<div class=\"elementor-element elementor-element-1991fc9 sc_fly_static elementor-widget elementor-widget-trx_sc_title\" data-id=\"1991fc9\" data-element_type=\"widget\" data-widget_type=\"trx_sc_title.default\">\n\t\t\t\t<div class=\"elementor-widget-container\">\n\t\t\t<div\t\tclass=\"sc_title sc_title_default\" ><h1 class=\"sc_item_title sc_title_title sc_align_center sc_item_title_style_default sc_item_title_tag trx_addons_inline_1251904356\"\n\t\t\t><span class=\"sc_item_title_text\">Domaines juridiques<\/span><\/h1><\/div>\t\t<\/div>\n\t\t\t\t<\/div>\n\t\t\t\t<div class=\"elementor-element elementor-element-9be2b7a sc_fly_static elementor-widget elementor-widget-spacer\" data-id=\"9be2b7a\" data-element_type=\"widget\" data-widget_type=\"spacer.default\">\n\t\t\t\t<div class=\"elementor-widget-container\">\n\t\t\t\t\t<div class=\"elementor-spacer\">\n\t\t\t<div class=\"elementor-spacer-inner\"><\/div>\n\t\t<\/div>\n\t\t\t\t<\/div>\n\t\t\t\t<\/div>\n\t\t\t\t<div class=\"elementor-element elementor-element-4329579 sc_fly_static elementor-widget elementor-widget-trx_sc_title\" data-id=\"4329579\" data-element_type=\"widget\" data-widget_type=\"trx_sc_title.default\">\n\t\t\t\t<div class=\"elementor-widget-container\">\n\t\t\t<div\t\tclass=\"sc_title sc_title_default\" ><h4 class=\"sc_item_title sc_title_title sc_align_center sc_item_title_style_default sc_item_title_tag trx_addons_inline_622190124\"\n\t\t\t><span class=\"sc_item_title_text\">Le r\u00e9seau d'avocats en Belgique et au Luxembourg toujours pr\u00e8s de chez vous<\/span><\/h4><\/div>\t\t<\/div>\n\t\t\t\t<\/div>\n\t\t\t\t<div class=\"elementor-element elementor-element-40cf3fb sc_fly_static elementor-widget elementor-widget-spacer\" data-id=\"40cf3fb\" data-element_type=\"widget\" data-widget_type=\"spacer.default\">\n\t\t\t\t<div class=\"elementor-widget-container\">\n\t\t\t\t\t<div class=\"elementor-spacer\">\n\t\t\t<div class=\"elementor-spacer-inner\"><\/div>\n\t\t<\/div>\n\t\t\t\t<\/div>\n\t\t\t\t<\/div>\n\t\t\t\t\t<\/div>\n\t\t<\/div>\n\t\t\t\t\t<\/div>\n\t\t<\/section>\n\t\t\t\t<section class=\"elementor-section elementor-top-section elementor-element elementor-element-b3782cb elementor-section-boxed elementor-section-height-default elementor-section-height-default sc_fly_static\" data-id=\"b3782cb\" data-element_type=\"section\">\n\t\t\t\t\t\t<div class=\"elementor-container elementor-column-gap-extended\">\n\t\t\t\t\t<div class=\"elementor-column elementor-col-100 elementor-top-column elementor-element elementor-element-aa1744c sc_inner_width_none sc_content_align_inherit sc_layouts_column_icons_position_left sc_fly_static\" data-id=\"aa1744c\" data-element_type=\"column\">\n\t\t\t<div class=\"elementor-widget-wrap elementor-element-populated\">\n\t\t\t\t\t\t<div class=\"elementor-element elementor-element-eddff05 sc_fly_static elementor-widget elementor-widget-spacer\" data-id=\"eddff05\" data-element_type=\"widget\" data-widget_type=\"spacer.default\">\n\t\t\t\t<div class=\"elementor-widget-container\">\n\t\t\t\t\t<div class=\"elementor-spacer\">\n\t\t\t<div class=\"elementor-spacer-inner\"><\/div>\n\t\t<\/div>\n\t\t\t\t<\/div>\n\t\t\t\t<\/div>\n\t\t\t\t<div class=\"elementor-element elementor-element-25d23b8 sc_fly_static elementor-widget elementor-widget-text-editor\" data-id=\"25d23b8\" data-element_type=\"widget\" data-widget_type=\"text-editor.default\">\n\t\t\t\t<div class=\"elementor-widget-container\">\n\t\t\t\t\t\t\t<div id=\"content-area\" class=\"clearfix\"><div id=\"left-area\"><article id=\"post-1899\" class=\"post-1899 page type-page status-publish hentry\"><div class=\"entry-content\"><div class=\"et_pb_module et_pb_text et_pb_text_0 broad-text et_pb_bg_layout_light et_pb_text_align_left\"><div class=\"et_pb_text_inner\"><div class=\"visual-content\"><ul class=\"checkmark\"><li>Un partenariat unique d&rsquo;avocats<\/li><li>Des avocats qui excellent dans leur profession<\/li><li>Votre fournisseur de services juridiques exp\u00e9riment\u00e9<\/li><li style=\"list-style-type: none;\">\u00a0<\/li><\/ul><\/div><p><strong>Avolink.be est une association unique d&rsquo;avocats, implant\u00e9e dans tous les arrondissements de Belgique et du G.H.Luxembourg.<\/strong><\/p><p><strong>Nous offrons une assistance juridique dans presque tous les domaines du droit, y compris les domaines \u00e9num\u00e9r\u00e9s ci-dessous.<\/strong> <strong>Il ne s&rsquo;agit que d&rsquo;une s\u00e9lection, vous pouvez donc nous contacter dans tous les cas.<\/strong><\/p><\/div><\/div><\/div><\/article><\/div><\/div>\t\t\t\t\t\t<\/div>\n\t\t\t\t<\/div>\n\t\t\t\t<div class=\"elementor-element elementor-element-7ea9a9a elementor-widget-divider--view-line sc_fly_static elementor-widget elementor-widget-divider\" data-id=\"7ea9a9a\" data-element_type=\"widget\" data-widget_type=\"divider.default\">\n\t\t\t\t<div class=\"elementor-widget-container\">\n\t\t\t\t\t<div class=\"elementor-divider\">\n\t\t\t<span class=\"elementor-divider-separator\">\n\t\t\t\t\t\t<\/span>\n\t\t<\/div>\n\t\t\t\t<\/div>\n\t\t\t\t<\/div>\n\t\t\t\t\t<\/div>\n\t\t<\/div>\n\t\t\t\t\t<\/div>\n\t\t<\/section>\n\t\t\t\t<section class=\"elementor-section elementor-top-section elementor-element elementor-element-388d0e6 elementor-section-boxed elementor-section-height-default elementor-section-height-default sc_fly_static\" data-id=\"388d0e6\" data-element_type=\"section\">\n\t\t\t\t\t\t<div class=\"elementor-container elementor-column-gap-extended\">\n\t\t\t\t\t<div class=\"elementor-column elementor-col-100 elementor-top-column elementor-element elementor-element-b08ccfc sc_inner_width_none sc_content_align_inherit sc_layouts_column_icons_position_left sc_fly_static\" data-id=\"b08ccfc\" data-element_type=\"column\">\n\t\t\t<div class=\"elementor-widget-wrap elementor-element-populated\">\n\t\t\t\t\t\t<div class=\"elementor-element elementor-element-57ede57 sc_fly_static elementor-widget elementor-widget-trx_sc_icons\" data-id=\"57ede57\" data-element_type=\"widget\" data-widget_type=\"trx_sc_icons.default\">\n\t\t\t\t<div class=\"elementor-widget-container\">\n\t\t\t<div \tclass=\"sc_icons color_style_dark sc_icons_hover sc_icons_size_small sc_align_left\" ><div class=\"sc_icons_columns_wrap sc_item_columns trx_addons_columns_wrap columns_padding_bottom\" ><div class=\"trx_addons_column-1_3\"><div class=\"sc_icons_item sc_icons_item_linked with_more\"><div class=\"sc_icons_icon sc_icon_type_ trx_addons_icon-building-1\" style=\"color: #DF9C59\" ><span class=\"sc_icon_type_ trx_addons_icon-building-1\" style=\"color: #DF9C59\"><\/span><\/div><div class=\"sc_icons_item_details\"><h4 class=\"sc_icons_item_title\" style=\"color:#000000;\"><a href=\"https:\/\/avolink.be\/fr\/juridictions\/droit-administratif\/\">\r\n                                    Droit administratif                                    <\/a><\/h4><a href=\"https:\/\/avolink.be\/fr\/juridictions\/droit-administratif\/\" class=\"sc_icons_item_more_link\">\r\n                        <span class=\"link_text\">en savoir plus<\/span><span class=\"link_icon\"><\/span>\r\n                        <\/a><a href=\"https:\/\/avolink.be\/fr\/juridictions\/droit-administratif\/\"\r\n                        class=\"sc_icons_item_link\">\r\n                        <\/a><\/div><\/div><\/div><div class=\"trx_addons_column-1_3\"><div class=\"sc_icons_item sc_icons_item_linked with_more\"><div class=\"sc_icons_icon sc_icon_type_ icon-tools\" style=\"color: #DF9C59\" ><span class=\"sc_icon_type_ icon-tools\" style=\"color: #DF9C59\"><\/span><\/div><div class=\"sc_icons_item_details\"><h4 class=\"sc_icons_item_title\" style=\"color:#000000;\"><a href=\"https:\/\/avolink.be\/fr\/juridictions\/droit-du-travail-et-de-la-securite-sociale\/\">\r\n                                    Droit du travail et de la s\u00e9curit\u00e9 sociale                                    <\/a><\/h4><a href=\"https:\/\/avolink.be\/fr\/juridictions\/droit-du-travail-et-de-la-securite-sociale\/\" class=\"sc_icons_item_more_link\">\r\n                        <span class=\"link_text\">en savoir plus<\/span><span class=\"link_icon\"><\/span>\r\n                        <\/a><a href=\"https:\/\/avolink.be\/fr\/juridictions\/droit-du-travail-et-de-la-securite-sociale\/\"\r\n                        class=\"sc_icons_item_link\">\r\n                        <\/a><\/div><\/div><\/div><div class=\"trx_addons_column-1_3\"><div class=\"sc_icons_item sc_icons_item_linked with_more\"><div class=\"sc_icons_icon sc_icon_type_ icon-globe-light\" style=\"color: #DF9C59\" ><span class=\"sc_icon_type_ icon-globe-light\" style=\"color: #DF9C59\"><\/span><\/div><div class=\"sc_icons_item_details\"><h4 class=\"sc_icons_item_title\" style=\"color:#000000;\"><a href=\"https:\/\/avolink.be\/fr\/juridictions\/droit-dasile-et-des-etrangers\/\">\r\n                                    Droit d&#039;asile et des \u00e9trangers                                    <\/a><\/h4><a href=\"https:\/\/avolink.be\/fr\/juridictions\/droit-dasile-et-des-etrangers\/\" class=\"sc_icons_item_more_link\">\r\n                        <span class=\"link_text\">lees en savoir plus<\/span><span class=\"link_icon\"><\/span>\r\n                        <\/a><a href=\"https:\/\/avolink.be\/fr\/juridictions\/droit-dasile-et-des-etrangers\/\"\r\n                        class=\"sc_icons_item_link\">\r\n                        <\/a><\/div><\/div><\/div><div class=\"trx_addons_column-1_3\"><div class=\"sc_icons_item sc_icons_item_linked with_more\"><div class=\"sc_icons_icon sc_icon_type_ icon-home-2\" style=\"color: #DF9C59\" ><span class=\"sc_icon_type_ icon-home-2\" style=\"color: #DF9C59\"><\/span><\/div><div class=\"sc_icons_item_details\"><h4 class=\"sc_icons_item_title\" style=\"color:#000000;\"><a href=\"https:\/\/avolink.be\/fr\/juridictions\/droit-de-la-construction\/\">\r\n                                    Droit de la construction                                    <\/a><\/h4><a href=\"https:\/\/avolink.be\/fr\/juridictions\/droit-de-la-construction\/\" class=\"sc_icons_item_more_link\">\r\n                        <span class=\"link_text\">en savoir plus<\/span><span class=\"link_icon\"><\/span>\r\n                        <\/a><a href=\"https:\/\/avolink.be\/fr\/juridictions\/droit-de-la-construction\/\"\r\n                        class=\"sc_icons_item_link\">\r\n                        <\/a><\/div><\/div><\/div><div class=\"trx_addons_column-1_3\"><div class=\"sc_icons_item sc_icons_item_linked with_more\"><div class=\"sc_icons_icon sc_icon_type_ icon-book-open\" style=\"color: #DF9C59\" ><span class=\"sc_icon_type_ icon-book-open\" style=\"color: #DF9C59\"><\/span><\/div><div class=\"sc_icons_item_details\"><h4 class=\"sc_icons_item_title\" style=\"color:#000000;\"><a href=\"https:\/\/avolink.be\/fr\/juridictions\/droit-des-contrats\/\">\r\n                                    Droits des contrats                                    <\/a><\/h4><a href=\"https:\/\/avolink.be\/fr\/juridictions\/droit-des-contrats\/\" class=\"sc_icons_item_more_link\">\r\n                        <span class=\"link_text\">en savoir plus<\/span><span class=\"link_icon\"><\/span>\r\n                        <\/a><a href=\"https:\/\/avolink.be\/fr\/juridictions\/droit-des-contrats\/\"\r\n                        class=\"sc_icons_item_link\">\r\n                        <\/a><\/div><\/div><\/div><div class=\"trx_addons_column-1_3\"><div class=\"sc_icons_item sc_icons_item_linked with_more\"><div class=\"sc_icons_icon sc_icon_type_ icon-users-group\" style=\"color: #DF9C59\" ><span class=\"sc_icon_type_ icon-users-group\" style=\"color: #DF9C59\"><\/span><\/div><div class=\"sc_icons_item_details\"><h4 class=\"sc_icons_item_title\" style=\"color:#000000;\"><a href=\"https:\/\/avolink.be\/fr\/juridictions\/droit-du-divorce-et-de-la-famille\/\">\r\n                                    Droit du divorce et de la famille                                    <\/a><\/h4><a href=\"https:\/\/avolink.be\/fr\/juridictions\/droit-du-divorce-et-de-la-famille\/\" class=\"sc_icons_item_more_link\">\r\n                        <span class=\"link_text\">en savoir plus<\/span><span class=\"link_icon\"><\/span>\r\n                        <\/a><a href=\"https:\/\/avolink.be\/fr\/juridictions\/droit-du-divorce-et-de-la-famille\/\"\r\n                        class=\"sc_icons_item_link\">\r\n                        <\/a><\/div><\/div><\/div><div class=\"trx_addons_column-1_3\"><div class=\"sc_icons_item sc_icons_item_linked with_more\"><div class=\"sc_icons_icon sc_icon_type_ icon-money-light\" style=\"color: #DF9C59\" ><span class=\"sc_icon_type_ icon-money-light\" style=\"color: #DF9C59\"><\/span><\/div><div class=\"sc_icons_item_details\"><h4 class=\"sc_icons_item_title\" style=\"color:#000000;\"><a href=\"https:\/\/avolink.be\/fr\/juridictions\/droit-des-successions\/\">\r\n                                    Droit des successions                                    <\/a><\/h4><a href=\"https:\/\/avolink.be\/fr\/juridictions\/droit-des-successions\/\" class=\"sc_icons_item_more_link\">\r\n                        <span class=\"link_text\">en savoir plus<\/span><span class=\"link_icon\"><\/span>\r\n                        <\/a><a href=\"https:\/\/avolink.be\/fr\/juridictions\/droit-des-successions\/\"\r\n                        class=\"sc_icons_item_link\">\r\n                        <\/a><\/div><\/div><\/div><div class=\"trx_addons_column-1_3\"><div class=\"sc_icons_item sc_icons_item_linked with_more\"><div class=\"sc_icons_icon sc_icon_type_ icon-euro\" style=\"color: #DF9C59\" ><span class=\"sc_icon_type_ icon-euro\" style=\"color: #DF9C59\"><\/span><\/div><div class=\"sc_icons_item_details\"><h4 class=\"sc_icons_item_title\" style=\"color:#000000;\"><a href=\"https:\/\/avolink.be\/fr\/juridictions\/droit-europeen\/\">\r\n                                    Droit europ\u00e9en                                    <\/a><\/h4><a href=\"https:\/\/avolink.be\/fr\/juridictions\/droit-europeen\/\" class=\"sc_icons_item_more_link\">\r\n                        <span class=\"link_text\">en savoir plus<\/span><span class=\"link_icon\"><\/span>\r\n                        <\/a><a href=\"https:\/\/avolink.be\/fr\/juridictions\/droit-europeen\/\"\r\n                        class=\"sc_icons_item_link\">\r\n                        <\/a><\/div><\/div><\/div><div class=\"trx_addons_column-1_3\"><div class=\"sc_icons_item sc_icons_item_linked with_more\"><div class=\"sc_icons_icon sc_icon_type_ icon-money-light\" style=\"color: #DF9C59\" ><span class=\"sc_icon_type_ icon-money-light\" style=\"color: #DF9C59\"><\/span><\/div><div class=\"sc_icons_item_details\"><h4 class=\"sc_icons_item_title\" style=\"color:#000000;\"><a href=\"https:\/\/avolink.be\/fr\/juridictions\/droit-de-la-faillite\/\">\r\n                                    Droit de la faillite                                    <\/a><\/h4><a href=\"https:\/\/avolink.be\/fr\/juridictions\/droit-de-la-faillite\/\" class=\"sc_icons_item_more_link\">\r\n                        <span class=\"link_text\">en savoir plus<\/span><span class=\"link_icon\"><\/span>\r\n                        <\/a><a href=\"https:\/\/avolink.be\/fr\/juridictions\/droit-de-la-faillite\/\"\r\n                        class=\"sc_icons_item_link\">\r\n                        <\/a><\/div><\/div><\/div><div class=\"trx_addons_column-1_3\"><div class=\"sc_icons_item sc_icons_item_linked with_more\"><div class=\"sc_icons_icon sc_icon_type_ trx_addons_icon-credit-card\" style=\"color: #DF9C59\" ><span class=\"sc_icon_type_ trx_addons_icon-credit-card\" style=\"color: #DF9C59\"><\/span><\/div><div class=\"sc_icons_item_details\"><h4 class=\"sc_icons_item_title\" style=\"color:#000000;\"><a href=\"https:\/\/avolink.be\/fr\/juridictions\/droit-fiscal\/\">\r\n                                    Droit fiscal                                    <\/a><\/h4><a href=\"https:\/\/avolink.be\/fr\/juridictions\/droit-fiscal\/\" class=\"sc_icons_item_more_link\">\r\n                        <span class=\"link_text\">en savoir plus<\/span><span class=\"link_icon\"><\/span>\r\n                        <\/a><a href=\"https:\/\/avolink.be\/fr\/juridictions\/droit-fiscal\/\"\r\n                        class=\"sc_icons_item_link\">\r\n                        <\/a><\/div><\/div><\/div><div class=\"trx_addons_column-1_3\"><div class=\"sc_icons_item sc_icons_item_linked with_more\"><div class=\"sc_icons_icon sc_icon_type_ icon-switch\" style=\"color: #DF9C59\" ><span class=\"sc_icon_type_ icon-switch\" style=\"color: #DF9C59\"><\/span><\/div><div class=\"sc_icons_item_details\"><h4 class=\"sc_icons_item_title\" style=\"color:#000000;\"><a href=\"https:\/\/avolink.be\/fr\/juridictions\/droit-commercial-economique-et-de-lentreprise\/\">\r\n                                    Droit commercial, \u00e9conomique et de l&#039;entreprise                                    <\/a><\/h4><a href=\"https:\/\/avolink.be\/fr\/juridictions\/droit-commercial-economique-et-de-lentreprise\/\" class=\"sc_icons_item_more_link\">\r\n                        <span class=\"link_text\">en savoir plus<\/span><span class=\"link_icon\"><\/span>\r\n                        <\/a><a href=\"https:\/\/avolink.be\/fr\/juridictions\/droit-commercial-economique-et-de-lentreprise\/\"\r\n                        class=\"sc_icons_item_link\">\r\n                        <\/a><\/div><\/div><\/div><div class=\"trx_addons_column-1_3\"><div class=\"sc_icons_item sc_icons_item_linked with_more\"><div class=\"sc_icons_icon sc_icon_type_ trx_addons_icon-home-3\" style=\"color: #DF9C59\" ><span class=\"sc_icon_type_ trx_addons_icon-home-3\" style=\"color: #DF9C59\"><\/span><\/div><div class=\"sc_icons_item_details\"><h4 class=\"sc_icons_item_title\" style=\"color:#000000;\"><a href=\"https:\/\/avolink.be\/fr\/juridictions\/droit-du-bail\/\">\r\n                                    Droit du bail                                    <\/a><\/h4><a href=\"https:\/\/avolink.be\/fr\/juridictions\/droit-du-bail\/\" class=\"sc_icons_item_more_link\">\r\n                        <span class=\"link_text\">en savoir plus<\/span><span class=\"link_icon\"><\/span>\r\n                        <\/a><a href=\"https:\/\/avolink.be\/fr\/juridictions\/droit-du-bail\/\"\r\n                        class=\"sc_icons_item_link\">\r\n                        <\/a><\/div><\/div><\/div><div class=\"trx_addons_column-1_3\"><div class=\"sc_icons_item sc_icons_item_linked with_more\"><div class=\"sc_icons_icon sc_icon_type_ icon-courses\" style=\"color: #DF9C59\" ><span class=\"sc_icon_type_ icon-courses\" style=\"color: #DF9C59\"><\/span><\/div><div class=\"sc_icons_item_details\"><h4 class=\"sc_icons_item_title\" style=\"color:#000000;\"><a href=\"https:\/\/avolink.be\/fr\/juridictions\/recouvrement-de-creances\/\">\r\n                                    Recouvrement de cr\u00e9ances                                    <\/a><\/h4><a href=\"https:\/\/avolink.be\/fr\/juridictions\/recouvrement-de-creances\/\" class=\"sc_icons_item_more_link\">\r\n                        <span class=\"link_text\">en savoir plus<\/span><span class=\"link_icon\"><\/span>\r\n                        <\/a><a href=\"https:\/\/avolink.be\/fr\/juridictions\/recouvrement-de-creances\/\"\r\n                        class=\"sc_icons_item_link\">\r\n                        <\/a><\/div><\/div><\/div><div class=\"trx_addons_column-1_3\"><div class=\"sc_icons_item sc_icons_item_linked with_more\"><div class=\"sc_icons_icon sc_icon_type_ trx_addons_icon-balance-scale\" style=\"color: #DF9C59\" ><span class=\"sc_icon_type_ trx_addons_icon-balance-scale\" style=\"color: #DF9C59\"><\/span><\/div><div class=\"sc_icons_item_details\"><h4 class=\"sc_icons_item_title\" style=\"color:#000000;\"><a href=\"https:\/\/avolink.be\/fr\/juridictions\/droit-penal\/\">\r\n                                    Droit p\u00e9nal                                    <\/a><\/h4><a href=\"https:\/\/avolink.be\/fr\/juridictions\/droit-penal\/\" class=\"sc_icons_item_more_link\">\r\n                        <span class=\"link_text\">en savoir plus<\/span><span class=\"link_icon\"><\/span>\r\n                        <\/a><a href=\"https:\/\/avolink.be\/fr\/juridictions\/droit-penal\/\"\r\n                        class=\"sc_icons_item_link\">\r\n                        <\/a><\/div><\/div><\/div><div class=\"trx_addons_column-1_3\"><div class=\"sc_icons_item sc_icons_item_linked with_more\"><div class=\"sc_icons_icon sc_icon_type_ icon-new-law\" style=\"color: #DF9C59\" ><span class=\"sc_icon_type_ icon-new-law\" style=\"color: #DF9C59\"><\/span><\/div><div class=\"sc_icons_item_details\"><h4 class=\"sc_icons_item_title\" style=\"color:#000000;\"><a href=\"https:\/\/avolink.be\/fr\/juridictions\/droit-des-societes\/\">\r\n                                    Droir des soci\u00e9t\u00e9s                                    <\/a><\/h4><a href=\"https:\/\/avolink.be\/fr\/juridictions\/droit-des-societes\/\" class=\"sc_icons_item_more_link\">\r\n                        <span class=\"link_text\">en savoir plus<\/span><span class=\"link_icon\"><\/span>\r\n                        <\/a><a href=\"https:\/\/avolink.be\/fr\/juridictions\/droit-des-societes\/\"\r\n                        class=\"sc_icons_item_link\">\r\n                        <\/a><\/div><\/div><\/div><div class=\"trx_addons_column-1_3\"><div class=\"sc_icons_item sc_icons_item_linked with_more\"><div class=\"sc_icons_icon sc_icon_type_ icon-car\" style=\"color: #DF9C59\" ><span class=\"sc_icon_type_ icon-car\" style=\"color: #DF9C59\"><\/span><\/div><div class=\"sc_icons_item_details\"><h4 class=\"sc_icons_item_title\" style=\"color:#000000;\"><a href=\"https:\/\/avolink.be\/fr\/juridictions\/droit-de-la-circulation\/\">\r\n                                    Droit de la circulation                                    <\/a><\/h4><a href=\"https:\/\/avolink.be\/fr\/juridictions\/droit-de-la-circulation\/\" class=\"sc_icons_item_more_link\">\r\n                        <span class=\"link_text\">en savoir plus<\/span><span class=\"link_icon\"><\/span>\r\n                        <\/a><a href=\"https:\/\/avolink.be\/fr\/juridictions\/droit-de-la-circulation\/\"\r\n                        class=\"sc_icons_item_link\">\r\n                        <\/a><\/div><\/div><\/div><div class=\"trx_addons_column-1_3\"><div class=\"sc_icons_item sc_icons_item_linked with_more\"><div class=\"sc_icons_icon sc_icon_type_ icon-database-light\" style=\"color: #DF9C59\" ><span class=\"sc_icon_type_ icon-database-light\" style=\"color: #DF9C59\"><\/span><\/div><div class=\"sc_icons_item_details\"><h4 class=\"sc_icons_item_title\" style=\"color:#000000;\"><a href=\"https:\/\/avolink.be\/fr\/juridictions\/droit-des-assurances\/\">\r\n                                    Droit des assurances                                    <\/a><\/h4><a href=\"https:\/\/avolink.be\/fr\/juridictions\/droit-des-assurances\/\" class=\"sc_icons_item_more_link\">\r\n                        <span class=\"link_text\">en savoir plus<\/span><span class=\"link_icon\"><\/span>\r\n                        <\/a><a href=\"https:\/\/avolink.be\/fr\/juridictions\/droit-des-assurances\/\"\r\n                        class=\"sc_icons_item_link\">\r\n                        <\/a><\/div><\/div><\/div><\/div><\/div><!-- \/.sc_icons -->\t\t<\/div>\n\t\t\t\t<\/div>\n\t\t\t\t\t<\/div>\n\t\t<\/div>\n\t\t\t\t\t<\/div>\n\t\t<\/section>\n\t\t\t\t<\/div>\n\t\t","protected":false},"excerpt":{"rendered":"<p>Domaines juridiques Le r\u00e9seau d&rsquo;avocats en Belgique et au Luxembourg toujours pr\u00e8s de chez vous&hellip;<\/p>\n","protected":false},"author":1,"featured_media":0,"parent":0,"menu_order":0,"comment_status":"closed","ping_status":"closed","template":"","meta":{"om_disable_all_campaigns":false,"_monsterinsights_skip_tracking":false,"_monsterinsights_sitenote_active":false,"_monsterinsights_sitenote_note":"","_monsterinsights_sitenote_category":0,"footnotes":""},"class_list":["post-24510","page","type-page","status-publish","hentry"],"aioseo_notices":[],"_links":{"self":[{"href":"https:\/\/avolink.be\/fr\/wp-json\/wp\/v2\/pages\/24510","targetHints":{"allow":["GET"]}}],"collection":[{"href":"https:\/\/avolink.be\/fr\/wp-json\/wp\/v2\/pages"}],"about":[{"href":"https:\/\/avolink.be\/fr\/wp-json\/wp\/v2\/types\/page"}],"author":[{"embeddable":true,"href":"https:\/\/avolink.be\/fr\/wp-json\/wp\/v2\/users\/1"}],"replies":[{"embeddable":true,"href":"https:\/\/avolink.be\/fr\/wp-json\/wp\/v2\/comments?post=24510"}],"version-history":[{"count":13,"href":"https:\/\/avolink.be\/fr\/wp-json\/wp\/v2\/pages\/24510\/revisions"}],"predecessor-version":[{"id":26285,"href":"https:\/\/avolink.be\/fr\/wp-json\/wp\/v2\/pages\/24510\/revisions\/26285"}],"wp:attachment":[{"href":"https:\/\/avolink.be\/fr\/wp-json\/wp\/v2\/media?parent=24510"}],"curies":[{"name":"wp","href":"https:\/\/api.w.org\/{rel}","templated":true}]}}