{"id":24535,"date":"2024-03-19T12:01:25","date_gmt":"2024-03-19T12:01:25","guid":{"rendered":"https:\/\/avo-link.eu\/?page_id=24535"},"modified":"2024-04-04T11:08:10","modified_gmt":"2024-04-04T11:08:10","slug":"droit-de-la-construction","status":"publish","type":"page","link":"https:\/\/avolink.be\/fr\/juridictions\/droit-de-la-construction\/","title":{"rendered":"Droit de la construction"},"content":{"rendered":"\t\t<div data-elementor-type=\"wp-page\" data-elementor-id=\"24535\" class=\"elementor elementor-24535 elementor-23281\">\n\t\t\t\t\t\t<section class=\"elementor-section elementor-top-section elementor-element elementor-element-9e0f483 elementor-section-boxed elementor-section-height-default elementor-section-height-default sc_fly_static\" data-id=\"9e0f483\" data-element_type=\"section\" data-settings=\"{&quot;background_background&quot;:&quot;classic&quot;}\">\n\t\t\t\t\t\t<div class=\"elementor-container elementor-column-gap-extended\">\n\t\t\t\t\t<div class=\"elementor-column elementor-col-100 elementor-top-column elementor-element elementor-element-147c02f sc_inner_width_none sc_content_align_inherit sc_layouts_column_icons_position_left sc_fly_static\" data-id=\"147c02f\" data-element_type=\"column\">\n\t\t\t<div class=\"elementor-widget-wrap elementor-element-populated\">\n\t\t\t\t\t\t<div class=\"elementor-element elementor-element-cdd9926 sc_fly_static elementor-widget elementor-widget-spacer\" data-id=\"cdd9926\" data-element_type=\"widget\" data-widget_type=\"spacer.default\">\n\t\t\t\t<div class=\"elementor-widget-container\">\n\t\t\t\t\t<div class=\"elementor-spacer\">\n\t\t\t<div class=\"elementor-spacer-inner\"><\/div>\n\t\t<\/div>\n\t\t\t\t<\/div>\n\t\t\t\t<\/div>\n\t\t\t\t<div class=\"elementor-element elementor-element-1991fc9 sc_fly_static elementor-widget elementor-widget-trx_sc_title\" data-id=\"1991fc9\" data-element_type=\"widget\" data-widget_type=\"trx_sc_title.default\">\n\t\t\t\t<div class=\"elementor-widget-container\">\n\t\t\t<div\t\tclass=\"sc_title sc_title_default\" ><h1 class=\"sc_item_title sc_title_title sc_align_center sc_item_title_style_default sc_item_title_tag trx_addons_inline_430185389\"\n\t\t\t><span class=\"sc_item_title_text\">Droit de la construction<\/span><\/h1><\/div>\t\t<\/div>\n\t\t\t\t<\/div>\n\t\t\t\t<div class=\"elementor-element elementor-element-40cf3fb sc_fly_static elementor-widget elementor-widget-spacer\" data-id=\"40cf3fb\" data-element_type=\"widget\" data-widget_type=\"spacer.default\">\n\t\t\t\t<div class=\"elementor-widget-container\">\n\t\t\t\t\t<div class=\"elementor-spacer\">\n\t\t\t<div class=\"elementor-spacer-inner\"><\/div>\n\t\t<\/div>\n\t\t\t\t<\/div>\n\t\t\t\t<\/div>\n\t\t\t\t\t<\/div>\n\t\t<\/div>\n\t\t\t\t\t<\/div>\n\t\t<\/section>\n\t\t\t\t<section class=\"elementor-section elementor-top-section elementor-element elementor-element-b3782cb elementor-section-boxed elementor-section-height-default elementor-section-height-default sc_fly_static\" data-id=\"b3782cb\" data-element_type=\"section\">\n\t\t\t\t\t\t<div class=\"elementor-container elementor-column-gap-extended\">\n\t\t\t\t\t<div class=\"elementor-column elementor-col-100 elementor-top-column elementor-element elementor-element-aa1744c sc_inner_width_none sc_content_align_inherit sc_layouts_column_icons_position_left sc_fly_static\" data-id=\"aa1744c\" data-element_type=\"column\">\n\t\t\t<div class=\"elementor-widget-wrap elementor-element-populated\">\n\t\t\t\t\t\t<div class=\"elementor-element elementor-element-eddff05 sc_fly_static elementor-widget elementor-widget-spacer\" data-id=\"eddff05\" data-element_type=\"widget\" data-widget_type=\"spacer.default\">\n\t\t\t\t<div class=\"elementor-widget-container\">\n\t\t\t\t\t<div class=\"elementor-spacer\">\n\t\t\t<div class=\"elementor-spacer-inner\"><\/div>\n\t\t<\/div>\n\t\t\t\t<\/div>\n\t\t\t\t<\/div>\n\t\t\t\t<div class=\"elementor-element elementor-element-25d23b8 sc_fly_static elementor-widget elementor-widget-text-editor\" data-id=\"25d23b8\" data-element_type=\"widget\" data-widget_type=\"text-editor.default\">\n\t\t\t\t<div class=\"elementor-widget-container\">\n\t\t\t\t\t\t\t<div id=\"content-area\" class=\"clearfix\"><div id=\"left-area\"><article id=\"post-1899\" class=\"post-1899 page type-page status-publish hentry\"><div class=\"entry-content\"><p><strong>Vous allez construire. Cela commence avec un permis de construire. Le droit de l\u2019urbanisme est une mati\u00e8re qui change rapidement et qui exige donc une bonne formation pour pouvoir vous conseiller ad\u00e9quatement.<\/strong><\/p><\/div><\/article><\/div><\/div>\t\t\t\t\t\t<\/div>\n\t\t\t\t<\/div>\n\t\t\t\t<div class=\"elementor-element elementor-element-7ea9a9a elementor-widget-divider--view-line sc_fly_static elementor-widget elementor-widget-divider\" data-id=\"7ea9a9a\" data-element_type=\"widget\" data-widget_type=\"divider.default\">\n\t\t\t\t<div class=\"elementor-widget-container\">\n\t\t\t\t\t<div class=\"elementor-divider\">\n\t\t\t<span class=\"elementor-divider-separator\">\n\t\t\t\t\t\t<\/span>\n\t\t<\/div>\n\t\t\t\t<\/div>\n\t\t\t\t<\/div>\n\t\t\t\t\t<\/div>\n\t\t<\/div>\n\t\t\t\t\t<\/div>\n\t\t<\/section>\n\t\t\t\t<section class=\"elementor-section elementor-top-section elementor-element elementor-element-601b15e elementor-section-boxed elementor-section-height-default elementor-section-height-default sc_fly_static\" data-id=\"601b15e\" data-element_type=\"section\">\n\t\t\t\t\t\t<div class=\"elementor-container elementor-column-gap-extended\">\n\t\t\t\t\t<div class=\"elementor-column elementor-col-50 elementor-top-column elementor-element elementor-element-8831f5e sc_inner_width_none sc_content_align_inherit sc_layouts_column_icons_position_left sc_fly_static\" data-id=\"8831f5e\" data-element_type=\"column\">\n\t\t\t<div class=\"elementor-widget-wrap elementor-element-populated\">\n\t\t\t\t\t\t<div class=\"elementor-element elementor-element-5367921 sc_fly_static elementor-widget elementor-widget-text-editor\" data-id=\"5367921\" data-element_type=\"widget\" data-widget_type=\"text-editor.default\">\n\t\t\t\t<div class=\"elementor-widget-container\">\n\t\t\t\t\t\t\t<div id=\"content-area\" class=\"clearfix\"><div id=\"left-area\"><article id=\"post-1899\" class=\"post-1899 page type-page status-publish hentry\"><div class=\"entry-content\"><h3><span style=\"color: #9a2655;\">Large exp\u00e9rience<\/span><\/h3><p>Nos avocats ont une grande exp\u00e9rience en ce domaine. Nous vous conseillons et vous accompagnons dans la proc\u00e9dure administrative qui doit amener au permis de construire .<\/p><\/div><\/article><\/div><\/div>\t\t\t\t\t\t<\/div>\n\t\t\t\t<\/div>\n\t\t\t\t<div class=\"elementor-element elementor-element-89d2ded elementor-widget-divider--view-line sc_fly_static elementor-widget elementor-widget-divider\" data-id=\"89d2ded\" data-element_type=\"widget\" data-widget_type=\"divider.default\">\n\t\t\t\t<div class=\"elementor-widget-container\">\n\t\t\t\t\t<div class=\"elementor-divider\">\n\t\t\t<span class=\"elementor-divider-separator\">\n\t\t\t\t\t\t<\/span>\n\t\t<\/div>\n\t\t\t\t<\/div>\n\t\t\t\t<\/div>\n\t\t\t\t<div class=\"elementor-element elementor-element-12b13ce sc_fly_static elementor-widget elementor-widget-text-editor\" data-id=\"12b13ce\" data-element_type=\"widget\" data-widget_type=\"text-editor.default\">\n\t\t\t\t<div class=\"elementor-widget-container\">\n\t\t\t\t\t\t\t<div id=\"content-area\" class=\"clearfix\"><div id=\"left-area\"><article id=\"post-1899\" class=\"post-1899 page type-page status-publish hentry\"><div class=\"entry-content\"><h3><span style=\"color: #9a2655;\">Processus de construction<\/span><\/h3><p>Cela commence avec la construction \u00e0 proprement parler. Un processus en mati\u00e8re de construction est un ensemble complexe dans lequel diverses parties sont concern\u00e9es. Le client, l\u2019entrepreneur, les \u00e9ventuels sous-traitants, les fabricants, les vendeurs de mat\u00e9riaux de construction, le promoteur ou d\u00e9veloppeur du projet, l\u2019architecte, l\u2019ing\u00e9nieur, le coordinateur s\u00e9curit\u00e9, le contr\u00f4leur PEB, l\u2019autorit\u00e9, l\u2019assureur et l\u2019agent immobilier: tous ces partenaires de construction ont des droits et obligations sp\u00e9cifiques. De plus en plus de candidats constructeurs choisissent de faire appel \u00e0 un d\u00e9veloppeur de projets ou promoteur, comme une soci\u00e9t\u00e9 cl\u00e9 sur porte qui offre une habitation sur plan qui tombe sous l\u2019application de la loi Breyne ou du Code du logement.<\/p><\/div><\/article><\/div><\/div>\t\t\t\t\t\t<\/div>\n\t\t\t\t<\/div>\n\t\t\t\t<div class=\"elementor-element elementor-element-7f2cb48 sc_layouts_hide_on_wide sc_layouts_hide_on_desktop sc_layouts_hide_on_notebook sc_layouts_hide_on_tablet elementor-widget-divider--view-line sc_fly_static elementor-widget elementor-widget-divider\" data-id=\"7f2cb48\" data-element_type=\"widget\" data-widget_type=\"divider.default\">\n\t\t\t\t<div class=\"elementor-widget-container\">\n\t\t\t\t\t<div class=\"elementor-divider\">\n\t\t\t<span class=\"elementor-divider-separator\">\n\t\t\t\t\t\t<\/span>\n\t\t<\/div>\n\t\t\t\t<\/div>\n\t\t\t\t<\/div>\n\t\t\t\t\t<\/div>\n\t\t<\/div>\n\t\t\t\t<div class=\"elementor-column elementor-col-50 elementor-top-column elementor-element elementor-element-f9c22cb sc_inner_width_none sc_content_align_inherit sc_layouts_column_icons_position_left sc_fly_static\" data-id=\"f9c22cb\" data-element_type=\"column\">\n\t\t\t<div class=\"elementor-widget-wrap elementor-element-populated\">\n\t\t\t\t\t\t<div class=\"elementor-element elementor-element-ff40826 sc_fly_static elementor-widget elementor-widget-text-editor\" data-id=\"ff40826\" data-element_type=\"widget\" data-widget_type=\"text-editor.default\">\n\t\t\t\t<div class=\"elementor-widget-container\">\n\t\t\t\t\t\t\t<div id=\"content-area\" class=\"clearfix\"><div id=\"left-area\"><article id=\"post-1899\" class=\"post-1899 page type-page status-publish hentry\"><div class=\"entry-content\"><div id=\"left-area\"><article id=\"post-1899\" class=\"post-1899 page type-page status-publish hentry\"><div class=\"entry-content\"><h3><span style=\"color: #9a2655;\">Que faisons-nous pour vous?<\/span><\/h3><p>Nous \u00e9tablissons un contrat de construction ou v\u00e9rifions un projet de contrat avec tous ces partenaires. Nous vous conseillons relativement \u00e0 la police d\u2019assurance qui sera extr\u00eamement importante (assurance risques chantier, responsabilit\u00e9 d\u00e9cennale de l\u2019entrepreneur et de l\u2019architecte, responsabilit\u00e9 pour d\u00e9g\u00e2ts aux immeubles voisins etc.). Nous vous conseillons et accompagnons \u00e0 chaque \u00e9tape du processus, aussi bien avant, pendant qu\u2019apr\u00e8s les travaux, en tenant compte des int\u00e9r\u00eats des partenaires de la construction et de la l\u00e9gislation sp\u00e9cifique applicable. Si un probl\u00e8me survient malgr\u00e9 tout, nous sommes l\u00e0 pour vous conseiller, m\u00e9dier, mais \u00e9galement pour solliciter du tribunal qu\u2019il adopte des mesures urgentes et provisoires afin de limiter votre dommage, \u00e9galement pour analyser les d\u00e9comptes de l\u2019entrepreneur, de l\u2019architecte ou du promoteur \u00e0 la lumi\u00e8re du contrat de construction et de la loi. Des conventions d\u2019arbitrage sont souvent pr\u00e9vues; il existe une Commission de conciliation construction et l\u2019ordre des architectes: ici aussi nous sommes particuli\u00e8rement \u00e0 l\u2019aise. Nous sommes les garants d\u2019une approche flexible, o\u00f9 tant l\u2019aspect cr\u00e9atif que pragmatique sont d\u00e9velopp\u00e9s.<\/p><\/div><\/article><\/div><\/div><\/article><\/div><\/div>\t\t\t\t\t\t<\/div>\n\t\t\t\t<\/div>\n\t\t\t\t\t<\/div>\n\t\t<\/div>\n\t\t\t\t\t<\/div>\n\t\t<\/section>\n\t\t\t\t<\/div>\n\t\t","protected":false},"excerpt":{"rendered":"<p>Droit de la construction Vous allez construire. Cela commence avec un permis de construire. Le&hellip;<\/p>\n","protected":false},"author":1,"featured_media":0,"parent":24510,"menu_order":0,"comment_status":"closed","ping_status":"closed","template":"","meta":{"om_disable_all_campaigns":false,"_monsterinsights_skip_tracking":false,"_monsterinsights_sitenote_active":false,"_monsterinsights_sitenote_note":"","_monsterinsights_sitenote_category":0,"footnotes":""},"class_list":["post-24535","page","type-page","status-publish","hentry"],"aioseo_notices":[],"_links":{"self":[{"href":"https:\/\/avolink.be\/fr\/wp-json\/wp\/v2\/pages\/24535","targetHints":{"allow":["GET"]}}],"collection":[{"href":"https:\/\/avolink.be\/fr\/wp-json\/wp\/v2\/pages"}],"about":[{"href":"https:\/\/avolink.be\/fr\/wp-json\/wp\/v2\/types\/page"}],"author":[{"embeddable":true,"href":"https:\/\/avolink.be\/fr\/wp-json\/wp\/v2\/users\/1"}],"replies":[{"embeddable":true,"href":"https:\/\/avolink.be\/fr\/wp-json\/wp\/v2\/comments?post=24535"}],"version-history":[{"count":7,"href":"https:\/\/avolink.be\/fr\/wp-json\/wp\/v2\/pages\/24535\/revisions"}],"predecessor-version":[{"id":25518,"href":"https:\/\/avolink.be\/fr\/wp-json\/wp\/v2\/pages\/24535\/revisions\/25518"}],"up":[{"embeddable":true,"href":"https:\/\/avolink.be\/fr\/wp-json\/wp\/v2\/pages\/24510"}],"wp:attachment":[{"href":"https:\/\/avolink.be\/fr\/wp-json\/wp\/v2\/media?parent=24535"}],"curies":[{"name":"wp","href":"https:\/\/api.w.org\/{rel}","templated":true}]}}