{"id":24546,"date":"2024-03-19T12:07:47","date_gmt":"2024-03-19T12:07:47","guid":{"rendered":"https:\/\/avo-link.eu\/?page_id=24546"},"modified":"2024-04-04T11:06:17","modified_gmt":"2024-04-04T11:06:17","slug":"droit-du-divorce-et-de-la-famille","status":"publish","type":"page","link":"https:\/\/avolink.be\/fr\/juridictions\/droit-du-divorce-et-de-la-famille\/","title":{"rendered":"Droit du divorce et de la famille"},"content":{"rendered":"\t\t<div data-elementor-type=\"wp-page\" data-elementor-id=\"24546\" class=\"elementor elementor-24546 elementor-23291\">\n\t\t\t\t\t\t<section class=\"elementor-section elementor-top-section elementor-element elementor-element-9e0f483 elementor-section-boxed elementor-section-height-default elementor-section-height-default sc_fly_static\" data-id=\"9e0f483\" data-element_type=\"section\" data-settings=\"{&quot;background_background&quot;:&quot;classic&quot;}\">\n\t\t\t\t\t\t<div class=\"elementor-container elementor-column-gap-extended\">\n\t\t\t\t\t<div class=\"elementor-column elementor-col-100 elementor-top-column elementor-element elementor-element-147c02f sc_inner_width_none sc_content_align_inherit sc_layouts_column_icons_position_left sc_fly_static\" data-id=\"147c02f\" data-element_type=\"column\">\n\t\t\t<div class=\"elementor-widget-wrap elementor-element-populated\">\n\t\t\t\t\t\t<div class=\"elementor-element elementor-element-cdd9926 sc_fly_static elementor-widget elementor-widget-spacer\" data-id=\"cdd9926\" data-element_type=\"widget\" data-widget_type=\"spacer.default\">\n\t\t\t\t<div class=\"elementor-widget-container\">\n\t\t\t\t\t<div class=\"elementor-spacer\">\n\t\t\t<div class=\"elementor-spacer-inner\"><\/div>\n\t\t<\/div>\n\t\t\t\t<\/div>\n\t\t\t\t<\/div>\n\t\t\t\t<div class=\"elementor-element elementor-element-1991fc9 sc_fly_static elementor-widget elementor-widget-trx_sc_title\" data-id=\"1991fc9\" data-element_type=\"widget\" data-widget_type=\"trx_sc_title.default\">\n\t\t\t\t<div class=\"elementor-widget-container\">\n\t\t\t<div\t\tclass=\"sc_title sc_title_default\" ><h1 class=\"sc_item_title sc_title_title sc_align_center sc_item_title_style_default sc_item_title_tag trx_addons_inline_2122170089\"\n\t\t\t><span class=\"sc_item_title_text\">Droit du divorce et de la famille<\/span><\/h1><\/div>\t\t<\/div>\n\t\t\t\t<\/div>\n\t\t\t\t<div class=\"elementor-element elementor-element-40cf3fb sc_fly_static elementor-widget elementor-widget-spacer\" data-id=\"40cf3fb\" data-element_type=\"widget\" data-widget_type=\"spacer.default\">\n\t\t\t\t<div class=\"elementor-widget-container\">\n\t\t\t\t\t<div class=\"elementor-spacer\">\n\t\t\t<div class=\"elementor-spacer-inner\"><\/div>\n\t\t<\/div>\n\t\t\t\t<\/div>\n\t\t\t\t<\/div>\n\t\t\t\t\t<\/div>\n\t\t<\/div>\n\t\t\t\t\t<\/div>\n\t\t<\/section>\n\t\t\t\t<section class=\"elementor-section elementor-top-section elementor-element elementor-element-b3782cb elementor-section-boxed elementor-section-height-default elementor-section-height-default sc_fly_static\" data-id=\"b3782cb\" data-element_type=\"section\">\n\t\t\t\t\t\t<div class=\"elementor-container elementor-column-gap-extended\">\n\t\t\t\t\t<div class=\"elementor-column elementor-col-100 elementor-top-column elementor-element elementor-element-aa1744c sc_inner_width_none sc_content_align_inherit sc_layouts_column_icons_position_left sc_fly_static\" data-id=\"aa1744c\" data-element_type=\"column\">\n\t\t\t<div class=\"elementor-widget-wrap elementor-element-populated\">\n\t\t\t\t\t\t<div class=\"elementor-element elementor-element-eddff05 sc_fly_static elementor-widget elementor-widget-spacer\" data-id=\"eddff05\" data-element_type=\"widget\" data-widget_type=\"spacer.default\">\n\t\t\t\t<div class=\"elementor-widget-container\">\n\t\t\t\t\t<div class=\"elementor-spacer\">\n\t\t\t<div class=\"elementor-spacer-inner\"><\/div>\n\t\t<\/div>\n\t\t\t\t<\/div>\n\t\t\t\t<\/div>\n\t\t\t\t<div class=\"elementor-element elementor-element-25d23b8 sc_fly_static elementor-widget elementor-widget-text-editor\" data-id=\"25d23b8\" data-element_type=\"widget\" data-widget_type=\"text-editor.default\">\n\t\t\t\t<div class=\"elementor-widget-container\">\n\t\t\t\t\t\t\t<div id=\"content-area\" class=\"clearfix\"><div id=\"left-area\"><article id=\"post-1899\" class=\"post-1899 page type-page status-publish hentry\"><div class=\"entry-content\"><p><strong>Un couple peut \u00eatre amen\u00e9, pour diff\u00e9rentes raisons, \u00e0 prendre la d\u00e9cision de se s\u00e9parer. Il y a une autre personne en jeu, il y a beaucoup de disputes dans une relation ou il est d\u00e9cid\u00e9 ensemble de se s\u00e9parer. Deux sc\u00e9narios sont possibles: le divorce par consentement mutuel ou le divorce sur base de la d\u00e9sunion irr\u00e9m\u00e9diable.<\/strong><\/p><\/div><\/article><\/div><\/div>\t\t\t\t\t\t<\/div>\n\t\t\t\t<\/div>\n\t\t\t\t<div class=\"elementor-element elementor-element-7ea9a9a elementor-widget-divider--view-line sc_fly_static elementor-widget elementor-widget-divider\" data-id=\"7ea9a9a\" data-element_type=\"widget\" data-widget_type=\"divider.default\">\n\t\t\t\t<div class=\"elementor-widget-container\">\n\t\t\t\t\t<div class=\"elementor-divider\">\n\t\t\t<span class=\"elementor-divider-separator\">\n\t\t\t\t\t\t<\/span>\n\t\t<\/div>\n\t\t\t\t<\/div>\n\t\t\t\t<\/div>\n\t\t\t\t\t<\/div>\n\t\t<\/div>\n\t\t\t\t\t<\/div>\n\t\t<\/section>\n\t\t\t\t<section class=\"elementor-section elementor-top-section elementor-element elementor-element-601b15e elementor-section-boxed elementor-section-height-default elementor-section-height-default sc_fly_static\" data-id=\"601b15e\" data-element_type=\"section\">\n\t\t\t\t\t\t<div class=\"elementor-container elementor-column-gap-extended\">\n\t\t\t\t\t<div class=\"elementor-column elementor-col-50 elementor-top-column elementor-element elementor-element-8831f5e sc_inner_width_none sc_content_align_inherit sc_layouts_column_icons_position_left sc_fly_static\" data-id=\"8831f5e\" data-element_type=\"column\">\n\t\t\t<div class=\"elementor-widget-wrap elementor-element-populated\">\n\t\t\t\t\t\t<div class=\"elementor-element elementor-element-5367921 sc_fly_static elementor-widget elementor-widget-text-editor\" data-id=\"5367921\" data-element_type=\"widget\" data-widget_type=\"text-editor.default\">\n\t\t\t\t<div class=\"elementor-widget-container\">\n\t\t\t\t\t\t\t<div id=\"content-area\" class=\"clearfix\"><div id=\"left-area\"><article id=\"post-1899\" class=\"post-1899 page type-page status-publish hentry\"><div class=\"entry-content\"><h3><span style=\"color: #9a2655;\">Divorce par consentement mutuel<\/span><\/h3>Si vous souhaitez divorcer, il n\u2019est nul besoin de se livrer bataille devant le Tribunal. Lorsque vous et votre partenaire \u00eates encore \u00e0 m\u00eame de discuter, vous pouvez divorcer par consentement mutuel. Dans ce cas, en premier lieu, un accord sera n\u00e9goci\u00e9 devant par exemple un avocat, un m\u00e9diateur ou un notaire. L\u2019avantage de cette proc\u00e9dure est son faible co\u00fbt. Il y a aussi de plus grandes chances que l\u2019entente entre les ex-\u00e9poux reste meilleure. Un autre avantage est que les d\u00e9cisions cruciales dans une proc\u00e9dure en divorce ne sont pas abandonn\u00e9es au juge. Vous pouvez ensemble discuter avec l\u2019avocat de tous les aspects et ensuite les fixer dans un acte contraignant.<\/div><\/article><\/div><div><p>Dans un divorce par consentement mutuel,les \u00e9poux doivent parvenir \u00e0 un accord sur absolument tous les points. Cet accord prendra la forme de conventions.<\/p><p><br \/>L\u2019accord doit notamment traiter :<br \/>\u2022 du partage de biens mobiliers et immobiliers<br \/>\u2022 de l\u2019entretien et les modalit\u00e9s d\u2019h\u00e9bergement des enfants.<\/p><p>Aussit\u00f4t que les conventions sont finalis\u00e9es, une requ\u00eate est introduite aupr\u00e8s du Tribunal de la Famille comp\u00e9tent. Si le Tribunal estime que l\u2019ensemble des conditions et formalit\u00e9s sont respect\u00e9es, il pourra alors prononcer le divorce.<\/p><\/div><\/div>\t\t\t\t\t\t<\/div>\n\t\t\t\t<\/div>\n\t\t\t\t<div class=\"elementor-element elementor-element-89d2ded elementor-widget-divider--view-line sc_fly_static elementor-widget elementor-widget-divider\" data-id=\"89d2ded\" data-element_type=\"widget\" data-widget_type=\"divider.default\">\n\t\t\t\t<div class=\"elementor-widget-container\">\n\t\t\t\t\t<div class=\"elementor-divider\">\n\t\t\t<span class=\"elementor-divider-separator\">\n\t\t\t\t\t\t<\/span>\n\t\t<\/div>\n\t\t\t\t<\/div>\n\t\t\t\t<\/div>\n\t\t\t\t<div class=\"elementor-element elementor-element-12b13ce sc_fly_static elementor-widget elementor-widget-text-editor\" data-id=\"12b13ce\" data-element_type=\"widget\" data-widget_type=\"text-editor.default\">\n\t\t\t\t<div class=\"elementor-widget-container\">\n\t\t\t\t\t\t\t<div id=\"content-area\" class=\"clearfix\"><div id=\"left-area\"><article id=\"post-1899\" class=\"post-1899 page type-page status-publish hentry\"><div class=\"entry-content\"><h3><span style=\"color: #9a2655;\">Divorce pour d\u00e9sunion irr\u00e9m\u00e9diable<\/span><\/h3><p>Parfois, il n\u2019est pas possible de divorcer par consentement mutuel. Par exemple en cas de diff\u00e9rend trop grave entre vous. La seule option pour divorcer est d\u2019y proc\u00e9der via une proc\u00e9dure devant le Tribunal. Le Tribunal prononcera le divorce apr\u00e8s avoir v\u00e9rifi\u00e9 que la d\u00e9sunion est bien irr\u00e9m\u00e9diable.<\/p><\/div><\/article><\/div><\/div>\t\t\t\t\t\t<\/div>\n\t\t\t\t<\/div>\n\t\t\t\t<div class=\"elementor-element elementor-element-7f2cb48 sc_layouts_hide_on_wide sc_layouts_hide_on_desktop sc_layouts_hide_on_notebook sc_layouts_hide_on_tablet elementor-widget-divider--view-line sc_fly_static elementor-widget elementor-widget-divider\" data-id=\"7f2cb48\" data-element_type=\"widget\" data-widget_type=\"divider.default\">\n\t\t\t\t<div class=\"elementor-widget-container\">\n\t\t\t\t\t<div class=\"elementor-divider\">\n\t\t\t<span class=\"elementor-divider-separator\">\n\t\t\t\t\t\t<\/span>\n\t\t<\/div>\n\t\t\t\t<\/div>\n\t\t\t\t<\/div>\n\t\t\t\t\t<\/div>\n\t\t<\/div>\n\t\t\t\t<div class=\"elementor-column elementor-col-50 elementor-top-column elementor-element elementor-element-f9c22cb sc_inner_width_none sc_content_align_inherit sc_layouts_column_icons_position_left sc_fly_static\" data-id=\"f9c22cb\" data-element_type=\"column\">\n\t\t\t<div class=\"elementor-widget-wrap elementor-element-populated\">\n\t\t\t\t\t\t<div class=\"elementor-element elementor-element-ff40826 sc_fly_static elementor-widget elementor-widget-text-editor\" data-id=\"ff40826\" data-element_type=\"widget\" data-widget_type=\"text-editor.default\">\n\t\t\t\t<div class=\"elementor-widget-container\">\n\t\t\t\t\t\t\t<div id=\"content-area\" class=\"clearfix\"><div id=\"left-area\"><article id=\"post-1899\" class=\"post-1899 page type-page status-publish hentry\"><div class=\"entry-content\"><div id=\"left-area\"><article id=\"post-1899\" class=\"post-1899 page type-page status-publish hentry\"><div class=\"entry-content\"><h3><span style=\"color: #9a2655;\">Contributions alimentaires pour les enfants<\/span><\/h3><p>Chaque parent est oblig\u00e9 de contribuer \u00e0 l\u2019entretien de ses enfants. La hauteur de la contribution d\u00e9pend entre autres de vos revenus. Pour d\u00e9terminer le montant de la contribution, le montant de l\u2019ensemble des revenus cumul\u00e9s et le co\u00fbt de l\u2019enfant doivent donc \u00eatre connus. Sur base de ces donn\u00e9es, le partage des co\u00fbts ordinaires et extraordinaires peut \u00eatre fix\u00e9 de mani\u00e8re objective. Il est \u00e9galement tenu compte des contributions en nature et des dur\u00e9es respectives que l\u2019enfant passe chez chacun de ses parents. La contribution alimentaire est index\u00e9e une fois par an, \u00e0 date fixe et selon une formule l\u00e9gale d\u00e9termin\u00e9e, \u00e0 moins que le Tribunal ou les parents d\u00e9cident de commun accord d\u2019utiliser une autre formule.<\/p><\/div><\/article><\/div><\/div><\/article><\/div><\/div>\t\t\t\t\t\t<\/div>\n\t\t\t\t<\/div>\n\t\t\t\t<div class=\"elementor-element elementor-element-28e3f69 elementor-widget-divider--view-line sc_fly_static elementor-widget elementor-widget-divider\" data-id=\"28e3f69\" data-element_type=\"widget\" data-widget_type=\"divider.default\">\n\t\t\t\t<div class=\"elementor-widget-container\">\n\t\t\t\t\t<div class=\"elementor-divider\">\n\t\t\t<span class=\"elementor-divider-separator\">\n\t\t\t\t\t\t<\/span>\n\t\t<\/div>\n\t\t\t\t<\/div>\n\t\t\t\t<\/div>\n\t\t\t\t<div class=\"elementor-element elementor-element-4709a1f sc_fly_static elementor-widget elementor-widget-text-editor\" data-id=\"4709a1f\" data-element_type=\"widget\" data-widget_type=\"text-editor.default\">\n\t\t\t\t<div class=\"elementor-widget-container\">\n\t\t\t\t\t\t\t<div id=\"content-area\" class=\"clearfix\"><div id=\"left-area\"><article id=\"post-1899\" class=\"post-1899 page type-page status-publish hentry\"><div class=\"entry-content\"><div id=\"left-area\"><article id=\"post-1899\" class=\"post-1899 page type-page status-publish hentry\"><div class=\"entry-content\"><h3><span style=\"color: #9a2655;\">Pension alimentaire apr\u00e8s divorce<\/span><\/h3><p>Les obligations du mariage sont maintenues durant la proc\u00e9dure en divorce. Les \u00e9poux se doivent toujours mutuellement secours et assistance. Leur niveau de vie est examin\u00e9. Lors d\u2019un divorce sur base de la d\u00e9sunion irr\u00e9m\u00e9diable, l\u2019ex-\u00e9poux \u00e9conomiquement le plus faible peut recevoir une pension alimentaire apr\u00e8s divorce. L\u2019ex-\u00e9poux doit pouvoir d\u00e9montrer qu\u2019il se trouve dans le besoin Quand se trouve-t-on dans le besoin? Cela d\u00e9pend des situations et il n\u2019y a pas de r\u00e8gle exacte. Le Tribunal v\u00e9rifie entre autres les revenus, les possibilit\u00e9s pour acqu\u00e9rir plus de revenus, le contexte social et la formation du cr\u00e9ancier d\u2019aliments. Ensuite, le juge va examiner la dur\u00e9e du mariage, l\u2019\u00e2ge des ex-\u00e9poux et leur organisation durant le mariage. Dans l\u2019hypoth\u00e8se d\u2019un divorce par consentement mutuel, il doit \u00eatre explicitement mentionn\u00e9 dans quels cas la pension alimentaire apr\u00e8s divorce prendra fin. Une attention suffisante doit donc y \u00eatre apport\u00e9e.<\/p><\/div><\/article><\/div><div id=\"sidebar\">\u00a0<\/div><\/div><\/article><\/div><\/div>\t\t\t\t\t\t<\/div>\n\t\t\t\t<\/div>\n\t\t\t\t<div class=\"elementor-element elementor-element-4d17e3e elementor-widget-divider--view-line sc_fly_static elementor-widget elementor-widget-divider\" data-id=\"4d17e3e\" data-element_type=\"widget\" data-widget_type=\"divider.default\">\n\t\t\t\t<div class=\"elementor-widget-container\">\n\t\t\t\t\t<div class=\"elementor-divider\">\n\t\t\t<span class=\"elementor-divider-separator\">\n\t\t\t\t\t\t<\/span>\n\t\t<\/div>\n\t\t\t\t<\/div>\n\t\t\t\t<\/div>\n\t\t\t\t<div class=\"elementor-element elementor-element-9b7d94d sc_fly_static elementor-widget elementor-widget-text-editor\" data-id=\"9b7d94d\" data-element_type=\"widget\" data-widget_type=\"text-editor.default\">\n\t\t\t\t<div class=\"elementor-widget-container\">\n\t\t\t\t\t\t\t<div id=\"content-area\" class=\"clearfix\"><div id=\"left-area\"><article id=\"post-1899\" class=\"post-1899 page type-page status-publish hentry\"><div class=\"entry-content\"><div id=\"left-area\"><article id=\"post-1899\" class=\"post-1899 page type-page status-publish hentry\"><div class=\"entry-content\"><h3><span style=\"color: #9a2655;\">L\u2019aide de nos avocats<\/span><\/h3><p>Vous n\u2019\u00eates pas seul pour r\u00e9gler votre divorce. Nos avocats vous soutiennent pendant la proc\u00e9dure en divorce. Prenez contact, sans engagement, avec nous et nous vous apporterons toutes informations utiles.<\/p><\/div><\/article><\/div><div id=\"sidebar\">\u00a0<\/div><\/div><\/article><\/div><\/div>\t\t\t\t\t\t<\/div>\n\t\t\t\t<\/div>\n\t\t\t\t\t<\/div>\n\t\t<\/div>\n\t\t\t\t\t<\/div>\n\t\t<\/section>\n\t\t\t\t<\/div>\n\t\t","protected":false},"excerpt":{"rendered":"<p>Droit du divorce et de la famille Un couple peut \u00eatre amen\u00e9, pour diff\u00e9rentes raisons,&hellip;<\/p>\n","protected":false},"author":1,"featured_media":0,"parent":24510,"menu_order":0,"comment_status":"closed","ping_status":"closed","template":"","meta":{"om_disable_all_campaigns":false,"_monsterinsights_skip_tracking":false,"_monsterinsights_sitenote_active":false,"_monsterinsights_sitenote_note":"","_monsterinsights_sitenote_category":0,"footnotes":""},"class_list":["post-24546","page","type-page","status-publish","hentry"],"aioseo_notices":[],"_links":{"self":[{"href":"https:\/\/avolink.be\/fr\/wp-json\/wp\/v2\/pages\/24546","targetHints":{"allow":["GET"]}}],"collection":[{"href":"https:\/\/avolink.be\/fr\/wp-json\/wp\/v2\/pages"}],"about":[{"href":"https:\/\/avolink.be\/fr\/wp-json\/wp\/v2\/types\/page"}],"author":[{"embeddable":true,"href":"https:\/\/avolink.be\/fr\/wp-json\/wp\/v2\/users\/1"}],"replies":[{"embeddable":true,"href":"https:\/\/avolink.be\/fr\/wp-json\/wp\/v2\/comments?post=24546"}],"version-history":[{"count":7,"href":"https:\/\/avolink.be\/fr\/wp-json\/wp\/v2\/pages\/24546\/revisions"}],"predecessor-version":[{"id":25514,"href":"https:\/\/avolink.be\/fr\/wp-json\/wp\/v2\/pages\/24546\/revisions\/25514"}],"up":[{"embeddable":true,"href":"https:\/\/avolink.be\/fr\/wp-json\/wp\/v2\/pages\/24510"}],"wp:attachment":[{"href":"https:\/\/avolink.be\/fr\/wp-json\/wp\/v2\/media?parent=24546"}],"curies":[{"name":"wp","href":"https:\/\/api.w.org\/{rel}","templated":true}]}}