{"id":24633,"date":"2024-03-19T13:00:51","date_gmt":"2024-03-19T13:00:51","guid":{"rendered":"https:\/\/avo-link.eu\/?page_id=24633"},"modified":"2024-04-04T09:54:36","modified_gmt":"2024-04-04T09:54:36","slug":"faq","status":"publish","type":"page","link":"https:\/\/avolink.be\/fr\/faq\/","title":{"rendered":"FAQ"},"content":{"rendered":"\t\t<div data-elementor-type=\"wp-page\" data-elementor-id=\"24633\" class=\"elementor elementor-24633 elementor-23370\">\n\t\t\t\t\t\t<section class=\"elementor-section elementor-top-section elementor-element elementor-element-9e0f483 elementor-section-boxed elementor-section-height-default elementor-section-height-default sc_fly_static\" data-id=\"9e0f483\" data-element_type=\"section\" data-settings=\"{&quot;background_background&quot;:&quot;classic&quot;}\">\n\t\t\t\t\t\t<div class=\"elementor-container elementor-column-gap-extended\">\n\t\t\t\t\t<div class=\"elementor-column elementor-col-100 elementor-top-column elementor-element elementor-element-147c02f sc_inner_width_none sc_content_align_inherit sc_layouts_column_icons_position_left sc_fly_static\" data-id=\"147c02f\" data-element_type=\"column\">\n\t\t\t<div class=\"elementor-widget-wrap elementor-element-populated\">\n\t\t\t\t\t\t<div class=\"elementor-element elementor-element-cdd9926 sc_fly_static elementor-widget elementor-widget-spacer\" data-id=\"cdd9926\" data-element_type=\"widget\" data-widget_type=\"spacer.default\">\n\t\t\t\t<div class=\"elementor-widget-container\">\n\t\t\t\t\t<div class=\"elementor-spacer\">\n\t\t\t<div class=\"elementor-spacer-inner\"><\/div>\n\t\t<\/div>\n\t\t\t\t<\/div>\n\t\t\t\t<\/div>\n\t\t\t\t<div class=\"elementor-element elementor-element-1991fc9 sc_fly_static elementor-widget elementor-widget-trx_sc_title\" data-id=\"1991fc9\" data-element_type=\"widget\" data-widget_type=\"trx_sc_title.default\">\n\t\t\t\t<div class=\"elementor-widget-container\">\n\t\t\t<div\t\tclass=\"sc_title sc_title_default\" ><h1 class=\"sc_item_title sc_title_title sc_align_center sc_item_title_style_default sc_item_title_tag trx_addons_inline_1346636001\"\n\t\t\t><span class=\"sc_item_title_text\">FAQ \/ Questions les plus fr\u00e9quentes<\/span><\/h1><\/div>\t\t<\/div>\n\t\t\t\t<\/div>\n\t\t\t\t<div class=\"elementor-element elementor-element-40cf3fb sc_fly_static elementor-widget elementor-widget-spacer\" data-id=\"40cf3fb\" data-element_type=\"widget\" data-widget_type=\"spacer.default\">\n\t\t\t\t<div class=\"elementor-widget-container\">\n\t\t\t\t\t<div class=\"elementor-spacer\">\n\t\t\t<div class=\"elementor-spacer-inner\"><\/div>\n\t\t<\/div>\n\t\t\t\t<\/div>\n\t\t\t\t<\/div>\n\t\t\t\t\t<\/div>\n\t\t<\/div>\n\t\t\t\t\t<\/div>\n\t\t<\/section>\n\t\t\t\t<section class=\"elementor-section elementor-top-section elementor-element elementor-element-b3782cb elementor-section-boxed elementor-section-height-default elementor-section-height-default sc_fly_static\" data-id=\"b3782cb\" data-element_type=\"section\">\n\t\t\t\t\t\t<div class=\"elementor-container elementor-column-gap-extended\">\n\t\t\t\t\t<div class=\"elementor-column elementor-col-100 elementor-top-column elementor-element elementor-element-aa1744c sc_inner_width_none sc_content_align_inherit sc_layouts_column_icons_position_left sc_fly_static\" data-id=\"aa1744c\" data-element_type=\"column\">\n\t\t\t<div class=\"elementor-widget-wrap elementor-element-populated\">\n\t\t\t\t\t\t<div class=\"elementor-element elementor-element-eddff05 sc_fly_static elementor-widget elementor-widget-spacer\" data-id=\"eddff05\" data-element_type=\"widget\" data-widget_type=\"spacer.default\">\n\t\t\t\t<div class=\"elementor-widget-container\">\n\t\t\t\t\t<div class=\"elementor-spacer\">\n\t\t\t<div class=\"elementor-spacer-inner\"><\/div>\n\t\t<\/div>\n\t\t\t\t<\/div>\n\t\t\t\t<\/div>\n\t\t\t\t<div class=\"elementor-element elementor-element-25d23b8 sc_fly_static elementor-widget elementor-widget-text-editor\" data-id=\"25d23b8\" data-element_type=\"widget\" data-widget_type=\"text-editor.default\">\n\t\t\t\t<div class=\"elementor-widget-container\">\n\t\t\t\t\t\t\t<div id=\"content-area\" class=\"clearfix\"><div id=\"left-area\"><article id=\"post-1899\" class=\"post-1899 page type-page status-publish hentry\"><div class=\"entry-content\"><p><strong>Pour le justiciable, le travail des tribunaux et d\u2019un bureau d\u2019avocats n\u2019est pas souvent compr\u00e9hensible. Afin d\u2019atteindre une bonne collaboration avec l\u2019avocat, il est utile de lire les conseils suivants.<\/strong><\/p><\/div><\/article><\/div><\/div>\t\t\t\t\t\t<\/div>\n\t\t\t\t<\/div>\n\t\t\t\t<div class=\"elementor-element elementor-element-7ea9a9a elementor-widget-divider--view-line sc_fly_static elementor-widget elementor-widget-divider\" data-id=\"7ea9a9a\" data-element_type=\"widget\" data-widget_type=\"divider.default\">\n\t\t\t\t<div class=\"elementor-widget-container\">\n\t\t\t\t\t<div class=\"elementor-divider\">\n\t\t\t<span class=\"elementor-divider-separator\">\n\t\t\t\t\t\t<\/span>\n\t\t<\/div>\n\t\t\t\t<\/div>\n\t\t\t\t<\/div>\n\t\t\t\t\t<\/div>\n\t\t<\/div>\n\t\t\t\t\t<\/div>\n\t\t<\/section>\n\t\t\t\t<section class=\"elementor-section elementor-top-section elementor-element elementor-element-798a56d elementor-section-boxed elementor-section-height-default elementor-section-height-default sc_fly_static\" data-id=\"798a56d\" data-element_type=\"section\">\n\t\t\t\t\t\t<div class=\"elementor-container elementor-column-gap-extended\">\n\t\t\t\t\t<div class=\"elementor-column elementor-col-100 elementor-top-column elementor-element elementor-element-fe47aa4 sc_inner_width_none sc_content_align_inherit sc_layouts_column_icons_position_left sc_fly_static\" data-id=\"fe47aa4\" data-element_type=\"column\">\n\t\t\t<div class=\"elementor-widget-wrap elementor-element-populated\">\n\t\t\t\t\t\t<div class=\"elementor-element elementor-element-ba6897a sc_fly_static elementor-widget elementor-widget-toggle\" data-id=\"ba6897a\" data-element_type=\"widget\" data-widget_type=\"toggle.default\">\n\t\t\t\t<div class=\"elementor-widget-container\">\n\t\t\t\t\t<div class=\"elementor-toggle\">\n\t\t\t\t\t\t\t<div class=\"elementor-toggle-item\">\n\t\t\t\t\t<div id=\"elementor-tab-title-1951\" class=\"elementor-tab-title\" data-tab=\"1\" role=\"button\" aria-controls=\"elementor-tab-content-1951\" aria-expanded=\"false\">\n\t\t\t\t\t\t\t\t\t\t\t\t<span class=\"elementor-toggle-icon elementor-toggle-icon-left\" aria-hidden=\"true\">\n\t\t\t\t\t\t\t\t\t\t\t\t\t\t\t<span class=\"elementor-toggle-icon-closed\"><i class=\"fas fa-caret-right\"><\/i><\/span>\n\t\t\t\t\t\t\t\t<span class=\"elementor-toggle-icon-opened\"><i class=\"elementor-toggle-icon-opened fas fa-caret-up\"><\/i><\/span>\n\t\t\t\t\t\t\t\t\t\t\t\t\t<\/span>\n\t\t\t\t\t\t\t\t\t\t\t\t<a class=\"elementor-toggle-title\" tabindex=\"0\">L'image d'un avocat cher<\/a>\n\t\t\t\t\t<\/div>\n\n\t\t\t\t\t<div id=\"elementor-tab-content-1951\" class=\"elementor-tab-content elementor-clearfix\" data-tab=\"1\" role=\"region\" aria-labelledby=\"elementor-tab-title-1951\"><div class=\"et_pb_toggle_content clearfix\"><div class=\"et_pb_toggle_content clearfix\"><p>La vieille blague sur les avocats \u00ab\u00a0l\u2019avocat est celui qui tire votre fortune des mains de votre ennemi \u2026et la garde pour lui-m\u00eame\u2019\u00a0 n\u2019est certainement pas d\u2019application aupr\u00e8s des membres d\u2019Avolink.<\/p><p>Les avocats qui ont rejoint ce r\u00e9seau ont pour objectif de r\u00e9soudre les conflits d\u2019une mani\u00e8re efficace ou \u2013 encore mieux \u2013 de les \u00e9viter gr\u00e2ce \u00e0 un bon avis. M\u00eame si une proc\u00e9dure est entam\u00e9e, ils tentent toujours d\u2019oeuvrer pour atteindre une transaction acceptable.<\/p><\/div><\/div><\/div>\n\t\t\t\t<\/div>\n\t\t\t\t\t\t\t<div class=\"elementor-toggle-item\">\n\t\t\t\t\t<div id=\"elementor-tab-title-1952\" class=\"elementor-tab-title\" data-tab=\"2\" role=\"button\" aria-controls=\"elementor-tab-content-1952\" aria-expanded=\"false\">\n\t\t\t\t\t\t\t\t\t\t\t\t<span class=\"elementor-toggle-icon elementor-toggle-icon-left\" aria-hidden=\"true\">\n\t\t\t\t\t\t\t\t\t\t\t\t\t\t\t<span class=\"elementor-toggle-icon-closed\"><i class=\"fas fa-caret-right\"><\/i><\/span>\n\t\t\t\t\t\t\t\t<span class=\"elementor-toggle-icon-opened\"><i class=\"elementor-toggle-icon-opened fas fa-caret-up\"><\/i><\/span>\n\t\t\t\t\t\t\t\t\t\t\t\t\t<\/span>\n\t\t\t\t\t\t\t\t\t\t\t\t<a class=\"elementor-toggle-title\" tabindex=\"0\">Un avocat est d\u00e9j\u00e0 n\u00e9cessaire<\/a>\n\t\t\t\t\t<\/div>\n\n\t\t\t\t\t<div id=\"elementor-tab-content-1952\" class=\"elementor-tab-content elementor-clearfix\" data-tab=\"2\" role=\"region\" aria-labelledby=\"elementor-tab-title-1952\"><p>Ou bien un avocat est-il utile seulement plus tard?<\/p><p>C\u2019est une erreur : un avis d\u2019un avocat, c\u2019est est avant tout pr\u00e9server son argent si un diff\u00e9rend ou une proc\u00e9dure peut ainsi \u00eatre \u00e9vit\u00e9. S\u2019il est attendu trop longtemps pour solliciter un avis, une affaire peut \u00eatre d\u00e9j\u00e0 perdue (par exemple par prescription\u2026) ou les chances de rassembler les preuves envol\u00e9es\u2026<\/p><p>Solliciter un avis \u00e0 temps et diminuer ainsi les risques d\u2019une proc\u00e9dure co\u00fbteuse ou la perte de vos droits.<\/p><\/div>\n\t\t\t\t<\/div>\n\t\t\t\t\t\t\t<div class=\"elementor-toggle-item\">\n\t\t\t\t\t<div id=\"elementor-tab-title-1953\" class=\"elementor-tab-title\" data-tab=\"3\" role=\"button\" aria-controls=\"elementor-tab-content-1953\" aria-expanded=\"false\">\n\t\t\t\t\t\t\t\t\t\t\t\t<span class=\"elementor-toggle-icon elementor-toggle-icon-left\" aria-hidden=\"true\">\n\t\t\t\t\t\t\t\t\t\t\t\t\t\t\t<span class=\"elementor-toggle-icon-closed\"><i class=\"fas fa-caret-right\"><\/i><\/span>\n\t\t\t\t\t\t\t\t<span class=\"elementor-toggle-icon-opened\"><i class=\"elementor-toggle-icon-opened fas fa-caret-up\"><\/i><\/span>\n\t\t\t\t\t\t\t\t\t\t\t\t\t<\/span>\n\t\t\t\t\t\t\t\t\t\t\t\t<a class=\"elementor-toggle-title\" tabindex=\"0\">L'avocat, votre prestataire de services pour les affaires juridiques<\/a>\n\t\t\t\t\t<\/div>\n\n\t\t\t\t\t<div id=\"elementor-tab-content-1953\" class=\"elementor-tab-content elementor-clearfix\" data-tab=\"3\" role=\"region\" aria-labelledby=\"elementor-tab-title-1953\"><div class=\"et_pb_toggle_content clearfix\"><div class=\"et_pb_toggle_content clearfix\"><p>Avec votre avocat, vous parlez de probl\u00e8mes juridiques. Votre avocat demande ce que vous attendez concr\u00e8tement.\u00a0 D\u00e9terminez ensemble d\u00e8s le d\u00e9but avec votre avocat quoi faire et moyennant quel prix.<\/p><p>Que pouvez-vous attendre de votre avocat?<\/p><ul><li>un discours individuel et fiable au sujet de votre probl\u00e8me ;<\/li><li>une analyse de votre situation et une juste \u00e9valuation de vos chances de r\u00e9ussite<\/li><li>l\u2019\u00e9tablissement d\u2019un accord transactionnel et la conduite de n\u00e9gociations aux fins d\u2019un r\u00e8glement amiable ;<\/li><li>l\u2019\u00e9tablissement de contrats,<\/li><li>la pr\u00e9paration d\u2019actes juridiques dans une proc\u00e9dure;<\/li><li>l\u2019ex\u00e9cution des jugements via le parquet ou un huissier de justice ;<\/li><li>dans les litiges internationaux, nous pouvons \u00e9galement mener, en lien avec des r\u00e9seaux li\u00e9s, une proc\u00e9dure \u00e0 l\u2019\u00e9tranger ;<\/li><li>la traduction de textes juridiques (NL \u2013 FR \u2013 D)<\/li><\/ul><\/div><\/div><\/div>\n\t\t\t\t<\/div>\n\t\t\t\t\t\t\t<div class=\"elementor-toggle-item\">\n\t\t\t\t\t<div id=\"elementor-tab-title-1954\" class=\"elementor-tab-title\" data-tab=\"4\" role=\"button\" aria-controls=\"elementor-tab-content-1954\" aria-expanded=\"false\">\n\t\t\t\t\t\t\t\t\t\t\t\t<span class=\"elementor-toggle-icon elementor-toggle-icon-left\" aria-hidden=\"true\">\n\t\t\t\t\t\t\t\t\t\t\t\t\t\t\t<span class=\"elementor-toggle-icon-closed\"><i class=\"fas fa-caret-right\"><\/i><\/span>\n\t\t\t\t\t\t\t\t<span class=\"elementor-toggle-icon-opened\"><i class=\"elementor-toggle-icon-opened fas fa-caret-up\"><\/i><\/span>\n\t\t\t\t\t\t\t\t\t\t\t\t\t<\/span>\n\t\t\t\t\t\t\t\t\t\t\t\t<a class=\"elementor-toggle-title\" tabindex=\"0\">Processus: sans espoir<\/a>\n\t\t\t\t\t<\/div>\n\n\t\t\t\t\t<div id=\"elementor-tab-content-1954\" class=\"elementor-tab-content elementor-clearfix\" data-tab=\"4\" role=\"region\" aria-labelledby=\"elementor-tab-title-1954\"><div class=\"et_pb_toggle_content clearfix\"><div class=\"et_pb_toggle_content clearfix\"><div class=\"et_pb_toggle_content clearfix\"><p>M\u00eame si l\u2019avocat arrive \u00e0 la constatation qu\u2019une proc\u00e9dure aboutira probablement au succ\u00e8s, il ne doit pas n\u00e9cessairement proc\u00e9der judiciairement. Souvent il est opportun de choisir la recherche -\u00e9galement pour r\u00e9duire les co\u00fbts \u2013 d\u2019un r\u00e8glement transactionnel avec l\u2019autre partie. C\u2019est souvent ainsi que vous allez rencontrer encore une fois l\u2019autre partie et, le cas \u00e9ch\u00e9ant reconstruire une meilleure entente et compr\u00e9hension entre vous.<\/p><p>Il existe naturellement des situations dans lesquelles une proc\u00e9dure ne peut \u00eatre \u00e9vit\u00e9e. Dans ce cas, vous envisagez avec l\u2019avocat de quelle mani\u00e8re atteindre le meilleur r\u00e9sultat. Un aspect important est le prix de ce choix et cela doit \u00eatre abord\u00e9 de mani\u00e8re transparente.<\/p><\/div><\/div><\/div><\/div>\n\t\t\t\t<\/div>\n\t\t\t\t\t\t\t<div class=\"elementor-toggle-item\">\n\t\t\t\t\t<div id=\"elementor-tab-title-1955\" class=\"elementor-tab-title\" data-tab=\"5\" role=\"button\" aria-controls=\"elementor-tab-content-1955\" aria-expanded=\"false\">\n\t\t\t\t\t\t\t\t\t\t\t\t<span class=\"elementor-toggle-icon elementor-toggle-icon-left\" aria-hidden=\"true\">\n\t\t\t\t\t\t\t\t\t\t\t\t\t\t\t<span class=\"elementor-toggle-icon-closed\"><i class=\"fas fa-caret-right\"><\/i><\/span>\n\t\t\t\t\t\t\t\t<span class=\"elementor-toggle-icon-opened\"><i class=\"elementor-toggle-icon-opened fas fa-caret-up\"><\/i><\/span>\n\t\t\t\t\t\t\t\t\t\t\t\t\t<\/span>\n\t\t\t\t\t\t\t\t\t\t\t\t<a class=\"elementor-toggle-title\" tabindex=\"0\">Combien co\u00fbte un avocat? Engagement de transparence<\/a>\n\t\t\t\t\t<\/div>\n\n\t\t\t\t\t<div id=\"elementor-tab-content-1955\" class=\"elementor-tab-content elementor-clearfix\" data-tab=\"5\" role=\"region\" aria-labelledby=\"elementor-tab-title-1955\"><div class=\"et_pb_toggle_content clearfix\"><div class=\"et_pb_toggle_content clearfix\"><div class=\"et_pb_toggle_content clearfix\"><div class=\"et_pb_toggle_content clearfix\"><p>Il ne doit y avoir aucune angoisse quant au fait de se rendre chez un avocat. D\u00e8s le premier entretien, il vous sera donn\u00e9 une estimation des co\u00fbts et honoraires probables. Si une estimation est compliqu\u00e9e, il y aura au minimum une information claire sur la mani\u00e8re dont les co\u00fbts et honoraires (tarif horaire, pourcentage de l\u2019enjeu financier d\u2019une proc\u00e9dure, frais\u2026), information qui se trouve \u00e9galement souvent sur le site web de l\u2019avocat concern\u00e9.<\/p><\/div><\/div><\/div><\/div><\/div>\n\t\t\t\t<\/div>\n\t\t\t\t\t\t\t<div class=\"elementor-toggle-item\">\n\t\t\t\t\t<div id=\"elementor-tab-title-1956\" class=\"elementor-tab-title\" data-tab=\"6\" role=\"button\" aria-controls=\"elementor-tab-content-1956\" aria-expanded=\"false\">\n\t\t\t\t\t\t\t\t\t\t\t\t<span class=\"elementor-toggle-icon elementor-toggle-icon-left\" aria-hidden=\"true\">\n\t\t\t\t\t\t\t\t\t\t\t\t\t\t\t<span class=\"elementor-toggle-icon-closed\"><i class=\"fas fa-caret-right\"><\/i><\/span>\n\t\t\t\t\t\t\t\t<span class=\"elementor-toggle-icon-opened\"><i class=\"elementor-toggle-icon-opened fas fa-caret-up\"><\/i><\/span>\n\t\t\t\t\t\t\t\t\t\t\t\t\t<\/span>\n\t\t\t\t\t\t\t\t\t\t\t\t<a class=\"elementor-toggle-title\" tabindex=\"0\">Pr\u00e9paration de la conversation<\/a>\n\t\t\t\t\t<\/div>\n\n\t\t\t\t\t<div id=\"elementor-tab-content-1956\" class=\"elementor-tab-content elementor-clearfix\" data-tab=\"6\" role=\"region\" aria-labelledby=\"elementor-tab-title-1956\"><div class=\"et_pb_toggle_content clearfix\"><div class=\"et_pb_toggle_content clearfix\"><p>Si vous pr\u00e9parez correctement votre entretien avec votre avocat, il sera certainement possible d\u2019obtenir rapidement un bon avis.<\/p><p>L\u2019avocat et ses collaborateurs sont tenus au secret professionnel. Vous pouvez d\u00e8s lors librement parler avec votre avocat , m\u00eame s\u2019il vous semble \u00e9ventuellement d\u00e9sagr\u00e9able de parler de certains aspects de votre affaire.\u00a0 Votre avocat n\u2019est pas votre juge et ne va en aucun cas vous \u2018condamner\u2019. Votre avocat est votre conseiller et doit avoir connaissance de toutes les facettes, pour vous d\u00e9fendre de mani\u00e8re efficace.<\/p><p>Il est indispensable, d\u00e8s le d\u00e9but, de partager votre probl\u00e8me concret et vos attentes. Parfois, il est utile d\u2019exposer les informations de mani\u00e8re \u00e9crite afin de s\u2019assurer qu\u2019aucune information ne soit \u2018perdue\u2019.<\/p><p>N\u2019oubliez pas non plus d\u2019apporter toutes les pi\u00e8ces (lettres, contrats, photos \u2026).<\/p><p>Avant tout, il est \u00e9galement utile de v\u00e9rifier aupr\u00e8s de votre courtier d\u2019assurances si une \u00e9ventuelle assurance pourrait intervenir dans les co\u00fbts de cette assistance juridique.<\/p><\/div><\/div><\/div>\n\t\t\t\t<\/div>\n\t\t\t\t\t\t\t<div class=\"elementor-toggle-item\">\n\t\t\t\t\t<div id=\"elementor-tab-title-1957\" class=\"elementor-tab-title\" data-tab=\"7\" role=\"button\" aria-controls=\"elementor-tab-content-1957\" aria-expanded=\"false\">\n\t\t\t\t\t\t\t\t\t\t\t\t<span class=\"elementor-toggle-icon elementor-toggle-icon-left\" aria-hidden=\"true\">\n\t\t\t\t\t\t\t\t\t\t\t\t\t\t\t<span class=\"elementor-toggle-icon-closed\"><i class=\"fas fa-caret-right\"><\/i><\/span>\n\t\t\t\t\t\t\t\t<span class=\"elementor-toggle-icon-opened\"><i class=\"elementor-toggle-icon-opened fas fa-caret-up\"><\/i><\/span>\n\t\t\t\t\t\t\t\t\t\t\t\t\t<\/span>\n\t\t\t\t\t\t\t\t\t\t\t\t<a class=\"elementor-toggle-title\" tabindex=\"0\">Termes et pi\u00e8ces<\/a>\n\t\t\t\t\t<\/div>\n\n\t\t\t\t\t<div id=\"elementor-tab-content-1957\" class=\"elementor-tab-content elementor-clearfix\" data-tab=\"7\" role=\"region\" aria-labelledby=\"elementor-tab-title-1957\"><div class=\"et_pb_toggle_content clearfix\"><div class=\"et_pb_toggle_content clearfix\"><div class=\"et_pb_toggle_content clearfix\"><div class=\"et_pb_toggle_content clearfix\"><div class=\"et_pb_toggle_content clearfix\"><div class=\"et_pb_toggle_content clearfix\"><p>Si vous recevez des courriers d\u2019huissiers de justice, de tribunaux, d\u2019institutions administratives ou d\u2019avocats, vous devez les transmettre imm\u00e9diatement \u00e0 votre avocat, a fortiori si vous avez un probl\u00e8me avec la langue des documents.<\/p><p>A partir de la signification ou l\u2019envoi de jugements ou d\u00e9cisions administratives courent des d\u00e9lais pour faire valoir des moyens de droit (opposition ou appel). Il est de votre int\u00e9r\u00eat de ne pas attendre le dernier jour pour contacter votre avocat. Une fois un d\u00e9lai d\u00e9pass\u00e9, il n\u2019existe en principe plus aucune possibilit\u00e9 pour modifier votre situation juridique, m\u00eame s\u2019il appara\u00eet que vous avez effectivement \u2018raison\u2019\u2026<\/p><\/div><\/div><\/div><\/div><\/div><\/div><\/div>\n\t\t\t\t<\/div>\n\t\t\t\t\t\t\t\t<\/div>\n\t\t\t\t<\/div>\n\t\t\t\t<\/div>\n\t\t\t\t\t<\/div>\n\t\t<\/div>\n\t\t\t\t\t<\/div>\n\t\t<\/section>\n\t\t\t\t<section class=\"elementor-section elementor-top-section elementor-element elementor-element-71ce2f8 elementor-section-boxed elementor-section-height-default elementor-section-height-default sc_fly_static\" data-id=\"71ce2f8\" data-element_type=\"section\">\n\t\t\t\t\t\t<div class=\"elementor-container elementor-column-gap-extended\">\n\t\t\t\t\t<div class=\"elementor-column elementor-col-100 elementor-top-column elementor-element elementor-element-9ef5b42 sc_inner_width_none sc_content_align_inherit sc_layouts_column_icons_position_left sc_fly_static\" data-id=\"9ef5b42\" data-element_type=\"column\">\n\t\t\t<div class=\"elementor-widget-wrap elementor-element-populated\">\n\t\t\t\t\t\t<div class=\"elementor-element elementor-element-72ee6dd sc_fly_static elementor-widget elementor-widget-spacer\" data-id=\"72ee6dd\" data-element_type=\"widget\" data-widget_type=\"spacer.default\">\n\t\t\t\t<div class=\"elementor-widget-container\">\n\t\t\t\t\t<div class=\"elementor-spacer\">\n\t\t\t<div class=\"elementor-spacer-inner\"><\/div>\n\t\t<\/div>\n\t\t\t\t<\/div>\n\t\t\t\t<\/div>\n\t\t\t\t\t<\/div>\n\t\t<\/div>\n\t\t\t\t\t<\/div>\n\t\t<\/section>\n\t\t\t\t<\/div>\n\t\t","protected":false},"excerpt":{"rendered":"<p>FAQ \/ Questions les plus fr\u00e9quentes Pour le justiciable, le travail des tribunaux et d\u2019un&hellip;<\/p>\n","protected":false},"author":1,"featured_media":0,"parent":0,"menu_order":0,"comment_status":"closed","ping_status":"closed","template":"","meta":{"om_disable_all_campaigns":false,"_monsterinsights_skip_tracking":false,"_monsterinsights_sitenote_active":false,"_monsterinsights_sitenote_note":"","_monsterinsights_sitenote_category":0,"footnotes":""},"class_list":["post-24633","page","type-page","status-publish","hentry"],"aioseo_notices":[],"_links":{"self":[{"href":"https:\/\/avolink.be\/fr\/wp-json\/wp\/v2\/pages\/24633","targetHints":{"allow":["GET"]}}],"collection":[{"href":"https:\/\/avolink.be\/fr\/wp-json\/wp\/v2\/pages"}],"about":[{"href":"https:\/\/avolink.be\/fr\/wp-json\/wp\/v2\/types\/page"}],"author":[{"embeddable":true,"href":"https:\/\/avolink.be\/fr\/wp-json\/wp\/v2\/users\/1"}],"replies":[{"embeddable":true,"href":"https:\/\/avolink.be\/fr\/wp-json\/wp\/v2\/comments?post=24633"}],"version-history":[{"count":10,"href":"https:\/\/avolink.be\/fr\/wp-json\/wp\/v2\/pages\/24633\/revisions"}],"predecessor-version":[{"id":25510,"href":"https:\/\/avolink.be\/fr\/wp-json\/wp\/v2\/pages\/24633\/revisions\/25510"}],"wp:attachment":[{"href":"https:\/\/avolink.be\/fr\/wp-json\/wp\/v2\/media?parent=24633"}],"curies":[{"name":"wp","href":"https:\/\/api.w.org\/{rel}","templated":true}]}}