{"id":24663,"date":"2024-03-19T07:08:22","date_gmt":"2024-03-19T07:08:22","guid":{"rendered":"https:\/\/avo-link.eu\/?page_id=24663"},"modified":"2024-04-04T09:48:03","modified_gmt":"2024-04-04T09:48:03","slug":"avolink-anvers-evc","status":"publish","type":"page","link":"https:\/\/avolink.be\/fr\/reseau-de-cabinets-davocats\/anvers\/avolink-anvers-evc\/","title":{"rendered":"Avolink-anvers-evc"},"content":{"rendered":"\t\t<div data-elementor-type=\"wp-page\" data-elementor-id=\"24663\" class=\"elementor elementor-24663 elementor-22884\">\n\t\t\t\t\t\t<section class=\"elementor-section elementor-top-section elementor-element elementor-element-be98a56 elementor-section-full_width elementor-section-height-default elementor-section-height-default sc_fly_static\" data-id=\"be98a56\" data-element_type=\"section\">\n\t\t\t\t\t\t<div class=\"elementor-container elementor-column-gap-extended\">\n\t\t\t\t\t<div class=\"elementor-column elementor-col-33 elementor-top-column elementor-element elementor-element-4cc5c93 sc_inner_width_none sc_content_align_inherit sc_layouts_column_icons_position_left sc_fly_static\" data-id=\"4cc5c93\" data-element_type=\"column\">\n\t\t\t<div class=\"elementor-widget-wrap elementor-element-populated\">\n\t\t\t\t\t\t<div class=\"elementor-element elementor-element-548b8af sc_fly_static elementor-widget elementor-widget-spacer\" data-id=\"548b8af\" data-element_type=\"widget\" data-widget_type=\"spacer.default\">\n\t\t\t\t<div class=\"elementor-widget-container\">\n\t\t\t\t\t<div class=\"elementor-spacer\">\n\t\t\t<div class=\"elementor-spacer-inner\"><\/div>\n\t\t<\/div>\n\t\t\t\t<\/div>\n\t\t\t\t<\/div>\n\t\t\t\t\t<\/div>\n\t\t<\/div>\n\t\t\t\t<div class=\"elementor-column elementor-col-33 elementor-top-column elementor-element elementor-element-796d16d sc_inner_width_none sc_content_align_inherit sc_layouts_column_icons_position_left sc_fly_static\" data-id=\"796d16d\" data-element_type=\"column\">\n\t\t\t<div class=\"elementor-widget-wrap elementor-element-populated\">\n\t\t\t\t\t\t<div class=\"elementor-element elementor-element-60d09cc sc_layouts_hide_on_mobile sc_fly_static elementor-widget elementor-widget-spacer\" data-id=\"60d09cc\" data-element_type=\"widget\" data-widget_type=\"spacer.default\">\n\t\t\t\t<div class=\"elementor-widget-container\">\n\t\t\t\t\t<div class=\"elementor-spacer\">\n\t\t\t<div class=\"elementor-spacer-inner\"><\/div>\n\t\t<\/div>\n\t\t\t\t<\/div>\n\t\t\t\t<\/div>\n\t\t\t\t<div class=\"elementor-element elementor-element-7b9cc4a sc_fly_static elementor-widget elementor-widget-text-editor\" data-id=\"7b9cc4a\" data-element_type=\"widget\" data-widget_type=\"text-editor.default\">\n\t\t\t\t<div class=\"elementor-widget-container\">\n\t\t\t\t\t\t\t<div class=\"max-width-container\"><div class=\"visual-content-left\"><h1 class=\"red font-bold font-large\"><span style=\"color: #9a2655;\">Avolink Anvers<\/span><\/h1><h4><span style=\"color: #847c61;\"><strong class=\"subtitle\">Ilse Mertens<\/strong><\/span><\/h4><div class=\"visual-content\"><ul class=\"checkmark\"><li>Plus de 40 ans d\u2019exp\u00e9rience;<\/li><li>Ax\u00e9 sur les r\u00e9sultats: n\u00e9gociation l\u00e0 o\u00f9 c\u2019est utile, proc\u00e9dure l\u00e0 o\u00f9 c\u2019est utile;<\/li><li>Flexible, en fonction du client.<\/li><\/ul><\/div><div class=\"visual-content\">\u00a0<\/div><\/div><\/div>\t\t\t\t\t\t<\/div>\n\t\t\t\t<\/div>\n\t\t\t\t\t<\/div>\n\t\t<\/div>\n\t\t\t\t<div class=\"elementor-column elementor-col-33 elementor-top-column elementor-element elementor-element-0c5392e sc_inner_width_none sc_content_align_inherit sc_layouts_column_icons_position_left sc_fly_static\" data-id=\"0c5392e\" data-element_type=\"column\" data-settings=\"{&quot;background_background&quot;:&quot;classic&quot;}\">\n\t\t\t<div class=\"elementor-widget-wrap elementor-element-populated\">\n\t\t\t\t\t\t<div class=\"elementor-element elementor-element-7520dd0 sc_fly_static elementor-widget elementor-widget-spacer\" data-id=\"7520dd0\" data-element_type=\"widget\" data-widget_type=\"spacer.default\">\n\t\t\t\t<div class=\"elementor-widget-container\">\n\t\t\t\t\t<div class=\"elementor-spacer\">\n\t\t\t<div class=\"elementor-spacer-inner\"><\/div>\n\t\t<\/div>\n\t\t\t\t<\/div>\n\t\t\t\t<\/div>\n\t\t\t\t\t<\/div>\n\t\t<\/div>\n\t\t\t\t\t<\/div>\n\t\t<\/section>\n\t\t\t\t<section class=\"elementor-section elementor-top-section elementor-element elementor-element-2f63a08 elementor-section-boxed elementor-section-height-default elementor-section-height-default sc_fly_static\" data-id=\"2f63a08\" data-element_type=\"section\" data-settings=\"{&quot;background_background&quot;:&quot;classic&quot;}\">\n\t\t\t\t\t\t<div class=\"elementor-container elementor-column-gap-extended\">\n\t\t\t\t\t<div class=\"elementor-column elementor-col-100 elementor-top-column elementor-element elementor-element-0937262 sc_inner_width_none sc_content_align_inherit sc_layouts_column_icons_position_left sc_fly_static\" data-id=\"0937262\" data-element_type=\"column\">\n\t\t\t<div class=\"elementor-widget-wrap elementor-element-populated\">\n\t\t\t\t\t\t<div class=\"elementor-element elementor-element-9c3bbfe sc_height_huge sc_fly_static elementor-widget elementor-widget-spacer\" data-id=\"9c3bbfe\" data-element_type=\"widget\" data-widget_type=\"spacer.default\">\n\t\t\t\t<div class=\"elementor-widget-container\">\n\t\t\t\t\t<div class=\"elementor-spacer\">\n\t\t\t<div class=\"elementor-spacer-inner\"><\/div>\n\t\t<\/div>\n\t\t\t\t<\/div>\n\t\t\t\t<\/div>\n\t\t\t\t\t<\/div>\n\t\t<\/div>\n\t\t\t\t\t<\/div>\n\t\t<\/section>\n\t\t\t\t<section class=\"elementor-section elementor-top-section elementor-element elementor-element-87bf96a elementor-section-content-top elementor-reverse-mobile elementor-section-boxed elementor-section-height-default elementor-section-height-default sc_fly_static\" data-id=\"87bf96a\" data-element_type=\"section\" data-settings=\"{&quot;background_background&quot;:&quot;classic&quot;}\">\n\t\t\t\t\t\t<div class=\"elementor-container elementor-column-gap-extended\">\n\t\t\t\t\t<div class=\"elementor-column elementor-col-50 elementor-top-column elementor-element elementor-element-e710d77 sc_inner_width_none sc_content_align_inherit sc_layouts_column_icons_position_left sc_fly_static\" data-id=\"e710d77\" data-element_type=\"column\">\n\t\t\t<div class=\"elementor-widget-wrap elementor-element-populated\">\n\t\t\t\t\t\t<div class=\"elementor-element elementor-element-b7bec8e gallery-spacing-custom sc_fly_static elementor-widget elementor-widget-image-gallery\" data-id=\"b7bec8e\" data-element_type=\"widget\" data-widget_type=\"image-gallery.default\">\n\t\t\t\t<div class=\"elementor-widget-container\">\n\t\t\t\t\t<div class=\"elementor-image-gallery\">\n\t\t\t<div id='gallery-1' class='gallery galleryid-24663 gallery-columns-1 gallery-size-qwery-thumb-masonry-big'><figure class='gallery-item'>\n\t\t\t<div class='gallery-icon landscape'>\n\t\t\t\t<a data-elementor-open-lightbox=\"yes\" data-elementor-lightbox-slideshow=\"b7bec8e\" data-elementor-lightbox-title=\"avolink-antwerpen-evc-advocaten4\" data-e-action-hash=\"#elementor-action%3Aaction%3Dlightbox%26settings%3DeyJpZCI6MjQyODksInVybCI6Imh0dHBzOlwvXC9hdm9saW5rLmJlXC93cC1jb250ZW50XC91cGxvYWRzXC8yMDI0XC8wM1wvYXZvbGluay1hbnR3ZXJwZW4tZXZjLWFkdm9jYXRlbjQuanBnIiwic2xpZGVzaG93IjoiYjdiZWM4ZSJ9\" href='https:\/\/avolink.be\/wp-content\/uploads\/2024\/03\/avolink-antwerpen-evc-advocaten4.jpg'><img fetchpriority=\"high\" decoding=\"async\" width=\"640\" height=\"347\" src=\"https:\/\/avolink.be\/wp-content\/uploads\/2024\/03\/avolink-antwerpen-evc-advocaten4.jpg\" class=\"attachment-qwery-thumb-masonry-big size-qwery-thumb-masonry-big\" alt=\"\" srcset=\"https:\/\/avolink.be\/wp-content\/uploads\/2024\/03\/avolink-antwerpen-evc-advocaten4.jpg 640w, https:\/\/avolink.be\/wp-content\/uploads\/2024\/03\/avolink-antwerpen-evc-advocaten4-300x163.jpg 300w, https:\/\/avolink.be\/wp-content\/uploads\/2024\/03\/avolink-antwerpen-evc-advocaten4-370x201.jpg 370w, https:\/\/avolink.be\/wp-content\/uploads\/2024\/03\/avolink-antwerpen-evc-advocaten4-410x222.jpg 410w\" sizes=\"(max-width: 640px) 100vw, 640px\" \/><\/a>\n\t\t\t<\/div><\/figure><figure class='gallery-item'>\n\t\t\t<div class='gallery-icon landscape'>\n\t\t\t\t<a data-elementor-open-lightbox=\"yes\" data-elementor-lightbox-slideshow=\"b7bec8e\" data-elementor-lightbox-title=\"avolink-antwerpen-evc-advocaten2\" data-e-action-hash=\"#elementor-action%3Aaction%3Dlightbox%26settings%3DeyJpZCI6MjQyODMsInVybCI6Imh0dHBzOlwvXC9hdm9saW5rLmJlXC93cC1jb250ZW50XC91cGxvYWRzXC8yMDI0XC8wM1wvYXZvbGluay1hbnR3ZXJwZW4tZXZjLWFkdm9jYXRlbjIuanBnIiwic2xpZGVzaG93IjoiYjdiZWM4ZSJ9\" href='https:\/\/avolink.be\/wp-content\/uploads\/2024\/03\/avolink-antwerpen-evc-advocaten2.jpg'><img decoding=\"async\" width=\"840\" height=\"840\" src=\"https:\/\/avolink.be\/wp-content\/uploads\/2024\/03\/avolink-antwerpen-evc-advocaten2-840x840.jpg\" class=\"attachment-qwery-thumb-masonry-big size-qwery-thumb-masonry-big\" alt=\"\" srcset=\"https:\/\/avolink.be\/wp-content\/uploads\/2024\/03\/avolink-antwerpen-evc-advocaten2-840x840.jpg 840w, https:\/\/avolink.be\/wp-content\/uploads\/2024\/03\/avolink-antwerpen-evc-advocaten2-300x300.jpg 300w, https:\/\/avolink.be\/wp-content\/uploads\/2024\/03\/avolink-antwerpen-evc-advocaten2-150x150.jpg 150w, https:\/\/avolink.be\/wp-content\/uploads\/2024\/03\/avolink-antwerpen-evc-advocaten2-768x768.jpg 768w, https:\/\/avolink.be\/wp-content\/uploads\/2024\/03\/avolink-antwerpen-evc-advocaten2-370x370.jpg 370w, https:\/\/avolink.be\/wp-content\/uploads\/2024\/03\/avolink-antwerpen-evc-advocaten2-120x120.jpg 120w, https:\/\/avolink.be\/wp-content\/uploads\/2024\/03\/avolink-antwerpen-evc-advocaten2-410x410.jpg 410w, https:\/\/avolink.be\/wp-content\/uploads\/2024\/03\/avolink-antwerpen-evc-advocaten2.jpg 1024w\" sizes=\"(max-width: 840px) 100vw, 840px\" \/><\/a>\n\t\t\t<\/div><\/figure>\n\t\t<\/div>\n\t\t<\/div>\n\t\t\t\t<\/div>\n\t\t\t\t<\/div>\n\t\t\t\t<div class=\"elementor-element elementor-element-10892c0 sc_fly_static elementor-widget elementor-widget-spacer\" data-id=\"10892c0\" data-element_type=\"widget\" data-widget_type=\"spacer.default\">\n\t\t\t\t<div class=\"elementor-widget-container\">\n\t\t\t\t\t<div class=\"elementor-spacer\">\n\t\t\t<div class=\"elementor-spacer-inner\"><\/div>\n\t\t<\/div>\n\t\t\t\t<\/div>\n\t\t\t\t<\/div>\n\t\t\t\t\t<\/div>\n\t\t<\/div>\n\t\t\t\t<div class=\"elementor-column elementor-col-50 elementor-top-column elementor-element elementor-element-0d6df0d sc_inner_width_none sc_content_align_inherit sc_layouts_column_icons_position_left sc_fly_static\" data-id=\"0d6df0d\" data-element_type=\"column\">\n\t\t\t<div class=\"elementor-widget-wrap elementor-element-populated\">\n\t\t\t\t\t\t<div class=\"elementor-element elementor-element-e8b384e sc_fly_static elementor-widget elementor-widget-text-editor\" data-id=\"e8b384e\" data-element_type=\"widget\" data-widget_type=\"text-editor.default\">\n\t\t\t\t<div class=\"elementor-widget-container\">\n\t\t\t\t\t\t\t<h2 class=\"content-title\">EVC advocaten<\/h2><h4 class=\"paragraph-heading\"><span style=\"color: #9a2655;\">Adresse<\/span><\/h4><p>L\u00e9on Stynenstraat 70\/3, 0306<br \/>2000 Antwerpen<\/p><h4><span style=\"color: #9a2655;\">Contact<\/span><\/h4><p>T. 03 \/ 241 \/ 05 41<br \/>Email: <a href=\"mailto:ilse.mertens@evclaw.com\">ilse.mertens@evclaw.com<\/a><br \/><a href=\"https:\/\/evcadvocaten.be\/\">www.evcadvocaten.be<\/a><\/p><h4 class=\"paragraph-heading\"><span style=\"color: #9a2655;\">Br\u00e8ve description<\/span><\/h4><p>La collaboration entre avocats conduit en 2005 \u00e0 la cr\u00e9ation d\u2019EVC avocats. Une formule appropri\u00e9e aux diff\u00e9rents domaines du droit et des \u00e9changes qui permettent d\u2019offrir des avocats qui collaborent ensemble avec leurs propres mati\u00e8res pr\u00e9f\u00e9rentielles.<\/p><p>Trop souvent, les avocats sont uniquement consult\u00e9s pour r\u00e9soudre un diff\u00e9rend juridique. La plupart du temps pour des probl\u00e8mes auxquels il faut imm\u00e9diatement s\u2019attaquer. Bien s\u00fbr vous pouvez dans une telle situation compter sur nous pour vous d\u00e9livrer un avis rapide et pr\u00e9cis et d\u00e9fendre vos int\u00e9r\u00eats.<\/p><p>Mais nous regardons \u00e9galement volontiers vers l\u2019avant. Parce que nous sommes convaincus que nous pouvons offrir un meilleur service \u00e0 nos clients en se pr\u00e9parant ensemble \u00e0 l\u2019avance, nous recevons une vision claire des petits et gros risques qui menacent votre priv\u00e9 ou vos affaires. Cette analyse livre toujours plusieurs conseils juridiques qui neutralisent les risques avant qu\u2019ils se d\u00e9veloppent en probl\u00e8me ou litige.<\/p><p>\u00a0<\/p>\t\t\t\t\t\t<\/div>\n\t\t\t\t<\/div>\n\t\t\t\t<div class=\"elementor-element elementor-element-66a984e sc_fly_static elementor-widget elementor-widget-spacer\" data-id=\"66a984e\" data-element_type=\"widget\" data-widget_type=\"spacer.default\">\n\t\t\t\t<div class=\"elementor-widget-container\">\n\t\t\t\t\t<div class=\"elementor-spacer\">\n\t\t\t<div class=\"elementor-spacer-inner\"><\/div>\n\t\t<\/div>\n\t\t\t\t<\/div>\n\t\t\t\t<\/div>\n\t\t\t\t<div class=\"elementor-element elementor-element-bb27d92 sc_fly_static elementor-widget elementor-widget-heading\" data-id=\"bb27d92\" data-element_type=\"widget\" data-widget_type=\"heading.default\">\n\t\t\t\t<div class=\"elementor-widget-container\">\n\t\t\t<h4 class=\"elementor-heading-title elementor-size-default\">\" NOUS LE FAISONS ENSEMBLE\u2026.AVEC VOUS\n<\/h4>\t\t<\/div>\n\t\t\t\t<\/div>\n\t\t\t\t<div class=\"elementor-element elementor-element-4ceaf2e sc_fly_static elementor-widget elementor-widget-heading\" data-id=\"4ceaf2e\" data-element_type=\"widget\" data-widget_type=\"heading.default\">\n\t\t\t\t<div class=\"elementor-widget-container\">\n\t\t\t<h4 class=\"elementor-heading-title elementor-size-default\">Le priv\u00e9, les affaires, adapt\u00e9 au client.\"<\/h4>\t\t<\/div>\n\t\t\t\t<\/div>\n\t\t\t\t<div class=\"elementor-element elementor-element-53eeb80 sc_fly_static elementor-widget elementor-widget-spacer\" data-id=\"53eeb80\" data-element_type=\"widget\" data-widget_type=\"spacer.default\">\n\t\t\t\t<div class=\"elementor-widget-container\">\n\t\t\t\t\t<div class=\"elementor-spacer\">\n\t\t\t<div class=\"elementor-spacer-inner\"><\/div>\n\t\t<\/div>\n\t\t\t\t<\/div>\n\t\t\t\t<\/div>\n\t\t\t\t<div class=\"elementor-element elementor-element-1c23ba4 sc_fly_static elementor-widget elementor-widget-text-editor\" data-id=\"1c23ba4\" data-element_type=\"widget\" data-widget_type=\"text-editor.default\">\n\t\t\t\t<div class=\"elementor-widget-container\">\n\t\t\t\t\t\t\t<p>Si vous souhaitez des conseils, \u00e9tablir des contrats ou mener des proc\u00e9dures, la demande d\u2019une solution adapt\u00e9e commence par \u00e9couter le client, ses probl\u00e8mes, sa vision, ses souhaits. Personne ne conna\u00eet mieux son dossier que lui et il n\u2019est pas rare qu\u2019il trouve lui-m\u00eame la solution, tandis que l\u2019avocat lui procure forme juridique.<\/p><p>L\u2019aptitude \u00e0 \u00e9couter permet de rechercher ensemble de mani\u00e8re transparente ce qui est possible, n\u00e9cessaire et ce qu\u2019il faut pr\u00e9cis\u00e9ment \u00e9viter. La collaboration unique entre le client et l\u2019avocat est couverte par la discr\u00e9tion, le secret professionnel et la loyaut\u00e9 mutuelle. Ainsi travaillons-nous.<\/p>\t\t\t\t\t\t<\/div>\n\t\t\t\t<\/div>\n\t\t\t\t<div class=\"elementor-element elementor-element-929032e sc_fly_static elementor-widget elementor-widget-spacer\" data-id=\"929032e\" data-element_type=\"widget\" data-widget_type=\"spacer.default\">\n\t\t\t\t<div class=\"elementor-widget-container\">\n\t\t\t\t\t<div class=\"elementor-spacer\">\n\t\t\t<div class=\"elementor-spacer-inner\"><\/div>\n\t\t<\/div>\n\t\t\t\t<\/div>\n\t\t\t\t<\/div>\n\t\t\t\t\t<\/div>\n\t\t<\/div>\n\t\t\t\t\t<\/div>\n\t\t<\/section>\n\t\t\t\t<section class=\"elementor-section elementor-top-section elementor-element elementor-element-f2d92c1 elementor-section-boxed elementor-section-height-default elementor-section-height-default sc_fly_static\" data-id=\"f2d92c1\" data-element_type=\"section\" data-settings=\"{&quot;background_background&quot;:&quot;classic&quot;}\">\n\t\t\t\t\t\t<div class=\"elementor-container elementor-column-gap-extended\">\n\t\t\t\t\t<div class=\"elementor-column elementor-col-100 elementor-top-column elementor-element elementor-element-b1d5957 sc_inner_width_none sc_content_align_inherit sc_layouts_column_icons_position_left sc_fly_static\" data-id=\"b1d5957\" data-element_type=\"column\">\n\t\t\t<div class=\"elementor-widget-wrap elementor-element-populated\">\n\t\t\t\t\t\t<div class=\"elementor-element elementor-element-d3fab7f sc_height_huge sc_fly_static elementor-widget elementor-widget-spacer\" data-id=\"d3fab7f\" data-element_type=\"widget\" data-widget_type=\"spacer.default\">\n\t\t\t\t<div class=\"elementor-widget-container\">\n\t\t\t\t\t<div class=\"elementor-spacer\">\n\t\t\t<div class=\"elementor-spacer-inner\"><\/div>\n\t\t<\/div>\n\t\t\t\t<\/div>\n\t\t\t\t<\/div>\n\t\t\t\t<div class=\"elementor-element elementor-element-e0299d4 sc_layouts_hide_on_tablet sc_layouts_hide_on_mobile sc_fly_static elementor-widget elementor-widget-spacer\" data-id=\"e0299d4\" data-element_type=\"widget\" data-widget_type=\"spacer.default\">\n\t\t\t\t<div class=\"elementor-widget-container\">\n\t\t\t\t\t<div class=\"elementor-spacer\">\n\t\t\t<div class=\"elementor-spacer-inner\"><\/div>\n\t\t<\/div>\n\t\t\t\t<\/div>\n\t\t\t\t<\/div>\n\t\t\t\t\t<\/div>\n\t\t<\/div>\n\t\t\t\t\t<\/div>\n\t\t<\/section>\n\t\t\t\t<\/div>\n\t\t","protected":false},"excerpt":{"rendered":"<p>Avolink Anvers Ilse Mertens Plus de 40 ans d\u2019exp\u00e9rience; Ax\u00e9 sur les r\u00e9sultats: n\u00e9gociation l\u00e0&hellip;<\/p>\n","protected":false},"author":1,"featured_media":0,"parent":24647,"menu_order":0,"comment_status":"closed","ping_status":"closed","template":"","meta":{"om_disable_all_campaigns":false,"_monsterinsights_skip_tracking":false,"_monsterinsights_sitenote_active":false,"_monsterinsights_sitenote_note":"","_monsterinsights_sitenote_category":0,"footnotes":""},"class_list":["post-24663","page","type-page","status-publish","hentry"],"aioseo_notices":[],"_links":{"self":[{"href":"https:\/\/avolink.be\/fr\/wp-json\/wp\/v2\/pages\/24663","targetHints":{"allow":["GET"]}}],"collection":[{"href":"https:\/\/avolink.be\/fr\/wp-json\/wp\/v2\/pages"}],"about":[{"href":"https:\/\/avolink.be\/fr\/wp-json\/wp\/v2\/types\/page"}],"author":[{"embeddable":true,"href":"https:\/\/avolink.be\/fr\/wp-json\/wp\/v2\/users\/1"}],"replies":[{"embeddable":true,"href":"https:\/\/avolink.be\/fr\/wp-json\/wp\/v2\/comments?post=24663"}],"version-history":[{"count":6,"href":"https:\/\/avolink.be\/fr\/wp-json\/wp\/v2\/pages\/24663\/revisions"}],"predecessor-version":[{"id":24669,"href":"https:\/\/avolink.be\/fr\/wp-json\/wp\/v2\/pages\/24663\/revisions\/24669"}],"up":[{"embeddable":true,"href":"https:\/\/avolink.be\/fr\/wp-json\/wp\/v2\/pages\/24647"}],"wp:attachment":[{"href":"https:\/\/avolink.be\/fr\/wp-json\/wp\/v2\/media?parent=24663"}],"curies":[{"name":"wp","href":"https:\/\/api.w.org\/{rel}","templated":true}]}}