{"id":24683,"date":"2024-03-19T08:30:58","date_gmt":"2024-03-19T08:30:58","guid":{"rendered":"https:\/\/avo-link.eu\/?page_id=24683"},"modified":"2024-03-28T13:44:54","modified_gmt":"2024-03-28T13:44:54","slug":"avolink-mons","status":"publish","type":"page","link":"https:\/\/avolink.be\/fr\/reseau-de-cabinets-davocats\/avolink-mons\/","title":{"rendered":"Avolink-mons"},"content":{"rendered":"\t\t<div data-elementor-type=\"wp-page\" data-elementor-id=\"24683\" class=\"elementor elementor-24683 elementor-23002\">\n\t\t\t\t\t\t<section class=\"elementor-section elementor-top-section elementor-element elementor-element-be98a56 elementor-section-full_width elementor-section-height-default elementor-section-height-default sc_fly_static\" data-id=\"be98a56\" data-element_type=\"section\">\n\t\t\t\t\t\t<div class=\"elementor-container elementor-column-gap-extended\">\n\t\t\t\t\t<div class=\"elementor-column elementor-col-33 elementor-top-column elementor-element elementor-element-4cc5c93 sc_inner_width_none sc_content_align_inherit sc_layouts_column_icons_position_left sc_fly_static\" data-id=\"4cc5c93\" data-element_type=\"column\">\n\t\t\t<div class=\"elementor-widget-wrap elementor-element-populated\">\n\t\t\t\t\t\t<div class=\"elementor-element elementor-element-548b8af sc_fly_static elementor-widget elementor-widget-spacer\" data-id=\"548b8af\" data-element_type=\"widget\" data-widget_type=\"spacer.default\">\n\t\t\t\t<div class=\"elementor-widget-container\">\n\t\t\t\t\t<div class=\"elementor-spacer\">\n\t\t\t<div class=\"elementor-spacer-inner\"><\/div>\n\t\t<\/div>\n\t\t\t\t<\/div>\n\t\t\t\t<\/div>\n\t\t\t\t\t<\/div>\n\t\t<\/div>\n\t\t\t\t<div class=\"elementor-column elementor-col-33 elementor-top-column elementor-element elementor-element-796d16d sc_inner_width_none sc_content_align_inherit sc_layouts_column_icons_position_left sc_fly_static\" data-id=\"796d16d\" data-element_type=\"column\">\n\t\t\t<div class=\"elementor-widget-wrap elementor-element-populated\">\n\t\t\t\t\t\t<div class=\"elementor-element elementor-element-60d09cc sc_layouts_hide_on_mobile sc_fly_static elementor-widget elementor-widget-spacer\" data-id=\"60d09cc\" data-element_type=\"widget\" data-widget_type=\"spacer.default\">\n\t\t\t\t<div class=\"elementor-widget-container\">\n\t\t\t\t\t<div class=\"elementor-spacer\">\n\t\t\t<div class=\"elementor-spacer-inner\"><\/div>\n\t\t<\/div>\n\t\t\t\t<\/div>\n\t\t\t\t<\/div>\n\t\t\t\t<div class=\"elementor-element elementor-element-7b9cc4a sc_fly_static elementor-widget elementor-widget-text-editor\" data-id=\"7b9cc4a\" data-element_type=\"widget\" data-widget_type=\"text-editor.default\">\n\t\t\t\t<div class=\"elementor-widget-container\">\n\t\t\t\t\t\t\t<div class=\"max-width-container\"><div class=\"visual-content-left\"><h1 class=\"red font-bold font-large\"><span style=\"color: #9a2655;\">Avolink Mons<br \/><\/span><\/h1><h4><span style=\"color: #847c61;\"><strong class=\"subtitle\">Olivier Lesuisse<\/strong><\/span><\/h4><div class=\"visual-content\"><ul class=\"checkmark\"><li>Deux avocats exp\u00e9riment\u00e9s<\/li><li>Toujours disponibles et attentifs \u00e0 la personne qui se cache derri\u00e8re l\u2019affaire<\/li><li>Un bureau au c\u0153ur de la ville de Mons, mais \u00e9galement proche de la Louvi\u00e8re et de Binche<\/li><\/ul><\/div><\/div><\/div>\t\t\t\t\t\t<\/div>\n\t\t\t\t<\/div>\n\t\t\t\t\t<\/div>\n\t\t<\/div>\n\t\t\t\t<div class=\"elementor-column elementor-col-33 elementor-top-column elementor-element elementor-element-0c5392e sc_inner_width_none sc_content_align_inherit sc_layouts_column_icons_position_left sc_fly_static\" data-id=\"0c5392e\" data-element_type=\"column\" data-settings=\"{&quot;background_background&quot;:&quot;classic&quot;}\">\n\t\t\t<div class=\"elementor-widget-wrap elementor-element-populated\">\n\t\t\t\t\t\t<div class=\"elementor-element elementor-element-7520dd0 sc_fly_static elementor-widget elementor-widget-spacer\" data-id=\"7520dd0\" data-element_type=\"widget\" data-widget_type=\"spacer.default\">\n\t\t\t\t<div class=\"elementor-widget-container\">\n\t\t\t\t\t<div class=\"elementor-spacer\">\n\t\t\t<div class=\"elementor-spacer-inner\"><\/div>\n\t\t<\/div>\n\t\t\t\t<\/div>\n\t\t\t\t<\/div>\n\t\t\t\t\t<\/div>\n\t\t<\/div>\n\t\t\t\t\t<\/div>\n\t\t<\/section>\n\t\t\t\t<section class=\"elementor-section elementor-top-section elementor-element elementor-element-2f63a08 elementor-section-boxed elementor-section-height-default elementor-section-height-default sc_fly_static\" data-id=\"2f63a08\" data-element_type=\"section\" data-settings=\"{&quot;background_background&quot;:&quot;classic&quot;}\">\n\t\t\t\t\t\t<div class=\"elementor-container elementor-column-gap-extended\">\n\t\t\t\t\t<div class=\"elementor-column elementor-col-100 elementor-top-column elementor-element elementor-element-0937262 sc_inner_width_none sc_content_align_inherit sc_layouts_column_icons_position_left sc_fly_static\" data-id=\"0937262\" data-element_type=\"column\">\n\t\t\t<div class=\"elementor-widget-wrap elementor-element-populated\">\n\t\t\t\t\t\t<div class=\"elementor-element elementor-element-9c3bbfe sc_height_huge sc_fly_static elementor-widget elementor-widget-spacer\" data-id=\"9c3bbfe\" data-element_type=\"widget\" data-widget_type=\"spacer.default\">\n\t\t\t\t<div class=\"elementor-widget-container\">\n\t\t\t\t\t<div class=\"elementor-spacer\">\n\t\t\t<div class=\"elementor-spacer-inner\"><\/div>\n\t\t<\/div>\n\t\t\t\t<\/div>\n\t\t\t\t<\/div>\n\t\t\t\t\t<\/div>\n\t\t<\/div>\n\t\t\t\t\t<\/div>\n\t\t<\/section>\n\t\t\t\t<section class=\"elementor-section elementor-top-section elementor-element elementor-element-87bf96a elementor-section-content-top elementor-reverse-mobile elementor-section-boxed elementor-section-height-default elementor-section-height-default sc_fly_static\" data-id=\"87bf96a\" data-element_type=\"section\" data-settings=\"{&quot;background_background&quot;:&quot;classic&quot;}\">\n\t\t\t\t\t\t<div class=\"elementor-container elementor-column-gap-extended\">\n\t\t\t\t\t<div class=\"elementor-column elementor-col-50 elementor-top-column elementor-element elementor-element-e710d77 sc_inner_width_none sc_content_align_inherit sc_layouts_column_icons_position_left sc_fly_static\" data-id=\"e710d77\" data-element_type=\"column\">\n\t\t\t<div class=\"elementor-widget-wrap elementor-element-populated\">\n\t\t\t\t\t\t<div class=\"elementor-element elementor-element-b7bec8e gallery-spacing-custom sc_fly_static elementor-widget elementor-widget-image-gallery\" data-id=\"b7bec8e\" data-element_type=\"widget\" data-widget_type=\"image-gallery.default\">\n\t\t\t\t<div class=\"elementor-widget-container\">\n\t\t\t\t\t<div class=\"elementor-image-gallery\">\n\t\t\t<div id='gallery-1' class='gallery galleryid-24683 gallery-columns-1 gallery-size-qwery-thumb-masonry-big'><figure class='gallery-item'>\n\t\t\t<div class='gallery-icon landscape'>\n\t\t\t\t<a data-elementor-open-lightbox=\"yes\" data-elementor-lightbox-slideshow=\"b7bec8e\" data-elementor-lightbox-title=\"avolink-mons\" data-e-action-hash=\"#elementor-action%3Aaction%3Dlightbox%26settings%3DeyJpZCI6MjQzMjIsInVybCI6Imh0dHBzOlwvXC9hdm9saW5rLmJlXC93cC1jb250ZW50XC91cGxvYWRzXC8yMDI0XC8wM1wvYXZvbGluay1tb25zLmpwZyIsInNsaWRlc2hvdyI6ImI3YmVjOGUifQ%3D%3D\" href='https:\/\/avolink.be\/wp-content\/uploads\/2024\/03\/avolink-mons.jpg'><img fetchpriority=\"high\" decoding=\"async\" width=\"840\" height=\"560\" src=\"https:\/\/avolink.be\/wp-content\/uploads\/2024\/03\/avolink-mons-840x560.jpg\" class=\"attachment-qwery-thumb-masonry-big size-qwery-thumb-masonry-big\" alt=\"\" srcset=\"https:\/\/avolink.be\/wp-content\/uploads\/2024\/03\/avolink-mons-840x560.jpg 840w, https:\/\/avolink.be\/wp-content\/uploads\/2024\/03\/avolink-mons-300x200.jpg 300w, https:\/\/avolink.be\/wp-content\/uploads\/2024\/03\/avolink-mons-1024x683.jpg 1024w, https:\/\/avolink.be\/wp-content\/uploads\/2024\/03\/avolink-mons-768x512.jpg 768w, https:\/\/avolink.be\/wp-content\/uploads\/2024\/03\/avolink-mons-1536x1024.jpg 1536w, https:\/\/avolink.be\/wp-content\/uploads\/2024\/03\/avolink-mons-370x247.jpg 370w, https:\/\/avolink.be\/wp-content\/uploads\/2024\/03\/avolink-mons-410x273.jpg 410w, https:\/\/avolink.be\/wp-content\/uploads\/2024\/03\/avolink-mons.jpg 1728w\" sizes=\"(max-width: 840px) 100vw, 840px\" \/><\/a>\n\t\t\t<\/div><\/figure>\n\t\t<\/div>\n\t\t<\/div>\n\t\t\t\t<\/div>\n\t\t\t\t<\/div>\n\t\t\t\t<div class=\"elementor-element elementor-element-10892c0 sc_fly_static elementor-widget elementor-widget-spacer\" data-id=\"10892c0\" data-element_type=\"widget\" data-widget_type=\"spacer.default\">\n\t\t\t\t<div class=\"elementor-widget-container\">\n\t\t\t\t\t<div class=\"elementor-spacer\">\n\t\t\t<div class=\"elementor-spacer-inner\"><\/div>\n\t\t<\/div>\n\t\t\t\t<\/div>\n\t\t\t\t<\/div>\n\t\t\t\t\t<\/div>\n\t\t<\/div>\n\t\t\t\t<div class=\"elementor-column elementor-col-50 elementor-top-column elementor-element elementor-element-0d6df0d sc_inner_width_none sc_content_align_inherit sc_layouts_column_icons_position_left sc_fly_static\" data-id=\"0d6df0d\" data-element_type=\"column\">\n\t\t\t<div class=\"elementor-widget-wrap elementor-element-populated\">\n\t\t\t\t\t\t<div class=\"elementor-element elementor-element-e8b384e sc_fly_static elementor-widget elementor-widget-text-editor\" data-id=\"e8b384e\" data-element_type=\"widget\" data-widget_type=\"text-editor.default\">\n\t\t\t\t<div class=\"elementor-widget-container\">\n\t\t\t\t\t\t\t<h2>Lesuisse &amp; D\u2019Acunto Avocats<\/h2><h4 class=\"paragraph-heading\"><span style=\"color: #9a2655;\">Adresse<\/span><\/h4><p>March\u00e9 Croix-place 7<br \/>B-7000 Mons (Bergen)<\/p><h4><span style=\"color: #9a2655;\">Contact<\/span><\/h4><p>T. 065\/377.477<br \/>Email: <a href=\"mailto:olivierlesuisse@lesuisse-dacunto.be\">olivierlesuisse@lesuisse-dacunto.be<\/a><br \/><a href=\"https:\/\/www.avocats-lesuisse-dacunto.be\/\" target=\"_blank\" rel=\"noopener\">www.avocats-lesuisse-dacunto.be<\/a><\/p><h4 class=\"paragraph-heading\"><span style=\"color: #9a2655;\">Br\u00e8ve description<\/span><\/h4><div class=\"et_pb_column et_pb_column_2_3 et_pb_column_1    et_pb_css_mix_blend_mode_passthrough\"><div class=\"et_pb_module et_pb_text et_pb_text_0 et_pb_bg_layout_light  et_pb_text_align_left\"><div class=\"et_pb_text_inner\"><p>Le Cabinet d\u2019Avocats Lesuisse et D\u2019Acunto dispose d\u2019une grande exp\u00e9rience dans la gestion et la r\u00e9solution de tous les probl\u00e8mes personnels et familiaux, qu\u2019il s\u2019agisse notamment de divorce, de mesures \u00e0 prendre par rapport aux enfants ou d\u2019obligations alimentaires et d\u2019entretien.<\/p><p>Par ailleurs, le Cabinet a \u00e9galement d\u00e9velopp\u00e9 au fil du temps une r\u00e9elle expertise en mati\u00e8re d\u2019administrations de la personne et des biens et en mati\u00e8re de successions vacantes.<\/p><p>De plus, le Cabinet traite quotidiennement divers dossiers ayant trait au droit bancaire, au droit des saisies ainsi qu\u2019au droit du bail, \u00e0 la plus grande satisfaction d\u2019une large client\u00e8le priv\u00e9e et institutionnelle.<\/p><p>Enfin, outre le fran\u00e7ais, il est \u00e9galement possible de communiquer avec certains membres du Cabinet en n\u00e9erlandais, en anglais, en italien et en arabe.<\/p><\/div><\/div><\/div><p>\u00a0<\/p>\t\t\t\t\t\t<\/div>\n\t\t\t\t<\/div>\n\t\t\t\t<div class=\"elementor-element elementor-element-66a984e sc_fly_static elementor-widget elementor-widget-spacer\" data-id=\"66a984e\" data-element_type=\"widget\" data-widget_type=\"spacer.default\">\n\t\t\t\t<div class=\"elementor-widget-container\">\n\t\t\t\t\t<div class=\"elementor-spacer\">\n\t\t\t<div class=\"elementor-spacer-inner\"><\/div>\n\t\t<\/div>\n\t\t\t\t<\/div>\n\t\t\t\t<\/div>\n\t\t\t\t<div class=\"elementor-element elementor-element-929032e sc_fly_static elementor-widget elementor-widget-spacer\" data-id=\"929032e\" data-element_type=\"widget\" data-widget_type=\"spacer.default\">\n\t\t\t\t<div class=\"elementor-widget-container\">\n\t\t\t\t\t<div class=\"elementor-spacer\">\n\t\t\t<div class=\"elementor-spacer-inner\"><\/div>\n\t\t<\/div>\n\t\t\t\t<\/div>\n\t\t\t\t<\/div>\n\t\t\t\t\t<\/div>\n\t\t<\/div>\n\t\t\t\t\t<\/div>\n\t\t<\/section>\n\t\t\t\t<section class=\"elementor-section elementor-top-section elementor-element elementor-element-f2d92c1 elementor-section-boxed elementor-section-height-default elementor-section-height-default sc_fly_static\" data-id=\"f2d92c1\" data-element_type=\"section\" data-settings=\"{&quot;background_background&quot;:&quot;classic&quot;}\">\n\t\t\t\t\t\t<div class=\"elementor-container elementor-column-gap-extended\">\n\t\t\t\t\t<div class=\"elementor-column elementor-col-100 elementor-top-column elementor-element elementor-element-b1d5957 sc_inner_width_none sc_content_align_inherit sc_layouts_column_icons_position_left sc_fly_static\" data-id=\"b1d5957\" data-element_type=\"column\">\n\t\t\t<div class=\"elementor-widget-wrap elementor-element-populated\">\n\t\t\t\t\t\t<div class=\"elementor-element elementor-element-d3fab7f sc_height_huge sc_fly_static elementor-widget elementor-widget-spacer\" data-id=\"d3fab7f\" data-element_type=\"widget\" data-widget_type=\"spacer.default\">\n\t\t\t\t<div class=\"elementor-widget-container\">\n\t\t\t\t\t<div class=\"elementor-spacer\">\n\t\t\t<div class=\"elementor-spacer-inner\"><\/div>\n\t\t<\/div>\n\t\t\t\t<\/div>\n\t\t\t\t<\/div>\n\t\t\t\t<div class=\"elementor-element elementor-element-e0299d4 sc_layouts_hide_on_tablet sc_layouts_hide_on_mobile sc_fly_static elementor-widget elementor-widget-spacer\" data-id=\"e0299d4\" data-element_type=\"widget\" data-widget_type=\"spacer.default\">\n\t\t\t\t<div class=\"elementor-widget-container\">\n\t\t\t\t\t<div class=\"elementor-spacer\">\n\t\t\t<div class=\"elementor-spacer-inner\"><\/div>\n\t\t<\/div>\n\t\t\t\t<\/div>\n\t\t\t\t<\/div>\n\t\t\t\t\t<\/div>\n\t\t<\/div>\n\t\t\t\t\t<\/div>\n\t\t<\/section>\n\t\t\t\t<\/div>\n\t\t","protected":false},"excerpt":{"rendered":"<p>Avolink Mons Olivier Lesuisse Deux avocats exp\u00e9riment\u00e9s Toujours disponibles et attentifs \u00e0 la personne qui&hellip;<\/p>\n","protected":false},"author":1,"featured_media":0,"parent":24642,"menu_order":0,"comment_status":"closed","ping_status":"closed","template":"","meta":{"om_disable_all_campaigns":false,"_monsterinsights_skip_tracking":false,"_monsterinsights_sitenote_active":false,"_monsterinsights_sitenote_note":"","_monsterinsights_sitenote_category":0,"footnotes":""},"class_list":["post-24683","page","type-page","status-publish","hentry"],"aioseo_notices":[],"_links":{"self":[{"href":"https:\/\/avolink.be\/fr\/wp-json\/wp\/v2\/pages\/24683","targetHints":{"allow":["GET"]}}],"collection":[{"href":"https:\/\/avolink.be\/fr\/wp-json\/wp\/v2\/pages"}],"about":[{"href":"https:\/\/avolink.be\/fr\/wp-json\/wp\/v2\/types\/page"}],"author":[{"embeddable":true,"href":"https:\/\/avolink.be\/fr\/wp-json\/wp\/v2\/users\/1"}],"replies":[{"embeddable":true,"href":"https:\/\/avolink.be\/fr\/wp-json\/wp\/v2\/comments?post=24683"}],"version-history":[{"count":5,"href":"https:\/\/avolink.be\/fr\/wp-json\/wp\/v2\/pages\/24683\/revisions"}],"predecessor-version":[{"id":24835,"href":"https:\/\/avolink.be\/fr\/wp-json\/wp\/v2\/pages\/24683\/revisions\/24835"}],"up":[{"embeddable":true,"href":"https:\/\/avolink.be\/fr\/wp-json\/wp\/v2\/pages\/24642"}],"wp:attachment":[{"href":"https:\/\/avolink.be\/fr\/wp-json\/wp\/v2\/media?parent=24683"}],"curies":[{"name":"wp","href":"https:\/\/api.w.org\/{rel}","templated":true}]}}