{"id":24715,"date":"2024-03-19T08:45:31","date_gmt":"2024-03-19T08:45:31","guid":{"rendered":"https:\/\/avo-link.eu\/?page_id=24715"},"modified":"2024-05-14T10:47:39","modified_gmt":"2024-05-14T10:47:39","slug":"avolink-bruxelles-de-beir","status":"publish","type":"page","link":"https:\/\/avolink.be\/fr\/reseau-de-cabinets-davocats\/bruxelles\/avolink-bruxelles-de-beir\/","title":{"rendered":"Avolink-bruxelles-de-beir"},"content":{"rendered":"\t\t<div data-elementor-type=\"wp-page\" data-elementor-id=\"24715\" class=\"elementor elementor-24715 elementor-23026\">\n\t\t\t\t\t\t<section class=\"elementor-section elementor-top-section elementor-element elementor-element-be98a56 elementor-section-full_width elementor-section-height-default elementor-section-height-default sc_fly_static\" data-id=\"be98a56\" data-element_type=\"section\">\n\t\t\t\t\t\t<div class=\"elementor-container elementor-column-gap-extended\">\n\t\t\t\t\t<div class=\"elementor-column elementor-col-33 elementor-top-column elementor-element elementor-element-4cc5c93 sc_inner_width_none sc_content_align_inherit sc_layouts_column_icons_position_left sc_fly_static\" data-id=\"4cc5c93\" data-element_type=\"column\">\n\t\t\t<div class=\"elementor-widget-wrap elementor-element-populated\">\n\t\t\t\t\t\t<div class=\"elementor-element elementor-element-548b8af sc_fly_static elementor-widget elementor-widget-spacer\" data-id=\"548b8af\" data-element_type=\"widget\" data-widget_type=\"spacer.default\">\n\t\t\t\t<div class=\"elementor-widget-container\">\n\t\t\t\t\t<div class=\"elementor-spacer\">\n\t\t\t<div class=\"elementor-spacer-inner\"><\/div>\n\t\t<\/div>\n\t\t\t\t<\/div>\n\t\t\t\t<\/div>\n\t\t\t\t\t<\/div>\n\t\t<\/div>\n\t\t\t\t<div class=\"elementor-column elementor-col-33 elementor-top-column elementor-element elementor-element-796d16d sc_inner_width_none sc_content_align_inherit sc_layouts_column_icons_position_left sc_fly_static\" data-id=\"796d16d\" data-element_type=\"column\">\n\t\t\t<div class=\"elementor-widget-wrap elementor-element-populated\">\n\t\t\t\t\t\t<div class=\"elementor-element elementor-element-60d09cc sc_layouts_hide_on_mobile sc_fly_static elementor-widget elementor-widget-spacer\" data-id=\"60d09cc\" data-element_type=\"widget\" data-widget_type=\"spacer.default\">\n\t\t\t\t<div class=\"elementor-widget-container\">\n\t\t\t\t\t<div class=\"elementor-spacer\">\n\t\t\t<div class=\"elementor-spacer-inner\"><\/div>\n\t\t<\/div>\n\t\t\t\t<\/div>\n\t\t\t\t<\/div>\n\t\t\t\t<div class=\"elementor-element elementor-element-7b9cc4a sc_fly_static elementor-widget elementor-widget-text-editor\" data-id=\"7b9cc4a\" data-element_type=\"widget\" data-widget_type=\"text-editor.default\">\n\t\t\t\t<div class=\"elementor-widget-container\">\n\t\t\t\t\t\t\t<div class=\"max-width-container\"><div class=\"visual-content-left\"><h1 class=\"red font-bold font-large\"><span style=\"color: #9a2655;\">Avolink Bruxelles<\/span><\/h1><h4><span style=\"color: #847c61;\"><strong class=\"subtitle\">Theo De Beir <\/strong><\/span><\/h4><div class=\"visual-content\"><div class=\"visual-content\"><ul class=\"checkmark\"><li>Sp\u00e9cialisation en n\u00e9gociation et m\u00e9diation efficaces et pr\u00e9cieuses<\/li><li>Approche tr\u00e8s personnalis\u00e9e<\/li><li>Expertise juridique et pratique en r\u00e9solution des conflits de mani\u00e8re dans diff\u00e9rents<br \/>domaines du droit<\/li><\/ul><\/div><\/div><\/div><\/div>\t\t\t\t\t\t<\/div>\n\t\t\t\t<\/div>\n\t\t\t\t\t<\/div>\n\t\t<\/div>\n\t\t\t\t<div class=\"elementor-column elementor-col-33 elementor-top-column elementor-element elementor-element-0c5392e sc_inner_width_none sc_content_align_inherit sc_layouts_column_icons_position_left sc_fly_static\" data-id=\"0c5392e\" data-element_type=\"column\" data-settings=\"{&quot;background_background&quot;:&quot;classic&quot;}\">\n\t\t\t<div class=\"elementor-widget-wrap elementor-element-populated\">\n\t\t\t\t\t\t<div class=\"elementor-element elementor-element-7520dd0 sc_fly_static elementor-widget elementor-widget-spacer\" data-id=\"7520dd0\" data-element_type=\"widget\" data-widget_type=\"spacer.default\">\n\t\t\t\t<div class=\"elementor-widget-container\">\n\t\t\t\t\t<div class=\"elementor-spacer\">\n\t\t\t<div class=\"elementor-spacer-inner\"><\/div>\n\t\t<\/div>\n\t\t\t\t<\/div>\n\t\t\t\t<\/div>\n\t\t\t\t\t<\/div>\n\t\t<\/div>\n\t\t\t\t\t<\/div>\n\t\t<\/section>\n\t\t\t\t<section class=\"elementor-section elementor-top-section elementor-element elementor-element-2f63a08 elementor-section-boxed elementor-section-height-default elementor-section-height-default sc_fly_static\" data-id=\"2f63a08\" data-element_type=\"section\" data-settings=\"{&quot;background_background&quot;:&quot;classic&quot;}\">\n\t\t\t\t\t\t<div class=\"elementor-container elementor-column-gap-extended\">\n\t\t\t\t\t<div class=\"elementor-column elementor-col-100 elementor-top-column elementor-element elementor-element-0937262 sc_inner_width_none sc_content_align_inherit sc_layouts_column_icons_position_left sc_fly_static\" data-id=\"0937262\" data-element_type=\"column\">\n\t\t\t<div class=\"elementor-widget-wrap elementor-element-populated\">\n\t\t\t\t\t\t<div class=\"elementor-element elementor-element-9c3bbfe sc_height_huge sc_fly_static elementor-widget elementor-widget-spacer\" data-id=\"9c3bbfe\" data-element_type=\"widget\" data-widget_type=\"spacer.default\">\n\t\t\t\t<div class=\"elementor-widget-container\">\n\t\t\t\t\t<div class=\"elementor-spacer\">\n\t\t\t<div class=\"elementor-spacer-inner\"><\/div>\n\t\t<\/div>\n\t\t\t\t<\/div>\n\t\t\t\t<\/div>\n\t\t\t\t\t<\/div>\n\t\t<\/div>\n\t\t\t\t\t<\/div>\n\t\t<\/section>\n\t\t\t\t<section class=\"elementor-section elementor-top-section elementor-element elementor-element-87bf96a elementor-section-content-top elementor-reverse-mobile elementor-section-boxed elementor-section-height-default elementor-section-height-default sc_fly_static\" data-id=\"87bf96a\" data-element_type=\"section\" data-settings=\"{&quot;background_background&quot;:&quot;classic&quot;}\">\n\t\t\t\t\t\t<div class=\"elementor-container elementor-column-gap-extended\">\n\t\t\t\t\t<div class=\"elementor-column elementor-col-50 elementor-top-column elementor-element elementor-element-e710d77 sc_inner_width_none sc_content_align_inherit sc_layouts_column_icons_position_left sc_fly_static\" data-id=\"e710d77\" data-element_type=\"column\">\n\t\t\t<div class=\"elementor-widget-wrap elementor-element-populated\">\n\t\t\t\t\t\t<div class=\"elementor-element elementor-element-b7bec8e gallery-spacing-custom sc_fly_static elementor-widget elementor-widget-image-gallery\" data-id=\"b7bec8e\" data-element_type=\"widget\" data-widget_type=\"image-gallery.default\">\n\t\t\t\t<div class=\"elementor-widget-container\">\n\t\t\t\t\t<div class=\"elementor-image-gallery\">\n\t\t\t<div id='gallery-1' class='gallery galleryid-24715 gallery-columns-2 gallery-size-qwery-thumb-masonry-big'><figure class='gallery-item'>\n\t\t\t<div class='gallery-icon landscape'>\n\t\t\t\t<a data-elementor-open-lightbox=\"yes\" data-elementor-lightbox-slideshow=\"b7bec8e\" data-elementor-lightbox-title=\"kantoor-7\" data-e-action-hash=\"#elementor-action%3Aaction%3Dlightbox%26settings%3DeyJpZCI6MjQzNDMsInVybCI6Imh0dHBzOlwvXC9hdm9saW5rLmJlXC93cC1jb250ZW50XC91cGxvYWRzXC8yMDI0XC8wM1wva2FudG9vci03LmpwZyIsInNsaWRlc2hvdyI6ImI3YmVjOGUifQ%3D%3D\" href='https:\/\/avolink.be\/wp-content\/uploads\/2024\/03\/kantoor-7.jpg'><img fetchpriority=\"high\" decoding=\"async\" width=\"640\" height=\"428\" src=\"https:\/\/avolink.be\/wp-content\/uploads\/2024\/03\/kantoor-7.jpg\" class=\"attachment-qwery-thumb-masonry-big size-qwery-thumb-masonry-big\" alt=\"\" srcset=\"https:\/\/avolink.be\/wp-content\/uploads\/2024\/03\/kantoor-7.jpg 640w, https:\/\/avolink.be\/wp-content\/uploads\/2024\/03\/kantoor-7-300x201.jpg 300w, https:\/\/avolink.be\/wp-content\/uploads\/2024\/03\/kantoor-7-370x247.jpg 370w, https:\/\/avolink.be\/wp-content\/uploads\/2024\/03\/kantoor-7-410x274.jpg 410w\" sizes=\"(max-width: 640px) 100vw, 640px\" \/><\/a>\n\t\t\t<\/div><\/figure><figure class='gallery-item'>\n\t\t\t<div class='gallery-icon landscape'>\n\t\t\t\t<a data-elementor-open-lightbox=\"yes\" data-elementor-lightbox-slideshow=\"b7bec8e\" data-elementor-lightbox-title=\"burssel-4\" data-e-action-hash=\"#elementor-action%3Aaction%3Dlightbox%26settings%3DeyJpZCI6MjQzNDAsInVybCI6Imh0dHBzOlwvXC9hdm9saW5rLmJlXC93cC1jb250ZW50XC91cGxvYWRzXC8yMDI0XC8wM1wvYnVyc3NlbC00LmpwZyIsInNsaWRlc2hvdyI6ImI3YmVjOGUifQ%3D%3D\" href='https:\/\/avolink.be\/wp-content\/uploads\/2024\/03\/burssel-4.jpg'><img decoding=\"async\" width=\"640\" height=\"428\" src=\"https:\/\/avolink.be\/wp-content\/uploads\/2024\/03\/burssel-4.jpg\" class=\"attachment-qwery-thumb-masonry-big size-qwery-thumb-masonry-big\" alt=\"\" srcset=\"https:\/\/avolink.be\/wp-content\/uploads\/2024\/03\/burssel-4.jpg 640w, https:\/\/avolink.be\/wp-content\/uploads\/2024\/03\/burssel-4-300x201.jpg 300w, https:\/\/avolink.be\/wp-content\/uploads\/2024\/03\/burssel-4-370x247.jpg 370w, https:\/\/avolink.be\/wp-content\/uploads\/2024\/03\/burssel-4-410x274.jpg 410w\" sizes=\"(max-width: 640px) 100vw, 640px\" \/><\/a>\n\t\t\t<\/div><\/figure>\n\t\t<\/div>\n\t\t<\/div>\n\t\t\t\t<\/div>\n\t\t\t\t<\/div>\n\t\t\t\t<div class=\"elementor-element elementor-element-0946fe1 gallery-spacing-custom sc_fly_static elementor-widget elementor-widget-image-gallery\" data-id=\"0946fe1\" data-element_type=\"widget\" data-widget_type=\"image-gallery.default\">\n\t\t\t\t<div class=\"elementor-widget-container\">\n\t\t\t\t\t<div class=\"elementor-image-gallery\">\n\t\t\t<div id='gallery-2' class='gallery galleryid-24715 gallery-columns-2 gallery-size-qwery-thumb-masonry-big'><figure class='gallery-item'>\n\t\t\t<div class='gallery-icon landscape'>\n\t\t\t\t<a data-elementor-open-lightbox=\"yes\" data-elementor-lightbox-slideshow=\"0946fe1\" data-elementor-lightbox-title=\"brussel-2\" data-e-action-hash=\"#elementor-action%3Aaction%3Dlightbox%26settings%3DeyJpZCI6MjQzNDksInVybCI6Imh0dHBzOlwvXC9hdm9saW5rLmJlXC93cC1jb250ZW50XC91cGxvYWRzXC8yMDI0XC8wM1wvYnJ1c3NlbC0yLmpwZyIsInNsaWRlc2hvdyI6IjA5NDZmZTEifQ%3D%3D\" href='https:\/\/avolink.be\/wp-content\/uploads\/2024\/03\/brussel-2.jpg'><img decoding=\"async\" width=\"640\" height=\"424\" src=\"https:\/\/avolink.be\/wp-content\/uploads\/2024\/03\/brussel-2.jpg\" class=\"attachment-qwery-thumb-masonry-big size-qwery-thumb-masonry-big\" alt=\"\" srcset=\"https:\/\/avolink.be\/wp-content\/uploads\/2024\/03\/brussel-2.jpg 640w, https:\/\/avolink.be\/wp-content\/uploads\/2024\/03\/brussel-2-300x199.jpg 300w, https:\/\/avolink.be\/wp-content\/uploads\/2024\/03\/brussel-2-370x245.jpg 370w, https:\/\/avolink.be\/wp-content\/uploads\/2024\/03\/brussel-2-410x272.jpg 410w\" sizes=\"(max-width: 640px) 100vw, 640px\" \/><\/a>\n\t\t\t<\/div><\/figure><figure class='gallery-item'>\n\t\t\t<div class='gallery-icon landscape'>\n\t\t\t\t<a data-elementor-open-lightbox=\"yes\" data-elementor-lightbox-slideshow=\"0946fe1\" data-elementor-lightbox-title=\"brussel-1\" data-e-action-hash=\"#elementor-action%3Aaction%3Dlightbox%26settings%3DeyJpZCI6MjQzNDYsInVybCI6Imh0dHBzOlwvXC9hdm9saW5rLmJlXC93cC1jb250ZW50XC91cGxvYWRzXC8yMDI0XC8wM1wvYnJ1c3NlbC0xLmpwZyIsInNsaWRlc2hvdyI6IjA5NDZmZTEifQ%3D%3D\" href='https:\/\/avolink.be\/wp-content\/uploads\/2024\/03\/brussel-1.jpg'><img loading=\"lazy\" decoding=\"async\" width=\"640\" height=\"428\" src=\"https:\/\/avolink.be\/wp-content\/uploads\/2024\/03\/brussel-1.jpg\" class=\"attachment-qwery-thumb-masonry-big size-qwery-thumb-masonry-big\" alt=\"\" srcset=\"https:\/\/avolink.be\/wp-content\/uploads\/2024\/03\/brussel-1.jpg 640w, https:\/\/avolink.be\/wp-content\/uploads\/2024\/03\/brussel-1-300x201.jpg 300w, https:\/\/avolink.be\/wp-content\/uploads\/2024\/03\/brussel-1-370x247.jpg 370w, https:\/\/avolink.be\/wp-content\/uploads\/2024\/03\/brussel-1-410x274.jpg 410w\" sizes=\"(max-width: 640px) 100vw, 640px\" \/><\/a>\n\t\t\t<\/div><\/figure>\n\t\t<\/div>\n\t\t<\/div>\n\t\t\t\t<\/div>\n\t\t\t\t<\/div>\n\t\t\t\t<div class=\"elementor-element elementor-element-911610f gallery-spacing-custom sc_fly_static elementor-widget elementor-widget-image-gallery\" data-id=\"911610f\" data-element_type=\"widget\" data-widget_type=\"image-gallery.default\">\n\t\t\t\t<div class=\"elementor-widget-container\">\n\t\t\t\t\t<div class=\"elementor-image-gallery\">\n\t\t\t<div id='gallery-3' class='gallery galleryid-24715 gallery-columns-1 gallery-size-qwery-thumb-masonry-big'><figure class='gallery-item'>\n\t\t\t<div class='gallery-icon landscape'>\n\t\t\t\t<a data-elementor-open-lightbox=\"yes\" data-elementor-lightbox-slideshow=\"911610f\" data-elementor-lightbox-title=\"brussel-3\" data-e-action-hash=\"#elementor-action%3Aaction%3Dlightbox%26settings%3DeyJpZCI6MjQzNTIsInVybCI6Imh0dHBzOlwvXC9hdm9saW5rLmJlXC93cC1jb250ZW50XC91cGxvYWRzXC8yMDI0XC8wM1wvYnJ1c3NlbC0zLmpwZyIsInNsaWRlc2hvdyI6IjkxMTYxMGYifQ%3D%3D\" href='https:\/\/avolink.be\/wp-content\/uploads\/2024\/03\/brussel-3.jpg'><img loading=\"lazy\" decoding=\"async\" width=\"640\" height=\"238\" src=\"https:\/\/avolink.be\/wp-content\/uploads\/2024\/03\/brussel-3.jpg\" class=\"attachment-qwery-thumb-masonry-big size-qwery-thumb-masonry-big\" alt=\"\" srcset=\"https:\/\/avolink.be\/wp-content\/uploads\/2024\/03\/brussel-3.jpg 640w, https:\/\/avolink.be\/wp-content\/uploads\/2024\/03\/brussel-3-300x112.jpg 300w, https:\/\/avolink.be\/wp-content\/uploads\/2024\/03\/brussel-3-370x138.jpg 370w, https:\/\/avolink.be\/wp-content\/uploads\/2024\/03\/brussel-3-410x152.jpg 410w\" sizes=\"(max-width: 640px) 100vw, 640px\" \/><\/a>\n\t\t\t<\/div><\/figure>\n\t\t<\/div>\n\t\t<\/div>\n\t\t\t\t<\/div>\n\t\t\t\t<\/div>\n\t\t\t\t<div class=\"elementor-element elementor-element-10892c0 sc_fly_static elementor-widget elementor-widget-spacer\" data-id=\"10892c0\" data-element_type=\"widget\" data-widget_type=\"spacer.default\">\n\t\t\t\t<div class=\"elementor-widget-container\">\n\t\t\t\t\t<div class=\"elementor-spacer\">\n\t\t\t<div class=\"elementor-spacer-inner\"><\/div>\n\t\t<\/div>\n\t\t\t\t<\/div>\n\t\t\t\t<\/div>\n\t\t\t\t\t<\/div>\n\t\t<\/div>\n\t\t\t\t<div class=\"elementor-column elementor-col-50 elementor-top-column elementor-element elementor-element-0d6df0d sc_inner_width_none sc_content_align_inherit sc_layouts_column_icons_position_left sc_fly_static\" data-id=\"0d6df0d\" data-element_type=\"column\">\n\t\t\t<div class=\"elementor-widget-wrap elementor-element-populated\">\n\t\t\t\t\t\t<div class=\"elementor-element elementor-element-e8b384e sc_fly_static elementor-widget elementor-widget-text-editor\" data-id=\"e8b384e\" data-element_type=\"widget\" data-widget_type=\"text-editor.default\">\n\t\t\t\t<div class=\"elementor-widget-container\">\n\t\t\t\t\t\t\t<h2 class=\"content-title\">De Beir Law+Mediation<\/h2><h4 class=\"paragraph-heading\"><span style=\"color: #9a2655;\">Adresse<\/span><\/h4><p>Winston Churchilllaan 51<br \/>1180 Brussel<\/p><h4><span style=\"color: #9a2655;\">Contact<\/span><\/h4><p>T. 02 340 24 00<br \/>Email: <a href=\"mailto:tdb@debeir.law\">tdb@debeir.law<\/a><br \/><a href=\"https:\/\/www.debeir.law\/\" target=\"_blank\" rel=\"noopener\">www.debeir.law<\/a><\/p><h4 class=\"paragraph-heading\"><span style=\"color: #9a2655;\">Courte description<\/span><\/h4><p>De Beir Law+Mediation est un cabinet d\u2019avocats entreprenant qui se concentre sur la pr\u00e9vention des proc\u00e9dures. La n\u00e9gociation et la m\u00e9diation garantissent que les parties puissent garder les solutions \u00e9ventuelles entre leurs propres mains et poursuivre leurs pr\u00e9cieuses relations commerciales de mani\u00e8re cr\u00e9ative et entreprenante. Lorsqu\u2019une n\u00e9gociation approfondie ne produit pas de r\u00e9sultat, De Beir Law+Mediation et son \u00e9quipe d\u2019experts et de sp\u00e9cialistes sont pr\u00eats \u00e0 d\u00e9fendre pleinement les int\u00e9r\u00eats du client devant le tribunal comp\u00e9tent.<\/p>\t\t\t\t\t\t<\/div>\n\t\t\t\t<\/div>\n\t\t\t\t<div class=\"elementor-element elementor-element-66a984e sc_fly_static elementor-widget elementor-widget-spacer\" data-id=\"66a984e\" data-element_type=\"widget\" data-widget_type=\"spacer.default\">\n\t\t\t\t<div class=\"elementor-widget-container\">\n\t\t\t\t\t<div class=\"elementor-spacer\">\n\t\t\t<div class=\"elementor-spacer-inner\"><\/div>\n\t\t<\/div>\n\t\t\t\t<\/div>\n\t\t\t\t<\/div>\n\t\t\t\t<div class=\"elementor-element elementor-element-bb27d92 sc_fly_static elementor-widget elementor-widget-heading\" data-id=\"bb27d92\" data-element_type=\"widget\" data-widget_type=\"heading.default\">\n\t\t\t\t<div class=\"elementor-widget-container\">\n\t\t\t<h4 class=\"elementor-heading-title elementor-size-default\">\"De Beir Law+Mediation\nAdvocats & mediateurs:\nL'art de la n\u00e9gociation. \"\n<\/h4>\t\t<\/div>\n\t\t\t\t<\/div>\n\t\t\t\t<div class=\"elementor-element elementor-element-53eeb80 sc_fly_static elementor-widget elementor-widget-spacer\" data-id=\"53eeb80\" data-element_type=\"widget\" data-widget_type=\"spacer.default\">\n\t\t\t\t<div class=\"elementor-widget-container\">\n\t\t\t\t\t<div class=\"elementor-spacer\">\n\t\t\t<div class=\"elementor-spacer-inner\"><\/div>\n\t\t<\/div>\n\t\t\t\t<\/div>\n\t\t\t\t<\/div>\n\t\t\t\t<div class=\"elementor-element elementor-element-1c23ba4 sc_fly_static elementor-widget elementor-widget-text-editor\" data-id=\"1c23ba4\" data-element_type=\"widget\" data-widget_type=\"text-editor.default\">\n\t\t\t\t<div class=\"elementor-widget-container\">\n\t\t\t\t\t\t\t<p>Le cabinet d\u2019avocats a des ann\u00e9es d\u2019exp\u00e9rience dans divers domaines juridiques et s\u2019efforce d\u2019obtenir la perfection dans chaque mission, que ce soit dans les n\u00e9gociations et la m\u00e9diation ou dans les proc\u00e9dures judiciaires, qu\u2019elles soient men\u00e9es en n\u00e9erlandais, fran\u00e7ais, anglais ou allemand. L\u2019expertise a \u00e9t\u00e9 principalement d\u00e9velopp\u00e9e dans les domaines du droit commercial et \u00e9conomique, du droit des soci\u00e9t\u00e9s, du droit des associations, des fusions et acquisitions, du droit de la construction et de l\u2019immobilier, du droit des contrats, du droit du travail et social et du droit patrimonial.<\/p>\t\t\t\t\t\t<\/div>\n\t\t\t\t<\/div>\n\t\t\t\t<div class=\"elementor-element elementor-element-929032e sc_fly_static elementor-widget elementor-widget-spacer\" data-id=\"929032e\" data-element_type=\"widget\" data-widget_type=\"spacer.default\">\n\t\t\t\t<div class=\"elementor-widget-container\">\n\t\t\t\t\t<div class=\"elementor-spacer\">\n\t\t\t<div class=\"elementor-spacer-inner\"><\/div>\n\t\t<\/div>\n\t\t\t\t<\/div>\n\t\t\t\t<\/div>\n\t\t\t\t\t<\/div>\n\t\t<\/div>\n\t\t\t\t\t<\/div>\n\t\t<\/section>\n\t\t\t\t<section class=\"elementor-section elementor-top-section elementor-element elementor-element-f2d92c1 elementor-section-boxed elementor-section-height-default elementor-section-height-default sc_fly_static\" data-id=\"f2d92c1\" data-element_type=\"section\" data-settings=\"{&quot;background_background&quot;:&quot;classic&quot;}\">\n\t\t\t\t\t\t<div class=\"elementor-container elementor-column-gap-extended\">\n\t\t\t\t\t<div class=\"elementor-column elementor-col-100 elementor-top-column elementor-element elementor-element-b1d5957 sc_inner_width_none sc_content_align_inherit sc_layouts_column_icons_position_left sc_fly_static\" data-id=\"b1d5957\" data-element_type=\"column\">\n\t\t\t<div class=\"elementor-widget-wrap elementor-element-populated\">\n\t\t\t\t\t\t<div class=\"elementor-element elementor-element-d3fab7f sc_height_huge sc_fly_static elementor-widget elementor-widget-spacer\" data-id=\"d3fab7f\" data-element_type=\"widget\" data-widget_type=\"spacer.default\">\n\t\t\t\t<div class=\"elementor-widget-container\">\n\t\t\t\t\t<div class=\"elementor-spacer\">\n\t\t\t<div class=\"elementor-spacer-inner\"><\/div>\n\t\t<\/div>\n\t\t\t\t<\/div>\n\t\t\t\t<\/div>\n\t\t\t\t<div class=\"elementor-element elementor-element-e0299d4 sc_layouts_hide_on_tablet sc_layouts_hide_on_mobile sc_fly_static elementor-widget elementor-widget-spacer\" data-id=\"e0299d4\" data-element_type=\"widget\" data-widget_type=\"spacer.default\">\n\t\t\t\t<div class=\"elementor-widget-container\">\n\t\t\t\t\t<div class=\"elementor-spacer\">\n\t\t\t<div class=\"elementor-spacer-inner\"><\/div>\n\t\t<\/div>\n\t\t\t\t<\/div>\n\t\t\t\t<\/div>\n\t\t\t\t\t<\/div>\n\t\t<\/div>\n\t\t\t\t\t<\/div>\n\t\t<\/section>\n\t\t\t\t<\/div>\n\t\t","protected":false},"excerpt":{"rendered":"<p>Avolink Bruxelles Theo De Beir Sp\u00e9cialisation en n\u00e9gociation et m\u00e9diation efficaces et pr\u00e9cieuses Approche tr\u00e8s&hellip;<\/p>\n","protected":false},"author":1,"featured_media":0,"parent":24710,"menu_order":0,"comment_status":"closed","ping_status":"closed","template":"","meta":{"om_disable_all_campaigns":false,"_monsterinsights_skip_tracking":false,"_monsterinsights_sitenote_active":false,"_monsterinsights_sitenote_note":"","_monsterinsights_sitenote_category":0,"footnotes":""},"class_list":["post-24715","page","type-page","status-publish","hentry"],"aioseo_notices":[],"_links":{"self":[{"href":"https:\/\/avolink.be\/fr\/wp-json\/wp\/v2\/pages\/24715","targetHints":{"allow":["GET"]}}],"collection":[{"href":"https:\/\/avolink.be\/fr\/wp-json\/wp\/v2\/pages"}],"about":[{"href":"https:\/\/avolink.be\/fr\/wp-json\/wp\/v2\/types\/page"}],"author":[{"embeddable":true,"href":"https:\/\/avolink.be\/fr\/wp-json\/wp\/v2\/users\/1"}],"replies":[{"embeddable":true,"href":"https:\/\/avolink.be\/fr\/wp-json\/wp\/v2\/comments?post=24715"}],"version-history":[{"count":8,"href":"https:\/\/avolink.be\/fr\/wp-json\/wp\/v2\/pages\/24715\/revisions"}],"predecessor-version":[{"id":26304,"href":"https:\/\/avolink.be\/fr\/wp-json\/wp\/v2\/pages\/24715\/revisions\/26304"}],"up":[{"embeddable":true,"href":"https:\/\/avolink.be\/fr\/wp-json\/wp\/v2\/pages\/24710"}],"wp:attachment":[{"href":"https:\/\/avolink.be\/fr\/wp-json\/wp\/v2\/media?parent=24715"}],"curies":[{"name":"wp","href":"https:\/\/api.w.org\/{rel}","templated":true}]}}