{"id":24740,"date":"2024-03-19T09:00:02","date_gmt":"2024-03-19T09:00:02","guid":{"rendered":"https:\/\/avo-link.eu\/?page_id=24740"},"modified":"2024-03-28T13:44:00","modified_gmt":"2024-03-28T13:44:00","slug":"avolink-hasselt","status":"publish","type":"page","link":"https:\/\/avolink.be\/fr\/reseau-de-cabinets-davocats\/avolink-hasselt\/","title":{"rendered":"Avolink-hasselt"},"content":{"rendered":"\t\t<div data-elementor-type=\"wp-page\" data-elementor-id=\"24740\" class=\"elementor elementor-24740 elementor-23053\">\n\t\t\t\t\t\t<section class=\"elementor-section elementor-top-section elementor-element elementor-element-be98a56 elementor-section-full_width elementor-section-height-default elementor-section-height-default sc_fly_static\" data-id=\"be98a56\" data-element_type=\"section\">\n\t\t\t\t\t\t<div class=\"elementor-container elementor-column-gap-extended\">\n\t\t\t\t\t<div class=\"elementor-column elementor-col-33 elementor-top-column elementor-element elementor-element-4cc5c93 sc_inner_width_none sc_content_align_inherit sc_layouts_column_icons_position_left sc_fly_static\" data-id=\"4cc5c93\" data-element_type=\"column\">\n\t\t\t<div class=\"elementor-widget-wrap elementor-element-populated\">\n\t\t\t\t\t\t<div class=\"elementor-element elementor-element-548b8af sc_fly_static elementor-widget elementor-widget-spacer\" data-id=\"548b8af\" data-element_type=\"widget\" data-widget_type=\"spacer.default\">\n\t\t\t\t<div class=\"elementor-widget-container\">\n\t\t\t\t\t<div class=\"elementor-spacer\">\n\t\t\t<div class=\"elementor-spacer-inner\"><\/div>\n\t\t<\/div>\n\t\t\t\t<\/div>\n\t\t\t\t<\/div>\n\t\t\t\t\t<\/div>\n\t\t<\/div>\n\t\t\t\t<div class=\"elementor-column elementor-col-33 elementor-top-column elementor-element elementor-element-796d16d sc_inner_width_none sc_content_align_inherit sc_layouts_column_icons_position_left sc_fly_static\" data-id=\"796d16d\" data-element_type=\"column\">\n\t\t\t<div class=\"elementor-widget-wrap elementor-element-populated\">\n\t\t\t\t\t\t<div class=\"elementor-element elementor-element-60d09cc sc_layouts_hide_on_mobile sc_fly_static elementor-widget elementor-widget-spacer\" data-id=\"60d09cc\" data-element_type=\"widget\" data-widget_type=\"spacer.default\">\n\t\t\t\t<div class=\"elementor-widget-container\">\n\t\t\t\t\t<div class=\"elementor-spacer\">\n\t\t\t<div class=\"elementor-spacer-inner\"><\/div>\n\t\t<\/div>\n\t\t\t\t<\/div>\n\t\t\t\t<\/div>\n\t\t\t\t<div class=\"elementor-element elementor-element-7b9cc4a sc_fly_static elementor-widget elementor-widget-text-editor\" data-id=\"7b9cc4a\" data-element_type=\"widget\" data-widget_type=\"text-editor.default\">\n\t\t\t\t<div class=\"elementor-widget-container\">\n\t\t\t\t\t\t\t<div class=\"max-width-container\"><div class=\"visual-content-left\"><h1 class=\"red font-bold font-large\"><span style=\"color: #9a2655;\">Avolink Hasselt<\/span><\/h1><h4><span style=\"color: #847c61;\"><strong class=\"subtitle\">Jan Swennen<\/strong><\/span><\/h4><div class=\"visual-content\"><div class=\"visual-content\"><div class=\"visual-content\"><ul class=\"checkmark\"><li>Attitude proactive<\/li><li>Nos avocats sont facilement accessibles<\/li><li>Des avocats exp\u00e9riment\u00e9s et motiv\u00e9s<\/li><\/ul><\/div><\/div><\/div><\/div><\/div>\t\t\t\t\t\t<\/div>\n\t\t\t\t<\/div>\n\t\t\t\t\t<\/div>\n\t\t<\/div>\n\t\t\t\t<div class=\"elementor-column elementor-col-33 elementor-top-column elementor-element elementor-element-0c5392e sc_inner_width_none sc_content_align_inherit sc_layouts_column_icons_position_left sc_fly_static\" data-id=\"0c5392e\" data-element_type=\"column\" data-settings=\"{&quot;background_background&quot;:&quot;classic&quot;}\">\n\t\t\t<div class=\"elementor-widget-wrap elementor-element-populated\">\n\t\t\t\t\t\t<div class=\"elementor-element elementor-element-7520dd0 sc_fly_static elementor-widget elementor-widget-spacer\" data-id=\"7520dd0\" data-element_type=\"widget\" data-widget_type=\"spacer.default\">\n\t\t\t\t<div class=\"elementor-widget-container\">\n\t\t\t\t\t<div class=\"elementor-spacer\">\n\t\t\t<div class=\"elementor-spacer-inner\"><\/div>\n\t\t<\/div>\n\t\t\t\t<\/div>\n\t\t\t\t<\/div>\n\t\t\t\t\t<\/div>\n\t\t<\/div>\n\t\t\t\t\t<\/div>\n\t\t<\/section>\n\t\t\t\t<section class=\"elementor-section elementor-top-section elementor-element elementor-element-2f63a08 elementor-section-boxed elementor-section-height-default elementor-section-height-default sc_fly_static\" data-id=\"2f63a08\" data-element_type=\"section\" data-settings=\"{&quot;background_background&quot;:&quot;classic&quot;}\">\n\t\t\t\t\t\t<div class=\"elementor-container elementor-column-gap-extended\">\n\t\t\t\t\t<div class=\"elementor-column elementor-col-100 elementor-top-column elementor-element elementor-element-0937262 sc_inner_width_none sc_content_align_inherit sc_layouts_column_icons_position_left sc_fly_static\" data-id=\"0937262\" data-element_type=\"column\">\n\t\t\t<div class=\"elementor-widget-wrap elementor-element-populated\">\n\t\t\t\t\t\t<div class=\"elementor-element elementor-element-9c3bbfe sc_height_huge sc_fly_static elementor-widget elementor-widget-spacer\" data-id=\"9c3bbfe\" data-element_type=\"widget\" data-widget_type=\"spacer.default\">\n\t\t\t\t<div class=\"elementor-widget-container\">\n\t\t\t\t\t<div class=\"elementor-spacer\">\n\t\t\t<div class=\"elementor-spacer-inner\"><\/div>\n\t\t<\/div>\n\t\t\t\t<\/div>\n\t\t\t\t<\/div>\n\t\t\t\t\t<\/div>\n\t\t<\/div>\n\t\t\t\t\t<\/div>\n\t\t<\/section>\n\t\t\t\t<section class=\"elementor-section elementor-top-section elementor-element elementor-element-87bf96a elementor-section-content-top elementor-reverse-mobile elementor-section-boxed elementor-section-height-default elementor-section-height-default sc_fly_static\" data-id=\"87bf96a\" data-element_type=\"section\" data-settings=\"{&quot;background_background&quot;:&quot;classic&quot;}\">\n\t\t\t\t\t\t<div class=\"elementor-container elementor-column-gap-extended\">\n\t\t\t\t\t<div class=\"elementor-column elementor-col-50 elementor-top-column elementor-element elementor-element-e710d77 sc_inner_width_none sc_content_align_inherit sc_layouts_column_icons_position_left sc_fly_static\" data-id=\"e710d77\" data-element_type=\"column\">\n\t\t\t<div class=\"elementor-widget-wrap elementor-element-populated\">\n\t\t\t\t\t\t<div class=\"elementor-element elementor-element-911610f gallery-spacing-custom sc_fly_static elementor-widget elementor-widget-image-gallery\" data-id=\"911610f\" data-element_type=\"widget\" data-widget_type=\"image-gallery.default\">\n\t\t\t\t<div class=\"elementor-widget-container\">\n\t\t\t\t\t<div class=\"elementor-image-gallery\">\n\t\t\t<div id='gallery-1' class='gallery galleryid-24740 gallery-columns-1 gallery-size-qwery-thumb-masonry-big'><figure class='gallery-item'>\n\t\t\t<div class='gallery-icon landscape'>\n\t\t\t\t<a data-elementor-open-lightbox=\"yes\" data-elementor-lightbox-slideshow=\"911610f\" data-elementor-lightbox-title=\"avolink-hasselt02\" data-e-action-hash=\"#elementor-action%3Aaction%3Dlightbox%26settings%3DeyJpZCI6MjQzNjcsInVybCI6Imh0dHBzOlwvXC9hdm9saW5rLmJlXC93cC1jb250ZW50XC91cGxvYWRzXC8yMDI0XC8wM1wvYXZvbGluay1oYXNzZWx0MDItc2NhbGVkLmpwZyIsInNsaWRlc2hvdyI6IjkxMTYxMGYifQ%3D%3D\" href='https:\/\/avolink.be\/wp-content\/uploads\/2024\/03\/avolink-hasselt02-scaled.jpg'><img fetchpriority=\"high\" decoding=\"async\" width=\"840\" height=\"473\" src=\"https:\/\/avolink.be\/wp-content\/uploads\/2024\/03\/avolink-hasselt02-840x473.jpg\" class=\"attachment-qwery-thumb-masonry-big size-qwery-thumb-masonry-big\" alt=\"\" srcset=\"https:\/\/avolink.be\/wp-content\/uploads\/2024\/03\/avolink-hasselt02-840x473.jpg 840w, https:\/\/avolink.be\/wp-content\/uploads\/2024\/03\/avolink-hasselt02-300x169.jpg 300w, https:\/\/avolink.be\/wp-content\/uploads\/2024\/03\/avolink-hasselt02-1024x576.jpg 1024w, https:\/\/avolink.be\/wp-content\/uploads\/2024\/03\/avolink-hasselt02-768x432.jpg 768w, https:\/\/avolink.be\/wp-content\/uploads\/2024\/03\/avolink-hasselt02-1536x864.jpg 1536w, https:\/\/avolink.be\/wp-content\/uploads\/2024\/03\/avolink-hasselt02-2048x1152.jpg 2048w, https:\/\/avolink.be\/wp-content\/uploads\/2024\/03\/avolink-hasselt02-370x208.jpg 370w, https:\/\/avolink.be\/wp-content\/uploads\/2024\/03\/avolink-hasselt02-1290x725.jpg 1290w, https:\/\/avolink.be\/wp-content\/uploads\/2024\/03\/avolink-hasselt02-410x231.jpg 410w, https:\/\/avolink.be\/wp-content\/uploads\/2024\/03\/avolink-hasselt02-270x152.jpg 270w\" sizes=\"(max-width: 840px) 100vw, 840px\" \/><\/a>\n\t\t\t<\/div><\/figure>\n\t\t<\/div>\n\t\t<\/div>\n\t\t\t\t<\/div>\n\t\t\t\t<\/div>\n\t\t\t\t<div class=\"elementor-element elementor-element-2e0fa46 gallery-spacing-custom sc_fly_static elementor-widget elementor-widget-image-gallery\" data-id=\"2e0fa46\" data-element_type=\"widget\" data-widget_type=\"image-gallery.default\">\n\t\t\t\t<div class=\"elementor-widget-container\">\n\t\t\t\t\t<div class=\"elementor-image-gallery\">\n\t\t\t<div id='gallery-2' class='gallery galleryid-24740 gallery-columns-2 gallery-size-qwery-thumb-masonry-big'><figure class='gallery-item'>\n\t\t\t<div class='gallery-icon landscape'>\n\t\t\t\t<a data-elementor-open-lightbox=\"yes\" data-elementor-lightbox-slideshow=\"2e0fa46\" data-elementor-lightbox-title=\"avolink-hasselt03\" data-e-action-hash=\"#elementor-action%3Aaction%3Dlightbox%26settings%3DeyJpZCI6MjQzNzAsInVybCI6Imh0dHBzOlwvXC9hdm9saW5rLmJlXC93cC1jb250ZW50XC91cGxvYWRzXC8yMDI0XC8wM1wvYXZvbGluay1oYXNzZWx0MDMtc2NhbGVkLmpwZyIsInNsaWRlc2hvdyI6IjJlMGZhNDYifQ%3D%3D\" href='https:\/\/avolink.be\/wp-content\/uploads\/2024\/03\/avolink-hasselt03-scaled.jpg'><img decoding=\"async\" width=\"840\" height=\"473\" src=\"https:\/\/avolink.be\/wp-content\/uploads\/2024\/03\/avolink-hasselt03-840x473.jpg\" class=\"attachment-qwery-thumb-masonry-big size-qwery-thumb-masonry-big\" alt=\"\" srcset=\"https:\/\/avolink.be\/wp-content\/uploads\/2024\/03\/avolink-hasselt03-840x473.jpg 840w, https:\/\/avolink.be\/wp-content\/uploads\/2024\/03\/avolink-hasselt03-300x169.jpg 300w, https:\/\/avolink.be\/wp-content\/uploads\/2024\/03\/avolink-hasselt03-1024x576.jpg 1024w, https:\/\/avolink.be\/wp-content\/uploads\/2024\/03\/avolink-hasselt03-768x432.jpg 768w, https:\/\/avolink.be\/wp-content\/uploads\/2024\/03\/avolink-hasselt03-1536x864.jpg 1536w, https:\/\/avolink.be\/wp-content\/uploads\/2024\/03\/avolink-hasselt03-2048x1152.jpg 2048w, https:\/\/avolink.be\/wp-content\/uploads\/2024\/03\/avolink-hasselt03-370x208.jpg 370w, https:\/\/avolink.be\/wp-content\/uploads\/2024\/03\/avolink-hasselt03-1290x725.jpg 1290w, https:\/\/avolink.be\/wp-content\/uploads\/2024\/03\/avolink-hasselt03-410x231.jpg 410w, https:\/\/avolink.be\/wp-content\/uploads\/2024\/03\/avolink-hasselt03-270x152.jpg 270w\" sizes=\"(max-width: 840px) 100vw, 840px\" \/><\/a>\n\t\t\t<\/div><\/figure><figure class='gallery-item'>\n\t\t\t<div class='gallery-icon landscape'>\n\t\t\t\t<a data-elementor-open-lightbox=\"yes\" data-elementor-lightbox-slideshow=\"2e0fa46\" data-elementor-lightbox-title=\"avolink-hasselt04\" data-e-action-hash=\"#elementor-action%3Aaction%3Dlightbox%26settings%3DeyJpZCI6MjQzNzMsInVybCI6Imh0dHBzOlwvXC9hdm9saW5rLmJlXC93cC1jb250ZW50XC91cGxvYWRzXC8yMDI0XC8wM1wvYXZvbGluay1oYXNzZWx0MDQuanBnIiwic2xpZGVzaG93IjoiMmUwZmE0NiJ9\" href='https:\/\/avolink.be\/wp-content\/uploads\/2024\/03\/avolink-hasselt04.jpg'><img decoding=\"async\" width=\"840\" height=\"631\" src=\"https:\/\/avolink.be\/wp-content\/uploads\/2024\/03\/avolink-hasselt04-840x631.jpg\" class=\"attachment-qwery-thumb-masonry-big size-qwery-thumb-masonry-big\" alt=\"\" srcset=\"https:\/\/avolink.be\/wp-content\/uploads\/2024\/03\/avolink-hasselt04-840x631.jpg 840w, https:\/\/avolink.be\/wp-content\/uploads\/2024\/03\/avolink-hasselt04-300x225.jpg 300w, https:\/\/avolink.be\/wp-content\/uploads\/2024\/03\/avolink-hasselt04-768x577.jpg 768w, https:\/\/avolink.be\/wp-content\/uploads\/2024\/03\/avolink-hasselt04-370x278.jpg 370w, https:\/\/avolink.be\/wp-content\/uploads\/2024\/03\/avolink-hasselt04-410x308.jpg 410w, https:\/\/avolink.be\/wp-content\/uploads\/2024\/03\/avolink-hasselt04.jpg 852w\" sizes=\"(max-width: 840px) 100vw, 840px\" \/><\/a>\n\t\t\t<\/div><\/figure>\n\t\t<\/div>\n\t\t<\/div>\n\t\t\t\t<\/div>\n\t\t\t\t<\/div>\n\t\t\t\t<div class=\"elementor-element elementor-element-10892c0 sc_fly_static elementor-widget elementor-widget-spacer\" data-id=\"10892c0\" data-element_type=\"widget\" data-widget_type=\"spacer.default\">\n\t\t\t\t<div class=\"elementor-widget-container\">\n\t\t\t\t\t<div class=\"elementor-spacer\">\n\t\t\t<div class=\"elementor-spacer-inner\"><\/div>\n\t\t<\/div>\n\t\t\t\t<\/div>\n\t\t\t\t<\/div>\n\t\t\t\t\t<\/div>\n\t\t<\/div>\n\t\t\t\t<div class=\"elementor-column elementor-col-50 elementor-top-column elementor-element elementor-element-0d6df0d sc_inner_width_none sc_content_align_inherit sc_layouts_column_icons_position_left sc_fly_static\" data-id=\"0d6df0d\" data-element_type=\"column\">\n\t\t\t<div class=\"elementor-widget-wrap elementor-element-populated\">\n\t\t\t\t\t\t<div class=\"elementor-element elementor-element-e8b384e sc_fly_static elementor-widget elementor-widget-text-editor\" data-id=\"e8b384e\" data-element_type=\"widget\" data-widget_type=\"text-editor.default\">\n\t\t\t\t<div class=\"elementor-widget-container\">\n\t\t\t\t\t\t\t<h2 class=\"content-title\">GEVACO Advocaten<\/h2><h4 class=\"paragraph-heading\"><span style=\"color: #9a2655;\">Adresse<\/span><\/h4><p>Paalsesteenweg 81<br \/>3580 Beringen<\/p><h4><span style=\"color: #9a2655;\">Contact<\/span><\/h4><p>T. 011 \/ 42 53 00<br \/>Email: <a href=\"mailto:jan.swennen@gevaco.be\">jan.swennen@gevaco.be<\/a><br \/><a href=\"https:\/\/advocatenbureau-gevaco.be\/\" target=\"_blank\" rel=\"noopener\">www.advocatenbureau-gevaco.be<\/a><\/p><h4 class=\"paragraph-heading\"><span style=\"color: #9a2655;\">Br\u00e8ve description<\/span><\/h4><div id=\"main-content\"><article id=\"post-2727\" class=\"post-2727 office type-office status-publish hentry\"><div class=\"entry-content\"><div id=\"et-boc\" class=\"et-boc\"><div class=\"et_builder_inner_content et_pb_gutters3\"><div class=\"et_pb_section et_pb_section_1 et_section_regular\"><div id=\"gallery-grid\" class=\"et_pb_row et_pb_row_0 forty-sixty\"><div class=\"et_pb_column et_pb_column_2_3 et_pb_column_1    et_pb_css_mix_blend_mode_passthrough\"><div class=\"et_pb_module et_pb_text et_pb_text_0 et_pb_bg_layout_light  et_pb_text_align_left\"><div class=\"et_pb_text_inner\"><p>GEVACO AVOCATS est l\u2019une des premi\u00e8res associations d\u2019avocats en Limbourg. Les fondations de notre cabinet ont \u00e9t\u00e9 pos\u00e9es voici plus de 60 ans par Me Hubert Geyskens et Me Alfons Vandeurzen. Aujourd\u2019hui il en r\u00e9sulte l\u2019ambition permanente d\u2019une prestation de service au client de haute qualit\u00e9 dans un centre de connaissances de plus de 45 collaborateurs.<\/p><p>Fonctionnant depuis Beringen, nous conseillons et d\u00e9fendons les int\u00e9r\u00eats de notre client\u00e8le nationale et internationale de particuliers, entreprises et organismes publics.<\/p><p>Nos avocats sont forts aussi bien dans les missions de litige, de m\u00e9diation\u00a0 et de consultance au profit de la client\u00e8le et travaillent au d\u00e9part du mod\u00e8le \u2018one stop shop\u2019. Nous offrons une assistance juridique sp\u00e9cialis\u00e9e aux justiciables commerciaux et particuliers et cela dans les divers domaines du droit. Chaque avocat est sp\u00e9cialis\u00e9 dans son domaine. Le client de notre cabinet est plus fort parce que nous partageons ensemble notre connaissance. Nous visons tant l\u2019unicit\u00e9 que la diversit\u00e9.<\/p><p>Notre association est membre du r\u00e9seau national d\u2019avocats Avolink. En 2013, notre cabinet\u00a0 \u00e9t\u00e9 couronn\u00e9 par le Belgian Legal Awards comme \u00ab\u00a0le meilleur cabinet d\u2019avocats de Flandre\u00a0\u00bb.<\/p><p>GEVACO AVOCATS est sp\u00e9cialis\u00e9 dans les domaines du droit suivants :<\/p><ul><li>Droit administratif<\/li><li>Droit du travail et de la s\u00e9curit\u00e9 sociale<\/li><li>Droit de la responsabilit\u00e9<\/li><li>Droit de la construction<\/li><li>Droit de la famille<\/li><li>Droit fiscal<\/li><li>Droit commercial<\/li><li>Droit p\u00e9nal<\/li><li>Droit des soci\u00e9t\u00e9s<\/li><li>Droit de la circulation et des assurances<\/li><\/ul><\/div><\/div><\/div><\/div><\/div><\/div><\/div><\/div><\/article><\/div><footer id=\"main-footer\"><\/footer>\t\t\t\t\t\t<\/div>\n\t\t\t\t<\/div>\n\t\t\t\t\t<\/div>\n\t\t<\/div>\n\t\t\t\t\t<\/div>\n\t\t<\/section>\n\t\t\t\t<section class=\"elementor-section elementor-top-section elementor-element elementor-element-f2d92c1 elementor-section-boxed elementor-section-height-default elementor-section-height-default sc_fly_static\" data-id=\"f2d92c1\" data-element_type=\"section\" data-settings=\"{&quot;background_background&quot;:&quot;classic&quot;}\">\n\t\t\t\t\t\t<div class=\"elementor-container elementor-column-gap-extended\">\n\t\t\t\t\t<div class=\"elementor-column elementor-col-100 elementor-top-column elementor-element elementor-element-b1d5957 sc_inner_width_none sc_content_align_inherit sc_layouts_column_icons_position_left sc_fly_static\" data-id=\"b1d5957\" data-element_type=\"column\">\n\t\t\t<div class=\"elementor-widget-wrap elementor-element-populated\">\n\t\t\t\t\t\t<div class=\"elementor-element elementor-element-d3fab7f sc_height_huge sc_fly_static elementor-widget elementor-widget-spacer\" data-id=\"d3fab7f\" data-element_type=\"widget\" data-widget_type=\"spacer.default\">\n\t\t\t\t<div class=\"elementor-widget-container\">\n\t\t\t\t\t<div class=\"elementor-spacer\">\n\t\t\t<div class=\"elementor-spacer-inner\"><\/div>\n\t\t<\/div>\n\t\t\t\t<\/div>\n\t\t\t\t<\/div>\n\t\t\t\t<div class=\"elementor-element elementor-element-e0299d4 sc_layouts_hide_on_tablet sc_layouts_hide_on_mobile sc_fly_static elementor-widget elementor-widget-spacer\" data-id=\"e0299d4\" data-element_type=\"widget\" data-widget_type=\"spacer.default\">\n\t\t\t\t<div class=\"elementor-widget-container\">\n\t\t\t\t\t<div class=\"elementor-spacer\">\n\t\t\t<div class=\"elementor-spacer-inner\"><\/div>\n\t\t<\/div>\n\t\t\t\t<\/div>\n\t\t\t\t<\/div>\n\t\t\t\t\t<\/div>\n\t\t<\/div>\n\t\t\t\t\t<\/div>\n\t\t<\/section>\n\t\t\t\t<\/div>\n\t\t","protected":false},"excerpt":{"rendered":"<p>Avolink Hasselt Jan Swennen Attitude proactive Nos avocats sont facilement accessibles Des avocats exp\u00e9riment\u00e9s et&hellip;<\/p>\n","protected":false},"author":1,"featured_media":0,"parent":24642,"menu_order":0,"comment_status":"closed","ping_status":"closed","template":"","meta":{"om_disable_all_campaigns":false,"_monsterinsights_skip_tracking":false,"_monsterinsights_sitenote_active":false,"_monsterinsights_sitenote_note":"","_monsterinsights_sitenote_category":0,"footnotes":""},"class_list":["post-24740","page","type-page","status-publish","hentry"],"aioseo_notices":[],"_links":{"self":[{"href":"https:\/\/avolink.be\/fr\/wp-json\/wp\/v2\/pages\/24740","targetHints":{"allow":["GET"]}}],"collection":[{"href":"https:\/\/avolink.be\/fr\/wp-json\/wp\/v2\/pages"}],"about":[{"href":"https:\/\/avolink.be\/fr\/wp-json\/wp\/v2\/types\/page"}],"author":[{"embeddable":true,"href":"https:\/\/avolink.be\/fr\/wp-json\/wp\/v2\/users\/1"}],"replies":[{"embeddable":true,"href":"https:\/\/avolink.be\/fr\/wp-json\/wp\/v2\/comments?post=24740"}],"version-history":[{"count":6,"href":"https:\/\/avolink.be\/fr\/wp-json\/wp\/v2\/pages\/24740\/revisions"}],"predecessor-version":[{"id":24830,"href":"https:\/\/avolink.be\/fr\/wp-json\/wp\/v2\/pages\/24740\/revisions\/24830"}],"up":[{"embeddable":true,"href":"https:\/\/avolink.be\/fr\/wp-json\/wp\/v2\/pages\/24642"}],"wp:attachment":[{"href":"https:\/\/avolink.be\/fr\/wp-json\/wp\/v2\/media?parent=24740"}],"curies":[{"name":"wp","href":"https:\/\/api.w.org\/{rel}","templated":true}]}}