{"id":26116,"date":"2024-04-25T08:27:10","date_gmt":"2024-04-25T08:27:10","guid":{"rendered":"https:\/\/avolink.be\/?page_id=26116"},"modified":"2024-05-08T06:51:58","modified_gmt":"2024-05-08T06:51:58","slug":"impression-et-protection-des-donnees","status":"publish","type":"page","link":"https:\/\/avolink.be\/fr\/impression-et-protection-des-donnees\/","title":{"rendered":"Impression et protection des donn\u00e9es"},"content":{"rendered":"\t\t<div data-elementor-type=\"wp-page\" data-elementor-id=\"26116\" class=\"elementor elementor-26116 elementor-26080\">\n\t\t\t\t\t\t<section class=\"elementor-section elementor-top-section elementor-element elementor-element-9e0f483 elementor-section-boxed elementor-section-height-default elementor-section-height-default sc_fly_static\" data-id=\"9e0f483\" data-element_type=\"section\" data-settings=\"{&quot;background_background&quot;:&quot;classic&quot;}\">\n\t\t\t\t\t\t<div class=\"elementor-container elementor-column-gap-extended\">\n\t\t\t\t\t<div class=\"elementor-column elementor-col-100 elementor-top-column elementor-element elementor-element-147c02f sc_inner_width_none sc_content_align_inherit sc_layouts_column_icons_position_left sc_fly_static\" data-id=\"147c02f\" data-element_type=\"column\">\n\t\t\t<div class=\"elementor-widget-wrap elementor-element-populated\">\n\t\t\t\t\t\t<div class=\"elementor-element elementor-element-cdd9926 sc_fly_static elementor-widget elementor-widget-spacer\" data-id=\"cdd9926\" data-element_type=\"widget\" data-widget_type=\"spacer.default\">\n\t\t\t\t<div class=\"elementor-widget-container\">\n\t\t\t\t\t<div class=\"elementor-spacer\">\n\t\t\t<div class=\"elementor-spacer-inner\"><\/div>\n\t\t<\/div>\n\t\t\t\t<\/div>\n\t\t\t\t<\/div>\n\t\t\t\t<div class=\"elementor-element elementor-element-1991fc9 sc_fly_static elementor-widget elementor-widget-trx_sc_title\" data-id=\"1991fc9\" data-element_type=\"widget\" data-widget_type=\"trx_sc_title.default\">\n\t\t\t\t<div class=\"elementor-widget-container\">\n\t\t\t<div\t\tclass=\"sc_title sc_title_default\" ><h1 class=\"sc_item_title sc_title_title sc_align_center sc_item_title_style_default sc_item_title_tag trx_addons_inline_1786964075\"\n\t\t\t><span class=\"sc_item_title_text\">Impression et protection des donn\u00e9es<\/span><\/h1><\/div>\t\t<\/div>\n\t\t\t\t<\/div>\n\t\t\t\t<div class=\"elementor-element elementor-element-40cf3fb sc_fly_static elementor-widget elementor-widget-spacer\" data-id=\"40cf3fb\" data-element_type=\"widget\" data-widget_type=\"spacer.default\">\n\t\t\t\t<div class=\"elementor-widget-container\">\n\t\t\t\t\t<div class=\"elementor-spacer\">\n\t\t\t<div class=\"elementor-spacer-inner\"><\/div>\n\t\t<\/div>\n\t\t\t\t<\/div>\n\t\t\t\t<\/div>\n\t\t\t\t\t<\/div>\n\t\t<\/div>\n\t\t\t\t\t<\/div>\n\t\t<\/section>\n\t\t\t\t<section class=\"elementor-section elementor-top-section elementor-element elementor-element-b3782cb elementor-section-boxed elementor-section-height-default elementor-section-height-default sc_fly_static\" data-id=\"b3782cb\" data-element_type=\"section\">\n\t\t\t\t\t\t<div class=\"elementor-container elementor-column-gap-extended\">\n\t\t\t\t\t<div class=\"elementor-column elementor-col-100 elementor-top-column elementor-element elementor-element-aa1744c sc_inner_width_none sc_content_align_inherit sc_layouts_column_icons_position_left sc_fly_static\" data-id=\"aa1744c\" data-element_type=\"column\">\n\t\t\t<div class=\"elementor-widget-wrap elementor-element-populated\">\n\t\t\t\t\t\t<div class=\"elementor-element elementor-element-eddff05 sc_fly_static elementor-widget elementor-widget-spacer\" data-id=\"eddff05\" data-element_type=\"widget\" data-widget_type=\"spacer.default\">\n\t\t\t\t<div class=\"elementor-widget-container\">\n\t\t\t\t\t<div class=\"elementor-spacer\">\n\t\t\t<div class=\"elementor-spacer-inner\"><\/div>\n\t\t<\/div>\n\t\t\t\t<\/div>\n\t\t\t\t<\/div>\n\t\t\t\t\t<\/div>\n\t\t<\/div>\n\t\t\t\t\t<\/div>\n\t\t<\/section>\n\t\t\t\t<section class=\"elementor-section elementor-top-section elementor-element elementor-element-0372068 elementor-section-boxed elementor-section-height-default elementor-section-height-default sc_fly_static\" data-id=\"0372068\" data-element_type=\"section\">\n\t\t\t\t\t\t<div class=\"elementor-container elementor-column-gap-extended\">\n\t\t\t\t\t<div class=\"elementor-column elementor-col-50 elementor-top-column elementor-element elementor-element-69a7d3e sc_inner_width_none sc_content_align_inherit sc_layouts_column_icons_position_left sc_fly_static\" data-id=\"69a7d3e\" data-element_type=\"column\">\n\t\t\t<div class=\"elementor-widget-wrap elementor-element-populated\">\n\t\t\t\t\t\t<div class=\"elementor-element elementor-element-043939d sc_fly_static elementor-widget elementor-widget-text-editor\" data-id=\"043939d\" data-element_type=\"widget\" data-widget_type=\"text-editor.default\">\n\t\t\t\t<div class=\"elementor-widget-container\">\n\t\t\t\t\t\t\t<h3>\u00c9diteur responsable<\/h3><p><strong>Avolink EESV<br \/>Winston Churchillaan 51<br \/>B-1180 Bruxelles<\/strong><\/p>\t\t\t\t\t\t<\/div>\n\t\t\t\t<\/div>\n\t\t\t\t<div class=\"elementor-element elementor-element-8a3b2a6 sc_height_medium elementor-widget-divider--view-line sc_fly_static elementor-widget elementor-widget-divider\" data-id=\"8a3b2a6\" data-element_type=\"widget\" data-widget_type=\"divider.default\">\n\t\t\t\t<div class=\"elementor-widget-container\">\n\t\t\t\t\t<div class=\"elementor-divider\">\n\t\t\t<span class=\"elementor-divider-separator\">\n\t\t\t\t\t\t<\/span>\n\t\t<\/div>\n\t\t\t\t<\/div>\n\t\t\t\t<\/div>\n\t\t\t\t<div class=\"elementor-element elementor-element-9696031 sc_fly_static elementor-widget elementor-widget-text-editor\" data-id=\"9696031\" data-element_type=\"widget\" data-widget_type=\"text-editor.default\">\n\t\t\t\t<div class=\"elementor-widget-container\">\n\t\t\t\t\t\t\t<h3>Copyright<\/h3><p>\u00a9 2024 Avolink, tous droits r\u00e9serv\u00e9s.<\/p><p>\u00a9 images : Avolink, de tous les membres du r\u00e9seau Avolink, Adobe Stock<\/p><p>Tous les textes, illustrations et autres contenus sont prot\u00e9g\u00e9s par le droit d&rsquo;auteur. Toute reproduction ou redistribution sans accord \u00e9crit pr\u00e9alable est strictement interdite.<\/p>\t\t\t\t\t\t<\/div>\n\t\t\t\t<\/div>\n\t\t\t\t<div class=\"elementor-element elementor-element-c0a09ee sc_height_medium elementor-widget-divider--view-line sc_fly_static elementor-widget elementor-widget-divider\" data-id=\"c0a09ee\" data-element_type=\"widget\" data-widget_type=\"divider.default\">\n\t\t\t\t<div class=\"elementor-widget-container\">\n\t\t\t\t\t<div class=\"elementor-divider\">\n\t\t\t<span class=\"elementor-divider-separator\">\n\t\t\t\t\t\t<\/span>\n\t\t<\/div>\n\t\t\t\t<\/div>\n\t\t\t\t<\/div>\n\t\t\t\t<div class=\"elementor-element elementor-element-4f97451 sc_fly_static elementor-widget elementor-widget-text-editor\" data-id=\"4f97451\" data-element_type=\"widget\" data-widget_type=\"text-editor.default\">\n\t\t\t\t<div class=\"elementor-widget-container\">\n\t\t\t\t\t\t\t<div class=\"elementor-element elementor-element-5d9cd11 sc_fly_static elementor-widget elementor-widget-text-editor trx_addons_parallax_layers_inited trx_addons_parallax_blocks_inited\" data-id=\"5d9cd11\" data-element_type=\"widget\" data-widget_type=\"text-editor.default\"><div class=\"elementor-widget-container\"><h4>Webdesign<\/h4><p><strong>Indigoweb s\u00e0rl<\/strong><strong><br \/><\/strong>Z.I. In den Allern 6<br \/>L-9911 Troisvierges<\/p><p><a href=\"https:\/\/indigo.info\/\" target=\"_blank\" rel=\"noopener\">www.indigo.info<\/a><\/p><\/div><\/div>\t\t\t\t\t\t<\/div>\n\t\t\t\t<\/div>\n\t\t\t\t<div class=\"elementor-element elementor-element-356c73b sc_height_medium elementor-widget-divider--view-line sc_fly_static elementor-widget elementor-widget-divider\" data-id=\"356c73b\" data-element_type=\"widget\" data-widget_type=\"divider.default\">\n\t\t\t\t<div class=\"elementor-widget-container\">\n\t\t\t\t\t<div class=\"elementor-divider\">\n\t\t\t<span class=\"elementor-divider-separator\">\n\t\t\t\t\t\t<\/span>\n\t\t<\/div>\n\t\t\t\t<\/div>\n\t\t\t\t<\/div>\n\t\t\t\t<div class=\"elementor-element elementor-element-cf9fda8 sc_fly_static elementor-widget elementor-widget-text-editor\" data-id=\"cf9fda8\" data-element_type=\"widget\" data-widget_type=\"text-editor.default\">\n\t\t\t\t<div class=\"elementor-widget-container\">\n\t\t\t\t\t\t\t<div class=\"elementor-element elementor-element-5d9cd11 sc_fly_static elementor-widget elementor-widget-text-editor trx_addons_parallax_layers_inited trx_addons_parallax_blocks_inited\" data-id=\"5d9cd11\" data-element_type=\"widget\" data-widget_type=\"text-editor.default\"><div class=\"elementor-widget-container\"><div class=\"elementor-element elementor-element-f0de2ea sc_fly_static elementor-widget elementor-widget-text-editor trx_addons_parallax_layers_inited trx_addons_parallax_blocks_inited\" data-id=\"f0de2ea\" data-element_type=\"widget\" data-widget_type=\"text-editor.default\"><div class=\"elementor-widget-container\"><h4>Webhosting \/ Datacenter<\/h4><p>Host Europe GmbH<br \/>Welserstra\u00dfe 14<br \/>51149 Cologne<br \/>Germany<\/p><p>REG ID: HRB 28495<\/p><p>VAT ID: DE187370678<\/p><\/div><\/div><\/div><\/div>\t\t\t\t\t\t<\/div>\n\t\t\t\t<\/div>\n\t\t\t\t<div class=\"elementor-element elementor-element-d367825 sc_height_medium elementor-widget-divider--view-line sc_fly_static elementor-widget elementor-widget-divider\" data-id=\"d367825\" data-element_type=\"widget\" data-widget_type=\"divider.default\">\n\t\t\t\t<div class=\"elementor-widget-container\">\n\t\t\t\t\t<div class=\"elementor-divider\">\n\t\t\t<span class=\"elementor-divider-separator\">\n\t\t\t\t\t\t<\/span>\n\t\t<\/div>\n\t\t\t\t<\/div>\n\t\t\t\t<\/div>\n\t\t\t\t<div class=\"elementor-element elementor-element-b10c076 sc_fly_static elementor-widget elementor-widget-text-editor\" data-id=\"b10c076\" data-element_type=\"widget\" data-widget_type=\"text-editor.default\">\n\t\t\t\t<div class=\"elementor-widget-container\">\n\t\t\t\t\t\t\t<div class=\"elementor-element elementor-element-5d9cd11 sc_fly_static elementor-widget elementor-widget-text-editor trx_addons_parallax_layers_inited trx_addons_parallax_blocks_inited\" data-id=\"5d9cd11\" data-element_type=\"widget\" data-widget_type=\"text-editor.default\"><div class=\"elementor-widget-container\"><h3>Informations juridiques et conditions d&rsquo;utilisation<\/h3><h4>Conditions d&rsquo;acc\u00e8s au site web<\/h4><p>Toute personne (ci-apr\u00e8s \u00ab\u00a0l&rsquo;utilisateur\u00a0\u00bb) qui acc\u00e8de \u00e0 ce site web est r\u00e9put\u00e9e avoir accept\u00e9 inconditionnellement toutes les conditions d&rsquo;utilisation du site web.<br \/>Le site web est accessible \u00e0 tout moment et dans le monde entier. L&rsquo;utilisateur qui acc\u00e8de au site web est seul responsable du respect des lois et r\u00e8glements en vigueur dans son pays de r\u00e9sidence ou dans le pays \u00e0 partir duquel il visite le site web.<\/p><\/div><\/div>\t\t\t\t\t\t<\/div>\n\t\t\t\t<\/div>\n\t\t\t\t<div class=\"elementor-element elementor-element-fb521f0 sc_height_medium elementor-widget-divider--view-line sc_fly_static elementor-widget elementor-widget-divider\" data-id=\"fb521f0\" data-element_type=\"widget\" data-widget_type=\"divider.default\">\n\t\t\t\t<div class=\"elementor-widget-container\">\n\t\t\t\t\t<div class=\"elementor-divider\">\n\t\t\t<span class=\"elementor-divider-separator\">\n\t\t\t\t\t\t<\/span>\n\t\t<\/div>\n\t\t\t\t<\/div>\n\t\t\t\t<\/div>\n\t\t\t\t<div class=\"elementor-element elementor-element-dd4d85a sc_fly_static elementor-widget elementor-widget-text-editor\" data-id=\"dd4d85a\" data-element_type=\"widget\" data-widget_type=\"text-editor.default\">\n\t\t\t\t<div class=\"elementor-widget-container\">\n\t\t\t\t\t\t\t<div class=\"elementor-element elementor-element-5d9cd11 sc_fly_static elementor-widget elementor-widget-text-editor trx_addons_parallax_layers_inited trx_addons_parallax_blocks_inited\" data-id=\"5d9cd11\" data-element_type=\"widget\" data-widget_type=\"text-editor.default\"><div class=\"elementor-widget-container\"><h4>Clause de non-responsabilit\u00e9<\/h4><p>Bien que toutes les informations figurant sur le site web aient \u00e9t\u00e9 soigneusement v\u00e9rifi\u00e9es, elles sont diffus\u00e9es \u00e0 des fins d&rsquo;information uniquement. L&rsquo;\u00e9diteur ne peut en aucun cas \u00eatre tenu responsable de l&rsquo;exactitude des informations fournies ou offrir une quelconque garantie quant \u00e0 leur exhaustivit\u00e9, leur pr\u00e9cision ou leur actualit\u00e9. Toutes les informations sont fournies sous r\u00e9serve de modifications, d&rsquo;erreurs ou d&rsquo;omissions.<br \/>L&rsquo;\u00e9diteur n&rsquo;est pas non plus responsable des contenus de tiers auxquels le site renvoie par le biais d&rsquo;hyperliens.<br \/>Enfin, l&rsquo;\u00e9diteur n&rsquo;assume aucune responsabilit\u00e9 et exclut tout droit \u00e0 la garantie en cas de d\u00e9faillance ou de dysfonctionnement du site web. L&rsquo;\u00e9diteur ne peut \u00eatre tenu responsable des dommages directs ou indirects subis par l&rsquo;utilisateur du fait de l&rsquo;acc\u00e8s ou de l&rsquo;utilisation du site.<\/p><\/div><\/div>\t\t\t\t\t\t<\/div>\n\t\t\t\t<\/div>\n\t\t\t\t\t<\/div>\n\t\t<\/div>\n\t\t\t\t<div class=\"elementor-column elementor-col-50 elementor-top-column elementor-element elementor-element-3532c1c sc_inner_width_none sc_content_align_inherit sc_layouts_column_icons_position_left sc_fly_static\" data-id=\"3532c1c\" data-element_type=\"column\">\n\t\t\t<div class=\"elementor-widget-wrap elementor-element-populated\">\n\t\t\t\t\t\t<div class=\"elementor-element elementor-element-46b35e4 sc_fly_static elementor-widget elementor-widget-text-editor\" data-id=\"46b35e4\" data-element_type=\"widget\" data-widget_type=\"text-editor.default\">\n\t\t\t\t<div class=\"elementor-widget-container\">\n\t\t\t\t\t\t\t<div class=\"elementor-element elementor-element-c53d356 sc_fly_static elementor-widget elementor-widget-text-editor trx_addons_parallax_layers_inited trx_addons_parallax_blocks_inited\" data-id=\"c53d356\" data-element_type=\"widget\" data-widget_type=\"text-editor.default\"><div class=\"elementor-widget-container\"><h3>Vie priv\u00e9e et protection des donn\u00e9es<\/h3><h4>Traitement des donn\u00e9es \u00e0 caract\u00e8re personnel<\/h4><p>Les donn\u00e9es personnelles ne peuvent \u00eatre collect\u00e9es et trait\u00e9es que conform\u00e9ment aux r\u00e8gles de la l\u00e9gislation sur la protection des donn\u00e9es.<br \/>Dans certains cas, notamment lorsque l&rsquo;utilisateur remplit et envoie un formulaire sur le site web, il est possible que certaines donn\u00e9es personnelles soient stock\u00e9es sur le serveur. Ces informations sont consid\u00e9r\u00e9es comme confidentielles et trait\u00e9es en cons\u00e9quence. Elles ne seront donc jamais vendues ou transmises \u00e0 des tiers sans l&rsquo;accord pr\u00e9alable de l&rsquo;utilisateur.<br \/>Si le site web dispose d&rsquo;une lettre d&rsquo;information, l&rsquo;utilisateur peut s&rsquo;y inscrire pour recevoir des informations r\u00e9guli\u00e8res par e-mail. Dans ce cas, l&rsquo;\u00e9diteur a besoin d&rsquo;une adresse \u00e9lectronique valide, que l&rsquo;utilisateur abonn\u00e9 fournit via le formulaire correspondant. L&rsquo;utilisateur confirme qu&rsquo;il est le propri\u00e9taire de l&rsquo;adresse \u00e9lectronique indiqu\u00e9e et donne son accord pour recevoir des courriels du site web ou de l&rsquo;\u00e9diteur. L&rsquo;utilisateur a le droit de se d\u00e9sabonner \u00e0 tout moment.<br \/>L&rsquo;utilisateur a le droit d&rsquo;acc\u00e9der \u00e0 ses donn\u00e9es personnelles pour en v\u00e9rifier l&rsquo;exactitude et, le cas \u00e9ch\u00e9ant, en demander la rectification. Pour ce faire, il doit adresser une lettre recommand\u00e9e \u00e0 l&rsquo;\u00e9diteur du site dont les coordonn\u00e9es sont indiqu\u00e9es ci-dessus.<\/p><\/div><\/div>\t\t\t\t\t\t<\/div>\n\t\t\t\t<\/div>\n\t\t\t\t<div class=\"elementor-element elementor-element-322430c sc_height_medium elementor-widget-divider--view-line sc_fly_static elementor-widget elementor-widget-divider\" data-id=\"322430c\" data-element_type=\"widget\" data-widget_type=\"divider.default\">\n\t\t\t\t<div class=\"elementor-widget-container\">\n\t\t\t\t\t<div class=\"elementor-divider\">\n\t\t\t<span class=\"elementor-divider-separator\">\n\t\t\t\t\t\t<\/span>\n\t\t<\/div>\n\t\t\t\t<\/div>\n\t\t\t\t<\/div>\n\t\t\t\t<div class=\"elementor-element elementor-element-8210528 sc_fly_static elementor-widget elementor-widget-text-editor\" data-id=\"8210528\" data-element_type=\"widget\" data-widget_type=\"text-editor.default\">\n\t\t\t\t<div class=\"elementor-widget-container\">\n\t\t\t\t\t\t\t<div class=\"elementor-element elementor-element-c53d356 sc_fly_static elementor-widget elementor-widget-text-editor trx_addons_parallax_layers_inited trx_addons_parallax_blocks_inited\" data-id=\"c53d356\" data-element_type=\"widget\" data-widget_type=\"text-editor.default\"><div class=\"elementor-widget-container\"><div class=\"elementor-element elementor-element-ef8115c sc_fly_static elementor-widget elementor-widget-text-editor trx_addons_parallax_layers_inited trx_addons_parallax_blocks_inited\" data-id=\"ef8115c\" data-element_type=\"widget\" data-widget_type=\"text-editor.default\"><div class=\"elementor-widget-container\"><h4>Utilisation de cookies<\/h4><p>Ce site utilise des cookies<br \/>Comme la plupart des sites web, celui-ci utilise des cookies. Les cookies sont de petits fichiers texte inoffensifs qui n&rsquo;affectent en rien votre vie priv\u00e9e ou la s\u00e9curit\u00e9 de votre ordinateur.<br \/>Les cookies am\u00e9liorent la facilit\u00e9 d&rsquo;utilisation du site et permettent \u00e0 l&rsquo;\u00e9diteur de tenir des statistiques anonymes sur les visiteurs.<br \/>Veuillez consulter les instructions de votre navigateur web pour savoir comment interdire ou supprimer les cookies de votre ordinateur.<br \/>L&rsquo;\u00e9diteur informe les utilisateurs que les cookies sont utilis\u00e9s pour am\u00e9liorer la facilit\u00e9 d&rsquo;utilisation du site web, augmenter les performances et suivre les statistiques des visiteurs.<br \/>Le site web ne pouvant fonctionner sans l&rsquo;utilisation de cookies, nous demandons \u00e0 toute personne qui ne consent pas \u00e0 l&rsquo;utilisation de cookies de mettre imm\u00e9diatement fin \u00e0 sa session de navigation sur le site web.<\/p><\/div><\/div><\/div><\/div>\t\t\t\t\t\t<\/div>\n\t\t\t\t<\/div>\n\t\t\t\t<div class=\"elementor-element elementor-element-02882e2 sc_height_medium elementor-widget-divider--view-line sc_fly_static elementor-widget elementor-widget-divider\" data-id=\"02882e2\" data-element_type=\"widget\" data-widget_type=\"divider.default\">\n\t\t\t\t<div class=\"elementor-widget-container\">\n\t\t\t\t\t<div class=\"elementor-divider\">\n\t\t\t<span class=\"elementor-divider-separator\">\n\t\t\t\t\t\t<\/span>\n\t\t<\/div>\n\t\t\t\t<\/div>\n\t\t\t\t<\/div>\n\t\t\t\t<div class=\"elementor-element elementor-element-e01117f sc_fly_static elementor-widget elementor-widget-text-editor\" data-id=\"e01117f\" data-element_type=\"widget\" data-widget_type=\"text-editor.default\">\n\t\t\t\t<div class=\"elementor-widget-container\">\n\t\t\t\t\t\t\t<div class=\"elementor-element elementor-element-c53d356 sc_fly_static elementor-widget elementor-widget-text-editor trx_addons_parallax_layers_inited trx_addons_parallax_blocks_inited\" data-id=\"c53d356\" data-element_type=\"widget\" data-widget_type=\"text-editor.default\"><div class=\"elementor-widget-container\"><div class=\"elementor-element elementor-element-ef8115c sc_fly_static elementor-widget elementor-widget-text-editor trx_addons_parallax_layers_inited trx_addons_parallax_blocks_inited\" data-id=\"ef8115c\" data-element_type=\"widget\" data-widget_type=\"text-editor.default\"><div class=\"elementor-widget-container\"><div class=\"elementor-element elementor-element-1ba9273 sc_fly_static elementor-widget elementor-widget-text-editor trx_addons_parallax_layers_inited trx_addons_parallax_blocks_inited\" data-id=\"1ba9273\" data-element_type=\"widget\" data-widget_type=\"text-editor.default\"><div class=\"elementor-widget-container\"><h4>Utilisation de Google Analytics<\/h4><p>Ce site utilise Google Analytics, un service d&rsquo;analyse de site internet fourni par Google Inc (\u00ab\u00a0Google\u00a0\u00bb). Google Analytics utilise des \u00ab\u00a0cookies\u00a0\u00bb (fichiers texte plac\u00e9s sur votre ordinateur) pour aider le site Internet \u00e0 analyser l&rsquo;utilisation du site par ses utilisateurs. Les informations g\u00e9n\u00e9r\u00e9es par les cookies concernant votre utilisation du site (y compris votre adresse IP) seront transmises et stock\u00e9es par Google sur des serveurs situ\u00e9s aux Etats-Unis. Google utilise ces informations pour suivre votre utilisation du site, pour compiler des rapports sur l&rsquo;activit\u00e9 du site \u00e0 destination de son \u00e9diteur et pour fournir d&rsquo;autres services relatifs \u00e0 l&rsquo;activit\u00e9 du site et \u00e0 l&rsquo;utilisation d&rsquo;Internet.<br \/>Google est susceptible de communiquer ces informations \u00e0 des tiers en cas d&rsquo;obligation l\u00e9gale ou dans la mesure o\u00f9 ces tiers traitent ces donn\u00e9es pour le compte de Google. Google ne recoupera pas votre adresse IP avec toute autre donn\u00e9e d\u00e9tenue par Google. Vous pouvez refuser l&rsquo;utilisation de cookies en s\u00e9lectionnant les param\u00e8tres appropri\u00e9s de votre navigateur. Nous attirons toutefois votre attention sur le fait que, dans ce cas, vous ne pourrez peut-\u00eatre pas utiliser toutes les fonctionnalit\u00e9s de ce site Internet. En utilisant ce site Internet, vous consentez express\u00e9ment au traitement de vos donn\u00e9es par Google dans les conditions et pour les finalit\u00e9s d\u00e9crites ci-dessus.<\/p><\/div><\/div><\/div><\/div><\/div><\/div>\t\t\t\t\t\t<\/div>\n\t\t\t\t<\/div>\n\t\t\t\t<div class=\"elementor-element elementor-element-3af739c sc_height_medium elementor-widget-divider--view-line sc_fly_static elementor-widget elementor-widget-divider\" data-id=\"3af739c\" data-element_type=\"widget\" data-widget_type=\"divider.default\">\n\t\t\t\t<div class=\"elementor-widget-container\">\n\t\t\t\t\t<div class=\"elementor-divider\">\n\t\t\t<span class=\"elementor-divider-separator\">\n\t\t\t\t\t\t<\/span>\n\t\t<\/div>\n\t\t\t\t<\/div>\n\t\t\t\t<\/div>\n\t\t\t\t<div class=\"elementor-element elementor-element-aa25d90 sc_fly_static elementor-widget elementor-widget-text-editor\" data-id=\"aa25d90\" data-element_type=\"widget\" data-widget_type=\"text-editor.default\">\n\t\t\t\t<div class=\"elementor-widget-container\">\n\t\t\t\t\t\t\t<div class=\"elementor-element elementor-element-c53d356 sc_fly_static elementor-widget elementor-widget-text-editor trx_addons_parallax_layers_inited trx_addons_parallax_blocks_inited\" data-id=\"c53d356\" data-element_type=\"widget\" data-widget_type=\"text-editor.default\"><div class=\"elementor-widget-container\"><div class=\"elementor-element elementor-element-ef8115c sc_fly_static elementor-widget elementor-widget-text-editor trx_addons_parallax_layers_inited trx_addons_parallax_blocks_inited\" data-id=\"ef8115c\" data-element_type=\"widget\" data-widget_type=\"text-editor.default\"><div class=\"elementor-widget-container\"><div class=\"elementor-element elementor-element-1ba9273 sc_fly_static elementor-widget elementor-widget-text-editor trx_addons_parallax_layers_inited trx_addons_parallax_blocks_inited\" data-id=\"1ba9273\" data-element_type=\"widget\" data-widget_type=\"text-editor.default\"><div class=\"elementor-widget-container\">Version avril 2024<\/div><\/div><\/div><\/div><\/div><\/div>\t\t\t\t\t\t<\/div>\n\t\t\t\t<\/div>\n\t\t\t\t<div class=\"elementor-element elementor-element-5b7e300 sc_fly_static elementor-widget elementor-widget-spacer\" data-id=\"5b7e300\" data-element_type=\"widget\" data-widget_type=\"spacer.default\">\n\t\t\t\t<div class=\"elementor-widget-container\">\n\t\t\t\t\t<div class=\"elementor-spacer\">\n\t\t\t<div class=\"elementor-spacer-inner\"><\/div>\n\t\t<\/div>\n\t\t\t\t<\/div>\n\t\t\t\t<\/div>\n\t\t\t\t\t<\/div>\n\t\t<\/div>\n\t\t\t\t\t<\/div>\n\t\t<\/section>\n\t\t\t\t<\/div>\n\t\t","protected":false},"excerpt":{"rendered":"<p>Impression et protection des donn\u00e9es \u00c9diteur responsable Avolink EESVWinston Churchillaan 51B-1180 Bruxelles Copyright \u00a9 2024&hellip;<\/p>\n","protected":false},"author":1,"featured_media":0,"parent":0,"menu_order":0,"comment_status":"closed","ping_status":"closed","template":"","meta":{"om_disable_all_campaigns":false,"_monsterinsights_skip_tracking":false,"_monsterinsights_sitenote_active":false,"_monsterinsights_sitenote_note":"","_monsterinsights_sitenote_category":0,"footnotes":""},"class_list":["post-26116","page","type-page","status-publish","hentry"],"aioseo_notices":[],"_links":{"self":[{"href":"https:\/\/avolink.be\/fr\/wp-json\/wp\/v2\/pages\/26116","targetHints":{"allow":["GET"]}}],"collection":[{"href":"https:\/\/avolink.be\/fr\/wp-json\/wp\/v2\/pages"}],"about":[{"href":"https:\/\/avolink.be\/fr\/wp-json\/wp\/v2\/types\/page"}],"author":[{"embeddable":true,"href":"https:\/\/avolink.be\/fr\/wp-json\/wp\/v2\/users\/1"}],"replies":[{"embeddable":true,"href":"https:\/\/avolink.be\/fr\/wp-json\/wp\/v2\/comments?post=26116"}],"version-history":[{"count":13,"href":"https:\/\/avolink.be\/fr\/wp-json\/wp\/v2\/pages\/26116\/revisions"}],"predecessor-version":[{"id":26276,"href":"https:\/\/avolink.be\/fr\/wp-json\/wp\/v2\/pages\/26116\/revisions\/26276"}],"wp:attachment":[{"href":"https:\/\/avolink.be\/fr\/wp-json\/wp\/v2\/media?parent=26116"}],"curies":[{"name":"wp","href":"https:\/\/api.w.org\/{rel}","templated":true}]}}